{"id":72,"date":"2023-07-05T11:02:56","date_gmt":"2023-07-05T09:02:56","guid":{"rendered":"https:\/\/equusline-transylvania.ro\/termek\/colts-super-pellet-alaptakarmany-vemhes-es-szoptato-kancak-valamint-egy-evesnel-fiatalabb-csikok-szamara\/"},"modified":"2026-01-30T09:17:08","modified_gmt":"2026-01-30T08:17:08","slug":"colts-super-pellet-alaptakarmany-vemhes-es-szoptato-kancak-valamint-egy-evesnel-fiatalabb-csikok-szamara","status":"publish","type":"product","link":"https:\/\/equusline-transylvania.ro\/ro\/produs\/colts-super-pellet-alaptakarmany-vemhes-es-szoptato-kancak-valamint-egy-evesnel-fiatalabb-csikok-szamara\/","title":{"rendered":"Colts Super pelete pentru iepe gestante \u0219i care al\u0103pteaz\u0103 \u0219i m\u00e2nji sub un an"},"content":{"rendered":"<div>\n<p>Colts Super Pellet este un furaj complet pentru iepe gestante \u0219i care al\u0103pteaz\u0103, cu un nivel ridicat de energie, un con\u021binut ridicat de proteine digestibile de \u00eenalt\u0103 calitate, pentru construirea oaselor \u0219i alte minerale importante, aminoacizi, oligoelemente \u0219i vitamine. De asemenea, con\u021bine ulei de palmier pentru un plus de energie.<\/p>\n<p>Este foarte recomandat \u00een ultima treime a sarcinii \u0219i \u00een timpul al\u0103pt\u0103rii.<\/p>\n<p>Ad\u0103uga\u021bi un topping fibros.<\/p>\n<\/div>\n<div>Ra\u021bia zilnic\u0103: 1,00 kg - 3,00 kg, \u00een func\u021bie de stadiul sarcinii, de m\u0103rimea calului, de \u00eenc\u0103rc\u0103tur\u0103 \u0219i de cantitatea \u0219i compozi\u021bia altor alimente.<\/div>\n<div><\/div>\n<div><strong>REZUMAT:<\/strong><\/div>\n<div><\/div>\n<div>Energie digerabil\u0103: 2940 Kcal\/kg<\/div>\n<div><\/div>\n<div>T\u0103r\u00e2\u021be de gr\u00e2u, orz, gluten de porumb, ov\u0103z, ierburi, f\u0103in\u0103 de semin\u021be de ro\u0219cove, ulei de palmier, carbonat de calciu (var furajer), melas\u0103 de trestie de zah\u0103r, clorur\u0103 de sodiu.<\/div>\n<p>Proteine brute - 12,20 %<br \/>\nUlei brut \u0219i gr\u0103simi - 5,70 %<br \/>\nFibr\u0103 brut\u0103 - 8,63 %<br \/>\nCenu\u0219\u0103 brut\u0103 - 7,10 %<br \/>\nCalciu - 1,13 %<br \/>\nFosfor - 0,57 %<br \/>\nSodiu - 0,4 %<\/p>\n<p><strong>Vitamine, provitamine \u0219i alte substan\u021be<\/strong><\/p>\n<p>Vitamina A - 13,000.00 UI\/kg<br \/>\nVitamina D3 - 1300.00 UI\/kg<br \/>\nVitamina E (alfa-tocoferol) - 100,00 mg\/Kg<br \/>\nVitamina B1 - 6,50 mg\/Kg<br \/>\nVitamina B2 - 3,90 mg\/Kg<br \/>\nVitamina B12 - 19,50 mcgr\/Kg<br \/>\nVitamina K3 - 2,60 mg\/Kg<br \/>\nBiotin\u0103 - 0,26 mg\/Kg<br \/>\nAcid folic - 1,30 mg\/Kg<br \/>\nClorur\u0103 de colin\u0103 - 260,00 mg\/Kg<br \/>\nAcid nicotenic - 10,40 mg\/Kg<br \/>\nAcid pantotenic (vitamina B5) - 6,50 mg\/Kg<\/p>\n<p><strong>Macro- \u0219i microelemente<\/strong><\/p>\n<p>Fier (carbonat de fier) - 78,00 mg\/Kg<br \/>\nIod (iodur\u0103 de potasiu) - 0,65 mg\/kg<br \/>\nCobalt (carbonat de cobalt monohidrat) - 0,26 mg\/kg<br \/>\nCupru (sulfat de cupru pentahidrat) - 13,00 mg\/kg<br \/>\nMangan (oxid de mangan) - 52,00 mg\/kg<br \/>\nZinc (sulfat de zinc monohidrat) - 65,00 mg\/kg<br \/>\nZinc metionin\u0103 - 26,00 mg\/kg<br \/>\nSeleniu (selenit de seleniu) - 0,13 mg\/kg<br \/>\nSeleniu, drojdie izolat\u0103 inactivat\u0103, Saccharomyces cerevisiae NCYC R397 (3b811) - 0,13 mg\/kg<\/p>\n<p>Antioxidan\u021bi: Hidroxitoluen butilat (BHT) (E 321) - 5,20 mg\/kg<br \/>\nConservan\u021bi: acid citric (E 330) - 17,94 mg\/kg<br \/>\nAminoacizi: DL-Metionin\u0103 tehnic pur\u0103 (3c301) - 0,0260 %<br \/>\nLian\u021bi: sepiolit (E 562) - 0,0780 %<\/p>\n<p>ADMINISTRARE: Doza poate varia \u00een func\u021bie de m\u0103rimea calului, de stadiul sarcinii, de \u00eenc\u0103rc\u0103tura calului \u0219i de celelalte furaje administrate.<\/p>\n<p>&nbsp;<\/p>\n<table width=\"763\">\n<tbody>\n<tr>\n<td width=\"94\"><strong>TERHEL\u00c9S<\/strong><\/td>\n<td width=\"132\"><strong>500 KG GREUTATE CORPORAL\u0102\/ZI (KG) DOZ\u0102 (KG)<\/strong><\/td>\n<\/tr>\n<tr>\n<td width=\"94\">SC\u0102ZUT\/ M\u00c2NZ (P\u00c2N\u0102 LA \u00ceN\u021a\u0102RCARE)<\/td>\n<td width=\"132\">0,2 - 0,5<\/td>\n<\/tr>\n<tr>\n<td width=\"94\">MEDIU\/ M\u00c2NZ DUP\u0102 \u00ceN\u021a\u0102RCARE<\/td>\n<td width=\"132\">0,4 - 0,75<\/td>\n<\/tr>\n<tr>\n<td width=\"94\">MARE\/ ULTIMA TREIME A SARCINII<\/td>\n<td width=\"132\">0,75 - 1,1<\/td>\n<\/tr>\n<tr>\n<td width=\"94\">INTENSIV\/ LACTA\u021aIE<\/td>\n<td width=\"132\">1,1 - 1,3<\/td>\n<\/tr>\n<\/tbody>\n<\/table>\n<p>Depozitare: 10-20\u00b0C, ferit de umiditate \u0219i lumin\u0103<br \/>\nAmbalare: sac de 20 kg<\/p>","protected":false},"excerpt":{"rendered":"<div>Hran\u0103 de \u00eenalt\u0103 calitate sub form\u0103 de pelete. Datorit\u0103 con\u021binutului s\u0103u echilibrat de minerale, vitamine \u0219i aminoacizi, favorizeaz\u0103 dezvoltarea f\u0103tului, dezvoltarea muscular\u0103 \u0219i scheletic\u0103 corespunz\u0103toare \u0219i s\u0103n\u0103tatea articula\u021biilor. Furnizeaz\u0103 energia necesar\u0103 pentru dezvoltarea f\u0103tului \u0219i pentru al\u0103ptare.<\/div>\n<div>Furaj excelent at\u00e2t pentru caii de curse, c\u00e2t \u0219i pentru caii de galop expu\u0219i la sarcini grele.<\/div>","protected":false},"featured_media":73,"comment_status":"open","ping_status":"closed","template":"","meta":{"_et_pb_use_builder":"","_et_pb_old_content":"","_et_gb_content_width":""},"product_cat":[98],"product_tag":[86],"class_list":{"0":"post-72","1":"product","2":"type-product","3":"status-publish","4":"has-post-thumbnail","6":"product_cat-equusline-lotapok","7":"product_tag-lovaknak","9":"first","10":"instock","11":"taxable","12":"shipping-taxable","13":"purchasable","14":"product-type-simple"},"yoast_head":"<!-- This site is optimized with the Yoast SEO plugin v24.0 - https:\/\/yoast.com\/wordpress\/plugins\/seo\/ -->\n<title>Colts Super pellet alaptakarm\u00e1ny vemhes \u00e9s szoptat\u00f3 kanc\u00e1k, valamint egy \u00e9vesn\u00e9l fiatalabb csik\u00f3k sz\u00e1m\u00e1ra - Equusline Transylvania<\/title>\n<meta name=\"robots\" content=\"index, follow, max-snippet:-1, max-image-preview:large, max-video-preview:-1\" \/>\n<link rel=\"canonical\" href=\"https:\/\/equusline-transylvania.ro\/ro\/produs\/colts-super-pellet-alaptakarmany-vemhes-es-szoptato-kancak-valamint-egy-evesnel-fiatalabb-csikok-szamara\/\" \/>\n<meta property=\"og:locale\" content=\"ro_RO\" \/>\n<meta property=\"og:type\" content=\"article\" \/>\n<meta property=\"og:title\" content=\"Colts Super pellet alaptakarm\u00e1ny vemhes \u00e9s szoptat\u00f3 kanc\u00e1k, valamint egy \u00e9vesn\u00e9l fiatalabb csik\u00f3k sz\u00e1m\u00e1ra - Equusline Transylvania\" \/>\n<meta property=\"og:description\" content=\"Kiv\u00e1l\u00f3 min\u0151s\u00e9g\u0171 takarm\u00e1ny pellet form\u00e1j\u00e1ban. Kiegyens\u00falyozott \u00e1sv\u00e1nyi anyag, vitamin- \u00e9s aminosav tartalm\u00e1val el\u0151seg\u00edti a magzati fejl\u0151d\u00e9st, a megfelel\u0151 izom- \u00e9s v\u00e1zrendszer kialakul\u00e1s\u00e1t, az \u00edz\u00fcletek eg\u00e9szs\u00e9ges fejl\u0151d\u00e9s\u00e9t. Biztos\u00edtja a vehem fejl\u0151d\u00e9s\u00e9hez, illetve a szoptat\u00e1shoz sz\u00fcks\u00e9ges energi\u00e1t. Kiv\u00e1l\u00f3 abraktakarm\u00e1ny nagy munkaterhel\u00e9snek kitett, versenyben l\u00e9v\u0151 \u00fcget\u0151- \u00e9s galopplovaknak is.\" \/>\n<meta property=\"og:url\" content=\"https:\/\/equusline-transylvania.ro\/ro\/produs\/colts-super-pellet-alaptakarmany-vemhes-es-szoptato-kancak-valamint-egy-evesnel-fiatalabb-csikok-szamara\/\" \/>\n<meta property=\"og:site_name\" content=\"Equusline Transylvania\" \/>\n<meta property=\"article:publisher\" content=\"https:\/\/www.facebook.com\/profile.php?id=61564679939274\" \/>\n<meta property=\"article:modified_time\" content=\"2026-01-30T08:17:08+00:00\" \/>\n<meta property=\"og:image\" content=\"https:\/\/equusline-transylvania.ro\/wp-content\/uploads\/2024\/10\/breeding-colts-super.png\" \/>\n\t<meta property=\"og:image:width\" content=\"607\" \/>\n\t<meta property=\"og:image:height\" content=\"756\" \/>\n\t<meta property=\"og:image:type\" content=\"image\/png\" \/>\n<meta name=\"twitter:card\" content=\"summary_large_image\" \/>\n<meta name=\"twitter:label1\" content=\"Timp estimat pentru citire\" \/>\n\t<meta name=\"twitter:data1\" content=\"2 minute\" \/>\n<script type=\"application\/ld+json\" class=\"yoast-schema-graph\">{\"@context\":\"https:\/\/schema.org\",\"@graph\":[{\"@type\":\"WebPage\",\"@id\":\"https:\/\/equusline-transylvania.ro\/termek\/colts-super-pellet-alaptakarmany-vemhes-es-szoptato-kancak-valamint-egy-evesnel-fiatalabb-csikok-szamara\/\",\"url\":\"https:\/\/equusline-transylvania.ro\/termek\/colts-super-pellet-alaptakarmany-vemhes-es-szoptato-kancak-valamint-egy-evesnel-fiatalabb-csikok-szamara\/\",\"name\":\"Colts Super pellet alaptakarm\u00e1ny vemhes \u00e9s szoptat\u00f3 kanc\u00e1k, valamint egy \u00e9vesn\u00e9l fiatalabb csik\u00f3k sz\u00e1m\u00e1ra - Equusline Transylvania\",\"isPartOf\":{\"@id\":\"https:\/\/equusline-transylvania.ro\/hu\/#website\"},\"primaryImageOfPage\":{\"@id\":\"https:\/\/equusline-transylvania.ro\/termek\/colts-super-pellet-alaptakarmany-vemhes-es-szoptato-kancak-valamint-egy-evesnel-fiatalabb-csikok-szamara\/#primaryimage\"},\"image\":{\"@id\":\"https:\/\/equusline-transylvania.ro\/termek\/colts-super-pellet-alaptakarmany-vemhes-es-szoptato-kancak-valamint-egy-evesnel-fiatalabb-csikok-szamara\/#primaryimage\"},\"thumbnailUrl\":\"https:\/\/equusline-transylvania.ro\/wp-content\/uploads\/2024\/10\/breeding-colts-super.png\",\"datePublished\":\"2023-07-05T09:02:56+00:00\",\"dateModified\":\"2026-01-30T08:17:08+00:00\",\"breadcrumb\":{\"@id\":\"https:\/\/equusline-transylvania.ro\/termek\/colts-super-pellet-alaptakarmany-vemhes-es-szoptato-kancak-valamint-egy-evesnel-fiatalabb-csikok-szamara\/#breadcrumb\"},\"inLanguage\":\"ro-RO\",\"potentialAction\":[{\"@type\":\"ReadAction\",\"target\":[\"https:\/\/equusline-transylvania.ro\/termek\/colts-super-pellet-alaptakarmany-vemhes-es-szoptato-kancak-valamint-egy-evesnel-fiatalabb-csikok-szamara\/\"]}]},{\"@type\":\"ImageObject\",\"inLanguage\":\"ro-RO\",\"@id\":\"https:\/\/equusline-transylvania.ro\/termek\/colts-super-pellet-alaptakarmany-vemhes-es-szoptato-kancak-valamint-egy-evesnel-fiatalabb-csikok-szamara\/#primaryimage\",\"url\":\"https:\/\/equusline-transylvania.ro\/wp-content\/uploads\/2024\/10\/breeding-colts-super.png\",\"contentUrl\":\"https:\/\/equusline-transylvania.ro\/wp-content\/uploads\/2024\/10\/breeding-colts-super.png\",\"width\":607,\"height\":756},{\"@type\":\"BreadcrumbList\",\"@id\":\"https:\/\/equusline-transylvania.ro\/termek\/colts-super-pellet-alaptakarmany-vemhes-es-szoptato-kancak-valamint-egy-evesnel-fiatalabb-csikok-szamara\/#breadcrumb\",\"itemListElement\":[{\"@type\":\"ListItem\",\"position\":1,\"name\":\"Kezd\u0151lap\",\"item\":\"https:\/\/equusline-transylvania.ro\/\"},{\"@type\":\"ListItem\",\"position\":2,\"name\":\"Term\u00e9keink\",\"item\":\"https:\/\/equusline-transylvania.ro\/\"},{\"@type\":\"ListItem\",\"position\":3,\"name\":\"Colts Super pellet alaptakarm\u00e1ny vemhes \u00e9s szoptat\u00f3 kanc\u00e1k, valamint egy \u00e9vesn\u00e9l fiatalabb csik\u00f3k sz\u00e1m\u00e1ra\"}]},{\"@type\":\"WebSite\",\"@id\":\"https:\/\/equusline-transylvania.ro\/hu\/#website\",\"url\":\"https:\/\/equusline-transylvania.ro\/hu\/\",\"name\":\"Equusline Transylvania\",\"description\":\"\",\"publisher\":{\"@id\":\"https:\/\/equusline-transylvania.ro\/hu\/#organization\"},\"potentialAction\":[{\"@type\":\"SearchAction\",\"target\":{\"@type\":\"EntryPoint\",\"urlTemplate\":\"https:\/\/equusline-transylvania.ro\/hu\/?s={search_term_string}\"},\"query-input\":{\"@type\":\"PropertyValueSpecification\",\"valueRequired\":true,\"valueName\":\"search_term_string\"}}],\"inLanguage\":\"ro-RO\"},{\"@type\":\"Organization\",\"@id\":\"https:\/\/equusline-transylvania.ro\/hu\/#organization\",\"name\":\"Equusline Transylvania\",\"url\":\"https:\/\/equusline-transylvania.ro\/hu\/\",\"logo\":{\"@type\":\"ImageObject\",\"inLanguage\":\"ro-RO\",\"@id\":\"https:\/\/equusline-transylvania.ro\/hu\/#\/schema\/logo\/image\/\",\"url\":\"https:\/\/equusline-transylvania.ro\/wp-content\/uploads\/2024\/10\/equusline-ro.webp\",\"contentUrl\":\"https:\/\/equusline-transylvania.ro\/wp-content\/uploads\/2024\/10\/equusline-ro.webp\",\"width\":864,\"height\":397,\"caption\":\"Equusline Transylvania\"},\"image\":{\"@id\":\"https:\/\/equusline-transylvania.ro\/hu\/#\/schema\/logo\/image\/\"},\"sameAs\":[\"https:\/\/www.facebook.com\/profile.php?id=61564679939274\",\"https:\/\/www.instagram.com\/equusline_transylvania\"]}]}<\/script>\n<!-- \/ Yoast SEO plugin. -->","yoast_head_json":{"title":"Colts Super pellet alaptakarm\u00e1ny vemhes \u00e9s szoptat\u00f3 kanc\u00e1k, valamint egy \u00e9vesn\u00e9l fiatalabb csik\u00f3k sz\u00e1m\u00e1ra - Equusline Transylvania","robots":{"index":"index","follow":"follow","max-snippet":"max-snippet:-1","max-image-preview":"max-image-preview:large","max-video-preview":"max-video-preview:-1"},"canonical":"https:\/\/equusline-transylvania.ro\/ro\/produs\/colts-super-pellet-alaptakarmany-vemhes-es-szoptato-kancak-valamint-egy-evesnel-fiatalabb-csikok-szamara\/","og_locale":"ro_RO","og_type":"article","og_title":"Colts Super pellet alaptakarm\u00e1ny vemhes \u00e9s szoptat\u00f3 kanc\u00e1k, valamint egy \u00e9vesn\u00e9l fiatalabb csik\u00f3k sz\u00e1m\u00e1ra - Equusline Transylvania","og_description":"Kiv\u00e1l\u00f3 min\u0151s\u00e9g\u0171 takarm\u00e1ny pellet form\u00e1j\u00e1ban. Kiegyens\u00falyozott \u00e1sv\u00e1nyi anyag, vitamin- \u00e9s aminosav tartalm\u00e1val el\u0151seg\u00edti a magzati fejl\u0151d\u00e9st, a megfelel\u0151 izom- \u00e9s v\u00e1zrendszer kialakul\u00e1s\u00e1t, az \u00edz\u00fcletek eg\u00e9szs\u00e9ges fejl\u0151d\u00e9s\u00e9t. Biztos\u00edtja a vehem fejl\u0151d\u00e9s\u00e9hez, illetve a szoptat\u00e1shoz sz\u00fcks\u00e9ges energi\u00e1t. Kiv\u00e1l\u00f3 abraktakarm\u00e1ny nagy munkaterhel\u00e9snek kitett, versenyben l\u00e9v\u0151 \u00fcget\u0151- \u00e9s galopplovaknak is.","og_url":"https:\/\/equusline-transylvania.ro\/ro\/produs\/colts-super-pellet-alaptakarmany-vemhes-es-szoptato-kancak-valamint-egy-evesnel-fiatalabb-csikok-szamara\/","og_site_name":"Equusline Transylvania","article_publisher":"https:\/\/www.facebook.com\/profile.php?id=61564679939274","article_modified_time":"2026-01-30T08:17:08+00:00","og_image":[{"width":607,"height":756,"url":"https:\/\/equusline-transylvania.ro\/wp-content\/uploads\/2024\/10\/breeding-colts-super.png","type":"image\/png"}],"twitter_card":"summary_large_image","twitter_misc":{"Timp estimat pentru citire":"2 minute"},"schema":{"@context":"https:\/\/schema.org","@graph":[{"@type":"WebPage","@id":"https:\/\/equusline-transylvania.ro\/termek\/colts-super-pellet-alaptakarmany-vemhes-es-szoptato-kancak-valamint-egy-evesnel-fiatalabb-csikok-szamara\/","url":"https:\/\/equusline-transylvania.ro\/termek\/colts-super-pellet-alaptakarmany-vemhes-es-szoptato-kancak-valamint-egy-evesnel-fiatalabb-csikok-szamara\/","name":"Colts Super pellet alaptakarm\u00e1ny vemhes \u00e9s szoptat\u00f3 kanc\u00e1k, valamint egy \u00e9vesn\u00e9l fiatalabb csik\u00f3k sz\u00e1m\u00e1ra - Equusline Transylvania","isPartOf":{"@id":"https:\/\/equusline-transylvania.ro\/hu\/#website"},"primaryImageOfPage":{"@id":"https:\/\/equusline-transylvania.ro\/termek\/colts-super-pellet-alaptakarmany-vemhes-es-szoptato-kancak-valamint-egy-evesnel-fiatalabb-csikok-szamara\/#primaryimage"},"image":{"@id":"https:\/\/equusline-transylvania.ro\/termek\/colts-super-pellet-alaptakarmany-vemhes-es-szoptato-kancak-valamint-egy-evesnel-fiatalabb-csikok-szamara\/#primaryimage"},"thumbnailUrl":"https:\/\/equusline-transylvania.ro\/wp-content\/uploads\/2024\/10\/breeding-colts-super.png","datePublished":"2023-07-05T09:02:56+00:00","dateModified":"2026-01-30T08:17:08+00:00","breadcrumb":{"@id":"https:\/\/equusline-transylvania.ro\/termek\/colts-super-pellet-alaptakarmany-vemhes-es-szoptato-kancak-valamint-egy-evesnel-fiatalabb-csikok-szamara\/#breadcrumb"},"inLanguage":"ro-RO","potentialAction":[{"@type":"ReadAction","target":["https:\/\/equusline-transylvania.ro\/termek\/colts-super-pellet-alaptakarmany-vemhes-es-szoptato-kancak-valamint-egy-evesnel-fiatalabb-csikok-szamara\/"]}]},{"@type":"ImageObject","inLanguage":"ro-RO","@id":"https:\/\/equusline-transylvania.ro\/termek\/colts-super-pellet-alaptakarmany-vemhes-es-szoptato-kancak-valamint-egy-evesnel-fiatalabb-csikok-szamara\/#primaryimage","url":"https:\/\/equusline-transylvania.ro\/wp-content\/uploads\/2024\/10\/breeding-colts-super.png","contentUrl":"https:\/\/equusline-transylvania.ro\/wp-content\/uploads\/2024\/10\/breeding-colts-super.png","width":607,"height":756},{"@type":"BreadcrumbList","@id":"https:\/\/equusline-transylvania.ro\/termek\/colts-super-pellet-alaptakarmany-vemhes-es-szoptato-kancak-valamint-egy-evesnel-fiatalabb-csikok-szamara\/#breadcrumb","itemListElement":[{"@type":"ListItem","position":1,"name":"Kezd\u0151lap","item":"https:\/\/equusline-transylvania.ro\/"},{"@type":"ListItem","position":2,"name":"Term\u00e9keink","item":"https:\/\/equusline-transylvania.ro\/"},{"@type":"ListItem","position":3,"name":"Colts Super pellet alaptakarm\u00e1ny vemhes \u00e9s szoptat\u00f3 kanc\u00e1k, valamint egy \u00e9vesn\u00e9l fiatalabb csik\u00f3k sz\u00e1m\u00e1ra"}]},{"@type":"WebSite","@id":"https:\/\/equusline-transylvania.ro\/hu\/#website","url":"https:\/\/equusline-transylvania.ro\/hu\/","name":"Equusline Transilvania","description":"","publisher":{"@id":"https:\/\/equusline-transylvania.ro\/hu\/#organization"},"potentialAction":[{"@type":"SearchAction","target":{"@type":"EntryPoint","urlTemplate":"https:\/\/equusline-transylvania.ro\/hu\/?s={search_term_string}"},"query-input":{"@type":"PropertyValueSpecification","valueRequired":true,"valueName":"search_term_string"}}],"inLanguage":"ro-RO"},{"@type":"Organization","@id":"https:\/\/equusline-transylvania.ro\/hu\/#organization","name":"Equusline Transilvania","url":"https:\/\/equusline-transylvania.ro\/hu\/","logo":{"@type":"ImageObject","inLanguage":"ro-RO","@id":"https:\/\/equusline-transylvania.ro\/hu\/#\/schema\/logo\/image\/","url":"https:\/\/equusline-transylvania.ro\/wp-content\/uploads\/2024\/10\/equusline-ro.webp","contentUrl":"https:\/\/equusline-transylvania.ro\/wp-content\/uploads\/2024\/10\/equusline-ro.webp","width":864,"height":397,"caption":"Equusline Transylvania"},"image":{"@id":"https:\/\/equusline-transylvania.ro\/hu\/#\/schema\/logo\/image\/"},"sameAs":["https:\/\/www.facebook.com\/profile.php?id=61564679939274","https:\/\/www.instagram.com\/equusline_transylvania"]}]}},"_links":{"self":[{"href":"https:\/\/equusline-transylvania.ro\/ro\/wp-json\/wp\/v2\/product\/72","targetHints":{"allow":["GET"]}}],"collection":[{"href":"https:\/\/equusline-transylvania.ro\/ro\/wp-json\/wp\/v2\/product"}],"about":[{"href":"https:\/\/equusline-transylvania.ro\/ro\/wp-json\/wp\/v2\/types\/product"}],"replies":[{"embeddable":true,"href":"https:\/\/equusline-transylvania.ro\/ro\/wp-json\/wp\/v2\/comments?post=72"}],"wp:featuredmedia":[{"embeddable":true,"href":"https:\/\/equusline-transylvania.ro\/ro\/wp-json\/wp\/v2\/media\/73"}],"wp:attachment":[{"href":"https:\/\/equusline-transylvania.ro\/ro\/wp-json\/wp\/v2\/media?parent=72"}],"wp:term":[{"taxonomy":"product_cat","embeddable":true,"href":"https:\/\/equusline-transylvania.ro\/ro\/wp-json\/wp\/v2\/product_cat?post=72"},{"taxonomy":"product_tag","embeddable":true,"href":"https:\/\/equusline-transylvania.ro\/ro\/wp-json\/wp\/v2\/product_tag?post=72"}],"curies":[{"name":"wp","href":"https:\/\/api.w.org\/{rel}","templated":true}]}}