{"id":63,"date":"2020-10-17T17:05:08","date_gmt":"2020-10-17T15:05:08","guid":{"rendered":"https:\/\/equusline-transylvania.ro\/termek\/cool-mix-zabmentes-muzli-alaptakarmany-20-kg\/"},"modified":"2026-01-29T16:11:23","modified_gmt":"2026-01-29T15:11:23","slug":"cool-mix-zabmentes-muzli-alaptakarmany-20-kg","status":"publish","type":"product","link":"https:\/\/equusline-transylvania.ro\/ro\/produs\/cool-mix-zabmentes-muzli-alaptakarmany-20-kg\/","title":{"rendered":"Muesli f\u0103r\u0103 ov\u0103z \"Cool mix\" furaj de baz\u0103 20 kg"},"content":{"rendered":"<p>Hran\u0103 complet\u0103 complet\u0103 economic\u0103. Muesli f\u0103r\u0103 ov\u0103z destinat \u00een primul r\u00e2nd cailor de hobby, dar \u0219i un produs excelent pentru caii de sport cu un volum redus de munc\u0103 \u0219i pentru caii \u00een formare. Se completeaz\u0103 cu furaje cu fibre. \u00cen combina\u021bie cu un supliment complex de vitamine, este suficient \u0219i pentru sarcini mai mari.<\/p>\n<p>Ra\u021bia zilnic\u0103: 1,00 kg - 3,00 kg, \u00een func\u021bie de m\u0103rimea calului, de \u00eenc\u0103rc\u0103tur\u0103 \u0219i de cantitatea \u0219i compozi\u021bia altor furaje.<\/p>\n<p><strong>REZUMAT:<\/strong><\/p>\n<p>Energie digerabil\u0103: 2705,163 Kcal\/kg<\/p>\n<p>T\u0103r\u00e2\u021be de gr\u00e2u, lucern\u0103, fulgi de porumb, fulgi de orz, fulgi de soia, semin\u021be uscate de ro\u0219cove, maz\u0103re, fulgi usca\u021bi de sfecl\u0103, ulei de palmier, aditiv calcaros, melas\u0103 din trestie de zah\u0103r, clorur\u0103 de sodiu (sare).<\/p>\n<p>Protein\u0103 brut\u0103 - 12,1 %<br \/>\nUlei brut \u0219i gr\u0103simi - 4,20 %<br \/>\nFibr\u0103 brut\u0103 - 12 %<br \/>\nCenu\u0219\u0103 brut\u0103 - 6,60 %<br \/>\nCalciu - 0,89 %<br \/>\nFosfor - 0,47 %<br \/>\nSodiu - 0,27 %<\/p>\n<p>Amidon: 25,07%<br \/>\nZah\u0103r: 5,8%<\/p>\n<p><strong>Vitamine, provitamine \u0219i alte substan\u021be<\/strong><\/p>\n<p>Vitamina A - 3,600.00 UI\/kg<br \/>\nVitamina D3 - 360.00 UI\/kg<br \/>\nVitamina E (alfa-tocoferol) - 36,00 mg\/Kg<br \/>\nVitamina B1 - 1.80mg\/Kg<br \/>\nVitamina B2 - 1.08mg\/Kg<br \/>\nVitamina B12 - 5,44 mcgr\/Kg<br \/>\nVitamina K - 0,70 mg\/Kg<br \/>\nBiotin\u0103 - 0,20 mg\/Kg<br \/>\nAcid folic - 0,36 mg\/Kg<br \/>\nClorur\u0103 de colin\u0103 - 72,00 mg\/Kg<br \/>\nNiacina - 2,90 mg\/Kg<br \/>\nAcid pantotenic (vitamina B5) - 1,80 mg\/Kg<\/p>\n<p><strong>Macro- \u0219i microelemente<\/strong><\/p>\n<p>Fier (carbonat de fier) - 24,00 mg\/Kg<br \/>\nIod (iodur\u0103 de potasiu) - 0,20 mg\/kg<br \/>\nCobalt (carbonat de cobalt monohidrat) - 0,08 mg\/kg<br \/>\nCupru (sulfat de cupru pentahidrat) - 4,00 mg\/kg<br \/>\nMangan (oxid de mangan) - 16,00 mg\/kg<br \/>\nZinc (sulfat de zinc monohidrat) - 24,00 mg\/kg<br \/>\nSeleniu (selenit de seleniu) - 0,04 mg\/kg<\/p>\n<p>Ambalare: sac de 20 kg<\/p>","protected":false},"excerpt":{"rendered":"<p>Hran\u0103 economic\u0103 f\u0103r\u0103 ov\u0103z pentru cai de hobby.<\/p>","protected":false},"featured_media":64,"comment_status":"open","ping_status":"closed","template":"","meta":{"_et_pb_use_builder":"","_et_pb_old_content":"","_et_gb_content_width":""},"product_cat":[98],"product_tag":[86],"class_list":{"0":"post-63","1":"product","2":"type-product","3":"status-publish","4":"has-post-thumbnail","6":"product_cat-equusline-lotapok","7":"product_tag-lovaknak","9":"first","10":"instock","11":"taxable","12":"shipping-taxable","13":"purchasable","14":"product-type-simple"},"yoast_head":"<!-- This site is optimized with the Yoast SEO plugin v24.0 - https:\/\/yoast.com\/wordpress\/plugins\/seo\/ -->\n<title>\u2018Cool mix\u2019 zabmentes m\u00fczli alaptakarm\u00e1ny 20 kg - Equusline Transylvania<\/title>\n<meta name=\"robots\" content=\"index, follow, max-snippet:-1, max-image-preview:large, max-video-preview:-1\" \/>\n<link rel=\"canonical\" href=\"https:\/\/equusline-transylvania.ro\/ro\/produs\/cool-mix-zabmentes-muzli-alaptakarmany-20-kg\/\" \/>\n<meta property=\"og:locale\" content=\"ro_RO\" \/>\n<meta property=\"og:type\" content=\"article\" \/>\n<meta property=\"og:title\" content=\"\u2018Cool mix\u2019 zabmentes m\u00fczli alaptakarm\u00e1ny 20 kg - Equusline Transylvania\" \/>\n<meta property=\"og:description\" content=\"Gazdas\u00e1gos\u00a0 zabmentes m\u00fczli alaptakarm\u00e1ny els\u0151dlegesen hobbilovak sz\u00e1m\u00e1ra.\" \/>\n<meta property=\"og:url\" content=\"https:\/\/equusline-transylvania.ro\/ro\/produs\/cool-mix-zabmentes-muzli-alaptakarmany-20-kg\/\" \/>\n<meta property=\"og:site_name\" content=\"Equusline Transylvania\" \/>\n<meta property=\"article:publisher\" content=\"https:\/\/www.facebook.com\/profile.php?id=61564679939274\" \/>\n<meta property=\"article:modified_time\" content=\"2026-01-29T15:11:23+00:00\" \/>\n<meta property=\"og:image\" content=\"https:\/\/equusline-transylvania.ro\/wp-content\/uploads\/2024\/10\/elite-cool-mix.png\" \/>\n\t<meta property=\"og:image:width\" content=\"607\" \/>\n\t<meta property=\"og:image:height\" content=\"756\" \/>\n\t<meta property=\"og:image:type\" content=\"image\/png\" \/>\n<meta name=\"twitter:card\" content=\"summary_large_image\" \/>\n<meta name=\"twitter:label1\" content=\"Timp estimat pentru citire\" \/>\n\t<meta name=\"twitter:data1\" content=\"1 minut\" \/>\n<script type=\"application\/ld+json\" class=\"yoast-schema-graph\">{\"@context\":\"https:\/\/schema.org\",\"@graph\":[{\"@type\":\"WebPage\",\"@id\":\"https:\/\/equusline-transylvania.ro\/termek\/cool-mix-zabmentes-muzli-alaptakarmany-20-kg\/\",\"url\":\"https:\/\/equusline-transylvania.ro\/termek\/cool-mix-zabmentes-muzli-alaptakarmany-20-kg\/\",\"name\":\"\u2018Cool mix\u2019 zabmentes m\u00fczli alaptakarm\u00e1ny 20 kg - Equusline Transylvania\",\"isPartOf\":{\"@id\":\"https:\/\/equusline-transylvania.ro\/hu\/#website\"},\"primaryImageOfPage\":{\"@id\":\"https:\/\/equusline-transylvania.ro\/termek\/cool-mix-zabmentes-muzli-alaptakarmany-20-kg\/#primaryimage\"},\"image\":{\"@id\":\"https:\/\/equusline-transylvania.ro\/termek\/cool-mix-zabmentes-muzli-alaptakarmany-20-kg\/#primaryimage\"},\"thumbnailUrl\":\"https:\/\/equusline-transylvania.ro\/wp-content\/uploads\/2024\/10\/elite-cool-mix.png\",\"datePublished\":\"2020-10-17T15:05:08+00:00\",\"dateModified\":\"2026-01-29T15:11:23+00:00\",\"breadcrumb\":{\"@id\":\"https:\/\/equusline-transylvania.ro\/termek\/cool-mix-zabmentes-muzli-alaptakarmany-20-kg\/#breadcrumb\"},\"inLanguage\":\"ro-RO\",\"potentialAction\":[{\"@type\":\"ReadAction\",\"target\":[\"https:\/\/equusline-transylvania.ro\/termek\/cool-mix-zabmentes-muzli-alaptakarmany-20-kg\/\"]}]},{\"@type\":\"ImageObject\",\"inLanguage\":\"ro-RO\",\"@id\":\"https:\/\/equusline-transylvania.ro\/termek\/cool-mix-zabmentes-muzli-alaptakarmany-20-kg\/#primaryimage\",\"url\":\"https:\/\/equusline-transylvania.ro\/wp-content\/uploads\/2024\/10\/elite-cool-mix.png\",\"contentUrl\":\"https:\/\/equusline-transylvania.ro\/wp-content\/uploads\/2024\/10\/elite-cool-mix.png\",\"width\":607,\"height\":756},{\"@type\":\"BreadcrumbList\",\"@id\":\"https:\/\/equusline-transylvania.ro\/termek\/cool-mix-zabmentes-muzli-alaptakarmany-20-kg\/#breadcrumb\",\"itemListElement\":[{\"@type\":\"ListItem\",\"position\":1,\"name\":\"Kezd\u0151lap\",\"item\":\"https:\/\/equusline-transylvania.ro\/\"},{\"@type\":\"ListItem\",\"position\":2,\"name\":\"Term\u00e9keink\",\"item\":\"https:\/\/equusline-transylvania.ro\/\"},{\"@type\":\"ListItem\",\"position\":3,\"name\":\"\u2018Cool mix\u2019 zabmentes m\u00fczli alaptakarm\u00e1ny 20 kg\"}]},{\"@type\":\"WebSite\",\"@id\":\"https:\/\/equusline-transylvania.ro\/hu\/#website\",\"url\":\"https:\/\/equusline-transylvania.ro\/hu\/\",\"name\":\"Equusline Transylvania\",\"description\":\"\",\"publisher\":{\"@id\":\"https:\/\/equusline-transylvania.ro\/hu\/#organization\"},\"potentialAction\":[{\"@type\":\"SearchAction\",\"target\":{\"@type\":\"EntryPoint\",\"urlTemplate\":\"https:\/\/equusline-transylvania.ro\/hu\/?s={search_term_string}\"},\"query-input\":{\"@type\":\"PropertyValueSpecification\",\"valueRequired\":true,\"valueName\":\"search_term_string\"}}],\"inLanguage\":\"ro-RO\"},{\"@type\":\"Organization\",\"@id\":\"https:\/\/equusline-transylvania.ro\/hu\/#organization\",\"name\":\"Equusline Transylvania\",\"url\":\"https:\/\/equusline-transylvania.ro\/hu\/\",\"logo\":{\"@type\":\"ImageObject\",\"inLanguage\":\"ro-RO\",\"@id\":\"https:\/\/equusline-transylvania.ro\/hu\/#\/schema\/logo\/image\/\",\"url\":\"https:\/\/equusline-transylvania.ro\/wp-content\/uploads\/2024\/10\/equusline-ro.webp\",\"contentUrl\":\"https:\/\/equusline-transylvania.ro\/wp-content\/uploads\/2024\/10\/equusline-ro.webp\",\"width\":864,\"height\":397,\"caption\":\"Equusline Transylvania\"},\"image\":{\"@id\":\"https:\/\/equusline-transylvania.ro\/hu\/#\/schema\/logo\/image\/\"},\"sameAs\":[\"https:\/\/www.facebook.com\/profile.php?id=61564679939274\",\"https:\/\/www.instagram.com\/equusline_transylvania\"]}]}<\/script>\n<!-- \/ Yoast SEO plugin. -->","yoast_head_json":{"title":"\u2018Cool mix\u2019 zabmentes m\u00fczli alaptakarm\u00e1ny 20 kg - Equusline Transylvania","robots":{"index":"index","follow":"follow","max-snippet":"max-snippet:-1","max-image-preview":"max-image-preview:large","max-video-preview":"max-video-preview:-1"},"canonical":"https:\/\/equusline-transylvania.ro\/ro\/produs\/cool-mix-zabmentes-muzli-alaptakarmany-20-kg\/","og_locale":"ro_RO","og_type":"article","og_title":"\u2018Cool mix\u2019 zabmentes m\u00fczli alaptakarm\u00e1ny 20 kg - Equusline Transylvania","og_description":"Gazdas\u00e1gos\u00a0 zabmentes m\u00fczli alaptakarm\u00e1ny els\u0151dlegesen hobbilovak sz\u00e1m\u00e1ra.","og_url":"https:\/\/equusline-transylvania.ro\/ro\/produs\/cool-mix-zabmentes-muzli-alaptakarmany-20-kg\/","og_site_name":"Equusline Transylvania","article_publisher":"https:\/\/www.facebook.com\/profile.php?id=61564679939274","article_modified_time":"2026-01-29T15:11:23+00:00","og_image":[{"width":607,"height":756,"url":"https:\/\/equusline-transylvania.ro\/wp-content\/uploads\/2024\/10\/elite-cool-mix.png","type":"image\/png"}],"twitter_card":"summary_large_image","twitter_misc":{"Timp estimat pentru citire":"1 minut"},"schema":{"@context":"https:\/\/schema.org","@graph":[{"@type":"WebPage","@id":"https:\/\/equusline-transylvania.ro\/termek\/cool-mix-zabmentes-muzli-alaptakarmany-20-kg\/","url":"https:\/\/equusline-transylvania.ro\/termek\/cool-mix-zabmentes-muzli-alaptakarmany-20-kg\/","name":"\u2018Cool mix\u2019 zabmentes m\u00fczli alaptakarm\u00e1ny 20 kg - Equusline Transylvania","isPartOf":{"@id":"https:\/\/equusline-transylvania.ro\/hu\/#website"},"primaryImageOfPage":{"@id":"https:\/\/equusline-transylvania.ro\/termek\/cool-mix-zabmentes-muzli-alaptakarmany-20-kg\/#primaryimage"},"image":{"@id":"https:\/\/equusline-transylvania.ro\/termek\/cool-mix-zabmentes-muzli-alaptakarmany-20-kg\/#primaryimage"},"thumbnailUrl":"https:\/\/equusline-transylvania.ro\/wp-content\/uploads\/2024\/10\/elite-cool-mix.png","datePublished":"2020-10-17T15:05:08+00:00","dateModified":"2026-01-29T15:11:23+00:00","breadcrumb":{"@id":"https:\/\/equusline-transylvania.ro\/termek\/cool-mix-zabmentes-muzli-alaptakarmany-20-kg\/#breadcrumb"},"inLanguage":"ro-RO","potentialAction":[{"@type":"ReadAction","target":["https:\/\/equusline-transylvania.ro\/termek\/cool-mix-zabmentes-muzli-alaptakarmany-20-kg\/"]}]},{"@type":"ImageObject","inLanguage":"ro-RO","@id":"https:\/\/equusline-transylvania.ro\/termek\/cool-mix-zabmentes-muzli-alaptakarmany-20-kg\/#primaryimage","url":"https:\/\/equusline-transylvania.ro\/wp-content\/uploads\/2024\/10\/elite-cool-mix.png","contentUrl":"https:\/\/equusline-transylvania.ro\/wp-content\/uploads\/2024\/10\/elite-cool-mix.png","width":607,"height":756},{"@type":"BreadcrumbList","@id":"https:\/\/equusline-transylvania.ro\/termek\/cool-mix-zabmentes-muzli-alaptakarmany-20-kg\/#breadcrumb","itemListElement":[{"@type":"ListItem","position":1,"name":"Kezd\u0151lap","item":"https:\/\/equusline-transylvania.ro\/"},{"@type":"ListItem","position":2,"name":"Term\u00e9keink","item":"https:\/\/equusline-transylvania.ro\/"},{"@type":"ListItem","position":3,"name":"\u2018Cool mix\u2019 zabmentes m\u00fczli alaptakarm\u00e1ny 20 kg"}]},{"@type":"WebSite","@id":"https:\/\/equusline-transylvania.ro\/hu\/#website","url":"https:\/\/equusline-transylvania.ro\/hu\/","name":"Equusline Transilvania","description":"","publisher":{"@id":"https:\/\/equusline-transylvania.ro\/hu\/#organization"},"potentialAction":[{"@type":"SearchAction","target":{"@type":"EntryPoint","urlTemplate":"https:\/\/equusline-transylvania.ro\/hu\/?s={search_term_string}"},"query-input":{"@type":"PropertyValueSpecification","valueRequired":true,"valueName":"search_term_string"}}],"inLanguage":"ro-RO"},{"@type":"Organization","@id":"https:\/\/equusline-transylvania.ro\/hu\/#organization","name":"Equusline Transilvania","url":"https:\/\/equusline-transylvania.ro\/hu\/","logo":{"@type":"ImageObject","inLanguage":"ro-RO","@id":"https:\/\/equusline-transylvania.ro\/hu\/#\/schema\/logo\/image\/","url":"https:\/\/equusline-transylvania.ro\/wp-content\/uploads\/2024\/10\/equusline-ro.webp","contentUrl":"https:\/\/equusline-transylvania.ro\/wp-content\/uploads\/2024\/10\/equusline-ro.webp","width":864,"height":397,"caption":"Equusline Transylvania"},"image":{"@id":"https:\/\/equusline-transylvania.ro\/hu\/#\/schema\/logo\/image\/"},"sameAs":["https:\/\/www.facebook.com\/profile.php?id=61564679939274","https:\/\/www.instagram.com\/equusline_transylvania"]}]}},"_links":{"self":[{"href":"https:\/\/equusline-transylvania.ro\/ro\/wp-json\/wp\/v2\/product\/63","targetHints":{"allow":["GET"]}}],"collection":[{"href":"https:\/\/equusline-transylvania.ro\/ro\/wp-json\/wp\/v2\/product"}],"about":[{"href":"https:\/\/equusline-transylvania.ro\/ro\/wp-json\/wp\/v2\/types\/product"}],"replies":[{"embeddable":true,"href":"https:\/\/equusline-transylvania.ro\/ro\/wp-json\/wp\/v2\/comments?post=63"}],"wp:featuredmedia":[{"embeddable":true,"href":"https:\/\/equusline-transylvania.ro\/ro\/wp-json\/wp\/v2\/media\/64"}],"wp:attachment":[{"href":"https:\/\/equusline-transylvania.ro\/ro\/wp-json\/wp\/v2\/media?parent=63"}],"wp:term":[{"taxonomy":"product_cat","embeddable":true,"href":"https:\/\/equusline-transylvania.ro\/ro\/wp-json\/wp\/v2\/product_cat?post=63"},{"taxonomy":"product_tag","embeddable":true,"href":"https:\/\/equusline-transylvania.ro\/ro\/wp-json\/wp\/v2\/product_tag?post=63"}],"curies":[{"name":"wp","href":"https:\/\/api.w.org\/{rel}","templated":true}]}}