{"id":60,"date":"2020-01-13T11:00:23","date_gmt":"2020-01-13T10:00:23","guid":{"rendered":"https:\/\/equusline-transylvania.ro\/termek\/senior-pellet-alaptakarmany-idos-lovak-szamara-20-kg\/"},"modified":"2026-01-29T16:08:23","modified_gmt":"2026-01-29T15:08:23","slug":"senior-pellet-alaptakarmany-idos-lovak-szamara-20-kg","status":"publish","type":"product","link":"https:\/\/equusline-transylvania.ro\/ro\/produs\/senior-pellet-alaptakarmany-idos-lovak-szamara-20-kg\/","title":{"rendered":"Pelete \"Senior\" pentru cai mai \u00een v\u00e2rst\u0103 20 kg"},"content":{"rendered":"<div>Hran\u0103 de baz\u0103 complet\u0103 \u0219i economic\u0103 sub form\u0103 de pelete pentru caii b\u0103tr\u00e2ni. Este formulat pentru caii \u00een v\u00e2rst\u0103 cu un con\u021binut ridicat de proteine utilizabile \u0219i digerabile, minerale esen\u021biale, aminoacizi, oligoelemente \u0219i vitamine. Poate fi hr\u0103nit \u0219i \u00eenmuiat, dac\u0103 mestecatul este dificil.<\/div>\n<div>Ra\u021bia zilnic\u0103: 1 kg - 3 kg, \u00een func\u021bie de m\u0103rimea calului, de \u00eenc\u0103rc\u0103tura acestuia \u0219i de cantitatea \u0219i compozi\u021bia altor alimente.<\/div>\n<div><\/div>\n<div><strong>REZUMAT:<\/strong><\/div>\n<div><\/div>\n<div>Energie digerabil\u0103: 2645 Kcal\/kg<\/div>\n<div><\/div>\n<div>Ov\u0103z, t\u0103r\u00e2\u021be de gr\u00e2u, lucern\u0103, fulgi de soia, fulgi de porumb, orz, melas\u0103 de trestie de zah\u0103r, aditiv de var furajer, ulei de palmier, clorur\u0103 de sodiu (sare).<\/div>\n<p>Protein\u0103 brut\u0103 - 13,00 %<br \/>\nUlei brut \u0219i gr\u0103sime brut\u0103 - 3,60 %<br \/>\nFibr\u0103 brut\u0103 - 12,70 %<br \/>\nCenu\u0219\u0103 brut\u0103 - 8,20 %<br \/>\nCalciu - 0,84 %<br \/>\nFosfor - 0,49 %<br \/>\nSodiu - 0,41 %<\/p>\n<p>\u00cent\u0103ritor: 24,94%<br \/>\nZah\u0103r: 3,76%<\/p>\n<table style=\"height: 688px;\" width=\"603\">\n<tbody>\n<tr>\n<td colspan=\"3\" width=\"269\"><strong>\u00a0<\/strong><strong><u>Vitamine, provitamine<\/u><\/strong><\/td>\n<td colspan=\"4\" width=\"262\"><strong><u>Macro- \u0219i microelemente<\/u><\/strong><\/td>\n<\/tr>\n<tr>\n<td width=\"194\">Vitamina A (3a672a)<\/td>\n<td width=\"38\">8.000<\/td>\n<td width=\"37\">NE\/kg<\/td>\n<td width=\"191\">Fier (carbonat de fier) (3b101)<\/td>\n<td width=\"34\">48,00<\/td>\n<td colspan=\"2\" width=\"37\">mg\/kg<\/td>\n<\/tr>\n<tr>\n<td width=\"194\">Vitamina D3 (3a671)<\/td>\n<td width=\"38\">800<\/td>\n<td width=\"37\">NE\/kg<\/td>\n<td width=\"191\">Iod (iodur\u0103 de potasiu) (3b201)<\/td>\n<td width=\"34\">0,40<\/td>\n<td colspan=\"2\" width=\"37\">mg\/kg<\/td>\n<\/tr>\n<tr>\n<td width=\"194\">Vitamina E (3a700)<\/td>\n<td width=\"38\">40,0<\/td>\n<td width=\"37\">mg\/kg<\/td>\n<td rowspan=\"2\" width=\"191\">Cobalt (carbonat de cobalt (II) monohidrat (3b304)<\/td>\n<td rowspan=\"2\" width=\"34\">0,16<\/td>\n<td colspan=\"2\" rowspan=\"2\" width=\"37\">mg\/kg<\/td>\n<\/tr>\n<tr>\n<td width=\"194\">Vitamina B1 (3a820)<\/td>\n<td width=\"38\">4,00<\/td>\n<td width=\"37\">mg\/kg<\/td>\n<\/tr>\n<tr>\n<td width=\"194\">Vitamina B2<\/td>\n<td width=\"38\">2,40<\/td>\n<td width=\"37\">mg\/kg<\/td>\n<td width=\"191\">Cupru (sulfat de cupru pentahidrat) (E-4)<\/td>\n<td width=\"34\">8,00<\/td>\n<td colspan=\"2\" width=\"37\">mg\/kg<\/td>\n<\/tr>\n<tr>\n<td width=\"194\">Vitamina B12<\/td>\n<td width=\"38\">12,00<\/td>\n<td width=\"37\">\u00b5g\/kg<\/td>\n<td width=\"191\">Mangan (oxid de mangan) (3b502)<\/td>\n<td width=\"34\">32,00<\/td>\n<td colspan=\"2\" width=\"37\">mg\/kg<\/td>\n<\/tr>\n<tr>\n<td width=\"194\">Vitamina K3 (3a711)<\/td>\n<td width=\"38\">1,60<\/td>\n<td width=\"37\">mg\/kg<\/td>\n<td width=\"191\">Zinc (oxid de zinc) (3b603)<\/td>\n<td width=\"34\">40,00<\/td>\n<td colspan=\"2\" width=\"37\">mg\/kg<\/td>\n<\/tr>\n<tr>\n<td width=\"194\">Biotin\u0103 (3a880)<\/td>\n<td width=\"38\">0,16<\/td>\n<td width=\"37\">mg\/kg<\/td>\n<td width=\"191\">Zinc (chelat de zinc) (3b610)<\/td>\n<td width=\"34\">16,00<\/td>\n<td colspan=\"2\" width=\"37\">mg\/kg<\/td>\n<\/tr>\n<tr>\n<td width=\"194\">Acid folic (3a316)<\/td>\n<td width=\"38\">0,80<\/td>\n<td width=\"37\">mg\/Kg<\/td>\n<td width=\"191\">Seleniu (selenit de seleniu) (E-8)<\/td>\n<td width=\"34\">0,08<\/td>\n<td colspan=\"2\" width=\"37\">mg\/kg<\/td>\n<\/tr>\n<tr>\n<td width=\"194\">Clorur\u0103 de colin\u0103 (3a890)<\/td>\n<td width=\"38\">160,0<\/td>\n<td width=\"37\">mg\/Kg<\/td>\n<td rowspan=\"2\" width=\"191\">Selenometionin\u0103 (seleniu organic S. Cerevisiae NCYC R397 ( drojdie seleniu inactivat\u0103 ) (3b811)<\/td>\n<td rowspan=\"2\" width=\"34\">0,08<\/td>\n<td colspan=\"2\" rowspan=\"2\" width=\"37\">mg\/kg<\/td>\n<\/tr>\n<tr>\n<td width=\"194\">Acid nicotenic (3a314)<\/td>\n<td width=\"38\">6,40<\/td>\n<td width=\"37\">mg\/Kg<\/td>\n<\/tr>\n<tr>\n<td width=\"194\">Pantotenat de calciu (vitamina B5) (3a841)<\/td>\n<td width=\"38\">4,00<\/td>\n<td width=\"37\">mg\/Kg<\/td>\n<td colspan=\"4\" width=\"262\"><strong><u>Conservan\u021bi<\/u><\/strong><\/td>\n<\/tr>\n<tr>\n<td colspan=\"3\" width=\"269\"><strong><u>Antioxidan\u021bi<\/u><\/strong><\/td>\n<td width=\"191\">Acid citric (E-330)<\/td>\n<td width=\"34\">11,04<\/td>\n<td colspan=\"2\" width=\"37\">mg\/kg<\/td>\n<\/tr>\n<tr>\n<td width=\"194\">BHT (E-321)<\/td>\n<td width=\"38\">3,20<\/td>\n<td width=\"37\">mg\/kg<\/td>\n<td width=\"191\">Citrat de sodiu (E-331)<\/td>\n<td width=\"34\">0,32<\/td>\n<td colspan=\"2\" width=\"37\">mg\/kg<\/td>\n<\/tr>\n<tr>\n<td width=\"194\"><strong>\u00a0<\/strong><\/td>\n<td width=\"38\"><strong>\u00a0<\/strong><\/td>\n<td width=\"37\"><strong>\u00a0<\/strong><\/td>\n<td colspan=\"4\" width=\"262\"><strong><u>Leg\u0103tori<\/u><\/strong><\/td>\n<\/tr>\n<tr>\n<td width=\"194\"><strong>\u00a0<\/strong><\/td>\n<td width=\"38\"><strong>\u00a0<\/strong><\/td>\n<td width=\"37\"><strong>\u00a0<\/strong><\/td>\n<td width=\"191\">Sepiolit (E-562)<\/td>\n<td width=\"34\">0,048<\/td>\n<td colspan=\"2\" width=\"37\">%<\/td>\n<\/tr>\n<tr>\n<td width=\"194\"><strong>\u00a0<\/strong><\/td>\n<td width=\"38\"><strong>\u00a0<\/strong><\/td>\n<td width=\"37\"><strong>\u00a0<\/strong><\/td>\n<td colspan=\"4\" width=\"262\"><strong>\u00a0\u00a0\u00a0\u00a0\u00a0\u00a0\u00a0\u00a0\u00a0\u00a0\u00a0\u00a0\u00a0\u00a0\u00a0\u00a0\u00a0\u00a0\u00a0\u00a0\u00a0\u00a0\u00a0 <u>Aminoacizi \u0219i s\u0103rurile lor<\/u><\/strong><\/td>\n<\/tr>\n<tr>\n<td width=\"194\"><strong>\u00a0<\/strong><\/td>\n<td width=\"38\"><strong>\u00a0<\/strong><\/td>\n<td width=\"37\"><strong>\u00a0<\/strong><\/td>\n<td width=\"191\">DL Metionine (3c301)<\/td>\n<td colspan=\"2\" width=\"35\">0,016<\/td>\n<td width=\"36\">%<\/td>\n<\/tr>\n<\/tbody>\n<\/table>\n<p>Ambalare: sac de 20 kg<\/p>","protected":false},"excerpt":{"rendered":"<p>Hran\u0103 de baz\u0103 complet\u0103 \u0219i economic\u0103 sub form\u0103 de pelete pentru caii b\u0103tr\u00e2ni<\/p>\n<p>&nbsp;<\/p>","protected":false},"featured_media":61,"comment_status":"open","ping_status":"closed","template":"","meta":{"_et_pb_use_builder":"","_et_pb_old_content":"","_et_gb_content_width":""},"product_cat":[98],"product_tag":[86],"class_list":{"0":"post-60","1":"product","2":"type-product","3":"status-publish","4":"has-post-thumbnail","6":"product_cat-equusline-lotapok","7":"product_tag-lovaknak","9":"first","10":"instock","11":"taxable","12":"shipping-taxable","13":"purchasable","14":"product-type-simple"},"yoast_head":"<!-- This site is optimized with the Yoast SEO plugin v24.0 - https:\/\/yoast.com\/wordpress\/plugins\/seo\/ -->\n<title>&#039;Senior&#039; pellet alaptakarm\u00e1ny id\u0151s lovak sz\u00e1m\u00e1ra 20 kg - Equusline Transylvania<\/title>\n<meta name=\"robots\" content=\"index, follow, max-snippet:-1, max-image-preview:large, max-video-preview:-1\" \/>\n<link rel=\"canonical\" href=\"https:\/\/equusline-transylvania.ro\/ro\/produs\/senior-pellet-alaptakarmany-idos-lovak-szamara-20-kg\/\" \/>\n<meta property=\"og:locale\" content=\"ro_RO\" \/>\n<meta property=\"og:type\" content=\"article\" \/>\n<meta property=\"og:title\" content=\"&#039;Senior&#039; pellet alaptakarm\u00e1ny id\u0151s lovak sz\u00e1m\u00e1ra 20 kg - Equusline Transylvania\" \/>\n<meta property=\"og:description\" content=\"Teljes \u00e9rt\u00e9k\u0171, gazdas\u00e1gos alaptakarm\u00e1ny pellet form\u00e1j\u00e1ban id\u0151s lovak sz\u00e1m\u00e1ra  &nbsp;\" \/>\n<meta property=\"og:url\" content=\"https:\/\/equusline-transylvania.ro\/ro\/produs\/senior-pellet-alaptakarmany-idos-lovak-szamara-20-kg\/\" \/>\n<meta property=\"og:site_name\" content=\"Equusline Transylvania\" \/>\n<meta property=\"article:publisher\" content=\"https:\/\/www.facebook.com\/profile.php?id=61564679939274\" \/>\n<meta property=\"article:modified_time\" content=\"2026-01-29T15:08:23+00:00\" \/>\n<meta property=\"og:image\" content=\"https:\/\/equusline-transylvania.ro\/wp-content\/uploads\/2024\/10\/special-care-senior.png\" \/>\n\t<meta property=\"og:image:width\" content=\"607\" \/>\n\t<meta property=\"og:image:height\" content=\"756\" \/>\n\t<meta property=\"og:image:type\" content=\"image\/png\" \/>\n<meta name=\"twitter:card\" content=\"summary_large_image\" \/>\n<meta name=\"twitter:label1\" content=\"Timp estimat pentru citire\" \/>\n\t<meta name=\"twitter:data1\" content=\"2 minute\" \/>\n<script type=\"application\/ld+json\" class=\"yoast-schema-graph\">{\"@context\":\"https:\/\/schema.org\",\"@graph\":[{\"@type\":\"WebPage\",\"@id\":\"https:\/\/equusline-transylvania.ro\/termek\/senior-pellet-alaptakarmany-idos-lovak-szamara-20-kg\/\",\"url\":\"https:\/\/equusline-transylvania.ro\/termek\/senior-pellet-alaptakarmany-idos-lovak-szamara-20-kg\/\",\"name\":\"'Senior' pellet alaptakarm\u00e1ny id\u0151s lovak sz\u00e1m\u00e1ra 20 kg - Equusline Transylvania\",\"isPartOf\":{\"@id\":\"https:\/\/equusline-transylvania.ro\/hu\/#website\"},\"primaryImageOfPage\":{\"@id\":\"https:\/\/equusline-transylvania.ro\/termek\/senior-pellet-alaptakarmany-idos-lovak-szamara-20-kg\/#primaryimage\"},\"image\":{\"@id\":\"https:\/\/equusline-transylvania.ro\/termek\/senior-pellet-alaptakarmany-idos-lovak-szamara-20-kg\/#primaryimage\"},\"thumbnailUrl\":\"https:\/\/equusline-transylvania.ro\/wp-content\/uploads\/2024\/10\/special-care-senior.png\",\"datePublished\":\"2020-01-13T10:00:23+00:00\",\"dateModified\":\"2026-01-29T15:08:23+00:00\",\"breadcrumb\":{\"@id\":\"https:\/\/equusline-transylvania.ro\/termek\/senior-pellet-alaptakarmany-idos-lovak-szamara-20-kg\/#breadcrumb\"},\"inLanguage\":\"ro-RO\",\"potentialAction\":[{\"@type\":\"ReadAction\",\"target\":[\"https:\/\/equusline-transylvania.ro\/termek\/senior-pellet-alaptakarmany-idos-lovak-szamara-20-kg\/\"]}]},{\"@type\":\"ImageObject\",\"inLanguage\":\"ro-RO\",\"@id\":\"https:\/\/equusline-transylvania.ro\/termek\/senior-pellet-alaptakarmany-idos-lovak-szamara-20-kg\/#primaryimage\",\"url\":\"https:\/\/equusline-transylvania.ro\/wp-content\/uploads\/2024\/10\/special-care-senior.png\",\"contentUrl\":\"https:\/\/equusline-transylvania.ro\/wp-content\/uploads\/2024\/10\/special-care-senior.png\",\"width\":607,\"height\":756},{\"@type\":\"BreadcrumbList\",\"@id\":\"https:\/\/equusline-transylvania.ro\/termek\/senior-pellet-alaptakarmany-idos-lovak-szamara-20-kg\/#breadcrumb\",\"itemListElement\":[{\"@type\":\"ListItem\",\"position\":1,\"name\":\"Kezd\u0151lap\",\"item\":\"https:\/\/equusline-transylvania.ro\/\"},{\"@type\":\"ListItem\",\"position\":2,\"name\":\"Term\u00e9keink\",\"item\":\"https:\/\/equusline-transylvania.ro\/\"},{\"@type\":\"ListItem\",\"position\":3,\"name\":\"&#8216;Senior&#8217; pellet alaptakarm\u00e1ny id\u0151s lovak sz\u00e1m\u00e1ra 20 kg\"}]},{\"@type\":\"WebSite\",\"@id\":\"https:\/\/equusline-transylvania.ro\/hu\/#website\",\"url\":\"https:\/\/equusline-transylvania.ro\/hu\/\",\"name\":\"Equusline Transylvania\",\"description\":\"\",\"publisher\":{\"@id\":\"https:\/\/equusline-transylvania.ro\/hu\/#organization\"},\"potentialAction\":[{\"@type\":\"SearchAction\",\"target\":{\"@type\":\"EntryPoint\",\"urlTemplate\":\"https:\/\/equusline-transylvania.ro\/hu\/?s={search_term_string}\"},\"query-input\":{\"@type\":\"PropertyValueSpecification\",\"valueRequired\":true,\"valueName\":\"search_term_string\"}}],\"inLanguage\":\"ro-RO\"},{\"@type\":\"Organization\",\"@id\":\"https:\/\/equusline-transylvania.ro\/hu\/#organization\",\"name\":\"Equusline Transylvania\",\"url\":\"https:\/\/equusline-transylvania.ro\/hu\/\",\"logo\":{\"@type\":\"ImageObject\",\"inLanguage\":\"ro-RO\",\"@id\":\"https:\/\/equusline-transylvania.ro\/hu\/#\/schema\/logo\/image\/\",\"url\":\"https:\/\/equusline-transylvania.ro\/wp-content\/uploads\/2024\/10\/equusline-ro.webp\",\"contentUrl\":\"https:\/\/equusline-transylvania.ro\/wp-content\/uploads\/2024\/10\/equusline-ro.webp\",\"width\":864,\"height\":397,\"caption\":\"Equusline Transylvania\"},\"image\":{\"@id\":\"https:\/\/equusline-transylvania.ro\/hu\/#\/schema\/logo\/image\/\"},\"sameAs\":[\"https:\/\/www.facebook.com\/profile.php?id=61564679939274\",\"https:\/\/www.instagram.com\/equusline_transylvania\"]}]}<\/script>\n<!-- \/ Yoast SEO plugin. -->","yoast_head_json":{"title":"'Senior' pellet alaptakarm\u00e1ny id\u0151s lovak sz\u00e1m\u00e1ra 20 kg - Equusline Transylvania","robots":{"index":"index","follow":"follow","max-snippet":"max-snippet:-1","max-image-preview":"max-image-preview:large","max-video-preview":"max-video-preview:-1"},"canonical":"https:\/\/equusline-transylvania.ro\/ro\/produs\/senior-pellet-alaptakarmany-idos-lovak-szamara-20-kg\/","og_locale":"ro_RO","og_type":"article","og_title":"'Senior' pellet alaptakarm\u00e1ny id\u0151s lovak sz\u00e1m\u00e1ra 20 kg - Equusline Transylvania","og_description":"Teljes \u00e9rt\u00e9k\u0171, gazdas\u00e1gos alaptakarm\u00e1ny pellet form\u00e1j\u00e1ban id\u0151s lovak sz\u00e1m\u00e1ra  &nbsp;","og_url":"https:\/\/equusline-transylvania.ro\/ro\/produs\/senior-pellet-alaptakarmany-idos-lovak-szamara-20-kg\/","og_site_name":"Equusline Transylvania","article_publisher":"https:\/\/www.facebook.com\/profile.php?id=61564679939274","article_modified_time":"2026-01-29T15:08:23+00:00","og_image":[{"width":607,"height":756,"url":"https:\/\/equusline-transylvania.ro\/wp-content\/uploads\/2024\/10\/special-care-senior.png","type":"image\/png"}],"twitter_card":"summary_large_image","twitter_misc":{"Timp estimat pentru citire":"2 minute"},"schema":{"@context":"https:\/\/schema.org","@graph":[{"@type":"WebPage","@id":"https:\/\/equusline-transylvania.ro\/termek\/senior-pellet-alaptakarmany-idos-lovak-szamara-20-kg\/","url":"https:\/\/equusline-transylvania.ro\/termek\/senior-pellet-alaptakarmany-idos-lovak-szamara-20-kg\/","name":"'Senior' pellet alaptakarm\u00e1ny id\u0151s lovak sz\u00e1m\u00e1ra 20 kg - Equusline Transylvania","isPartOf":{"@id":"https:\/\/equusline-transylvania.ro\/hu\/#website"},"primaryImageOfPage":{"@id":"https:\/\/equusline-transylvania.ro\/termek\/senior-pellet-alaptakarmany-idos-lovak-szamara-20-kg\/#primaryimage"},"image":{"@id":"https:\/\/equusline-transylvania.ro\/termek\/senior-pellet-alaptakarmany-idos-lovak-szamara-20-kg\/#primaryimage"},"thumbnailUrl":"https:\/\/equusline-transylvania.ro\/wp-content\/uploads\/2024\/10\/special-care-senior.png","datePublished":"2020-01-13T10:00:23+00:00","dateModified":"2026-01-29T15:08:23+00:00","breadcrumb":{"@id":"https:\/\/equusline-transylvania.ro\/termek\/senior-pellet-alaptakarmany-idos-lovak-szamara-20-kg\/#breadcrumb"},"inLanguage":"ro-RO","potentialAction":[{"@type":"ReadAction","target":["https:\/\/equusline-transylvania.ro\/termek\/senior-pellet-alaptakarmany-idos-lovak-szamara-20-kg\/"]}]},{"@type":"ImageObject","inLanguage":"ro-RO","@id":"https:\/\/equusline-transylvania.ro\/termek\/senior-pellet-alaptakarmany-idos-lovak-szamara-20-kg\/#primaryimage","url":"https:\/\/equusline-transylvania.ro\/wp-content\/uploads\/2024\/10\/special-care-senior.png","contentUrl":"https:\/\/equusline-transylvania.ro\/wp-content\/uploads\/2024\/10\/special-care-senior.png","width":607,"height":756},{"@type":"BreadcrumbList","@id":"https:\/\/equusline-transylvania.ro\/termek\/senior-pellet-alaptakarmany-idos-lovak-szamara-20-kg\/#breadcrumb","itemListElement":[{"@type":"ListItem","position":1,"name":"Kezd\u0151lap","item":"https:\/\/equusline-transylvania.ro\/"},{"@type":"ListItem","position":2,"name":"Term\u00e9keink","item":"https:\/\/equusline-transylvania.ro\/"},{"@type":"ListItem","position":3,"name":"&#8216;Senior&#8217; pellet alaptakarm\u00e1ny id\u0151s lovak sz\u00e1m\u00e1ra 20 kg"}]},{"@type":"WebSite","@id":"https:\/\/equusline-transylvania.ro\/hu\/#website","url":"https:\/\/equusline-transylvania.ro\/hu\/","name":"Equusline Transilvania","description":"","publisher":{"@id":"https:\/\/equusline-transylvania.ro\/hu\/#organization"},"potentialAction":[{"@type":"SearchAction","target":{"@type":"EntryPoint","urlTemplate":"https:\/\/equusline-transylvania.ro\/hu\/?s={search_term_string}"},"query-input":{"@type":"PropertyValueSpecification","valueRequired":true,"valueName":"search_term_string"}}],"inLanguage":"ro-RO"},{"@type":"Organization","@id":"https:\/\/equusline-transylvania.ro\/hu\/#organization","name":"Equusline Transilvania","url":"https:\/\/equusline-transylvania.ro\/hu\/","logo":{"@type":"ImageObject","inLanguage":"ro-RO","@id":"https:\/\/equusline-transylvania.ro\/hu\/#\/schema\/logo\/image\/","url":"https:\/\/equusline-transylvania.ro\/wp-content\/uploads\/2024\/10\/equusline-ro.webp","contentUrl":"https:\/\/equusline-transylvania.ro\/wp-content\/uploads\/2024\/10\/equusline-ro.webp","width":864,"height":397,"caption":"Equusline Transylvania"},"image":{"@id":"https:\/\/equusline-transylvania.ro\/hu\/#\/schema\/logo\/image\/"},"sameAs":["https:\/\/www.facebook.com\/profile.php?id=61564679939274","https:\/\/www.instagram.com\/equusline_transylvania"]}]}},"_links":{"self":[{"href":"https:\/\/equusline-transylvania.ro\/ro\/wp-json\/wp\/v2\/product\/60","targetHints":{"allow":["GET"]}}],"collection":[{"href":"https:\/\/equusline-transylvania.ro\/ro\/wp-json\/wp\/v2\/product"}],"about":[{"href":"https:\/\/equusline-transylvania.ro\/ro\/wp-json\/wp\/v2\/types\/product"}],"replies":[{"embeddable":true,"href":"https:\/\/equusline-transylvania.ro\/ro\/wp-json\/wp\/v2\/comments?post=60"}],"wp:featuredmedia":[{"embeddable":true,"href":"https:\/\/equusline-transylvania.ro\/ro\/wp-json\/wp\/v2\/media\/61"}],"wp:attachment":[{"href":"https:\/\/equusline-transylvania.ro\/ro\/wp-json\/wp\/v2\/media?parent=60"}],"wp:term":[{"taxonomy":"product_cat","embeddable":true,"href":"https:\/\/equusline-transylvania.ro\/ro\/wp-json\/wp\/v2\/product_cat?post=60"},{"taxonomy":"product_tag","embeddable":true,"href":"https:\/\/equusline-transylvania.ro\/ro\/wp-json\/wp\/v2\/product_tag?post=60"}],"curies":[{"name":"wp","href":"https:\/\/api.w.org\/{rel}","templated":true}]}}