{"id":55,"date":"2017-04-10T16:09:26","date_gmt":"2017-04-10T14:09:26","guid":{"rendered":"https:\/\/equusline-transylvania.ro\/termek\/super-pellet-alaptakarmany-vemhes-es-szoptato-kancak-szamara-20-kg\/"},"modified":"2026-01-29T16:13:59","modified_gmt":"2026-01-29T15:13:59","slug":"super-pellet-alaptakarmany-vemhes-es-szoptato-kancak-szamara-20-kg","status":"publish","type":"product","link":"https:\/\/equusline-transylvania.ro\/ro\/produs\/super-pellet-alaptakarmany-vemhes-es-szoptato-kancak-szamara-20-kg\/","title":{"rendered":"Pelete \"Super\" pentru iepe gestante \u0219i care al\u0103pteaz\u0103 20 kg"},"content":{"rendered":"<div>Super pellet este un furaj complet pentru iepe gestante \u0219i lactante, cu energie ridicat\u0103, proteine digestibile de \u00eenalt\u0103 calitate, calciu - fosfor pentru formarea oaselor \u0219i alte minerale esen\u021biale, aminoacizi, oligoelemente \u0219i vitamine.<br \/>\nDe asemenea, con\u021bine ulei de palmier, care ofer\u0103 un plus de energie \u0219i are un efect de fixare a prafului.<\/div>\n<div><\/div>\n<div>Un produs excelent at\u00e2t pentru caii de curse, c\u00e2t \u0219i pentru caii care galopeaz\u0103.<\/div>\n<div>Ad\u0103uga\u021bi un topping fibros.<\/div>\n<div><\/div>\n<div>Ra\u021bia zilnic\u0103: 1,00 kg - 3,00 kg, \u00een func\u021bie de stadiul sarcinii, de m\u0103rimea calului, de \u00eenc\u0103rc\u0103tur\u0103 \u0219i de cantitatea \u0219i compozi\u021bia altor alimente.<\/div>\n<div><\/div>\n<div><strong>REZUMAT:<\/strong><\/div>\n<div><\/div>\n<div>Energie digerabil\u0103: 2840,1 Kcal\/kg<\/div>\n<div><\/div>\n<div>Ov\u0103z, orz, t\u0103r\u00e2\u021be de gr\u00e2u, lucern\u0103, semin\u021be de floarea-soarelui, fulgi de porumb, fulgi de soia, f\u0103in\u0103 de boabe de cal, melas\u0103 de trestie, ulei de palmier, fosfat dicalcic, aditiv de var furajer, clorur\u0103 de sodiu (sare).<\/div>\n<p>Proteine brute - 13,40 %<br \/>\nUlei brut \u0219i gr\u0103simi brute - 3,00 %<br \/>\nFibr\u0103 brut\u0103 - 10,30 %<br \/>\nCenu\u0219\u0103 brut\u0103 - 8,80 %<br \/>\nCalciu - 0,62 %<br \/>\nFosfor - 0,6 %<br \/>\nSodiu - 0,41 %<\/p>\n<p>Amidon: 28,7%<br \/>\nZah\u0103r: 6,03%<\/p>\n<p><strong>Vitamine, provitamine \u0219i alte substan\u021be<\/strong><\/p>\n<p>Vitamina A - 9,000.00 UI\/kg<br \/>\nVitamina D3 - 900,00 UI\/kg<br \/>\nVitamina E (alfa-tocoferol) - 90,00 mg\/Kg<br \/>\nVitamina B1 - 4,50 mg\/Kg<br \/>\nVitamina B2 - 2,70 mg\/Kg<br \/>\nVitamina B12 - 13,60 mcgr\/Kg<br \/>\nVitamina K - 1,80 mg\/Kg<br \/>\nBiotin\u0103 - 0,40 mg\/Kg<br \/>\nAcid folic - 1,00 mg\/Kg<br \/>\nClorur\u0103 de colin\u0103 - 200,00 mg\/Kg<br \/>\nNiacina - 7,20 mg\/Kg<br \/>\nAcid pantotenic (vitamina B5) - 4,50 mg\/Kg<\/p>\n<p><strong>Macro- \u0219i microelemente<\/strong><\/p>\n<p>Fier (carbonat de fier) - 60,00 mg\/Kg<br \/>\nIod (iodur\u0103 de potasiu) - 0,50 mg\/kg<br \/>\nCobalt (carbonat de cobalt monohidrat) - 0,50 mg\/kg<br \/>\nCupru (sulfat de cupru pentahidrat) - 10,00 mg\/kg<br \/>\nMangan (oxid de mangan) - 40,00 mg\/kg<br \/>\nZinc (sulfat de zinc monohidrat) - 60,00 mg\/kg<br \/>\nSeleniu (selenit de seleniu) - 0,10 mg\/kg<\/p>\n<p>Ambalare: sac de 20 kg<\/p>","protected":false},"excerpt":{"rendered":"<p>Super pellet este un furaj complet pentru iepe gestante \u0219i lactante, cu energie ridicat\u0103, proteine digestibile de \u00eenalt\u0103 calitate, calciu - fosfor pentru formarea oaselor \u0219i alte minerale esen\u021biale, aminoacizi, oligoelemente \u0219i vitamine.<\/p>\n<p>&nbsp;<\/p>","protected":false},"featured_media":56,"comment_status":"open","ping_status":"closed","template":"","meta":{"_et_pb_use_builder":"","_et_pb_old_content":"","_et_gb_content_width":""},"product_cat":[98],"product_tag":[86],"class_list":{"0":"post-55","1":"product","2":"type-product","3":"status-publish","4":"has-post-thumbnail","6":"product_cat-equusline-lotapok","7":"product_tag-lovaknak","9":"first","10":"instock","11":"taxable","12":"shipping-taxable","13":"purchasable","14":"product-type-simple"},"yoast_head":"<!-- This site is optimized with the Yoast SEO plugin v24.0 - https:\/\/yoast.com\/wordpress\/plugins\/seo\/ -->\n<title>&#039;Super&#039; pellet alaptakarm\u00e1ny vemhes \u00e9s szoptat\u00f3 kanc\u00e1k sz\u00e1m\u00e1ra 20 kg - Equusline Transylvania<\/title>\n<meta name=\"robots\" content=\"index, follow, max-snippet:-1, max-image-preview:large, max-video-preview:-1\" \/>\n<link rel=\"canonical\" href=\"https:\/\/equusline-transylvania.ro\/ro\/produs\/super-pellet-alaptakarmany-vemhes-es-szoptato-kancak-szamara-20-kg\/\" \/>\n<meta property=\"og:locale\" content=\"ro_RO\" \/>\n<meta property=\"og:type\" content=\"article\" \/>\n<meta property=\"og:title\" content=\"&#039;Super&#039; pellet alaptakarm\u00e1ny vemhes \u00e9s szoptat\u00f3 kanc\u00e1k sz\u00e1m\u00e1ra 20 kg - Equusline Transylvania\" \/>\n<meta property=\"og:description\" content=\"A Super pellet alaptakarm\u00e1ny vemhes \u00e9s szoptat\u00f3 kanc\u00e1k sz\u00e1m\u00e1ra k\u00e9sz\u00fclt magas energiaszint\u0171, j\u00f3 min\u0151s\u00e9g\u0171 em\u00e9szthet\u0151 feh\u00e9rje tartalommal, kalcium - foszfor csontk\u00e9pz\u0151- \u00e9s egy\u00e9b fontos \u00e1sv\u00e1nyi anyagokkal, aminosavakkal, nyomelemekkel \u00e9s vitaminokkal.  &nbsp;\" \/>\n<meta property=\"og:url\" content=\"https:\/\/equusline-transylvania.ro\/ro\/produs\/super-pellet-alaptakarmany-vemhes-es-szoptato-kancak-szamara-20-kg\/\" \/>\n<meta property=\"og:site_name\" content=\"Equusline Transylvania\" \/>\n<meta property=\"article:publisher\" content=\"https:\/\/www.facebook.com\/profile.php?id=61564679939274\" \/>\n<meta property=\"article:modified_time\" content=\"2026-01-29T15:13:59+00:00\" \/>\n<meta property=\"og:image\" content=\"https:\/\/equusline-transylvania.ro\/wp-content\/uploads\/2024\/10\/performance-super.png\" \/>\n\t<meta property=\"og:image:width\" content=\"607\" \/>\n\t<meta property=\"og:image:height\" content=\"756\" \/>\n\t<meta property=\"og:image:type\" content=\"image\/png\" \/>\n<meta name=\"twitter:card\" content=\"summary_large_image\" \/>\n<meta name=\"twitter:label1\" content=\"Timp estimat pentru citire\" \/>\n\t<meta name=\"twitter:data1\" content=\"2 minute\" \/>\n<script type=\"application\/ld+json\" class=\"yoast-schema-graph\">{\"@context\":\"https:\/\/schema.org\",\"@graph\":[{\"@type\":\"WebPage\",\"@id\":\"https:\/\/equusline-transylvania.ro\/termek\/super-pellet-alaptakarmany-vemhes-es-szoptato-kancak-szamara-20-kg\/\",\"url\":\"https:\/\/equusline-transylvania.ro\/termek\/super-pellet-alaptakarmany-vemhes-es-szoptato-kancak-szamara-20-kg\/\",\"name\":\"'Super' pellet alaptakarm\u00e1ny vemhes \u00e9s szoptat\u00f3 kanc\u00e1k sz\u00e1m\u00e1ra 20 kg - Equusline Transylvania\",\"isPartOf\":{\"@id\":\"https:\/\/equusline-transylvania.ro\/hu\/#website\"},\"primaryImageOfPage\":{\"@id\":\"https:\/\/equusline-transylvania.ro\/termek\/super-pellet-alaptakarmany-vemhes-es-szoptato-kancak-szamara-20-kg\/#primaryimage\"},\"image\":{\"@id\":\"https:\/\/equusline-transylvania.ro\/termek\/super-pellet-alaptakarmany-vemhes-es-szoptato-kancak-szamara-20-kg\/#primaryimage\"},\"thumbnailUrl\":\"https:\/\/equusline-transylvania.ro\/wp-content\/uploads\/2024\/10\/performance-super.png\",\"datePublished\":\"2017-04-10T14:09:26+00:00\",\"dateModified\":\"2026-01-29T15:13:59+00:00\",\"breadcrumb\":{\"@id\":\"https:\/\/equusline-transylvania.ro\/termek\/super-pellet-alaptakarmany-vemhes-es-szoptato-kancak-szamara-20-kg\/#breadcrumb\"},\"inLanguage\":\"ro-RO\",\"potentialAction\":[{\"@type\":\"ReadAction\",\"target\":[\"https:\/\/equusline-transylvania.ro\/termek\/super-pellet-alaptakarmany-vemhes-es-szoptato-kancak-szamara-20-kg\/\"]}]},{\"@type\":\"ImageObject\",\"inLanguage\":\"ro-RO\",\"@id\":\"https:\/\/equusline-transylvania.ro\/termek\/super-pellet-alaptakarmany-vemhes-es-szoptato-kancak-szamara-20-kg\/#primaryimage\",\"url\":\"https:\/\/equusline-transylvania.ro\/wp-content\/uploads\/2024\/10\/performance-super.png\",\"contentUrl\":\"https:\/\/equusline-transylvania.ro\/wp-content\/uploads\/2024\/10\/performance-super.png\",\"width\":607,\"height\":756},{\"@type\":\"BreadcrumbList\",\"@id\":\"https:\/\/equusline-transylvania.ro\/termek\/super-pellet-alaptakarmany-vemhes-es-szoptato-kancak-szamara-20-kg\/#breadcrumb\",\"itemListElement\":[{\"@type\":\"ListItem\",\"position\":1,\"name\":\"Kezd\u0151lap\",\"item\":\"https:\/\/equusline-transylvania.ro\/\"},{\"@type\":\"ListItem\",\"position\":2,\"name\":\"Term\u00e9keink\",\"item\":\"https:\/\/equusline-transylvania.ro\/\"},{\"@type\":\"ListItem\",\"position\":3,\"name\":\"&#8216;Super&#8217; pellet alaptakarm\u00e1ny vemhes \u00e9s szoptat\u00f3 kanc\u00e1k sz\u00e1m\u00e1ra 20 kg\"}]},{\"@type\":\"WebSite\",\"@id\":\"https:\/\/equusline-transylvania.ro\/hu\/#website\",\"url\":\"https:\/\/equusline-transylvania.ro\/hu\/\",\"name\":\"Equusline Transylvania\",\"description\":\"\",\"publisher\":{\"@id\":\"https:\/\/equusline-transylvania.ro\/hu\/#organization\"},\"potentialAction\":[{\"@type\":\"SearchAction\",\"target\":{\"@type\":\"EntryPoint\",\"urlTemplate\":\"https:\/\/equusline-transylvania.ro\/hu\/?s={search_term_string}\"},\"query-input\":{\"@type\":\"PropertyValueSpecification\",\"valueRequired\":true,\"valueName\":\"search_term_string\"}}],\"inLanguage\":\"ro-RO\"},{\"@type\":\"Organization\",\"@id\":\"https:\/\/equusline-transylvania.ro\/hu\/#organization\",\"name\":\"Equusline Transylvania\",\"url\":\"https:\/\/equusline-transylvania.ro\/hu\/\",\"logo\":{\"@type\":\"ImageObject\",\"inLanguage\":\"ro-RO\",\"@id\":\"https:\/\/equusline-transylvania.ro\/hu\/#\/schema\/logo\/image\/\",\"url\":\"https:\/\/equusline-transylvania.ro\/wp-content\/uploads\/2024\/10\/equusline-ro.webp\",\"contentUrl\":\"https:\/\/equusline-transylvania.ro\/wp-content\/uploads\/2024\/10\/equusline-ro.webp\",\"width\":864,\"height\":397,\"caption\":\"Equusline Transylvania\"},\"image\":{\"@id\":\"https:\/\/equusline-transylvania.ro\/hu\/#\/schema\/logo\/image\/\"},\"sameAs\":[\"https:\/\/www.facebook.com\/profile.php?id=61564679939274\",\"https:\/\/www.instagram.com\/equusline_transylvania\"]}]}<\/script>\n<!-- \/ Yoast SEO plugin. -->","yoast_head_json":{"title":"'Super' pellet alaptakarm\u00e1ny vemhes \u00e9s szoptat\u00f3 kanc\u00e1k sz\u00e1m\u00e1ra 20 kg - Equusline Transylvania","robots":{"index":"index","follow":"follow","max-snippet":"max-snippet:-1","max-image-preview":"max-image-preview:large","max-video-preview":"max-video-preview:-1"},"canonical":"https:\/\/equusline-transylvania.ro\/ro\/produs\/super-pellet-alaptakarmany-vemhes-es-szoptato-kancak-szamara-20-kg\/","og_locale":"ro_RO","og_type":"article","og_title":"'Super' pellet alaptakarm\u00e1ny vemhes \u00e9s szoptat\u00f3 kanc\u00e1k sz\u00e1m\u00e1ra 20 kg - Equusline Transylvania","og_description":"A Super pellet alaptakarm\u00e1ny vemhes \u00e9s szoptat\u00f3 kanc\u00e1k sz\u00e1m\u00e1ra k\u00e9sz\u00fclt magas energiaszint\u0171, j\u00f3 min\u0151s\u00e9g\u0171 em\u00e9szthet\u0151 feh\u00e9rje tartalommal, kalcium - foszfor csontk\u00e9pz\u0151- \u00e9s egy\u00e9b fontos \u00e1sv\u00e1nyi anyagokkal, aminosavakkal, nyomelemekkel \u00e9s vitaminokkal.  &nbsp;","og_url":"https:\/\/equusline-transylvania.ro\/ro\/produs\/super-pellet-alaptakarmany-vemhes-es-szoptato-kancak-szamara-20-kg\/","og_site_name":"Equusline Transylvania","article_publisher":"https:\/\/www.facebook.com\/profile.php?id=61564679939274","article_modified_time":"2026-01-29T15:13:59+00:00","og_image":[{"width":607,"height":756,"url":"https:\/\/equusline-transylvania.ro\/wp-content\/uploads\/2024\/10\/performance-super.png","type":"image\/png"}],"twitter_card":"summary_large_image","twitter_misc":{"Timp estimat pentru citire":"2 minute"},"schema":{"@context":"https:\/\/schema.org","@graph":[{"@type":"WebPage","@id":"https:\/\/equusline-transylvania.ro\/termek\/super-pellet-alaptakarmany-vemhes-es-szoptato-kancak-szamara-20-kg\/","url":"https:\/\/equusline-transylvania.ro\/termek\/super-pellet-alaptakarmany-vemhes-es-szoptato-kancak-szamara-20-kg\/","name":"'Super' pellet alaptakarm\u00e1ny vemhes \u00e9s szoptat\u00f3 kanc\u00e1k sz\u00e1m\u00e1ra 20 kg - Equusline Transylvania","isPartOf":{"@id":"https:\/\/equusline-transylvania.ro\/hu\/#website"},"primaryImageOfPage":{"@id":"https:\/\/equusline-transylvania.ro\/termek\/super-pellet-alaptakarmany-vemhes-es-szoptato-kancak-szamara-20-kg\/#primaryimage"},"image":{"@id":"https:\/\/equusline-transylvania.ro\/termek\/super-pellet-alaptakarmany-vemhes-es-szoptato-kancak-szamara-20-kg\/#primaryimage"},"thumbnailUrl":"https:\/\/equusline-transylvania.ro\/wp-content\/uploads\/2024\/10\/performance-super.png","datePublished":"2017-04-10T14:09:26+00:00","dateModified":"2026-01-29T15:13:59+00:00","breadcrumb":{"@id":"https:\/\/equusline-transylvania.ro\/termek\/super-pellet-alaptakarmany-vemhes-es-szoptato-kancak-szamara-20-kg\/#breadcrumb"},"inLanguage":"ro-RO","potentialAction":[{"@type":"ReadAction","target":["https:\/\/equusline-transylvania.ro\/termek\/super-pellet-alaptakarmany-vemhes-es-szoptato-kancak-szamara-20-kg\/"]}]},{"@type":"ImageObject","inLanguage":"ro-RO","@id":"https:\/\/equusline-transylvania.ro\/termek\/super-pellet-alaptakarmany-vemhes-es-szoptato-kancak-szamara-20-kg\/#primaryimage","url":"https:\/\/equusline-transylvania.ro\/wp-content\/uploads\/2024\/10\/performance-super.png","contentUrl":"https:\/\/equusline-transylvania.ro\/wp-content\/uploads\/2024\/10\/performance-super.png","width":607,"height":756},{"@type":"BreadcrumbList","@id":"https:\/\/equusline-transylvania.ro\/termek\/super-pellet-alaptakarmany-vemhes-es-szoptato-kancak-szamara-20-kg\/#breadcrumb","itemListElement":[{"@type":"ListItem","position":1,"name":"Kezd\u0151lap","item":"https:\/\/equusline-transylvania.ro\/"},{"@type":"ListItem","position":2,"name":"Term\u00e9keink","item":"https:\/\/equusline-transylvania.ro\/"},{"@type":"ListItem","position":3,"name":"&#8216;Super&#8217; pellet alaptakarm\u00e1ny vemhes \u00e9s szoptat\u00f3 kanc\u00e1k sz\u00e1m\u00e1ra 20 kg"}]},{"@type":"WebSite","@id":"https:\/\/equusline-transylvania.ro\/hu\/#website","url":"https:\/\/equusline-transylvania.ro\/hu\/","name":"Equusline Transilvania","description":"","publisher":{"@id":"https:\/\/equusline-transylvania.ro\/hu\/#organization"},"potentialAction":[{"@type":"SearchAction","target":{"@type":"EntryPoint","urlTemplate":"https:\/\/equusline-transylvania.ro\/hu\/?s={search_term_string}"},"query-input":{"@type":"PropertyValueSpecification","valueRequired":true,"valueName":"search_term_string"}}],"inLanguage":"ro-RO"},{"@type":"Organization","@id":"https:\/\/equusline-transylvania.ro\/hu\/#organization","name":"Equusline Transilvania","url":"https:\/\/equusline-transylvania.ro\/hu\/","logo":{"@type":"ImageObject","inLanguage":"ro-RO","@id":"https:\/\/equusline-transylvania.ro\/hu\/#\/schema\/logo\/image\/","url":"https:\/\/equusline-transylvania.ro\/wp-content\/uploads\/2024\/10\/equusline-ro.webp","contentUrl":"https:\/\/equusline-transylvania.ro\/wp-content\/uploads\/2024\/10\/equusline-ro.webp","width":864,"height":397,"caption":"Equusline Transylvania"},"image":{"@id":"https:\/\/equusline-transylvania.ro\/hu\/#\/schema\/logo\/image\/"},"sameAs":["https:\/\/www.facebook.com\/profile.php?id=61564679939274","https:\/\/www.instagram.com\/equusline_transylvania"]}]}},"_links":{"self":[{"href":"https:\/\/equusline-transylvania.ro\/ro\/wp-json\/wp\/v2\/product\/55","targetHints":{"allow":["GET"]}}],"collection":[{"href":"https:\/\/equusline-transylvania.ro\/ro\/wp-json\/wp\/v2\/product"}],"about":[{"href":"https:\/\/equusline-transylvania.ro\/ro\/wp-json\/wp\/v2\/types\/product"}],"replies":[{"embeddable":true,"href":"https:\/\/equusline-transylvania.ro\/ro\/wp-json\/wp\/v2\/comments?post=55"}],"wp:featuredmedia":[{"embeddable":true,"href":"https:\/\/equusline-transylvania.ro\/ro\/wp-json\/wp\/v2\/media\/56"}],"wp:attachment":[{"href":"https:\/\/equusline-transylvania.ro\/ro\/wp-json\/wp\/v2\/media?parent=55"}],"wp:term":[{"taxonomy":"product_cat","embeddable":true,"href":"https:\/\/equusline-transylvania.ro\/ro\/wp-json\/wp\/v2\/product_cat?post=55"},{"taxonomy":"product_tag","embeddable":true,"href":"https:\/\/equusline-transylvania.ro\/ro\/wp-json\/wp\/v2\/product_tag?post=55"}],"curies":[{"name":"wp","href":"https:\/\/api.w.org\/{rel}","templated":true}]}}