{"id":449,"date":"2026-02-08T11:08:13","date_gmt":"2026-02-08T10:08:13","guid":{"rendered":"https:\/\/equusline-transylvania.ro\/?post_type=product&#038;p=449"},"modified":"2026-02-09T18:53:41","modified_gmt":"2026-02-09T17:53:41","slug":"rex-dexter-supreme-cat-macskaeledel-10-kg-3-kg","status":"publish","type":"product","link":"https:\/\/equusline-transylvania.ro\/ro\/produs\/rex-dexter-supreme-cat-macskaeledel-10-kg-3-kg\/","title":{"rendered":"REX DEXTER SUPREME Cat \u2013 Hran\u0103 uscat\u0103 pentru pisici, 10 kg \/ 3 kg"},"content":{"rendered":"<p>A Rex Dexter Supreme Cat sz\u00e1razeledel ivartalan\u00edtott macsk\u00e1k t\u00e1pl\u00e1lkoz\u00e1si ig\u00e9nyeinek kiel\u00e9g\u00edt\u00e9s\u00e9re kifejlesztve. Seg\u00edt fenntartani az ide\u00e1lis tests\u00falyt \u00e9s hozz\u00e1j\u00e1rul a h\u00fagy\u00fatak eg\u00e9szs\u00e9ges m\u0171k\u00f6d\u00e9s\u00e9hez. Ezek kulcsfontoss\u00e1g\u00fa t\u00e9nyez\u0151k az ivartalan\u00edtott macsk\u00e1k \u00e9trendj\u00e9ben. A Rex Dexter Supreme Cat biztos\u00edtja, hogy macsk\u00e1ja minden \u00e9tkez\u00e9st \u00e9lvezettel fogyasszon, mik\u00f6zben megkapja a sz\u00fcks\u00e9ges t\u00e1panyagokat is.<\/p>\n<p><strong>Tests\u00falyszab\u00e1lyoz\u00e1s<\/strong>: Kiegyens\u00falyozott kal\u00f3ria- \u00e9s zs\u00edrtartalm\u00fa formula, ide\u00e1lis ivartalan\u00edtott, h\u00edz\u00e1sra hajlamos macsk\u00e1k sz\u00e1m\u00e1ra.<br \/>\n<strong>H\u00fagy\u00fati eg\u00e9szs\u00e9g<\/strong>: Olyan \u00f6sszetev\u0151ket tartalmaz, amelyek be\u00e1ll\u00edtj\u00e1k a vizelet megfelel\u0151 pH-\u00e9rt\u00e9k\u00e9t, ez\u00e1ltal cs\u00f6kkentve a h\u00fagy\u00fati probl\u00e9m\u00e1k kock\u00e1zat\u00e1t.<br \/>\n<strong>Kiv\u00e1l\u00f3 \u00edz<\/strong>: V\u00e1logatott \u00f6sszetev\u0151k a legig\u00e9nyesebb macsk\u00e1k sz\u00e1m\u00e1ra is kedvelt \u00edz\u00e9rt.<br \/>\n<strong>Immunrendszer er\u0151s\u00edt\u00e9s<\/strong>: Esszenci\u00e1lis vitaminokkal \u00e9s \u00e1sv\u00e1nyi anyagokkal gazdag\u00edtva az er\u0151s immunrendszer\u00e9rt.<br \/>\n<strong>Kiszerel\u00e9s<\/strong>: Praktikus \u00e9s gazdas\u00e1gos, ide\u00e1lis ivartalan\u00edtott macsk\u00e1ja folyamatos, kiv\u00e1l\u00f3 min\u0151s\u00e9g\u0171 t\u00e1pl\u00e1l\u00e1s\u00e1hoz.<br \/>\n<strong>Megel\u0151zi a sz\u0151rlabd\u00e1k kialakul\u00e1s\u00e1t:\u00a0<\/strong>Term\u00e9szetes rostok seg\u00edtik a lenyelt sz\u0151r ki\u00fcr\u00fcl\u00e9s\u00e9t az em\u00e9szt\u0151rendszerb\u0151l.<\/p>\n<p><strong>\u00d6SSZET\u00c9TEL:<\/strong><br \/>\nBaromfifeh\u00e9rje (csirke min. 25%), teljes ki\u0151rl\u00e9s\u0171 kukorica, mal\u00e1t\u00e1zott \u00e1rpa, n\u00f6v\u00e9nyi eredet\u0171 sz\u00e1rmaz\u00e9kok, h\u00fcvelyesek, rizs (min. 8%), baromfizs\u00edr (omega-6 zs\u00edrsavak forr\u00e1sa), kukoricafeh\u00e9rje, hidroliz\u00e1lt csirkem\u00e1j, lazacolaj, n\u00f6v\u00e9nyi rostok, Saccharomyces cerevisiae s\u00f6r\u00e9leszt\u0151 (nukleotidok, \u03b2-gl\u00fck\u00e1nok \u00e9s mann\u00e1n-oligoszacharidok forr\u00e1sa), \u00e1sv\u00e1nyi anyagok, z\u00f6lds\u00e9gek (t\u00f6k, s\u00e1rgar\u00e9pa), almarost, taurin, yucca schidigera kivonat, gl\u00fck\u00f3zamin-hidroklorid, kondroitin-szulf\u00e1t, savany\u00edt\u00f3k, probiotikumok (E. faecium NCIMB 10415 20\u00d7106 CFU)<\/p>\n<p><strong>ANALITIKAI \u00d6SSZET\u00c9TEL:<\/strong><br \/>\nNyersfeh\u00e9rje 37%<\/p>\n<p>Nyersrost 4%<\/p>\n<p>Nyersolajok \u00e9s zs\u00edrok 12%<\/p>\n<p>Szervetlen anyagok 8%<\/p>\n<p><strong>T\u00e1p\u00e9rt\u00e9kkel rendelkez\u0151 adal\u00e9kanyagok (kg-onk\u00e9nt)<\/strong><\/p>\n<p>A-vitamin 24000 NE, D3-vitamin 1450 NE,\u00a0 E-vitamin 110 mg,\u00a0 Taurin 1600 mg,\u00a0 Vas (vas-szulf\u00e1t-monohidr\u00e1t) 115 mg,\u00a0 J\u00f3d (k\u00e1lium-jodid) 2 mg,\u00a0 R\u00e9z (r\u00e9z-szulf\u00e1t-pentahidr\u00e1t) 12 mg,\u00a0 Mang\u00e1n (mang\u00e1n-szulf\u00e1t-monohidr\u00e1t) 42 mg, Cink (cink-szulf\u00e1t-monohidr\u00e1t) 75 mg,\u00a0 Cink (feh\u00e9rje-kel\u00e1t) 25 mg,\u00a0 Szel\u00e9n (n\u00e1trium-szelenit) 0,2 mg,<\/p>\n<p><strong>Technol\u00f3giai adal\u00e9kanyagok:<\/strong>\u00a0antioxid\u00e1nsok, savany\u00edt\u00f3k.<\/p>\n<p><strong>T\u00e1rol\u00e1sa<\/strong>: Szobah\u0151m\u00e9rs\u00e9kleten 40 fok alatt, lehet\u0151leg h\u0171v\u00f6s, sz\u00e1raz helyen, h\u0151forr\u00e1sokt\u00f3l t\u00e1vol, k\u00f6zvetlen napf\u00e9nyt\u0151l v\u00e9dve t\u00e1roland\u00f3.<\/p>\n<p><strong>GMO-k: Nem tartalmaz.<\/strong><\/p>\n<p>Az eledelt sz\u00e1razon kell etetni, tiszta, friss v\u00edzzel szabadon el\u00e9rhet\u0151en.<\/p>\n<p>A Rex Dexter Supreme Cat k\u00fcl\u00f6nb\u00f6z\u0151 \u00e9letkor\u00fa, nagys\u00e1g\u00fa \u00e9s fajt\u00e1j\u00fa\u00a0 feln\u0151tt macsk\u00e1k sz\u00e1m\u00e1ra k\u00e9sz\u00fclt kiegyens\u00falyozott, magas em\u00e9szthet\u0151s\u00e9g\u0171 macskaeledel, amely a legoptim\u00e1lisabb t\u00e1panyag \u00f6sszet\u00e9telt biztos\u00edtja macsk\u00e1ja sz\u00e1m\u00e1ra. Etet\u00e9s\u00e9vel biztos lehet benne, hogy kedvenc\u00e1nek minden nap teljes \u00e9s kiegyens\u00falyozott \u00e9trendet biztos\u00edt.<\/p>\n<p>A napi adag etet\u00e9se 2 r\u00e9szre osztva javasolt, lehet\u0151s\u00e9g szerint mindig ugyanabban az id\u0151ben. Ha eledelt v\u00e1lt, azt fokozatosan, kb. 7-10 nap alatt tegye meg. Az eledel mennyis\u00e9ge a macska fajt\u00e1j\u00e1t\u00f3l, tev\u00e9kenys\u00e9geit\u0151l \u00e9s a k\u00f6rnyezeti felt\u00e9telekt\u0151l f\u00fcgg\u0151en v\u00e1ltozhat. Mindig tiszta, friss v\u00edznek kell rendelkez\u00e9sre \u00e1llnia.<\/p>\n<table width=\"481\">\n<tbody>\n<tr>\n<td colspan=\"10\"><strong>JAVASOLT NAPI ETET\u00c9SI MENNYIS\u00c9G<\/strong><\/td>\n<\/tr>\n<tr>\n<td><strong>Macska testt\u00f6mege (kg)<\/strong><\/td>\n<td>1<\/td>\n<td>3<\/td>\n<td>4<\/td>\n<td>5<\/td>\n<td>6<\/td>\n<td>7<\/td>\n<td><\/td>\n<td><\/td>\n<td><\/td>\n<\/tr>\n<tr>\n<td><strong>Javasolt mennyis\u00e9g (gramm\/nap) norm\u00e1l s\u00faly\u00fa macsk\u00e1nak<\/strong><\/p>\n<p>&nbsp;<\/td>\n<td>30<\/td>\n<td>62<\/td>\n<td>76<\/td>\n<td>88<\/td>\n<td>99<\/td>\n<td>110<\/td>\n<td><\/td>\n<td><\/td>\n<td><\/td>\n<\/tr>\n<\/tbody>\n<\/table>\n<p>Elh\u00edzott macsk\u00e1knak a javasolt adagot 10%-kal cs\u00f6kkentse.<\/p>\n<p>Kiszerel\u00e9s: 10 kg \u00e9s 3 kg<\/p>\n<p><strong><span class=\"relative -mx-px my-[-0.2rem] rounded px-px py-[0.2rem] transition-colors duration-100 ease-in-out\"><span class=\"_fadeIn_m1hgl_8\">Mi\u00e9rt v\u00e1lassza ezt a macskat\u00e1pot?<\/span><\/span><\/strong><\/p>\n<p>A Dexter Supreme Cat macskat\u00e1p pr\u00e9mium min\u0151s\u00e9g\u0171 eledel, amely gazdag feh\u00e9rj\u00e9ben, zs\u00edrsavakban \u00e9s vitaminokban, t\u00e1mogatva ezzel a macsk\u00e1ja eg\u00e9szs\u00e9g\u00e9t.<\/p>\n","protected":false},"excerpt":{"rendered":"<p>Produs unic pe pia\u021b\u0103, care se remarc\u0103 printr-un excelent raport calitate-pre\u021b, este un produs de \u00eenalt\u0103 calitate al gamei REX Natural Range, cunoscut\u0103 pentru fabricarea produselor super premium. Hran\u0103 complet\u0103, care prin administrarea zilnic\u0103 asigur\u0103 animalului dumneavoastr\u0103 o alimenta\u021bie complet\u0103 \u0219i echilibrat\u0103.<\/p>\n<p>Rex Dexter Supreme Cat este alegerea ideal\u0103 pentru proprietarii de pisici sterilizate care caut\u0103 o hran\u0103 de calitate, ce contribuie pe termen lung la men\u021binerea s\u0103n\u0103t\u0103\u021bii \u0219i a greut\u0103\u021bii corporale optime a animalului de companie.<\/p>","protected":false},"featured_media":450,"comment_status":"open","ping_status":"closed","template":"","meta":{"_et_pb_use_builder":"","_et_pb_old_content":"","_et_gb_content_width":""},"product_cat":[96],"product_tag":[105,106,103],"class_list":{"0":"post-449","1":"product","2":"type-product","3":"status-publish","4":"has-post-thumbnail","6":"product_cat-rex-natural-range-macskatapok","7":"product_tag-macskaeledel","8":"product_tag-macskatap","9":"product_tag-szaraztap","11":"first","12":"instock","13":"taxable","14":"shipping-taxable","15":"purchasable","16":"product-type-variable"},"yoast_head":"<!-- This site is optimized with the Yoast SEO plugin v24.0 - https:\/\/yoast.com\/wordpress\/plugins\/seo\/ -->\n<title>REX DEXTER SUPREME Cat macskaeledel 10 kg \/ 3 kg - Equusline Transylvania<\/title>\n<meta name=\"description\" content=\"Sz\u00e1razeledel ivartalan\u00edtott macsk\u00e1k t\u00e1pl\u00e1lkoz\u00e1si ig\u00e9nyeinek kiel\u00e9g\u00edt\u00e9s\u00e9re kifejlesztve. Seg\u00edt fenntartani az ide\u00e1lis tests\u00falyt \u00e9s hozz\u00e1j\u00e1rul a h\u00fagy\u00fatak eg\u00e9szs\u00e9ges m\u0171k\u00f6d\u00e9s\u00e9hez.\" \/>\n<meta name=\"robots\" content=\"index, follow, max-snippet:-1, max-image-preview:large, max-video-preview:-1\" \/>\n<link rel=\"canonical\" href=\"https:\/\/equusline-transylvania.ro\/ro\/produs\/rex-dexter-supreme-cat-macskaeledel-10-kg-3-kg\/\" \/>\n<meta property=\"og:locale\" content=\"ro_RO\" \/>\n<meta property=\"og:type\" content=\"article\" \/>\n<meta property=\"og:title\" content=\"REX DEXTER SUPREME Cat macskaeledel 10 kg \/ 3 kg - Equusline Transylvania\" \/>\n<meta property=\"og:description\" content=\"Sz\u00e1razeledel ivartalan\u00edtott macsk\u00e1k t\u00e1pl\u00e1lkoz\u00e1si ig\u00e9nyeinek kiel\u00e9g\u00edt\u00e9s\u00e9re kifejlesztve. Seg\u00edt fenntartani az ide\u00e1lis tests\u00falyt \u00e9s hozz\u00e1j\u00e1rul a h\u00fagy\u00fatak eg\u00e9szs\u00e9ges m\u0171k\u00f6d\u00e9s\u00e9hez.\" \/>\n<meta property=\"og:url\" content=\"https:\/\/equusline-transylvania.ro\/ro\/produs\/rex-dexter-supreme-cat-macskaeledel-10-kg-3-kg\/\" \/>\n<meta property=\"og:site_name\" content=\"Equusline Transylvania\" \/>\n<meta property=\"article:publisher\" content=\"https:\/\/www.facebook.com\/profile.php?id=61564679939274\" \/>\n<meta property=\"article:modified_time\" content=\"2026-02-09T17:53:41+00:00\" \/>\n<meta property=\"og:image\" content=\"https:\/\/equusline-transylvania.ro\/wp-content\/uploads\/2026\/02\/dexter-suprem-cats-stelized-10-kg.png\" \/>\n\t<meta property=\"og:image:width\" content=\"800\" \/>\n\t<meta property=\"og:image:height\" content=\"800\" \/>\n\t<meta property=\"og:image:type\" content=\"image\/png\" \/>\n<meta name=\"twitter:card\" content=\"summary_large_image\" \/>\n<meta name=\"twitter:label1\" content=\"Timp estimat pentru citire\" \/>\n\t<meta name=\"twitter:data1\" content=\"3 minute\" \/>\n<script type=\"application\/ld+json\" class=\"yoast-schema-graph\">{\"@context\":\"https:\/\/schema.org\",\"@graph\":[{\"@type\":\"WebPage\",\"@id\":\"https:\/\/equusline-transylvania.ro\/termek\/rex-dexter-supreme-cat-macskaeledel-10-kg-3-kg\/\",\"url\":\"https:\/\/equusline-transylvania.ro\/termek\/rex-dexter-supreme-cat-macskaeledel-10-kg-3-kg\/\",\"name\":\"REX DEXTER SUPREME Cat macskaeledel 10 kg \/ 3 kg - Equusline Transylvania\",\"isPartOf\":{\"@id\":\"https:\/\/equusline-transylvania.ro\/hu\/#website\"},\"primaryImageOfPage\":{\"@id\":\"https:\/\/equusline-transylvania.ro\/termek\/rex-dexter-supreme-cat-macskaeledel-10-kg-3-kg\/#primaryimage\"},\"image\":{\"@id\":\"https:\/\/equusline-transylvania.ro\/termek\/rex-dexter-supreme-cat-macskaeledel-10-kg-3-kg\/#primaryimage\"},\"thumbnailUrl\":\"https:\/\/equusline-transylvania.ro\/wp-content\/uploads\/2026\/02\/dexter-suprem-cats-stelized-10-kg.png\",\"datePublished\":\"2026-02-08T10:08:13+00:00\",\"dateModified\":\"2026-02-09T17:53:41+00:00\",\"description\":\"Sz\u00e1razeledel ivartalan\u00edtott macsk\u00e1k t\u00e1pl\u00e1lkoz\u00e1si ig\u00e9nyeinek kiel\u00e9g\u00edt\u00e9s\u00e9re kifejlesztve. Seg\u00edt fenntartani az ide\u00e1lis tests\u00falyt \u00e9s hozz\u00e1j\u00e1rul a h\u00fagy\u00fatak eg\u00e9szs\u00e9ges m\u0171k\u00f6d\u00e9s\u00e9hez.\",\"breadcrumb\":{\"@id\":\"https:\/\/equusline-transylvania.ro\/termek\/rex-dexter-supreme-cat-macskaeledel-10-kg-3-kg\/#breadcrumb\"},\"inLanguage\":\"ro-RO\",\"potentialAction\":[{\"@type\":\"ReadAction\",\"target\":[\"https:\/\/equusline-transylvania.ro\/termek\/rex-dexter-supreme-cat-macskaeledel-10-kg-3-kg\/\"]}]},{\"@type\":\"ImageObject\",\"inLanguage\":\"ro-RO\",\"@id\":\"https:\/\/equusline-transylvania.ro\/termek\/rex-dexter-supreme-cat-macskaeledel-10-kg-3-kg\/#primaryimage\",\"url\":\"https:\/\/equusline-transylvania.ro\/wp-content\/uploads\/2026\/02\/dexter-suprem-cats-stelized-10-kg.png\",\"contentUrl\":\"https:\/\/equusline-transylvania.ro\/wp-content\/uploads\/2026\/02\/dexter-suprem-cats-stelized-10-kg.png\",\"width\":800,\"height\":800},{\"@type\":\"BreadcrumbList\",\"@id\":\"https:\/\/equusline-transylvania.ro\/termek\/rex-dexter-supreme-cat-macskaeledel-10-kg-3-kg\/#breadcrumb\",\"itemListElement\":[{\"@type\":\"ListItem\",\"position\":1,\"name\":\"Kezd\u0151lap\",\"item\":\"https:\/\/equusline-transylvania.ro\/\"},{\"@type\":\"ListItem\",\"position\":2,\"name\":\"Term\u00e9keink\",\"item\":\"https:\/\/equusline-transylvania.ro\/\"},{\"@type\":\"ListItem\",\"position\":3,\"name\":\"REX DEXTER SUPREME Cat macskaeledel 10 kg \/ 3 kg\"}]},{\"@type\":\"WebSite\",\"@id\":\"https:\/\/equusline-transylvania.ro\/hu\/#website\",\"url\":\"https:\/\/equusline-transylvania.ro\/hu\/\",\"name\":\"Equusline Transylvania\",\"description\":\"\",\"publisher\":{\"@id\":\"https:\/\/equusline-transylvania.ro\/hu\/#organization\"},\"potentialAction\":[{\"@type\":\"SearchAction\",\"target\":{\"@type\":\"EntryPoint\",\"urlTemplate\":\"https:\/\/equusline-transylvania.ro\/hu\/?s={search_term_string}\"},\"query-input\":{\"@type\":\"PropertyValueSpecification\",\"valueRequired\":true,\"valueName\":\"search_term_string\"}}],\"inLanguage\":\"ro-RO\"},{\"@type\":\"Organization\",\"@id\":\"https:\/\/equusline-transylvania.ro\/hu\/#organization\",\"name\":\"Equusline Transylvania\",\"url\":\"https:\/\/equusline-transylvania.ro\/hu\/\",\"logo\":{\"@type\":\"ImageObject\",\"inLanguage\":\"ro-RO\",\"@id\":\"https:\/\/equusline-transylvania.ro\/hu\/#\/schema\/logo\/image\/\",\"url\":\"https:\/\/equusline-transylvania.ro\/wp-content\/uploads\/2024\/10\/equusline-ro.webp\",\"contentUrl\":\"https:\/\/equusline-transylvania.ro\/wp-content\/uploads\/2024\/10\/equusline-ro.webp\",\"width\":864,\"height\":397,\"caption\":\"Equusline Transylvania\"},\"image\":{\"@id\":\"https:\/\/equusline-transylvania.ro\/hu\/#\/schema\/logo\/image\/\"},\"sameAs\":[\"https:\/\/www.facebook.com\/profile.php?id=61564679939274\",\"https:\/\/www.instagram.com\/equusline_transylvania\"]}]}<\/script>\n<!-- \/ Yoast SEO plugin. -->","yoast_head_json":{"title":"REX DEXTER SUPREME Cat macskaeledel 10 kg \/ 3 kg - Equusline Transylvania","description":"Sz\u00e1razeledel ivartalan\u00edtott macsk\u00e1k t\u00e1pl\u00e1lkoz\u00e1si ig\u00e9nyeinek kiel\u00e9g\u00edt\u00e9s\u00e9re kifejlesztve. Seg\u00edt fenntartani az ide\u00e1lis tests\u00falyt \u00e9s hozz\u00e1j\u00e1rul a h\u00fagy\u00fatak eg\u00e9szs\u00e9ges m\u0171k\u00f6d\u00e9s\u00e9hez.","robots":{"index":"index","follow":"follow","max-snippet":"max-snippet:-1","max-image-preview":"max-image-preview:large","max-video-preview":"max-video-preview:-1"},"canonical":"https:\/\/equusline-transylvania.ro\/ro\/produs\/rex-dexter-supreme-cat-macskaeledel-10-kg-3-kg\/","og_locale":"ro_RO","og_type":"article","og_title":"REX DEXTER SUPREME Cat macskaeledel 10 kg \/ 3 kg - Equusline Transylvania","og_description":"Sz\u00e1razeledel ivartalan\u00edtott macsk\u00e1k t\u00e1pl\u00e1lkoz\u00e1si ig\u00e9nyeinek kiel\u00e9g\u00edt\u00e9s\u00e9re kifejlesztve. Seg\u00edt fenntartani az ide\u00e1lis tests\u00falyt \u00e9s hozz\u00e1j\u00e1rul a h\u00fagy\u00fatak eg\u00e9szs\u00e9ges m\u0171k\u00f6d\u00e9s\u00e9hez.","og_url":"https:\/\/equusline-transylvania.ro\/ro\/produs\/rex-dexter-supreme-cat-macskaeledel-10-kg-3-kg\/","og_site_name":"Equusline Transylvania","article_publisher":"https:\/\/www.facebook.com\/profile.php?id=61564679939274","article_modified_time":"2026-02-09T17:53:41+00:00","og_image":[{"width":800,"height":800,"url":"https:\/\/equusline-transylvania.ro\/wp-content\/uploads\/2026\/02\/dexter-suprem-cats-stelized-10-kg.png","type":"image\/png"}],"twitter_card":"summary_large_image","twitter_misc":{"Timp estimat pentru citire":"3 minute"},"schema":{"@context":"https:\/\/schema.org","@graph":[{"@type":"WebPage","@id":"https:\/\/equusline-transylvania.ro\/termek\/rex-dexter-supreme-cat-macskaeledel-10-kg-3-kg\/","url":"https:\/\/equusline-transylvania.ro\/termek\/rex-dexter-supreme-cat-macskaeledel-10-kg-3-kg\/","name":"REX DEXTER SUPREME Cat macskaeledel 10 kg \/ 3 kg - Equusline Transylvania","isPartOf":{"@id":"https:\/\/equusline-transylvania.ro\/hu\/#website"},"primaryImageOfPage":{"@id":"https:\/\/equusline-transylvania.ro\/termek\/rex-dexter-supreme-cat-macskaeledel-10-kg-3-kg\/#primaryimage"},"image":{"@id":"https:\/\/equusline-transylvania.ro\/termek\/rex-dexter-supreme-cat-macskaeledel-10-kg-3-kg\/#primaryimage"},"thumbnailUrl":"https:\/\/equusline-transylvania.ro\/wp-content\/uploads\/2026\/02\/dexter-suprem-cats-stelized-10-kg.png","datePublished":"2026-02-08T10:08:13+00:00","dateModified":"2026-02-09T17:53:41+00:00","description":"Sz\u00e1razeledel ivartalan\u00edtott macsk\u00e1k t\u00e1pl\u00e1lkoz\u00e1si ig\u00e9nyeinek kiel\u00e9g\u00edt\u00e9s\u00e9re kifejlesztve. Seg\u00edt fenntartani az ide\u00e1lis tests\u00falyt \u00e9s hozz\u00e1j\u00e1rul a h\u00fagy\u00fatak eg\u00e9szs\u00e9ges m\u0171k\u00f6d\u00e9s\u00e9hez.","breadcrumb":{"@id":"https:\/\/equusline-transylvania.ro\/termek\/rex-dexter-supreme-cat-macskaeledel-10-kg-3-kg\/#breadcrumb"},"inLanguage":"ro-RO","potentialAction":[{"@type":"ReadAction","target":["https:\/\/equusline-transylvania.ro\/termek\/rex-dexter-supreme-cat-macskaeledel-10-kg-3-kg\/"]}]},{"@type":"ImageObject","inLanguage":"ro-RO","@id":"https:\/\/equusline-transylvania.ro\/termek\/rex-dexter-supreme-cat-macskaeledel-10-kg-3-kg\/#primaryimage","url":"https:\/\/equusline-transylvania.ro\/wp-content\/uploads\/2026\/02\/dexter-suprem-cats-stelized-10-kg.png","contentUrl":"https:\/\/equusline-transylvania.ro\/wp-content\/uploads\/2026\/02\/dexter-suprem-cats-stelized-10-kg.png","width":800,"height":800},{"@type":"BreadcrumbList","@id":"https:\/\/equusline-transylvania.ro\/termek\/rex-dexter-supreme-cat-macskaeledel-10-kg-3-kg\/#breadcrumb","itemListElement":[{"@type":"ListItem","position":1,"name":"Kezd\u0151lap","item":"https:\/\/equusline-transylvania.ro\/"},{"@type":"ListItem","position":2,"name":"Term\u00e9keink","item":"https:\/\/equusline-transylvania.ro\/"},{"@type":"ListItem","position":3,"name":"REX DEXTER SUPREME Cat macskaeledel 10 kg \/ 3 kg"}]},{"@type":"WebSite","@id":"https:\/\/equusline-transylvania.ro\/hu\/#website","url":"https:\/\/equusline-transylvania.ro\/hu\/","name":"Equusline Transilvania","description":"","publisher":{"@id":"https:\/\/equusline-transylvania.ro\/hu\/#organization"},"potentialAction":[{"@type":"SearchAction","target":{"@type":"EntryPoint","urlTemplate":"https:\/\/equusline-transylvania.ro\/hu\/?s={search_term_string}"},"query-input":{"@type":"PropertyValueSpecification","valueRequired":true,"valueName":"search_term_string"}}],"inLanguage":"ro-RO"},{"@type":"Organization","@id":"https:\/\/equusline-transylvania.ro\/hu\/#organization","name":"Equusline Transilvania","url":"https:\/\/equusline-transylvania.ro\/hu\/","logo":{"@type":"ImageObject","inLanguage":"ro-RO","@id":"https:\/\/equusline-transylvania.ro\/hu\/#\/schema\/logo\/image\/","url":"https:\/\/equusline-transylvania.ro\/wp-content\/uploads\/2024\/10\/equusline-ro.webp","contentUrl":"https:\/\/equusline-transylvania.ro\/wp-content\/uploads\/2024\/10\/equusline-ro.webp","width":864,"height":397,"caption":"Equusline Transylvania"},"image":{"@id":"https:\/\/equusline-transylvania.ro\/hu\/#\/schema\/logo\/image\/"},"sameAs":["https:\/\/www.facebook.com\/profile.php?id=61564679939274","https:\/\/www.instagram.com\/equusline_transylvania"]}]}},"_links":{"self":[{"href":"https:\/\/equusline-transylvania.ro\/ro\/wp-json\/wp\/v2\/product\/449","targetHints":{"allow":["GET"]}}],"collection":[{"href":"https:\/\/equusline-transylvania.ro\/ro\/wp-json\/wp\/v2\/product"}],"about":[{"href":"https:\/\/equusline-transylvania.ro\/ro\/wp-json\/wp\/v2\/types\/product"}],"replies":[{"embeddable":true,"href":"https:\/\/equusline-transylvania.ro\/ro\/wp-json\/wp\/v2\/comments?post=449"}],"wp:featuredmedia":[{"embeddable":true,"href":"https:\/\/equusline-transylvania.ro\/ro\/wp-json\/wp\/v2\/media\/450"}],"wp:attachment":[{"href":"https:\/\/equusline-transylvania.ro\/ro\/wp-json\/wp\/v2\/media?parent=449"}],"wp:term":[{"taxonomy":"product_cat","embeddable":true,"href":"https:\/\/equusline-transylvania.ro\/ro\/wp-json\/wp\/v2\/product_cat?post=449"},{"taxonomy":"product_tag","embeddable":true,"href":"https:\/\/equusline-transylvania.ro\/ro\/wp-json\/wp\/v2\/product_tag?post=449"}],"curies":[{"name":"wp","href":"https:\/\/api.w.org\/{rel}","templated":true}]}}