{"id":448,"date":"2026-02-08T10:08:29","date_gmt":"2026-02-08T09:08:29","guid":{"rendered":"https:\/\/equusline-transylvania.ro\/?post_type=product&#038;p=448"},"modified":"2026-02-09T18:10:19","modified_gmt":"2026-02-09T17:10:19","slug":"rex-dexter-supreme-junior-kutyatap-kolyok-kutyak-szamara-10-kg","status":"publish","type":"product","link":"https:\/\/equusline-transylvania.ro\/ro\/produs\/rex-dexter-supreme-junior-kutyatap-kolyok-kutyak-szamara-10-kg\/","title":{"rendered":"REX DEXTER Supreme Junior \u2013 hran\u0103 uscat\u0103 complet\u0103 pentru pui de c\u00e2ine, 10 kg"},"content":{"rendered":"<p>Hran\u0103 complet\u0103 pentru pui \u0219i c\u00e2ini junior. Compozi\u021bia sa echilibrat\u0103 asigur\u0103 s\u0103n\u0103tatea \u0219i dezvoltarea optim\u0103 a animalului dumneavoastr\u0103 de companie p\u00e2n\u0103 la v\u00e2rsta de 18 luni. Nu con\u021bine coloran\u021bi sau conservan\u021bi artificiali.<\/p>\n<p><strong>Valori nutri\u021bionale:<\/strong><\/p>\n<p>Proteine animale hidrolizate (pui min. 20%), porumb integral, leguminoase, gr\u0103sime de pas\u0103re (surs\u0103 de acizi gra\u0219i omega-6), orez (min. 5%), ficat de pui hidrolizat, minerale, legume deshidratate (morcov, cicoare (surs\u0103 de inulin\u0103 FOS), dovleac), fibr\u0103 de m\u0103r, drojdie de bere Saccharomyces cerevisiae (surs\u0103 de nucleotide, \u03b2-glucani \u0219i manan-oligozaharide), glucozamin\u0103 clorhidrat, sulfat de condroitin\u0103, taurin\u0103, extract de Yucca schidigera, probiotice (E. faecium NCIMB 10415 20\u00d710\u2076 UFC).<\/p>\n<p><strong>COMPOZI\u021aIE ANALITIC\u0102:<\/strong><\/p>\n<p>Protein brut: 29%.<\/p>\n<p>Uleiuri \u0219i gr\u0103simi brute 15%.<\/p>\n<p>Fibre brute 2%.<\/p>\n<p>Cenu\u0219\u0103 crud\u0103 7,5%.<\/p>\n<p>Calciu 2,50%.<\/p>\n<p>Fosfor 1,40%.<\/p>\n<p><strong>ADITIVI:<\/strong><br \/>\n<em>Aditivi cu valoare nutritiv\u0103:<\/em><\/p>\n<p>Vitamina A 24.000 UI\/kg.<\/p>\n<p>Vitamina D3 1.750 NE\/kg.<\/p>\n<p>Vitamina E 190 mg\/kg.<\/p>\n<p>Taurin 1500 mg\/kg<\/p>\n<p>Fier (sulfat de fier (II) monohidrat) 120 mg\/kg.<\/p>\n<p>Iod (iodur\u0103 de potasiu) 2 mg\/kg.<\/p>\n<p>Cupru (sulfat de cupru pentahidrat) 12 mg\/kg.<\/p>\n<p>Mangan (sulfat de mangan monohidrat) 35 mg\/kg.<\/p>\n<p>Zinc (oxid de zinc) 75 mg\/kg.<\/p>\n<p>Seleniu (selenat de sodiu (IV)) 0,20 mg\/kg.<\/p>\n<p><em>Aditivi tehnologici:\u00a0<\/em>Antioxidan\u021bi<\/p>\n<p>Rex Dexter Supreme Junior este o hran\u0103 pentru c\u00e2ini cu digestibilitate ridicat\u0103 \u0219i compozi\u021bie echilibrat\u0103, destinat\u0103 puilor de c\u00e2ine de diferite talii \u0219i rase. Aceasta asigur\u0103 un aport optim de nutrien\u021bi pentru c\u0103\u021belul dumneavoastr\u0103. Prin administrarea acestui produs, pute\u021bi fi sigur c\u0103 \u00eei oferi\u021bi c\u00e2inelui zilnic o alimenta\u021bie complet\u0103 \u0219i echilibrat\u0103.<\/p>\n<p>Se recomand\u0103 \u00eemp\u0103r\u021birea ra\u021biei zilnice \u00een dou\u0103 por\u021bii, administrate, dac\u0103 este posibil, la aceea\u0219i or\u0103 \u00een fiecare zi. Cantitatea recomandat\u0103 este pentru c\u00e2ini cu nivel mediu de activitate \u0219i necesit\u0103\u021bi energetice normale. Cantitatea de hran\u0103 depinde de rasa, v\u00e2rsta, nivelul de activitate \u0219i factorii de mediu ai c\u00e2inelui. Dac\u0103 schimba\u021bi hrana c\u00e2inelui, face\u021bi acest lucru treptat, pe o perioad\u0103 de 7-10 zile. Asigura\u021bi-v\u0103 c\u0103 c\u00e2inele are \u00eentotdeauna ap\u0103 curat\u0103 \u0219i proasp\u0103t\u0103 al\u0103turi de hran\u0103.<\/p>\n<p><strong>Depozitare<\/strong>A se p\u0103stra la temperatura camerei (max. 40\u00b0C), \u00eentr-un loc uscat \u0219i r\u0103coros, ferit de surse de c\u0103ldur\u0103 \u0219i de lumina direct\u0103 a soarelui. Nu con\u021bine organisme modificate genetic (GMO). Cantit\u0103\u021bile zilnice recomandate pot varia \u00een func\u021bie de nivelul de activitate al c\u00e2inelui, rasa acestuia \u0219i condi\u021biile de mediu.<\/p>\n<table width=\"599\">\n<tbody>\n<tr>\n<td colspan=\"5\" width=\"382\"><strong>CANTITATEA ZILNIC\u0102 RECOMANDAT\u0102 DE HRAN\u0102<\/strong><\/td>\n<\/tr>\n<tr>\n<td><\/td>\n<td><strong>Talie mic\u0103<\/strong><\/td>\n<td><strong>Talie medie<\/strong><\/td>\n<td><strong>Talie mare\u00a0<\/strong><\/td>\n<td><strong>Talie gigant\u00a0<\/strong><\/td>\n<\/tr>\n<tr>\n<td>\u00a0De la v\u00e2rsta de 2 luni<\/td>\n<td>80<\/td>\n<td>150<\/td>\n<td>250<\/td>\n<td>380<\/td>\n<\/tr>\n<tr>\n<td>De la v\u00e2rsta de 3-4 luni<\/td>\n<td>90<\/td>\n<td>190<\/td>\n<td>310<\/td>\n<td>510<\/td>\n<\/tr>\n<tr>\n<td>De la v\u00e2rsta de 5-7 luni<\/td>\n<td>110<\/td>\n<td>230<\/td>\n<td>360<\/td>\n<td>620<\/td>\n<\/tr>\n<tr>\n<td>De la v\u00e2rsta de 8-12 luni<\/td>\n<td>100<\/td>\n<td>220<\/td>\n<td>380<\/td>\n<td>650<\/td>\n<\/tr>\n<tr>\n<td>De la v\u00e2rsta de 13-18 luni<\/td>\n<td>100<\/td>\n<td>220<\/td>\n<td>380<\/td>\n<td>750<\/td>\n<\/tr>\n<\/tbody>\n<\/table>\n<p>Ambalare: 20 kg<\/p>\n<p>De ce s\u0103 alege\u021bi hrana complet\u0103 Rex Dexter?<\/p>\n<p>Compozi\u021bie echilibrat\u0103: favorizeaz\u0103 cre\u0219terea \u0219i dezvoltarea s\u0103n\u0103toas\u0103 a c\u0103\u021belului.<\/p>\n<p>U\u0219or de digerat: ingredientele sunt u\u0219or digerabile, ceea ce reduce riscul problemelor gastrointestinale.<\/p>\n<p>Gustos \u0219i nutritiv: combina\u021bia delicioas\u0103 de carne de pui hidrolizat\u0103 \u0219i legume face hrana atractiv\u0103 pentru c\u00e2ini.<\/p>","protected":false},"excerpt":{"rendered":"<p>Un produs deosebit, care se remarc\u0103 pe pia\u021b\u0103 prin excelentul raport calitate\u2013pre\u021b, parte din gama de \u00eenalt\u0103 calitate REX NATURAL RANGE, recunoscut\u0103 pentru produsele sale superpremium. Hran\u0103 complet\u0103 pentru pui \u0219i c\u00e2ini junior de toate rasele. Prin administrarea acestui produs, \u00eei asigura\u021bi zilnic animalului dumneavoastr\u0103 de companie o alimenta\u021bie complet\u0103 \u0219i echilibrat\u0103.<\/p>\n<ul>\n<li>Formul\u0103 special\u0103 pentru pui de c\u00e2ine (2\u201318 luni)<\/li>\n<li>Con\u021binut ridicat de proteine pentru o cre\u0219tere s\u0103n\u0103toas\u0103<\/li>\n<li>Sus\u021bine dezvoltarea articula\u021biilor<\/li>\n<li>Sus\u021bine flora intestinal\u0103<\/li>\n<li>Omega-3 \u0219i Omega-6 pentru o blan\u0103 str\u0103lucitoare \u0219i o piele s\u0103n\u0103toas\u0103<\/li>\n<li>Vitamine \u0219i minerale pentru sus\u021binerea sistemului imunitar<\/li>\n<\/ul>","protected":false},"featured_media":457,"comment_status":"open","ping_status":"closed","template":"","meta":{"_et_pb_use_builder":"","_et_pb_old_content":"","_et_gb_content_width":""},"product_cat":[91],"product_tag":[100,102],"class_list":{"0":"post-448","1":"product","2":"type-product","3":"status-publish","4":"has-post-thumbnail","6":"product_cat-rex-natural-range-kutyatapok","7":"product_tag-kolyoktap","8":"product_tag-kutyatap","10":"first","11":"instock","12":"taxable","13":"shipping-taxable","14":"purchasable","15":"product-type-simple"},"yoast_head":"<!-- This site is optimized with the Yoast SEO plugin v24.0 - https:\/\/yoast.com\/wordpress\/plugins\/seo\/ -->\n<title>REX DEXTER SUPREME JUNIOR kutyat\u00e1p k\u00f6ly\u00f6k kuty\u00e1k sz\u00e1m\u00e1ra 10 kg - Equusline Transylvania<\/title>\n<meta name=\"description\" content=\"Kiegyens\u00falyozott \u00f6sszet\u00e9tel: el\u0151seg\u00edti a k\u00f6ly\u00f6kkutya eg\u00e9szs\u00e9ges n\u00f6veked\u00e9s\u00e9t \u00e9s fejl\u0151d\u00e9s\u00e9t.Em\u00e9szt\u00e9sbar\u00e1t: Az \u00f6sszetev\u0151k k\u00f6nnyen em\u00e9szthet\u0151k, ami cs\u00f6kkenti a gyomor-b\u00e9lrendszeri probl\u00e9m\u00e1k kock\u00e1zat\u00e1t.\" \/>\n<meta name=\"robots\" content=\"index, follow, max-snippet:-1, max-image-preview:large, max-video-preview:-1\" \/>\n<link rel=\"canonical\" href=\"https:\/\/equusline-transylvania.ro\/ro\/produs\/rex-dexter-supreme-junior-kutyatap-kolyok-kutyak-szamara-10-kg\/\" \/>\n<meta property=\"og:locale\" content=\"ro_RO\" \/>\n<meta property=\"og:type\" content=\"article\" \/>\n<meta property=\"og:title\" content=\"REX DEXTER SUPREME JUNIOR kutyat\u00e1p k\u00f6ly\u00f6k kuty\u00e1k sz\u00e1m\u00e1ra 10 kg - Equusline Transylvania\" \/>\n<meta property=\"og:description\" content=\"Kiegyens\u00falyozott \u00f6sszet\u00e9tel: el\u0151seg\u00edti a k\u00f6ly\u00f6kkutya eg\u00e9szs\u00e9ges n\u00f6veked\u00e9s\u00e9t \u00e9s fejl\u0151d\u00e9s\u00e9t.Em\u00e9szt\u00e9sbar\u00e1t: Az \u00f6sszetev\u0151k k\u00f6nnyen em\u00e9szthet\u0151k, ami cs\u00f6kkenti a gyomor-b\u00e9lrendszeri probl\u00e9m\u00e1k kock\u00e1zat\u00e1t.\" \/>\n<meta property=\"og:url\" content=\"https:\/\/equusline-transylvania.ro\/ro\/produs\/rex-dexter-supreme-junior-kutyatap-kolyok-kutyak-szamara-10-kg\/\" \/>\n<meta property=\"og:site_name\" content=\"Equusline Transylvania\" \/>\n<meta property=\"article:publisher\" content=\"https:\/\/www.facebook.com\/profile.php?id=61564679939274\" \/>\n<meta property=\"article:modified_time\" content=\"2026-02-09T17:10:19+00:00\" \/>\n<meta property=\"og:image\" content=\"https:\/\/equusline-transylvania.ro\/wp-content\/uploads\/2026\/02\/dexter-suprem-junior-10-kg-1-768x768-1.png\" \/>\n\t<meta property=\"og:image:width\" content=\"768\" \/>\n\t<meta property=\"og:image:height\" content=\"768\" \/>\n\t<meta property=\"og:image:type\" content=\"image\/png\" \/>\n<meta name=\"twitter:card\" content=\"summary_large_image\" \/>\n<meta name=\"twitter:label1\" content=\"Timp estimat pentru citire\" \/>\n\t<meta name=\"twitter:data1\" content=\"3 minute\" \/>\n<script type=\"application\/ld+json\" class=\"yoast-schema-graph\">{\"@context\":\"https:\/\/schema.org\",\"@graph\":[{\"@type\":\"WebPage\",\"@id\":\"https:\/\/equusline-transylvania.ro\/termek\/rex-dexter-supreme-junior-kutyatap-kolyok-kutyak-szamara-10-kg\/\",\"url\":\"https:\/\/equusline-transylvania.ro\/termek\/rex-dexter-supreme-junior-kutyatap-kolyok-kutyak-szamara-10-kg\/\",\"name\":\"REX DEXTER SUPREME JUNIOR kutyat\u00e1p k\u00f6ly\u00f6k kuty\u00e1k sz\u00e1m\u00e1ra 10 kg - Equusline Transylvania\",\"isPartOf\":{\"@id\":\"https:\/\/equusline-transylvania.ro\/hu\/#website\"},\"primaryImageOfPage\":{\"@id\":\"https:\/\/equusline-transylvania.ro\/termek\/rex-dexter-supreme-junior-kutyatap-kolyok-kutyak-szamara-10-kg\/#primaryimage\"},\"image\":{\"@id\":\"https:\/\/equusline-transylvania.ro\/termek\/rex-dexter-supreme-junior-kutyatap-kolyok-kutyak-szamara-10-kg\/#primaryimage\"},\"thumbnailUrl\":\"https:\/\/equusline-transylvania.ro\/wp-content\/uploads\/2026\/02\/dexter-suprem-junior-10-kg-1-768x768-1.png\",\"datePublished\":\"2026-02-08T09:08:29+00:00\",\"dateModified\":\"2026-02-09T17:10:19+00:00\",\"description\":\"Kiegyens\u00falyozott \u00f6sszet\u00e9tel: el\u0151seg\u00edti a k\u00f6ly\u00f6kkutya eg\u00e9szs\u00e9ges n\u00f6veked\u00e9s\u00e9t \u00e9s fejl\u0151d\u00e9s\u00e9t.Em\u00e9szt\u00e9sbar\u00e1t: Az \u00f6sszetev\u0151k k\u00f6nnyen em\u00e9szthet\u0151k, ami cs\u00f6kkenti a gyomor-b\u00e9lrendszeri probl\u00e9m\u00e1k kock\u00e1zat\u00e1t.\",\"breadcrumb\":{\"@id\":\"https:\/\/equusline-transylvania.ro\/termek\/rex-dexter-supreme-junior-kutyatap-kolyok-kutyak-szamara-10-kg\/#breadcrumb\"},\"inLanguage\":\"ro-RO\",\"potentialAction\":[{\"@type\":\"ReadAction\",\"target\":[\"https:\/\/equusline-transylvania.ro\/termek\/rex-dexter-supreme-junior-kutyatap-kolyok-kutyak-szamara-10-kg\/\"]}]},{\"@type\":\"ImageObject\",\"inLanguage\":\"ro-RO\",\"@id\":\"https:\/\/equusline-transylvania.ro\/termek\/rex-dexter-supreme-junior-kutyatap-kolyok-kutyak-szamara-10-kg\/#primaryimage\",\"url\":\"https:\/\/equusline-transylvania.ro\/wp-content\/uploads\/2026\/02\/dexter-suprem-junior-10-kg-1-768x768-1.png\",\"contentUrl\":\"https:\/\/equusline-transylvania.ro\/wp-content\/uploads\/2026\/02\/dexter-suprem-junior-10-kg-1-768x768-1.png\",\"width\":768,\"height\":768},{\"@type\":\"BreadcrumbList\",\"@id\":\"https:\/\/equusline-transylvania.ro\/termek\/rex-dexter-supreme-junior-kutyatap-kolyok-kutyak-szamara-10-kg\/#breadcrumb\",\"itemListElement\":[{\"@type\":\"ListItem\",\"position\":1,\"name\":\"Kezd\u0151lap\",\"item\":\"https:\/\/equusline-transylvania.ro\/\"},{\"@type\":\"ListItem\",\"position\":2,\"name\":\"Term\u00e9keink\",\"item\":\"https:\/\/equusline-transylvania.ro\/\"},{\"@type\":\"ListItem\",\"position\":3,\"name\":\"REX DEXTER SUPREME JUNIOR kutyat\u00e1p k\u00f6ly\u00f6k kuty\u00e1k sz\u00e1m\u00e1ra 10 kg\"}]},{\"@type\":\"WebSite\",\"@id\":\"https:\/\/equusline-transylvania.ro\/hu\/#website\",\"url\":\"https:\/\/equusline-transylvania.ro\/hu\/\",\"name\":\"Equusline Transylvania\",\"description\":\"\",\"publisher\":{\"@id\":\"https:\/\/equusline-transylvania.ro\/hu\/#organization\"},\"potentialAction\":[{\"@type\":\"SearchAction\",\"target\":{\"@type\":\"EntryPoint\",\"urlTemplate\":\"https:\/\/equusline-transylvania.ro\/hu\/?s={search_term_string}\"},\"query-input\":{\"@type\":\"PropertyValueSpecification\",\"valueRequired\":true,\"valueName\":\"search_term_string\"}}],\"inLanguage\":\"ro-RO\"},{\"@type\":\"Organization\",\"@id\":\"https:\/\/equusline-transylvania.ro\/hu\/#organization\",\"name\":\"Equusline Transylvania\",\"url\":\"https:\/\/equusline-transylvania.ro\/hu\/\",\"logo\":{\"@type\":\"ImageObject\",\"inLanguage\":\"ro-RO\",\"@id\":\"https:\/\/equusline-transylvania.ro\/hu\/#\/schema\/logo\/image\/\",\"url\":\"https:\/\/equusline-transylvania.ro\/wp-content\/uploads\/2024\/10\/equusline-ro.webp\",\"contentUrl\":\"https:\/\/equusline-transylvania.ro\/wp-content\/uploads\/2024\/10\/equusline-ro.webp\",\"width\":864,\"height\":397,\"caption\":\"Equusline Transylvania\"},\"image\":{\"@id\":\"https:\/\/equusline-transylvania.ro\/hu\/#\/schema\/logo\/image\/\"},\"sameAs\":[\"https:\/\/www.facebook.com\/profile.php?id=61564679939274\",\"https:\/\/www.instagram.com\/equusline_transylvania\"]}]}<\/script>\n<!-- \/ Yoast SEO plugin. -->","yoast_head_json":{"title":"REX DEXTER SUPREME JUNIOR kutyat\u00e1p k\u00f6ly\u00f6k kuty\u00e1k sz\u00e1m\u00e1ra 10 kg - Equusline Transylvania","description":"Kiegyens\u00falyozott \u00f6sszet\u00e9tel: el\u0151seg\u00edti a k\u00f6ly\u00f6kkutya eg\u00e9szs\u00e9ges n\u00f6veked\u00e9s\u00e9t \u00e9s fejl\u0151d\u00e9s\u00e9t.Em\u00e9szt\u00e9sbar\u00e1t: Az \u00f6sszetev\u0151k k\u00f6nnyen em\u00e9szthet\u0151k, ami cs\u00f6kkenti a gyomor-b\u00e9lrendszeri probl\u00e9m\u00e1k kock\u00e1zat\u00e1t.","robots":{"index":"index","follow":"follow","max-snippet":"max-snippet:-1","max-image-preview":"max-image-preview:large","max-video-preview":"max-video-preview:-1"},"canonical":"https:\/\/equusline-transylvania.ro\/ro\/produs\/rex-dexter-supreme-junior-kutyatap-kolyok-kutyak-szamara-10-kg\/","og_locale":"ro_RO","og_type":"article","og_title":"REX DEXTER SUPREME JUNIOR kutyat\u00e1p k\u00f6ly\u00f6k kuty\u00e1k sz\u00e1m\u00e1ra 10 kg - Equusline Transylvania","og_description":"Kiegyens\u00falyozott \u00f6sszet\u00e9tel: el\u0151seg\u00edti a k\u00f6ly\u00f6kkutya eg\u00e9szs\u00e9ges n\u00f6veked\u00e9s\u00e9t \u00e9s fejl\u0151d\u00e9s\u00e9t.Em\u00e9szt\u00e9sbar\u00e1t: Az \u00f6sszetev\u0151k k\u00f6nnyen em\u00e9szthet\u0151k, ami cs\u00f6kkenti a gyomor-b\u00e9lrendszeri probl\u00e9m\u00e1k kock\u00e1zat\u00e1t.","og_url":"https:\/\/equusline-transylvania.ro\/ro\/produs\/rex-dexter-supreme-junior-kutyatap-kolyok-kutyak-szamara-10-kg\/","og_site_name":"Equusline Transylvania","article_publisher":"https:\/\/www.facebook.com\/profile.php?id=61564679939274","article_modified_time":"2026-02-09T17:10:19+00:00","og_image":[{"width":768,"height":768,"url":"https:\/\/equusline-transylvania.ro\/wp-content\/uploads\/2026\/02\/dexter-suprem-junior-10-kg-1-768x768-1.png","type":"image\/png"}],"twitter_card":"summary_large_image","twitter_misc":{"Timp estimat pentru citire":"3 minute"},"schema":{"@context":"https:\/\/schema.org","@graph":[{"@type":"WebPage","@id":"https:\/\/equusline-transylvania.ro\/termek\/rex-dexter-supreme-junior-kutyatap-kolyok-kutyak-szamara-10-kg\/","url":"https:\/\/equusline-transylvania.ro\/termek\/rex-dexter-supreme-junior-kutyatap-kolyok-kutyak-szamara-10-kg\/","name":"REX DEXTER SUPREME JUNIOR kutyat\u00e1p k\u00f6ly\u00f6k kuty\u00e1k sz\u00e1m\u00e1ra 10 kg - Equusline Transylvania","isPartOf":{"@id":"https:\/\/equusline-transylvania.ro\/hu\/#website"},"primaryImageOfPage":{"@id":"https:\/\/equusline-transylvania.ro\/termek\/rex-dexter-supreme-junior-kutyatap-kolyok-kutyak-szamara-10-kg\/#primaryimage"},"image":{"@id":"https:\/\/equusline-transylvania.ro\/termek\/rex-dexter-supreme-junior-kutyatap-kolyok-kutyak-szamara-10-kg\/#primaryimage"},"thumbnailUrl":"https:\/\/equusline-transylvania.ro\/wp-content\/uploads\/2026\/02\/dexter-suprem-junior-10-kg-1-768x768-1.png","datePublished":"2026-02-08T09:08:29+00:00","dateModified":"2026-02-09T17:10:19+00:00","description":"Kiegyens\u00falyozott \u00f6sszet\u00e9tel: el\u0151seg\u00edti a k\u00f6ly\u00f6kkutya eg\u00e9szs\u00e9ges n\u00f6veked\u00e9s\u00e9t \u00e9s fejl\u0151d\u00e9s\u00e9t.Em\u00e9szt\u00e9sbar\u00e1t: Az \u00f6sszetev\u0151k k\u00f6nnyen em\u00e9szthet\u0151k, ami cs\u00f6kkenti a gyomor-b\u00e9lrendszeri probl\u00e9m\u00e1k kock\u00e1zat\u00e1t.","breadcrumb":{"@id":"https:\/\/equusline-transylvania.ro\/termek\/rex-dexter-supreme-junior-kutyatap-kolyok-kutyak-szamara-10-kg\/#breadcrumb"},"inLanguage":"ro-RO","potentialAction":[{"@type":"ReadAction","target":["https:\/\/equusline-transylvania.ro\/termek\/rex-dexter-supreme-junior-kutyatap-kolyok-kutyak-szamara-10-kg\/"]}]},{"@type":"ImageObject","inLanguage":"ro-RO","@id":"https:\/\/equusline-transylvania.ro\/termek\/rex-dexter-supreme-junior-kutyatap-kolyok-kutyak-szamara-10-kg\/#primaryimage","url":"https:\/\/equusline-transylvania.ro\/wp-content\/uploads\/2026\/02\/dexter-suprem-junior-10-kg-1-768x768-1.png","contentUrl":"https:\/\/equusline-transylvania.ro\/wp-content\/uploads\/2026\/02\/dexter-suprem-junior-10-kg-1-768x768-1.png","width":768,"height":768},{"@type":"BreadcrumbList","@id":"https:\/\/equusline-transylvania.ro\/termek\/rex-dexter-supreme-junior-kutyatap-kolyok-kutyak-szamara-10-kg\/#breadcrumb","itemListElement":[{"@type":"ListItem","position":1,"name":"Kezd\u0151lap","item":"https:\/\/equusline-transylvania.ro\/"},{"@type":"ListItem","position":2,"name":"Term\u00e9keink","item":"https:\/\/equusline-transylvania.ro\/"},{"@type":"ListItem","position":3,"name":"REX DEXTER SUPREME JUNIOR kutyat\u00e1p k\u00f6ly\u00f6k kuty\u00e1k sz\u00e1m\u00e1ra 10 kg"}]},{"@type":"WebSite","@id":"https:\/\/equusline-transylvania.ro\/hu\/#website","url":"https:\/\/equusline-transylvania.ro\/hu\/","name":"Equusline Transilvania","description":"","publisher":{"@id":"https:\/\/equusline-transylvania.ro\/hu\/#organization"},"potentialAction":[{"@type":"SearchAction","target":{"@type":"EntryPoint","urlTemplate":"https:\/\/equusline-transylvania.ro\/hu\/?s={search_term_string}"},"query-input":{"@type":"PropertyValueSpecification","valueRequired":true,"valueName":"search_term_string"}}],"inLanguage":"ro-RO"},{"@type":"Organization","@id":"https:\/\/equusline-transylvania.ro\/hu\/#organization","name":"Equusline Transilvania","url":"https:\/\/equusline-transylvania.ro\/hu\/","logo":{"@type":"ImageObject","inLanguage":"ro-RO","@id":"https:\/\/equusline-transylvania.ro\/hu\/#\/schema\/logo\/image\/","url":"https:\/\/equusline-transylvania.ro\/wp-content\/uploads\/2024\/10\/equusline-ro.webp","contentUrl":"https:\/\/equusline-transylvania.ro\/wp-content\/uploads\/2024\/10\/equusline-ro.webp","width":864,"height":397,"caption":"Equusline Transylvania"},"image":{"@id":"https:\/\/equusline-transylvania.ro\/hu\/#\/schema\/logo\/image\/"},"sameAs":["https:\/\/www.facebook.com\/profile.php?id=61564679939274","https:\/\/www.instagram.com\/equusline_transylvania"]}]}},"_links":{"self":[{"href":"https:\/\/equusline-transylvania.ro\/ro\/wp-json\/wp\/v2\/product\/448","targetHints":{"allow":["GET"]}}],"collection":[{"href":"https:\/\/equusline-transylvania.ro\/ro\/wp-json\/wp\/v2\/product"}],"about":[{"href":"https:\/\/equusline-transylvania.ro\/ro\/wp-json\/wp\/v2\/types\/product"}],"replies":[{"embeddable":true,"href":"https:\/\/equusline-transylvania.ro\/ro\/wp-json\/wp\/v2\/comments?post=448"}],"wp:featuredmedia":[{"embeddable":true,"href":"https:\/\/equusline-transylvania.ro\/ro\/wp-json\/wp\/v2\/media\/457"}],"wp:attachment":[{"href":"https:\/\/equusline-transylvania.ro\/ro\/wp-json\/wp\/v2\/media?parent=448"}],"wp:term":[{"taxonomy":"product_cat","embeddable":true,"href":"https:\/\/equusline-transylvania.ro\/ro\/wp-json\/wp\/v2\/product_cat?post=448"},{"taxonomy":"product_tag","embeddable":true,"href":"https:\/\/equusline-transylvania.ro\/ro\/wp-json\/wp\/v2\/product_tag?post=448"}],"curies":[{"name":"wp","href":"https:\/\/api.w.org\/{rel}","templated":true}]}}