{"id":446,"date":"2026-02-08T09:51:22","date_gmt":"2026-02-08T08:51:22","guid":{"rendered":"https:\/\/equusline-transylvania.ro\/?post_type=product&#038;p=446"},"modified":"2026-02-09T18:20:11","modified_gmt":"2026-02-09T17:20:11","slug":"kutyatap-felnott-kutyak-szamara-20-kg","status":"publish","type":"product","link":"https:\/\/equusline-transylvania.ro\/ro\/produs\/kutyatap-felnott-kutyak-szamara-20-kg\/","title":{"rendered":"REX DEXTER Supreme Fish \u2013 Hran\u0103 uscat\u0103 pentru c\u00e2ini adul\u021bi, cu pe\u0219te, 14 kg"},"content":{"rendered":"<p>Hran\u0103 complet\u0103 pentru pui \u0219i c\u00e2ini adul\u021bi. Compozi\u021bia echilibrat\u0103, cu un con\u021binut ridicat de proteine, sus\u021bine cre\u0219terea \u0219i s\u0103n\u0103tatea animalului dumneavoastr\u0103 de companie. Acest produs este potrivit pentru a \u00eenso\u021bi c\u0103\u021belul pe parcursul dezvolt\u0103rii sale p\u00e2n\u0103 la maturitate, asigur\u00e2nd aportul adecvat de nutrien\u021bi, vitamine \u0219i minerale.<br \/>\nEste potrivit \u0219i pentru c\u00e2ini de munc\u0103 cu necesar energetic ridicat, c\u00e2ini sportivi cu nivel mare de activitate, precum \u0219i pentru c\u00e2ini gestan\u021bi \u0219i care al\u0103pteaz\u0103.<\/p>\n<p>Valori nutri\u021bionale:<br \/>\nCereale, carne \u0219i produse derivate de origine animal\u0103, produse de origine vegetal\u0103, uleiuri \u0219i gr\u0103simi, substan\u021be minerale.<\/p>\n<p>COMPOZI\u021aIE ANALITIC\u0102:<\/p>\n<p>Protein brut: 31 %<\/p>\n<p>Uleiuri \u0219i gr\u0103simi brute 15 %<\/p>\n<p>Fibre brute 3,80%<\/p>\n<p>Cenu\u0219\u0103 crud\u0103 10 %<\/p>\n<p>Calciu 2,50%<\/p>\n<p>Fosfor 1,60%<\/p>\n<p>ADITIVI:<br \/>\nAditivi cu valoare nutritiv\u0103:<\/p>\n<p>Vitamina A 15,000 UI\/kg<\/p>\n<p>Vitamina D3 1,200 NE\/kg<\/p>\n<p>Vitamina E 100 mg\/kg<\/p>\n<p>Fier (sulfat de fier (II) monohidrat) 75 mg\/kg.<\/p>\n<p>Iod (iodur\u0103 de potasiu) 3,50 mg\/kg.<\/p>\n<p>Cupru (sulfat de cupru pentahidrat) 10 mg\/kg.<\/p>\n<p>Mangan (sulfat de mangan monohidrat) 7,50 mg\/kg.<\/p>\n<p>Cink (cink-oxid) 120 mg\/kg.<\/p>\n<p>Seleniu (selenat de sodiu (IV)) 0,12 mg\/kg<\/p>\n<p>Aditivi tehnologici:<br \/>\nAntioxidan\u021bi \u0219i conservan\u021bi.<\/p>\n<p>Rex Dexter Energy este o hran\u0103 complet\u0103 pentru pui \u0219i c\u00e2ini adul\u021bi. Este un aliment pentru c\u00e2ini echilibrat, cu digestibilitate ridicat\u0103, destinat c\u00e2inilor adul\u021bi de diferite v\u00e2rste, talii \u0219i rase, care asigur\u0103 un aport optim de nutrien\u021bi \u00eenc\u0103 din perioada de cre\u0219tere a c\u0103\u021belului. Prin administrarea acestui produs, pute\u021bi fi sigur c\u0103 oferi\u021bi zilnic c\u00e2inelui dumneavoastr\u0103 o alimenta\u021bie complet\u0103 \u0219i echilibrat\u0103.<\/p>\n<p>Se recomand\u0103 \u00eemp\u0103r\u021birea ra\u021biei zilnice \u00een dou\u0103 por\u021bii, administrate, dac\u0103 este posibil, la aceea\u0219i or\u0103 \u00een fiecare zi. Cantitatea recomandat\u0103 este pentru c\u00e2ini cu nivel mediu de activitate \u0219i necesit\u0103\u021bi energetice normale. Cantitatea de hran\u0103 depinde de rasa, v\u00e2rsta, nivelul de activitate \u0219i factorii de mediu ai c\u00e2inelui. Dac\u0103 schimba\u021bi hrana c\u00e2inelui, face\u021bi acest lucru treptat, pe o perioad\u0103 de 7-10 zile. Asigura\u021bi-v\u0103 c\u0103 c\u00e2inele are \u00eentotdeauna ap\u0103 curat\u0103 \u0219i proasp\u0103t\u0103 al\u0103turi de hran\u0103.<\/p>\n<p class=\"translation-block\">CANTITATE ZILNIC\u0102 DE HRAN\u0102 RECOMANDAT\u0102<br>\nGreutatea c\u00e2inelui (kg): 1  5  10  15  20  25  30  40  60<br>\nCantitate recomandat\u0103 (grame\/zi): 31  105  177  240  297  351  403  500  678<\/p>\n<p>Ambalare: 20 kg<\/p>\n<p>Depozitare: A se p\u0103stra la temperatura camerei (max. 40 \u00b0C) \u00eentr-un loc uscat \u0219i r\u0103coros, ferit de surse de c\u0103ldur\u0103 \u0219i protejat de lumina direct\u0103 a soarelui.<\/p>\n<p>De ce s\u0103 alege\u021bi hrana complet\u0103 Rex Dexter?<\/p>\n<p>Hran\u0103 de calitate premium, bogat\u0103 \u00een energie, dezvoltat\u0103 special pentru c\u00e2ini cu un stil de via\u021b\u0103 activ. Este bogat\u0103 \u00een proteine, acizi gra\u0219i \u0219i vitamine, sus\u021bin\u00e2nd astfel s\u0103n\u0103tatea animalului dumneavoastr\u0103 de companie. Dac\u0103 c\u00e2inele dumneavoastr\u0103 are un stil de via\u021b\u0103 activ \u0219i are nevoie de un aport suplimentar de energie, aceast\u0103 hran\u0103 reprezint\u0103 o alegere excelent\u0103.<\/p>","protected":false},"excerpt":{"rendered":"<p>Produs unic pe pia\u021b\u0103, cu un raport excelent calitate-pre\u021b, REX DEXTER Supreme Fish este un produs de \u00eenalt\u0103 calitate din gama super premium REX Natural Range. Hran\u0103 complet\u0103 pentru c\u00e2ini adul\u021bi cu nivel de activitate mediu \u0219i necesar energetic normal, indiferent de ras\u0103, recomandat\u0103 \u00een special c\u00e2inilor care prefer\u0103 o alimenta\u021bie bogat\u0103 \u00een pe\u0219te. Prin hr\u0103nire zilnic\u0103, asigur\u0103 animalului dumneavoastr\u0103 o diet\u0103 complet\u0103 \u0219i echilibrat\u0103.<\/p>\n<ul>\n<li>Cu prebiotice, sus\u021bine flora intestinal\u0103.<\/li>\n<li>Bogat\u0103 \u00een pe\u0219te \u0219i surse de proteine de \u00eenalt\u0103 calitate,<\/li>\n<li>Sus\u021bine o blan\u0103 s\u0103n\u0103toas\u0103 \u0219i str\u0103lucitoare.<\/li>\n<li>Cu ulei de somon bogat \u00een acizi gra\u0219i omega-6.<\/li>\n<li>\u00cembog\u0103\u021bit\u0103 cu vitamine \u0219i minerale pentru o s\u0103n\u0103tate optim\u0103.<\/li>\n<\/ul>","protected":false},"featured_media":447,"comment_status":"open","ping_status":"closed","template":"","meta":{"_et_pb_use_builder":"","_et_pb_old_content":"","_et_gb_content_width":""},"product_cat":[91],"product_tag":[104,101,102],"class_list":{"0":"post-446","1":"product","2":"type-product","3":"status-publish","4":"has-post-thumbnail","6":"product_cat-rex-natural-range-kutyatapok","7":"product_tag-halas-tap","8":"product_tag-kutyaeledel","9":"product_tag-kutyatap","11":"first","12":"instock","13":"taxable","14":"shipping-taxable","15":"purchasable","16":"product-type-simple"},"yoast_head":"<!-- This site is optimized with the Yoast SEO plugin v24.0 - https:\/\/yoast.com\/wordpress\/plugins\/seo\/ -->\n<title>REX DEXTER SUPREME FISH halas kutyat\u00e1p feln\u0151tt kuty\u00e1k sz\u00e1m\u00e1ra 14 kg - Equusline Transylvania<\/title>\n<meta name=\"description\" content=\"Prebiotikumokkal t\u00e1mogatja a b\u00e9lfl\u00f3r\u00e1tGazdag halban \u00e9s kiv\u00e1l\u00f3 feh\u00e9rjeforr\u00e1sokban,T\u00e1mogatja a f\u00e9nyes \u00e9s eg\u00e9szs\u00e9ges sz\u0151rzetet , 20 kg kivitelben %\" \/>\n<meta name=\"robots\" content=\"index, follow, max-snippet:-1, max-image-preview:large, max-video-preview:-1\" \/>\n<link rel=\"canonical\" href=\"https:\/\/equusline-transylvania.ro\/ro\/produs\/kutyatap-felnott-kutyak-szamara-20-kg\/\" \/>\n<meta property=\"og:locale\" content=\"ro_RO\" \/>\n<meta property=\"og:type\" content=\"article\" \/>\n<meta property=\"og:title\" content=\"REX DEXTER SUPREME FISH halas kutyat\u00e1p feln\u0151tt kuty\u00e1k sz\u00e1m\u00e1ra 14 kg - Equusline Transylvania\" \/>\n<meta property=\"og:description\" content=\"Prebiotikumokkal t\u00e1mogatja a b\u00e9lfl\u00f3r\u00e1tGazdag halban \u00e9s kiv\u00e1l\u00f3 feh\u00e9rjeforr\u00e1sokban,T\u00e1mogatja a f\u00e9nyes \u00e9s eg\u00e9szs\u00e9ges sz\u0151rzetet , 20 kg kivitelben %\" \/>\n<meta property=\"og:url\" content=\"https:\/\/equusline-transylvania.ro\/ro\/produs\/kutyatap-felnott-kutyak-szamara-20-kg\/\" \/>\n<meta property=\"og:site_name\" content=\"Equusline Transylvania\" \/>\n<meta property=\"article:publisher\" content=\"https:\/\/www.facebook.com\/profile.php?id=61564679939274\" \/>\n<meta property=\"article:modified_time\" content=\"2026-02-09T17:20:11+00:00\" \/>\n<meta property=\"og:image\" content=\"https:\/\/equusline-transylvania.ro\/wp-content\/uploads\/2026\/02\/dexter-suprem-adult-fish-14-kg.png\" \/>\n\t<meta property=\"og:image:width\" content=\"800\" \/>\n\t<meta property=\"og:image:height\" content=\"800\" \/>\n\t<meta property=\"og:image:type\" content=\"image\/png\" \/>\n<meta name=\"twitter:card\" content=\"summary_large_image\" \/>\n<meta name=\"twitter:label1\" content=\"Timp estimat pentru citire\" \/>\n\t<meta name=\"twitter:data1\" content=\"2 minute\" \/>\n<script type=\"application\/ld+json\" class=\"yoast-schema-graph\">{\"@context\":\"https:\/\/schema.org\",\"@graph\":[{\"@type\":\"WebPage\",\"@id\":\"https:\/\/equusline-transylvania.ro\/termek\/kutyatap-felnott-kutyak-szamara-20-kg\/\",\"url\":\"https:\/\/equusline-transylvania.ro\/termek\/kutyatap-felnott-kutyak-szamara-20-kg\/\",\"name\":\"REX DEXTER SUPREME FISH halas kutyat\u00e1p feln\u0151tt kuty\u00e1k sz\u00e1m\u00e1ra 14 kg - Equusline Transylvania\",\"isPartOf\":{\"@id\":\"https:\/\/equusline-transylvania.ro\/hu\/#website\"},\"primaryImageOfPage\":{\"@id\":\"https:\/\/equusline-transylvania.ro\/termek\/kutyatap-felnott-kutyak-szamara-20-kg\/#primaryimage\"},\"image\":{\"@id\":\"https:\/\/equusline-transylvania.ro\/termek\/kutyatap-felnott-kutyak-szamara-20-kg\/#primaryimage\"},\"thumbnailUrl\":\"https:\/\/equusline-transylvania.ro\/wp-content\/uploads\/2026\/02\/dexter-suprem-adult-fish-14-kg.png\",\"datePublished\":\"2026-02-08T08:51:22+00:00\",\"dateModified\":\"2026-02-09T17:20:11+00:00\",\"description\":\"Prebiotikumokkal t\u00e1mogatja a b\u00e9lfl\u00f3r\u00e1tGazdag halban \u00e9s kiv\u00e1l\u00f3 feh\u00e9rjeforr\u00e1sokban,T\u00e1mogatja a f\u00e9nyes \u00e9s eg\u00e9szs\u00e9ges sz\u0151rzetet , 20 kg kivitelben %\",\"breadcrumb\":{\"@id\":\"https:\/\/equusline-transylvania.ro\/termek\/kutyatap-felnott-kutyak-szamara-20-kg\/#breadcrumb\"},\"inLanguage\":\"ro-RO\",\"potentialAction\":[{\"@type\":\"ReadAction\",\"target\":[\"https:\/\/equusline-transylvania.ro\/termek\/kutyatap-felnott-kutyak-szamara-20-kg\/\"]}]},{\"@type\":\"ImageObject\",\"inLanguage\":\"ro-RO\",\"@id\":\"https:\/\/equusline-transylvania.ro\/termek\/kutyatap-felnott-kutyak-szamara-20-kg\/#primaryimage\",\"url\":\"https:\/\/equusline-transylvania.ro\/wp-content\/uploads\/2026\/02\/dexter-suprem-adult-fish-14-kg.png\",\"contentUrl\":\"https:\/\/equusline-transylvania.ro\/wp-content\/uploads\/2026\/02\/dexter-suprem-adult-fish-14-kg.png\",\"width\":800,\"height\":800},{\"@type\":\"BreadcrumbList\",\"@id\":\"https:\/\/equusline-transylvania.ro\/termek\/kutyatap-felnott-kutyak-szamara-20-kg\/#breadcrumb\",\"itemListElement\":[{\"@type\":\"ListItem\",\"position\":1,\"name\":\"Kezd\u0151lap\",\"item\":\"https:\/\/equusline-transylvania.ro\/\"},{\"@type\":\"ListItem\",\"position\":2,\"name\":\"Term\u00e9keink\",\"item\":\"https:\/\/equusline-transylvania.ro\/\"},{\"@type\":\"ListItem\",\"position\":3,\"name\":\"REX DEXTER SUPREME FISH halas kutyat\u00e1p feln\u0151tt kuty\u00e1k sz\u00e1m\u00e1ra 14 kg\"}]},{\"@type\":\"WebSite\",\"@id\":\"https:\/\/equusline-transylvania.ro\/hu\/#website\",\"url\":\"https:\/\/equusline-transylvania.ro\/hu\/\",\"name\":\"Equusline Transylvania\",\"description\":\"\",\"publisher\":{\"@id\":\"https:\/\/equusline-transylvania.ro\/hu\/#organization\"},\"potentialAction\":[{\"@type\":\"SearchAction\",\"target\":{\"@type\":\"EntryPoint\",\"urlTemplate\":\"https:\/\/equusline-transylvania.ro\/hu\/?s={search_term_string}\"},\"query-input\":{\"@type\":\"PropertyValueSpecification\",\"valueRequired\":true,\"valueName\":\"search_term_string\"}}],\"inLanguage\":\"ro-RO\"},{\"@type\":\"Organization\",\"@id\":\"https:\/\/equusline-transylvania.ro\/hu\/#organization\",\"name\":\"Equusline Transylvania\",\"url\":\"https:\/\/equusline-transylvania.ro\/hu\/\",\"logo\":{\"@type\":\"ImageObject\",\"inLanguage\":\"ro-RO\",\"@id\":\"https:\/\/equusline-transylvania.ro\/hu\/#\/schema\/logo\/image\/\",\"url\":\"https:\/\/equusline-transylvania.ro\/wp-content\/uploads\/2024\/10\/equusline-ro.webp\",\"contentUrl\":\"https:\/\/equusline-transylvania.ro\/wp-content\/uploads\/2024\/10\/equusline-ro.webp\",\"width\":864,\"height\":397,\"caption\":\"Equusline Transylvania\"},\"image\":{\"@id\":\"https:\/\/equusline-transylvania.ro\/hu\/#\/schema\/logo\/image\/\"},\"sameAs\":[\"https:\/\/www.facebook.com\/profile.php?id=61564679939274\",\"https:\/\/www.instagram.com\/equusline_transylvania\"]}]}<\/script>\n<!-- \/ Yoast SEO plugin. -->","yoast_head_json":{"title":"REX DEXTER SUPREME FISH halas kutyat\u00e1p feln\u0151tt kuty\u00e1k sz\u00e1m\u00e1ra 14 kg - Equusline Transylvania","description":"Prebiotikumokkal t\u00e1mogatja a b\u00e9lfl\u00f3r\u00e1tGazdag halban \u00e9s kiv\u00e1l\u00f3 feh\u00e9rjeforr\u00e1sokban,T\u00e1mogatja a f\u00e9nyes \u00e9s eg\u00e9szs\u00e9ges sz\u0151rzetet , 20 kg kivitelben %","robots":{"index":"index","follow":"follow","max-snippet":"max-snippet:-1","max-image-preview":"max-image-preview:large","max-video-preview":"max-video-preview:-1"},"canonical":"https:\/\/equusline-transylvania.ro\/ro\/produs\/kutyatap-felnott-kutyak-szamara-20-kg\/","og_locale":"ro_RO","og_type":"article","og_title":"REX DEXTER SUPREME FISH halas kutyat\u00e1p feln\u0151tt kuty\u00e1k sz\u00e1m\u00e1ra 14 kg - Equusline Transylvania","og_description":"Prebiotikumokkal t\u00e1mogatja a b\u00e9lfl\u00f3r\u00e1tGazdag halban \u00e9s kiv\u00e1l\u00f3 feh\u00e9rjeforr\u00e1sokban,T\u00e1mogatja a f\u00e9nyes \u00e9s eg\u00e9szs\u00e9ges sz\u0151rzetet , 20 kg kivitelben %","og_url":"https:\/\/equusline-transylvania.ro\/ro\/produs\/kutyatap-felnott-kutyak-szamara-20-kg\/","og_site_name":"Equusline Transylvania","article_publisher":"https:\/\/www.facebook.com\/profile.php?id=61564679939274","article_modified_time":"2026-02-09T17:20:11+00:00","og_image":[{"width":800,"height":800,"url":"https:\/\/equusline-transylvania.ro\/wp-content\/uploads\/2026\/02\/dexter-suprem-adult-fish-14-kg.png","type":"image\/png"}],"twitter_card":"summary_large_image","twitter_misc":{"Timp estimat pentru citire":"2 minute"},"schema":{"@context":"https:\/\/schema.org","@graph":[{"@type":"WebPage","@id":"https:\/\/equusline-transylvania.ro\/termek\/kutyatap-felnott-kutyak-szamara-20-kg\/","url":"https:\/\/equusline-transylvania.ro\/termek\/kutyatap-felnott-kutyak-szamara-20-kg\/","name":"REX DEXTER SUPREME FISH halas kutyat\u00e1p feln\u0151tt kuty\u00e1k sz\u00e1m\u00e1ra 14 kg - Equusline Transylvania","isPartOf":{"@id":"https:\/\/equusline-transylvania.ro\/hu\/#website"},"primaryImageOfPage":{"@id":"https:\/\/equusline-transylvania.ro\/termek\/kutyatap-felnott-kutyak-szamara-20-kg\/#primaryimage"},"image":{"@id":"https:\/\/equusline-transylvania.ro\/termek\/kutyatap-felnott-kutyak-szamara-20-kg\/#primaryimage"},"thumbnailUrl":"https:\/\/equusline-transylvania.ro\/wp-content\/uploads\/2026\/02\/dexter-suprem-adult-fish-14-kg.png","datePublished":"2026-02-08T08:51:22+00:00","dateModified":"2026-02-09T17:20:11+00:00","description":"Prebiotikumokkal t\u00e1mogatja a b\u00e9lfl\u00f3r\u00e1tGazdag halban \u00e9s kiv\u00e1l\u00f3 feh\u00e9rjeforr\u00e1sokban,T\u00e1mogatja a f\u00e9nyes \u00e9s eg\u00e9szs\u00e9ges sz\u0151rzetet , 20 kg kivitelben %","breadcrumb":{"@id":"https:\/\/equusline-transylvania.ro\/termek\/kutyatap-felnott-kutyak-szamara-20-kg\/#breadcrumb"},"inLanguage":"ro-RO","potentialAction":[{"@type":"ReadAction","target":["https:\/\/equusline-transylvania.ro\/termek\/kutyatap-felnott-kutyak-szamara-20-kg\/"]}]},{"@type":"ImageObject","inLanguage":"ro-RO","@id":"https:\/\/equusline-transylvania.ro\/termek\/kutyatap-felnott-kutyak-szamara-20-kg\/#primaryimage","url":"https:\/\/equusline-transylvania.ro\/wp-content\/uploads\/2026\/02\/dexter-suprem-adult-fish-14-kg.png","contentUrl":"https:\/\/equusline-transylvania.ro\/wp-content\/uploads\/2026\/02\/dexter-suprem-adult-fish-14-kg.png","width":800,"height":800},{"@type":"BreadcrumbList","@id":"https:\/\/equusline-transylvania.ro\/termek\/kutyatap-felnott-kutyak-szamara-20-kg\/#breadcrumb","itemListElement":[{"@type":"ListItem","position":1,"name":"Kezd\u0151lap","item":"https:\/\/equusline-transylvania.ro\/"},{"@type":"ListItem","position":2,"name":"Term\u00e9keink","item":"https:\/\/equusline-transylvania.ro\/"},{"@type":"ListItem","position":3,"name":"REX DEXTER SUPREME FISH halas kutyat\u00e1p feln\u0151tt kuty\u00e1k sz\u00e1m\u00e1ra 14 kg"}]},{"@type":"WebSite","@id":"https:\/\/equusline-transylvania.ro\/hu\/#website","url":"https:\/\/equusline-transylvania.ro\/hu\/","name":"Equusline Transilvania","description":"","publisher":{"@id":"https:\/\/equusline-transylvania.ro\/hu\/#organization"},"potentialAction":[{"@type":"SearchAction","target":{"@type":"EntryPoint","urlTemplate":"https:\/\/equusline-transylvania.ro\/hu\/?s={search_term_string}"},"query-input":{"@type":"PropertyValueSpecification","valueRequired":true,"valueName":"search_term_string"}}],"inLanguage":"ro-RO"},{"@type":"Organization","@id":"https:\/\/equusline-transylvania.ro\/hu\/#organization","name":"Equusline Transilvania","url":"https:\/\/equusline-transylvania.ro\/hu\/","logo":{"@type":"ImageObject","inLanguage":"ro-RO","@id":"https:\/\/equusline-transylvania.ro\/hu\/#\/schema\/logo\/image\/","url":"https:\/\/equusline-transylvania.ro\/wp-content\/uploads\/2024\/10\/equusline-ro.webp","contentUrl":"https:\/\/equusline-transylvania.ro\/wp-content\/uploads\/2024\/10\/equusline-ro.webp","width":864,"height":397,"caption":"Equusline Transylvania"},"image":{"@id":"https:\/\/equusline-transylvania.ro\/hu\/#\/schema\/logo\/image\/"},"sameAs":["https:\/\/www.facebook.com\/profile.php?id=61564679939274","https:\/\/www.instagram.com\/equusline_transylvania"]}]}},"_links":{"self":[{"href":"https:\/\/equusline-transylvania.ro\/ro\/wp-json\/wp\/v2\/product\/446","targetHints":{"allow":["GET"]}}],"collection":[{"href":"https:\/\/equusline-transylvania.ro\/ro\/wp-json\/wp\/v2\/product"}],"about":[{"href":"https:\/\/equusline-transylvania.ro\/ro\/wp-json\/wp\/v2\/types\/product"}],"replies":[{"embeddable":true,"href":"https:\/\/equusline-transylvania.ro\/ro\/wp-json\/wp\/v2\/comments?post=446"}],"wp:featuredmedia":[{"embeddable":true,"href":"https:\/\/equusline-transylvania.ro\/ro\/wp-json\/wp\/v2\/media\/447"}],"wp:attachment":[{"href":"https:\/\/equusline-transylvania.ro\/ro\/wp-json\/wp\/v2\/media?parent=446"}],"wp:term":[{"taxonomy":"product_cat","embeddable":true,"href":"https:\/\/equusline-transylvania.ro\/ro\/wp-json\/wp\/v2\/product_cat?post=446"},{"taxonomy":"product_tag","embeddable":true,"href":"https:\/\/equusline-transylvania.ro\/ro\/wp-json\/wp\/v2\/product_tag?post=446"}],"curies":[{"name":"wp","href":"https:\/\/api.w.org\/{rel}","templated":true}]}}