{"id":442,"date":"2026-02-07T17:45:33","date_gmt":"2026-02-07T16:45:33","guid":{"rendered":"https:\/\/equusline-transylvania.ro\/?post_type=product&#038;p=442"},"modified":"2026-02-08T21:08:46","modified_gmt":"2026-02-08T20:08:46","slug":"rex-dexter-complete-szarazeledel-felnott-kutyaknak-20-kg","status":"publish","type":"product","link":"https:\/\/equusline-transylvania.ro\/ro\/produs\/rex-dexter-complete-szarazeledel-felnott-kutyaknak-20-kg\/","title":{"rendered":"REX DEXTER Complet hran\u0103 uscat\u0103 pentru c\u00e2ini adul\u021bi 20 kg"},"content":{"rendered":"<p>Hran\u0103 complet\u0103 pentru c\u00e2ini adul\u021bi de talie medie \u0219i mare. Compozi\u021bia echilibrat\u0103 asigur\u0103 s\u0103n\u0103tatea, buna condi\u021bie fizic\u0103 \u0219i starea de bine a animalului dumneavoastr\u0103 de companie.<\/p>\n<p><strong>Valori nutri\u021bionale:<\/strong><br \/>\nCereale, carne \u0219i produse derivate de origine animal\u0103, produse de origine vegetal\u0103, uleiuri \u0219i gr\u0103simi, substan\u021be minerale.<\/p>\n<p><strong>COMPOZI\u021aIE ANALITIC\u0102:<\/strong><\/p>\n<p>Protein brut: 21,50%<\/p>\n<p>Uleiuri \u0219i gr\u0103simi brute 7,50%.<\/p>\n<p>Fibre brute 3,80%.<\/p>\n<p>Cenu\u0219\u0103 crud\u0103 10,50%.<\/p>\n<p>Calciu 2,50%.<\/p>\n<p>Fosfor 1,40%.<\/p>\n<p><strong>ADITIVI:<\/strong><br \/>\n<em>Aditivi cu valoare nutritiv\u0103:<\/em><\/p>\n<p>Vitamina A 12.500 UI\/kg.<\/p>\n<p>Vitamina D3 1350 NE\/kg.<\/p>\n<p>Vitamina E 75 mg\/kg.<\/p>\n<p>Fier (sulfat de fier (II) monohidrat) 75 mg\/kg.<\/p>\n<p>Iod (iodur\u0103 de potasiu) 3,50 mg\/kg.<\/p>\n<p>Cupru (sulfat de cupru pentahidrat) 10 mg\/kg.<\/p>\n<p>Mangan (sulfat de mangan monohidrat) 7,50 mg\/kg.<\/p>\n<p>Zinc (oxid de zinc) 96 mg\/kg.<\/p>\n<p>Seleniu (selenat de sodiu (IV)) 0,10 mg\/kg.<\/p>\n<p><em>Aditivi tehnologici:<\/em><br \/>\nAntioxidan\u021bi \u0219i conservan\u021bi.<\/p>\n<p>Rex Dexter Complete este o hran\u0103 echilibrat\u0103 \u0219i foarte digerabil\u0103 pentru c\u00e2ini adul\u021bi de toate v\u00e2rstele, dimensiunile \u0219i rasele, oferind compozi\u021bia nutri\u021bional\u0103 optim\u0103 pentru c\u00e2inii cu v\u00e2rsta peste 1 an. Hr\u0103nindu-\u021bi c\u00e2inele cu aceast\u0103 hran\u0103, po\u021bi fi sigur c\u0103 beneficiaz\u0103 de o diet\u0103 complet\u0103 \u0219i echilibrat\u0103 \u00een fiecare zi.<\/p>\n<p>Se recomand\u0103 \u00eemp\u0103r\u021birea ra\u021biei zilnice \u00een dou\u0103 por\u021bii, administrate, dac\u0103 este posibil, la aceea\u0219i or\u0103 \u00een fiecare zi. Cantitatea recomandat\u0103 este pentru c\u00e2ini cu nivel mediu de activitate \u0219i necesit\u0103\u021bi energetice normale. Cantitatea de hran\u0103 depinde de rasa, v\u00e2rsta, nivelul de activitate \u0219i factorii de mediu ai c\u00e2inelui. Dac\u0103 schimba\u021bi hrana c\u00e2inelui, face\u021bi acest lucru treptat, pe o perioad\u0103 de 7-10 zile. Asigura\u021bi-v\u0103 c\u0103 c\u00e2inele are \u00eentotdeauna ap\u0103 curat\u0103 \u0219i proasp\u0103t\u0103 al\u0103turi de hran\u0103.<\/p>\n<table width=\"481\">\n<tbody>\n<tr>\n<td colspan=\"10\"><strong>CANTITATEA ZILNIC\u0102 RECOMANDAT\u0102 DE HRAN\u0102<\/strong><\/td>\n<\/tr>\n<tr>\n<td><strong>Greutatea corporal\u0103 a c\u00e2inelui (kg):<\/strong><\/td>\n<td>2<\/td>\n<td>5<\/td>\n<td>10<\/td>\n<td>15<\/td>\n<td>20<\/td>\n<td>30<\/td>\n<td>40<\/td>\n<td>50<\/td>\n<td>60<\/td>\n<\/tr>\n<tr>\n<td><strong>Cantitatea recomandat\u0103 (grame\/zi):<\/strong><\/td>\n<td>62<\/td>\n<td>123<\/td>\n<td>206<\/td>\n<td>279<\/td>\n<td>347<\/td>\n<td>470<\/td>\n<td>583<\/td>\n<td>689<\/td>\n<td>790<\/td>\n<\/tr>\n<\/tbody>\n<\/table>\n<p>Ambalare: 20 kg<\/p>\n<p><strong>Depozitare<\/strong>: A se p\u0103stra la temperatura camerei (max. 40 \u00b0C) \u00eentr-un loc uscat \u0219i r\u0103coros, ferit de surse de c\u0103ldur\u0103 \u0219i protejat de lumina direct\u0103 a soarelui.<\/p>\n<p>De ce s\u0103 alege\u021bi hrana complet\u0103 Rex Dexter?<\/p>\n<p>Hran\u0103 uscat\u0103 complet\u0103 de calitate superioar\u0103 pentru c\u00e2ini adul\u021bi, recomandat\u0103 \u00een special pentru rasele mari, precum ciob\u0103ne\u0219tii germani \u0219i c\u00e2inii de munte bernesi. Datorit\u0103 ingredientelor \u0219i con\u021binutului nutri\u021bional, aceast\u0103 hran\u0103 este alegerea ideal\u0103 pentru alimenta\u021bia zilnic\u0103 a c\u00e2inelui dumneavoastr\u0103. Este bogat\u0103 \u00een proteine, acizi gra\u0219i \u0219i vitamine, sus\u021bin\u00e2nd s\u0103n\u0103tatea c\u00e2inelui dumneavoastr\u0103. Dac\u0103 c\u00e2inele dumneavoastr\u0103 este de talie mare \u0219i activ \u0219i are nevoie de energie suplimentar\u0103, aceast\u0103 hran\u0103 este o alegere excelent\u0103.<\/p>","protected":false},"excerpt":{"rendered":"<p>Un produs unic pe pia\u021b\u0103, care se remarc\u0103 prin raportul excelent calitate-pre\u021b. Face parte din gama REX NATURAL RANGE, cunoscut\u0103 pentru produsele sale superpremium, oferind o calitate ridicat\u0103 \u00eentr-o categorie de pre\u021b accesibil\u0103. Hran\u0103 complet\u0103 destinat\u0103 c\u00e2inilor adul\u021bi cu activitate medie \u0219i necesar energetic normal, indiferent de ras\u0103. Prin administrarea zilnic\u0103, asigur\u0103 o alimenta\u021bie complet\u0103 \u0219i echilibrat\u0103 pentru animalul dumneavoastr\u0103 de companie.<\/p>\n<ul>\n<li>U\u0219or digerabil<\/li>\n<li>Sus\u021bine dezvoltarea s\u0103n\u0103toas\u0103 a sistemului osos<\/li>\n<li>Ajut\u0103 la men\u021binerea unei greut\u0103\u021bi corporale s\u0103n\u0103toase<\/li>\n<li>Vitamine \u0219i minerale pentru sus\u021binerea sistemului imunitar<\/li>\n<\/ul>","protected":false},"featured_media":443,"comment_status":"open","ping_status":"closed","template":"","meta":{"_et_pb_use_builder":"","_et_pb_old_content":"","_et_gb_content_width":""},"product_cat":[91],"product_tag":[101,102,103],"class_list":{"0":"post-442","1":"product","2":"type-product","3":"status-publish","4":"has-post-thumbnail","6":"product_cat-rex-natural-range-kutyatapok","7":"product_tag-kutyaeledel","8":"product_tag-kutyatap","9":"product_tag-szaraztap","11":"first","12":"instock","13":"taxable","14":"shipping-taxable","15":"purchasable","16":"product-type-simple"},"yoast_head":"<!-- This site is optimized with the Yoast SEO plugin v24.0 - https:\/\/yoast.com\/wordpress\/plugins\/seo\/ -->\n<title>REX DEXTER Complete sz\u00e1razeledel feln\u0151tt kuty\u00e1knak 20 kg - Equusline Transylvania<\/title>\n<meta name=\"description\" content=\"Teljes \u00e9rt\u00e9k\u0171 t\u00e1p \u00e1tlagos aktivit\u00e1s\u00fa, norm\u00e1l energiaig\u00e9ny\u0171 kuty\u00e1nak fajt\u00e1t\u00f3l f\u00fcggetlen\u00fcl. Kiszerel\u00e9s: 20 kg K\u00f6nnyen em\u00e9szthet\u0151T\u00e1mogatja az eg\u00e9szs\u00e9ges csontozatot Seg\u00edt fenntartani az eg\u00e9szs\u00e9ges tests\u00falyt\" \/>\n<meta name=\"robots\" content=\"index, follow, max-snippet:-1, max-image-preview:large, max-video-preview:-1\" \/>\n<link rel=\"canonical\" href=\"https:\/\/equusline-transylvania.ro\/ro\/produs\/rex-dexter-complete-szarazeledel-felnott-kutyaknak-20-kg\/\" \/>\n<meta property=\"og:locale\" content=\"ro_RO\" \/>\n<meta property=\"og:type\" content=\"article\" \/>\n<meta property=\"og:title\" content=\"REX DEXTER Complete sz\u00e1razeledel feln\u0151tt kuty\u00e1knak 20 kg - Equusline Transylvania\" \/>\n<meta property=\"og:description\" content=\"Teljes \u00e9rt\u00e9k\u0171 t\u00e1p \u00e1tlagos aktivit\u00e1s\u00fa, norm\u00e1l energiaig\u00e9ny\u0171 kuty\u00e1nak fajt\u00e1t\u00f3l f\u00fcggetlen\u00fcl. Kiszerel\u00e9s: 20 kg K\u00f6nnyen em\u00e9szthet\u0151T\u00e1mogatja az eg\u00e9szs\u00e9ges csontozatot Seg\u00edt fenntartani az eg\u00e9szs\u00e9ges tests\u00falyt\" \/>\n<meta property=\"og:url\" content=\"https:\/\/equusline-transylvania.ro\/ro\/produs\/rex-dexter-complete-szarazeledel-felnott-kutyaknak-20-kg\/\" \/>\n<meta property=\"og:site_name\" content=\"Equusline Transylvania\" \/>\n<meta property=\"article:publisher\" content=\"https:\/\/www.facebook.com\/profile.php?id=61564679939274\" \/>\n<meta property=\"article:modified_time\" content=\"2026-02-08T20:08:46+00:00\" \/>\n<meta property=\"og:image\" content=\"https:\/\/equusline-transylvania.ro\/wp-content\/uploads\/2026\/02\/dexter-complete-20kg.jpg\" \/>\n\t<meta property=\"og:image:width\" content=\"800\" \/>\n\t<meta property=\"og:image:height\" content=\"800\" \/>\n\t<meta property=\"og:image:type\" content=\"image\/jpeg\" \/>\n<meta name=\"twitter:card\" content=\"summary_large_image\" \/>\n<meta name=\"twitter:label1\" content=\"Timp estimat pentru citire\" \/>\n\t<meta name=\"twitter:data1\" content=\"2 minute\" \/>\n<script type=\"application\/ld+json\" class=\"yoast-schema-graph\">{\"@context\":\"https:\/\/schema.org\",\"@graph\":[{\"@type\":\"WebPage\",\"@id\":\"https:\/\/equusline-transylvania.ro\/termek\/rex-dexter-complete-szarazeledel-felnott-kutyaknak-20-kg\/\",\"url\":\"https:\/\/equusline-transylvania.ro\/termek\/rex-dexter-complete-szarazeledel-felnott-kutyaknak-20-kg\/\",\"name\":\"REX DEXTER Complete sz\u00e1razeledel feln\u0151tt kuty\u00e1knak 20 kg - Equusline Transylvania\",\"isPartOf\":{\"@id\":\"https:\/\/equusline-transylvania.ro\/hu\/#website\"},\"primaryImageOfPage\":{\"@id\":\"https:\/\/equusline-transylvania.ro\/termek\/rex-dexter-complete-szarazeledel-felnott-kutyaknak-20-kg\/#primaryimage\"},\"image\":{\"@id\":\"https:\/\/equusline-transylvania.ro\/termek\/rex-dexter-complete-szarazeledel-felnott-kutyaknak-20-kg\/#primaryimage\"},\"thumbnailUrl\":\"https:\/\/equusline-transylvania.ro\/wp-content\/uploads\/2026\/02\/dexter-complete-20kg.jpg\",\"datePublished\":\"2026-02-07T16:45:33+00:00\",\"dateModified\":\"2026-02-08T20:08:46+00:00\",\"description\":\"Teljes \u00e9rt\u00e9k\u0171 t\u00e1p \u00e1tlagos aktivit\u00e1s\u00fa, norm\u00e1l energiaig\u00e9ny\u0171 kuty\u00e1nak fajt\u00e1t\u00f3l f\u00fcggetlen\u00fcl. Kiszerel\u00e9s: 20 kg K\u00f6nnyen em\u00e9szthet\u0151T\u00e1mogatja az eg\u00e9szs\u00e9ges csontozatot Seg\u00edt fenntartani az eg\u00e9szs\u00e9ges tests\u00falyt\",\"breadcrumb\":{\"@id\":\"https:\/\/equusline-transylvania.ro\/termek\/rex-dexter-complete-szarazeledel-felnott-kutyaknak-20-kg\/#breadcrumb\"},\"inLanguage\":\"ro-RO\",\"potentialAction\":[{\"@type\":\"ReadAction\",\"target\":[\"https:\/\/equusline-transylvania.ro\/termek\/rex-dexter-complete-szarazeledel-felnott-kutyaknak-20-kg\/\"]}]},{\"@type\":\"ImageObject\",\"inLanguage\":\"ro-RO\",\"@id\":\"https:\/\/equusline-transylvania.ro\/termek\/rex-dexter-complete-szarazeledel-felnott-kutyaknak-20-kg\/#primaryimage\",\"url\":\"https:\/\/equusline-transylvania.ro\/wp-content\/uploads\/2026\/02\/dexter-complete-20kg.jpg\",\"contentUrl\":\"https:\/\/equusline-transylvania.ro\/wp-content\/uploads\/2026\/02\/dexter-complete-20kg.jpg\",\"width\":800,\"height\":800},{\"@type\":\"BreadcrumbList\",\"@id\":\"https:\/\/equusline-transylvania.ro\/termek\/rex-dexter-complete-szarazeledel-felnott-kutyaknak-20-kg\/#breadcrumb\",\"itemListElement\":[{\"@type\":\"ListItem\",\"position\":1,\"name\":\"Kezd\u0151lap\",\"item\":\"https:\/\/equusline-transylvania.ro\/\"},{\"@type\":\"ListItem\",\"position\":2,\"name\":\"Term\u00e9keink\",\"item\":\"https:\/\/equusline-transylvania.ro\/\"},{\"@type\":\"ListItem\",\"position\":3,\"name\":\"REX DEXTER Complete sz\u00e1razeledel feln\u0151tt kuty\u00e1knak 20 kg\"}]},{\"@type\":\"WebSite\",\"@id\":\"https:\/\/equusline-transylvania.ro\/hu\/#website\",\"url\":\"https:\/\/equusline-transylvania.ro\/hu\/\",\"name\":\"Equusline Transylvania\",\"description\":\"\",\"publisher\":{\"@id\":\"https:\/\/equusline-transylvania.ro\/hu\/#organization\"},\"potentialAction\":[{\"@type\":\"SearchAction\",\"target\":{\"@type\":\"EntryPoint\",\"urlTemplate\":\"https:\/\/equusline-transylvania.ro\/hu\/?s={search_term_string}\"},\"query-input\":{\"@type\":\"PropertyValueSpecification\",\"valueRequired\":true,\"valueName\":\"search_term_string\"}}],\"inLanguage\":\"ro-RO\"},{\"@type\":\"Organization\",\"@id\":\"https:\/\/equusline-transylvania.ro\/hu\/#organization\",\"name\":\"Equusline Transylvania\",\"url\":\"https:\/\/equusline-transylvania.ro\/hu\/\",\"logo\":{\"@type\":\"ImageObject\",\"inLanguage\":\"ro-RO\",\"@id\":\"https:\/\/equusline-transylvania.ro\/hu\/#\/schema\/logo\/image\/\",\"url\":\"https:\/\/equusline-transylvania.ro\/wp-content\/uploads\/2024\/10\/equusline-ro.webp\",\"contentUrl\":\"https:\/\/equusline-transylvania.ro\/wp-content\/uploads\/2024\/10\/equusline-ro.webp\",\"width\":864,\"height\":397,\"caption\":\"Equusline Transylvania\"},\"image\":{\"@id\":\"https:\/\/equusline-transylvania.ro\/hu\/#\/schema\/logo\/image\/\"},\"sameAs\":[\"https:\/\/www.facebook.com\/profile.php?id=61564679939274\",\"https:\/\/www.instagram.com\/equusline_transylvania\"]}]}<\/script>\n<!-- \/ Yoast SEO plugin. -->","yoast_head_json":{"title":"REX DEXTER Complete sz\u00e1razeledel feln\u0151tt kuty\u00e1knak 20 kg - Equusline Transylvania","description":"Teljes \u00e9rt\u00e9k\u0171 t\u00e1p \u00e1tlagos aktivit\u00e1s\u00fa, norm\u00e1l energiaig\u00e9ny\u0171 kuty\u00e1nak fajt\u00e1t\u00f3l f\u00fcggetlen\u00fcl. Kiszerel\u00e9s: 20 kg K\u00f6nnyen em\u00e9szthet\u0151T\u00e1mogatja az eg\u00e9szs\u00e9ges csontozatot Seg\u00edt fenntartani az eg\u00e9szs\u00e9ges tests\u00falyt","robots":{"index":"index","follow":"follow","max-snippet":"max-snippet:-1","max-image-preview":"max-image-preview:large","max-video-preview":"max-video-preview:-1"},"canonical":"https:\/\/equusline-transylvania.ro\/ro\/produs\/rex-dexter-complete-szarazeledel-felnott-kutyaknak-20-kg\/","og_locale":"ro_RO","og_type":"article","og_title":"REX DEXTER Complete sz\u00e1razeledel feln\u0151tt kuty\u00e1knak 20 kg - Equusline Transylvania","og_description":"Teljes \u00e9rt\u00e9k\u0171 t\u00e1p \u00e1tlagos aktivit\u00e1s\u00fa, norm\u00e1l energiaig\u00e9ny\u0171 kuty\u00e1nak fajt\u00e1t\u00f3l f\u00fcggetlen\u00fcl. Kiszerel\u00e9s: 20 kg K\u00f6nnyen em\u00e9szthet\u0151T\u00e1mogatja az eg\u00e9szs\u00e9ges csontozatot Seg\u00edt fenntartani az eg\u00e9szs\u00e9ges tests\u00falyt","og_url":"https:\/\/equusline-transylvania.ro\/ro\/produs\/rex-dexter-complete-szarazeledel-felnott-kutyaknak-20-kg\/","og_site_name":"Equusline Transylvania","article_publisher":"https:\/\/www.facebook.com\/profile.php?id=61564679939274","article_modified_time":"2026-02-08T20:08:46+00:00","og_image":[{"width":800,"height":800,"url":"https:\/\/equusline-transylvania.ro\/wp-content\/uploads\/2026\/02\/dexter-complete-20kg.jpg","type":"image\/jpeg"}],"twitter_card":"summary_large_image","twitter_misc":{"Timp estimat pentru citire":"2 minute"},"schema":{"@context":"https:\/\/schema.org","@graph":[{"@type":"WebPage","@id":"https:\/\/equusline-transylvania.ro\/termek\/rex-dexter-complete-szarazeledel-felnott-kutyaknak-20-kg\/","url":"https:\/\/equusline-transylvania.ro\/termek\/rex-dexter-complete-szarazeledel-felnott-kutyaknak-20-kg\/","name":"REX DEXTER Complete sz\u00e1razeledel feln\u0151tt kuty\u00e1knak 20 kg - Equusline Transylvania","isPartOf":{"@id":"https:\/\/equusline-transylvania.ro\/hu\/#website"},"primaryImageOfPage":{"@id":"https:\/\/equusline-transylvania.ro\/termek\/rex-dexter-complete-szarazeledel-felnott-kutyaknak-20-kg\/#primaryimage"},"image":{"@id":"https:\/\/equusline-transylvania.ro\/termek\/rex-dexter-complete-szarazeledel-felnott-kutyaknak-20-kg\/#primaryimage"},"thumbnailUrl":"https:\/\/equusline-transylvania.ro\/wp-content\/uploads\/2026\/02\/dexter-complete-20kg.jpg","datePublished":"2026-02-07T16:45:33+00:00","dateModified":"2026-02-08T20:08:46+00:00","description":"Teljes \u00e9rt\u00e9k\u0171 t\u00e1p \u00e1tlagos aktivit\u00e1s\u00fa, norm\u00e1l energiaig\u00e9ny\u0171 kuty\u00e1nak fajt\u00e1t\u00f3l f\u00fcggetlen\u00fcl. Kiszerel\u00e9s: 20 kg K\u00f6nnyen em\u00e9szthet\u0151T\u00e1mogatja az eg\u00e9szs\u00e9ges csontozatot Seg\u00edt fenntartani az eg\u00e9szs\u00e9ges tests\u00falyt","breadcrumb":{"@id":"https:\/\/equusline-transylvania.ro\/termek\/rex-dexter-complete-szarazeledel-felnott-kutyaknak-20-kg\/#breadcrumb"},"inLanguage":"ro-RO","potentialAction":[{"@type":"ReadAction","target":["https:\/\/equusline-transylvania.ro\/termek\/rex-dexter-complete-szarazeledel-felnott-kutyaknak-20-kg\/"]}]},{"@type":"ImageObject","inLanguage":"ro-RO","@id":"https:\/\/equusline-transylvania.ro\/termek\/rex-dexter-complete-szarazeledel-felnott-kutyaknak-20-kg\/#primaryimage","url":"https:\/\/equusline-transylvania.ro\/wp-content\/uploads\/2026\/02\/dexter-complete-20kg.jpg","contentUrl":"https:\/\/equusline-transylvania.ro\/wp-content\/uploads\/2026\/02\/dexter-complete-20kg.jpg","width":800,"height":800},{"@type":"BreadcrumbList","@id":"https:\/\/equusline-transylvania.ro\/termek\/rex-dexter-complete-szarazeledel-felnott-kutyaknak-20-kg\/#breadcrumb","itemListElement":[{"@type":"ListItem","position":1,"name":"Kezd\u0151lap","item":"https:\/\/equusline-transylvania.ro\/"},{"@type":"ListItem","position":2,"name":"Term\u00e9keink","item":"https:\/\/equusline-transylvania.ro\/"},{"@type":"ListItem","position":3,"name":"REX DEXTER Complete sz\u00e1razeledel feln\u0151tt kuty\u00e1knak 20 kg"}]},{"@type":"WebSite","@id":"https:\/\/equusline-transylvania.ro\/hu\/#website","url":"https:\/\/equusline-transylvania.ro\/hu\/","name":"Equusline Transilvania","description":"","publisher":{"@id":"https:\/\/equusline-transylvania.ro\/hu\/#organization"},"potentialAction":[{"@type":"SearchAction","target":{"@type":"EntryPoint","urlTemplate":"https:\/\/equusline-transylvania.ro\/hu\/?s={search_term_string}"},"query-input":{"@type":"PropertyValueSpecification","valueRequired":true,"valueName":"search_term_string"}}],"inLanguage":"ro-RO"},{"@type":"Organization","@id":"https:\/\/equusline-transylvania.ro\/hu\/#organization","name":"Equusline Transilvania","url":"https:\/\/equusline-transylvania.ro\/hu\/","logo":{"@type":"ImageObject","inLanguage":"ro-RO","@id":"https:\/\/equusline-transylvania.ro\/hu\/#\/schema\/logo\/image\/","url":"https:\/\/equusline-transylvania.ro\/wp-content\/uploads\/2024\/10\/equusline-ro.webp","contentUrl":"https:\/\/equusline-transylvania.ro\/wp-content\/uploads\/2024\/10\/equusline-ro.webp","width":864,"height":397,"caption":"Equusline Transylvania"},"image":{"@id":"https:\/\/equusline-transylvania.ro\/hu\/#\/schema\/logo\/image\/"},"sameAs":["https:\/\/www.facebook.com\/profile.php?id=61564679939274","https:\/\/www.instagram.com\/equusline_transylvania"]}]}},"_links":{"self":[{"href":"https:\/\/equusline-transylvania.ro\/ro\/wp-json\/wp\/v2\/product\/442","targetHints":{"allow":["GET"]}}],"collection":[{"href":"https:\/\/equusline-transylvania.ro\/ro\/wp-json\/wp\/v2\/product"}],"about":[{"href":"https:\/\/equusline-transylvania.ro\/ro\/wp-json\/wp\/v2\/types\/product"}],"replies":[{"embeddable":true,"href":"https:\/\/equusline-transylvania.ro\/ro\/wp-json\/wp\/v2\/comments?post=442"}],"wp:featuredmedia":[{"embeddable":true,"href":"https:\/\/equusline-transylvania.ro\/ro\/wp-json\/wp\/v2\/media\/443"}],"wp:attachment":[{"href":"https:\/\/equusline-transylvania.ro\/ro\/wp-json\/wp\/v2\/media?parent=442"}],"wp:term":[{"taxonomy":"product_cat","embeddable":true,"href":"https:\/\/equusline-transylvania.ro\/ro\/wp-json\/wp\/v2\/product_cat?post=442"},{"taxonomy":"product_tag","embeddable":true,"href":"https:\/\/equusline-transylvania.ro\/ro\/wp-json\/wp\/v2\/product_tag?post=442"}],"curies":[{"name":"wp","href":"https:\/\/api.w.org\/{rel}","templated":true}]}}