{"id":40,"date":"2017-01-02T10:16:56","date_gmt":"2017-01-02T09:16:56","guid":{"rendered":"https:\/\/equusline-transylvania.ro\/termek\/optima-pellet-alaptakarmany-csikok-szamara-20-kg\/"},"modified":"2026-01-29T16:14:08","modified_gmt":"2026-01-29T15:14:08","slug":"optima-pellet-alaptakarmany-csikok-szamara-20-kg","status":"publish","type":"product","link":"https:\/\/equusline-transylvania.ro\/ro\/produs\/optima-pellet-alaptakarmany-csikok-szamara-20-kg\/","title":{"rendered":"Pelete \"Optima\" pentru m\u00e2nji 20 kg"},"content":{"rendered":"<div>Hran\u0103 de baz\u0103 complet\u0103 \u0219i economic\u0103 sub form\u0103 de pelete pentru m\u00e2nji de la v\u00e2rsta de 4 luni la 2 ani.<\/div>\n<div>Niveluri optime de energie, proteine digestibile de \u00eenalt\u0103 calitate, calciu - fosfor - minerale esen\u021biale pentru formarea oaselor \u0219i alte minerale esen\u021biale, aminoacizi, oligoelemente \u0219i vitamine.<\/div>\n<div><\/div>\n<div>Ra\u021bia zilnic\u0103: 0,25 kg - 4,00 kg, \u00een func\u021bie de v\u00e2rsta \u0219i m\u0103rimea m\u00e2nzului, precum \u0219i de cantitatea \u0219i compozi\u021bia altor alimente.<\/div>\n<div><\/div>\n<div><strong>Dozare recomandat\u0103:<\/strong><\/div>\n<div>de la v\u00e2rsta de aproximativ 3 luni, dup\u0103 o introducere treptat\u0103, ini\u021bial 0,25 kg, care poate fi crescut\u0103 la 1 kg\/zi de la v\u00e2rsta de 6 luni.<\/div>\n<div>1-2 kg la v\u00e2rsta de 6-12 luni,<\/div>\n<div>La v\u00e2rsta de 1-2 ani, se recomand\u0103 hr\u0103nirea cu 2-4 kg, cu cel pu\u021bin 2 hr\u0103niri pe zi.<\/div>\n<div>Ad\u0103uga\u021bi hran\u0103 fibroas\u0103 de bun\u0103 calitate.<\/div>\n<div>Ov\u0103zul poate fi ad\u0103ugat \u00een func\u021bie de nevoile individuale. Pentru rezisten\u021b\u0103 maxim\u0103 \u0219i dezvoltare s\u0103n\u0103toas\u0103, v\u0103 recomand\u0103m, de asemenea <a href=\"http:\/\/equimins.hu\/index.php?mact=Products,cntnt01,details,0&amp;cntnt01productid=126&amp;cntnt01returnid=18\" target=\"_blank\" rel=\"noopener\">Equimins Stoc t\u00e2n\u0103r<\/a> sau <a href=\"http:\/\/equimins.hu\/index.php?mact=Products,cntnt01,details,0&amp;cntnt01productid=25&amp;cntnt01returnid=18\" target=\"_blank\" rel=\"noopener\">Avans <\/a>hran\u0103 suplimentar\u0103 pentru to\u021bi m\u00e2njii \u00eencep\u00e2nd cu 14 zile de la na\u0219tere, la o rat\u0103 de 10 g\/zi.<\/div>\n<div><\/div>\n<div><strong>REZUMAT:<\/strong><\/div>\n<div><\/div>\n<div>Energie digerabil\u0103: 2645,875 Kcal\/kg<\/div>\n<div><\/div>\n<div>Ov\u0103z, t\u0103r\u00e2\u021be de gr\u00e2u, lucern\u0103, fulgi de soia, fulgi de porumb, orz, melas\u0103 de trestie de zah\u0103r, aditiv de var furajer, ulei de palmier, clorur\u0103 de sodiu (sare).<\/div>\n<p>Protein\u0103 brut\u0103 - 13,00 %<br \/>\nUlei brut \u0219i gr\u0103sime brut\u0103 - 3,60 %<br \/>\nFibr\u0103 brut\u0103 - 12,70 %<br \/>\nCenu\u0219\u0103 brut\u0103 - 8,20 %<br \/>\nCalciu - 0,84 %<br \/>\nFosfor - 0,49 %<br \/>\nSodiu - 0,41 %<\/p>\n<p>\u00cent\u0103ritor: 24,94%<br \/>\nZah\u0103r: 3,76%<\/p>\n<p><strong>Vitamine, provitamine \u0219i alte substan\u021be<\/strong><\/p>\n<p>Vitamina A - 4,500.00 UI\/kg<br \/>\nVitamina D3 - 450.00 UI\/kg<br \/>\nVitamina E (alfa-tocoferol) - 45,00 mg\/Kg<br \/>\nVitamina B1 - 2,30 mg\/Kg<br \/>\nVitamina B2 - 1,35 mg\/Kg<br \/>\nVitamina B12 - 6,80 mcgr\/Kg<br \/>\nVitamina K - 0,90 mg\/Kg<br \/>\nBiotin\u0103 - 0,20 mg\/Kg<br \/>\nAcid folic - 0,45 mg\/Kg<br \/>\nClorur\u0103 de colin\u0103 - 100 mg\/Kg<br \/>\nNiacina - 3,60 mg\/Kg<br \/>\nAcid pantotenic (vitamina B5) - 2,30 mg\/Kg<\/p>\n<p><strong>Elemente micro \u0219i macro<\/strong><\/p>\n<p>Fier (carbonat de fier) - 30,00 mg\/Kg<br \/>\nIod (iodur\u0103 de potasiu) - 0,30 mg\/kg<br \/>\nCobalt (carbonat de cobalt monohidrat) - 0,25 mg\/kg<br \/>\nCupru (sulfat de cupru pentahidrat) - 5,00 mg\/kg<br \/>\nMangan (oxid de mangan) - 20,00 mg\/kg<br \/>\nZinc (sulfat de zinc monohidrat) - 30,00 mg\/kg<br \/>\nSeleniu (selenit de seleniu) - 0,05 mg\/kg<\/p>\n<p>Ambalare: sac de 20 kg<\/p>","protected":false},"excerpt":{"rendered":"<p>Nivel optim de energie sub form\u0103 de pelete alimentare de baz\u0103 complete \u0219i economice pentru m\u00e2nji de la 4 luni la 2 ani.<\/p>\n<p>&nbsp;<\/p>","protected":false},"featured_media":41,"comment_status":"open","ping_status":"closed","template":"","meta":{"_et_pb_use_builder":"","_et_pb_old_content":"","_et_gb_content_width":""},"product_cat":[98],"product_tag":[86],"class_list":{"0":"post-40","1":"product","2":"type-product","3":"status-publish","4":"has-post-thumbnail","6":"product_cat-equusline-lotapok","7":"product_tag-lovaknak","9":"first","10":"instock","11":"taxable","12":"shipping-taxable","13":"purchasable","14":"product-type-simple"},"yoast_head":"<!-- This site is optimized with the Yoast SEO plugin v24.0 - https:\/\/yoast.com\/wordpress\/plugins\/seo\/ -->\n<title>&#039;Optima&#039; pellet alaptakarm\u00e1ny csik\u00f3k sz\u00e1m\u00e1ra 20 kg - Equusline Transylvania<\/title>\n<meta name=\"robots\" content=\"index, follow, max-snippet:-1, max-image-preview:large, max-video-preview:-1\" \/>\n<link rel=\"canonical\" href=\"https:\/\/equusline-transylvania.ro\/ro\/produs\/optima-pellet-alaptakarmany-csikok-szamara-20-kg\/\" \/>\n<meta property=\"og:locale\" content=\"ro_RO\" \/>\n<meta property=\"og:type\" content=\"article\" \/>\n<meta property=\"og:title\" content=\"&#039;Optima&#039; pellet alaptakarm\u00e1ny csik\u00f3k sz\u00e1m\u00e1ra 20 kg - Equusline Transylvania\" \/>\n<meta property=\"og:description\" content=\"Optim\u00e1lis energiaszint\u0171 teljes \u00e9rt\u00e9k\u0171, gazdas\u00e1gos alaptakarm\u00e1ny pellet form\u00e1j\u00e1ban csik\u00f3k sz\u00e1m\u00e1ra 4 h\u00f3napos kort\u00f3l 2 \u00e9ves korig.  &nbsp;\" \/>\n<meta property=\"og:url\" content=\"https:\/\/equusline-transylvania.ro\/ro\/produs\/optima-pellet-alaptakarmany-csikok-szamara-20-kg\/\" \/>\n<meta property=\"og:site_name\" content=\"Equusline Transylvania\" \/>\n<meta property=\"article:publisher\" content=\"https:\/\/www.facebook.com\/profile.php?id=61564679939274\" \/>\n<meta property=\"article:modified_time\" content=\"2026-01-29T15:14:08+00:00\" \/>\n<meta property=\"og:image\" content=\"https:\/\/equusline-transylvania.ro\/wp-content\/uploads\/2024\/10\/performance-optima-copia.png\" \/>\n\t<meta property=\"og:image:width\" content=\"607\" \/>\n\t<meta property=\"og:image:height\" content=\"756\" \/>\n\t<meta property=\"og:image:type\" content=\"image\/png\" \/>\n<meta name=\"twitter:card\" content=\"summary_large_image\" \/>\n<meta name=\"twitter:label1\" content=\"Timp estimat pentru citire\" \/>\n\t<meta name=\"twitter:data1\" content=\"2 minute\" \/>\n<script type=\"application\/ld+json\" class=\"yoast-schema-graph\">{\"@context\":\"https:\/\/schema.org\",\"@graph\":[{\"@type\":\"WebPage\",\"@id\":\"https:\/\/equusline-transylvania.ro\/termek\/optima-pellet-alaptakarmany-csikok-szamara-20-kg\/\",\"url\":\"https:\/\/equusline-transylvania.ro\/termek\/optima-pellet-alaptakarmany-csikok-szamara-20-kg\/\",\"name\":\"'Optima' pellet alaptakarm\u00e1ny csik\u00f3k sz\u00e1m\u00e1ra 20 kg - Equusline Transylvania\",\"isPartOf\":{\"@id\":\"https:\/\/equusline-transylvania.ro\/hu\/#website\"},\"primaryImageOfPage\":{\"@id\":\"https:\/\/equusline-transylvania.ro\/termek\/optima-pellet-alaptakarmany-csikok-szamara-20-kg\/#primaryimage\"},\"image\":{\"@id\":\"https:\/\/equusline-transylvania.ro\/termek\/optima-pellet-alaptakarmany-csikok-szamara-20-kg\/#primaryimage\"},\"thumbnailUrl\":\"https:\/\/equusline-transylvania.ro\/wp-content\/uploads\/2024\/10\/performance-optima-copia.png\",\"datePublished\":\"2017-01-02T09:16:56+00:00\",\"dateModified\":\"2026-01-29T15:14:08+00:00\",\"breadcrumb\":{\"@id\":\"https:\/\/equusline-transylvania.ro\/termek\/optima-pellet-alaptakarmany-csikok-szamara-20-kg\/#breadcrumb\"},\"inLanguage\":\"ro-RO\",\"potentialAction\":[{\"@type\":\"ReadAction\",\"target\":[\"https:\/\/equusline-transylvania.ro\/termek\/optima-pellet-alaptakarmany-csikok-szamara-20-kg\/\"]}]},{\"@type\":\"ImageObject\",\"inLanguage\":\"ro-RO\",\"@id\":\"https:\/\/equusline-transylvania.ro\/termek\/optima-pellet-alaptakarmany-csikok-szamara-20-kg\/#primaryimage\",\"url\":\"https:\/\/equusline-transylvania.ro\/wp-content\/uploads\/2024\/10\/performance-optima-copia.png\",\"contentUrl\":\"https:\/\/equusline-transylvania.ro\/wp-content\/uploads\/2024\/10\/performance-optima-copia.png\",\"width\":607,\"height\":756},{\"@type\":\"BreadcrumbList\",\"@id\":\"https:\/\/equusline-transylvania.ro\/termek\/optima-pellet-alaptakarmany-csikok-szamara-20-kg\/#breadcrumb\",\"itemListElement\":[{\"@type\":\"ListItem\",\"position\":1,\"name\":\"Kezd\u0151lap\",\"item\":\"https:\/\/equusline-transylvania.ro\/\"},{\"@type\":\"ListItem\",\"position\":2,\"name\":\"Term\u00e9keink\",\"item\":\"https:\/\/equusline-transylvania.ro\/\"},{\"@type\":\"ListItem\",\"position\":3,\"name\":\"&#8216;Optima&#8217; pellet alaptakarm\u00e1ny csik\u00f3k sz\u00e1m\u00e1ra 20 kg\"}]},{\"@type\":\"WebSite\",\"@id\":\"https:\/\/equusline-transylvania.ro\/hu\/#website\",\"url\":\"https:\/\/equusline-transylvania.ro\/hu\/\",\"name\":\"Equusline Transylvania\",\"description\":\"\",\"publisher\":{\"@id\":\"https:\/\/equusline-transylvania.ro\/hu\/#organization\"},\"potentialAction\":[{\"@type\":\"SearchAction\",\"target\":{\"@type\":\"EntryPoint\",\"urlTemplate\":\"https:\/\/equusline-transylvania.ro\/hu\/?s={search_term_string}\"},\"query-input\":{\"@type\":\"PropertyValueSpecification\",\"valueRequired\":true,\"valueName\":\"search_term_string\"}}],\"inLanguage\":\"ro-RO\"},{\"@type\":\"Organization\",\"@id\":\"https:\/\/equusline-transylvania.ro\/hu\/#organization\",\"name\":\"Equusline Transylvania\",\"url\":\"https:\/\/equusline-transylvania.ro\/hu\/\",\"logo\":{\"@type\":\"ImageObject\",\"inLanguage\":\"ro-RO\",\"@id\":\"https:\/\/equusline-transylvania.ro\/hu\/#\/schema\/logo\/image\/\",\"url\":\"https:\/\/equusline-transylvania.ro\/wp-content\/uploads\/2024\/10\/equusline-ro.webp\",\"contentUrl\":\"https:\/\/equusline-transylvania.ro\/wp-content\/uploads\/2024\/10\/equusline-ro.webp\",\"width\":864,\"height\":397,\"caption\":\"Equusline Transylvania\"},\"image\":{\"@id\":\"https:\/\/equusline-transylvania.ro\/hu\/#\/schema\/logo\/image\/\"},\"sameAs\":[\"https:\/\/www.facebook.com\/profile.php?id=61564679939274\",\"https:\/\/www.instagram.com\/equusline_transylvania\"]}]}<\/script>\n<!-- \/ Yoast SEO plugin. -->","yoast_head_json":{"title":"'Optima' pellet alaptakarm\u00e1ny csik\u00f3k sz\u00e1m\u00e1ra 20 kg - Equusline Transylvania","robots":{"index":"index","follow":"follow","max-snippet":"max-snippet:-1","max-image-preview":"max-image-preview:large","max-video-preview":"max-video-preview:-1"},"canonical":"https:\/\/equusline-transylvania.ro\/ro\/produs\/optima-pellet-alaptakarmany-csikok-szamara-20-kg\/","og_locale":"ro_RO","og_type":"article","og_title":"'Optima' pellet alaptakarm\u00e1ny csik\u00f3k sz\u00e1m\u00e1ra 20 kg - Equusline Transylvania","og_description":"Optim\u00e1lis energiaszint\u0171 teljes \u00e9rt\u00e9k\u0171, gazdas\u00e1gos alaptakarm\u00e1ny pellet form\u00e1j\u00e1ban csik\u00f3k sz\u00e1m\u00e1ra 4 h\u00f3napos kort\u00f3l 2 \u00e9ves korig.  &nbsp;","og_url":"https:\/\/equusline-transylvania.ro\/ro\/produs\/optima-pellet-alaptakarmany-csikok-szamara-20-kg\/","og_site_name":"Equusline Transylvania","article_publisher":"https:\/\/www.facebook.com\/profile.php?id=61564679939274","article_modified_time":"2026-01-29T15:14:08+00:00","og_image":[{"width":607,"height":756,"url":"https:\/\/equusline-transylvania.ro\/wp-content\/uploads\/2024\/10\/performance-optima-copia.png","type":"image\/png"}],"twitter_card":"summary_large_image","twitter_misc":{"Timp estimat pentru citire":"2 minute"},"schema":{"@context":"https:\/\/schema.org","@graph":[{"@type":"WebPage","@id":"https:\/\/equusline-transylvania.ro\/termek\/optima-pellet-alaptakarmany-csikok-szamara-20-kg\/","url":"https:\/\/equusline-transylvania.ro\/termek\/optima-pellet-alaptakarmany-csikok-szamara-20-kg\/","name":"'Optima' pellet alaptakarm\u00e1ny csik\u00f3k sz\u00e1m\u00e1ra 20 kg - Equusline Transylvania","isPartOf":{"@id":"https:\/\/equusline-transylvania.ro\/hu\/#website"},"primaryImageOfPage":{"@id":"https:\/\/equusline-transylvania.ro\/termek\/optima-pellet-alaptakarmany-csikok-szamara-20-kg\/#primaryimage"},"image":{"@id":"https:\/\/equusline-transylvania.ro\/termek\/optima-pellet-alaptakarmany-csikok-szamara-20-kg\/#primaryimage"},"thumbnailUrl":"https:\/\/equusline-transylvania.ro\/wp-content\/uploads\/2024\/10\/performance-optima-copia.png","datePublished":"2017-01-02T09:16:56+00:00","dateModified":"2026-01-29T15:14:08+00:00","breadcrumb":{"@id":"https:\/\/equusline-transylvania.ro\/termek\/optima-pellet-alaptakarmany-csikok-szamara-20-kg\/#breadcrumb"},"inLanguage":"ro-RO","potentialAction":[{"@type":"ReadAction","target":["https:\/\/equusline-transylvania.ro\/termek\/optima-pellet-alaptakarmany-csikok-szamara-20-kg\/"]}]},{"@type":"ImageObject","inLanguage":"ro-RO","@id":"https:\/\/equusline-transylvania.ro\/termek\/optima-pellet-alaptakarmany-csikok-szamara-20-kg\/#primaryimage","url":"https:\/\/equusline-transylvania.ro\/wp-content\/uploads\/2024\/10\/performance-optima-copia.png","contentUrl":"https:\/\/equusline-transylvania.ro\/wp-content\/uploads\/2024\/10\/performance-optima-copia.png","width":607,"height":756},{"@type":"BreadcrumbList","@id":"https:\/\/equusline-transylvania.ro\/termek\/optima-pellet-alaptakarmany-csikok-szamara-20-kg\/#breadcrumb","itemListElement":[{"@type":"ListItem","position":1,"name":"Kezd\u0151lap","item":"https:\/\/equusline-transylvania.ro\/"},{"@type":"ListItem","position":2,"name":"Term\u00e9keink","item":"https:\/\/equusline-transylvania.ro\/"},{"@type":"ListItem","position":3,"name":"&#8216;Optima&#8217; pellet alaptakarm\u00e1ny csik\u00f3k sz\u00e1m\u00e1ra 20 kg"}]},{"@type":"WebSite","@id":"https:\/\/equusline-transylvania.ro\/hu\/#website","url":"https:\/\/equusline-transylvania.ro\/hu\/","name":"Equusline Transilvania","description":"","publisher":{"@id":"https:\/\/equusline-transylvania.ro\/hu\/#organization"},"potentialAction":[{"@type":"SearchAction","target":{"@type":"EntryPoint","urlTemplate":"https:\/\/equusline-transylvania.ro\/hu\/?s={search_term_string}"},"query-input":{"@type":"PropertyValueSpecification","valueRequired":true,"valueName":"search_term_string"}}],"inLanguage":"ro-RO"},{"@type":"Organization","@id":"https:\/\/equusline-transylvania.ro\/hu\/#organization","name":"Equusline Transilvania","url":"https:\/\/equusline-transylvania.ro\/hu\/","logo":{"@type":"ImageObject","inLanguage":"ro-RO","@id":"https:\/\/equusline-transylvania.ro\/hu\/#\/schema\/logo\/image\/","url":"https:\/\/equusline-transylvania.ro\/wp-content\/uploads\/2024\/10\/equusline-ro.webp","contentUrl":"https:\/\/equusline-transylvania.ro\/wp-content\/uploads\/2024\/10\/equusline-ro.webp","width":864,"height":397,"caption":"Equusline Transylvania"},"image":{"@id":"https:\/\/equusline-transylvania.ro\/hu\/#\/schema\/logo\/image\/"},"sameAs":["https:\/\/www.facebook.com\/profile.php?id=61564679939274","https:\/\/www.instagram.com\/equusline_transylvania"]}]}},"_links":{"self":[{"href":"https:\/\/equusline-transylvania.ro\/ro\/wp-json\/wp\/v2\/product\/40","targetHints":{"allow":["GET"]}}],"collection":[{"href":"https:\/\/equusline-transylvania.ro\/ro\/wp-json\/wp\/v2\/product"}],"about":[{"href":"https:\/\/equusline-transylvania.ro\/ro\/wp-json\/wp\/v2\/types\/product"}],"replies":[{"embeddable":true,"href":"https:\/\/equusline-transylvania.ro\/ro\/wp-json\/wp\/v2\/comments?post=40"}],"wp:featuredmedia":[{"embeddable":true,"href":"https:\/\/equusline-transylvania.ro\/ro\/wp-json\/wp\/v2\/media\/41"}],"wp:attachment":[{"href":"https:\/\/equusline-transylvania.ro\/ro\/wp-json\/wp\/v2\/media?parent=40"}],"wp:term":[{"taxonomy":"product_cat","embeddable":true,"href":"https:\/\/equusline-transylvania.ro\/ro\/wp-json\/wp\/v2\/product_cat?post=40"},{"taxonomy":"product_tag","embeddable":true,"href":"https:\/\/equusline-transylvania.ro\/ro\/wp-json\/wp\/v2\/product_tag?post=40"}],"curies":[{"name":"wp","href":"https:\/\/api.w.org\/{rel}","templated":true}]}}