{"id":35,"date":"2016-11-11T09:45:06","date_gmt":"2016-11-11T08:45:06","guid":{"rendered":"https:\/\/equusline-transylvania.ro\/termek\/digest-pellet-az-emesztorendszer-mukodest-tamogato-teljes-erteku-takarmany-20-kg\/"},"modified":"2026-01-29T15:56:39","modified_gmt":"2026-01-29T14:56:39","slug":"digest-pellet-az-emesztorendszer-mukodest-tamogato-teljes-erteku-takarmany-20-kg","status":"publish","type":"product","link":"https:\/\/equusline-transylvania.ro\/ro\/produs\/digest-pellet-az-emesztorendszer-mukodest-tamogato-teljes-erteku-takarmany-20-kg\/","title":{"rendered":"\"Digest\" pelete hran\u0103 complet\u0103 pentru sus\u021binerea sistemului digestiv 20 kg"},"content":{"rendered":"<p>Hran\u0103 complet\u0103 special\u0103 sub form\u0103 de pelete pentru sus\u021binerea sistemului digestiv. Hran\u0103 de baz\u0103 economic\u0103 cu con\u021binut ridicat de proteine \u0219i fibre. Recomandat cailor cu probleme digestive, ulcer gastric, cailor predispu\u0219i la colici \u0219i cailor b\u0103tr\u00e2ni. Hran\u0103 cu fibre. Ra\u021bie zilnic\u0103 recomandat\u0103: 1,00 kg - 3,00 kg \u00een func\u021bie de m\u0103rimea calului \u0219i de \u00eenc\u0103rc\u0103tur\u0103. Avantajul peletelor mari este c\u0103 \u00eencurajeaz\u0103 calul s\u0103 mestece, ceea ce cre\u0219te produc\u021bia de saliv\u0103 \u0219i sucuri digestive. Pentru cai, rata de mestecare este de aproximativ 1500-3000 de mestec\u0103ri\/kg, \u00een func\u021bie de tipul de hran\u0103, iar produc\u021bia zilnic\u0103 de saliv\u0103 este de aproximativ 40 de litri.<\/p>\n<p><strong> REZUMAT:<\/strong><\/p>\n<p>Energie digerabil\u0103: 2386,8 Kcal\/kg<\/p>\n<p>Ov\u0103z, t\u0103r\u00e2\u021be de gr\u00e2u, fulgi de soia, lucern\u0103, fulgi de porumb, melas\u0103 de trestie de zah\u0103r, orz, aditiv de var furajer, clorur\u0103 de sodiu (sare).<\/p>\n<p>Protein\u0103 brut\u0103 13,50 %<br \/>\nUlei brut \u0219i gr\u0103simi 3,20 %<br \/>\nFibr\u0103 brut\u0103 14,70 %<br \/>\nCenu\u0219\u0103 brut\u0103 7,30 %<br \/>\nCalciu 0,81 %<br \/>\nFosfor 0,59 %<br \/>\nSodiu 0,42 %<\/p>\n<p>\u00cent\u0103ritor: 17,63%<br \/>\nZah\u0103r: 5,37%<\/p>\n<p><strong>Vitamine, provitamine \u0219i alte substan\u021be<\/strong><\/p>\n<p>Vitamina A (E-672) 9,000.00 UI\/kg<br \/>\nVitamina D3 (E-671) 900,00 UI\/kg<br \/>\nVitamina E (alfa-tocoferol) 90,00 mg\/Kg<br \/>\nB1 Vitamina 4,50 mg\/Kg<br \/>\nB2 Vitamina 2,70 mg\/Kg<br \/>\nVitamina B12 13,60 mcgr\/Kg<br \/>\nVitamina K 1,80 mg\/Kg<br \/>\nBiotin\u0103 0,30 mg\/Kg<br \/>\nAcid folic 0,90 mg\/Kg<br \/>\nClorur\u0103 de colin\u0103 200,00 mg\/Kg<br \/>\nNiacin 7,20 mg\/Kg<br \/>\nAcid pantotenic (vitamina B5) 4,50 mg\/Kg<\/p>\n<p><strong>Elemente micro \u0219i macro<\/strong><\/p>\n<p>Fier (carbonat de fier) 60,00 mg\/Kg<br \/>\nIod (iodur\u0103 de potasiu) 0,50 mg\/kg<br \/>\nCobalt (carbonat de cobalt monohidrat) 0,20 mg\/kg<br \/>\nCupru (sulfat de cupru pentahidrat) 10,00 mg\/kg<br \/>\nMangan (oxid de mangan) 40,00 mg\/kg<br \/>\nZinc (sulfat de zinc monohidrat) 60,00 mg\/kg<br \/>\nSeleniu (selenit de seleniu) 0,10 mg\/kg<\/p>\n<p>Ambalare: sac de 20 kg<\/p>","protected":false},"excerpt":{"rendered":"<p>Hran\u0103 complet\u0103 special\u0103 sub form\u0103 de pelete pentru sus\u021binerea sistemului digestiv. Hran\u0103 de baz\u0103 economic\u0103 cu con\u021binut ridicat de proteine \u0219i fibre. Recomandat cailor cu probleme digestive, simptome de ulcer gastric \u0219i cailor predispu\u0219i la colici. Hran\u0103 cu fibre. Ra\u021bie zilnic\u0103: 1,00 kg p\u00e2n\u0103 la 3,00 kg, \u00een func\u021bie de m\u0103rimea calului \u0219i de \u00eenc\u0103rc\u0103tur\u0103.<\/p>\n<p>&nbsp;<\/p>","protected":false},"featured_media":36,"comment_status":"open","ping_status":"closed","template":"","meta":{"_et_pb_use_builder":"","_et_pb_old_content":"","_et_gb_content_width":""},"product_cat":[98],"product_tag":[86],"class_list":{"0":"post-35","1":"product","2":"type-product","3":"status-publish","4":"has-post-thumbnail","6":"product_cat-equusline-lotapok","7":"product_tag-lovaknak","9":"first","10":"instock","11":"taxable","12":"shipping-taxable","13":"purchasable","14":"product-type-simple"},"yoast_head":"<!-- This site is optimized with the Yoast SEO plugin v24.0 - https:\/\/yoast.com\/wordpress\/plugins\/seo\/ -->\n<title>&#039;Digest&#039; pellet az em\u00e9szt\u0151rendszer m\u0171k\u00f6d\u00e9st t\u00e1mogat\u00f3 teljes \u00e9rt\u00e9k\u0171 takarm\u00e1ny 20 kg - Equusline Transylvania<\/title>\n<meta name=\"robots\" content=\"index, follow, max-snippet:-1, max-image-preview:large, max-video-preview:-1\" \/>\n<link rel=\"canonical\" href=\"https:\/\/equusline-transylvania.ro\/ro\/produs\/digest-pellet-az-emesztorendszer-mukodest-tamogato-teljes-erteku-takarmany-20-kg\/\" \/>\n<meta property=\"og:locale\" content=\"ro_RO\" \/>\n<meta property=\"og:type\" content=\"article\" \/>\n<meta property=\"og:title\" content=\"&#039;Digest&#039; pellet az em\u00e9szt\u0151rendszer m\u0171k\u00f6d\u00e9st t\u00e1mogat\u00f3 teljes \u00e9rt\u00e9k\u0171 takarm\u00e1ny 20 kg - Equusline Transylvania\" \/>\n<meta property=\"og:description\" content=\"Az em\u00e9szt\u0151rendszer m\u0171k\u00f6d\u00e9s\u00e9t t\u00e1mogat\u00f3 speci\u00e1lis teljes \u00e9rt\u00e9k\u0171 takarm\u00e1ny pellet form\u00e1ban. Gazdas\u00e1gos alaptakarm\u00e1ny, magas feh\u00e9rje \u00e9s rost tartalommal. Em\u00e9szt\u0151rendszeri probl\u00e9m\u00e1s, gyomorfek\u00e9ly t\u00fcneteit mutat\u00f3, k\u00f3lik\u00e1ra hajlamos lovak sz\u00e1m\u00e1ra aj\u00e1nlott. Sz\u00e1las takarm\u00e1nyt adjon mell\u00e9. Napi adagja: 1,00 kg -3,00 kg a l\u00f3 m\u00e9ret\u00e9t\u0151l \u00e9s a terhel\u00e9st\u0151l f\u00fcgg\u0151en.  &nbsp;\" \/>\n<meta property=\"og:url\" content=\"https:\/\/equusline-transylvania.ro\/ro\/produs\/digest-pellet-az-emesztorendszer-mukodest-tamogato-teljes-erteku-takarmany-20-kg\/\" \/>\n<meta property=\"og:site_name\" content=\"Equusline Transylvania\" \/>\n<meta property=\"article:publisher\" content=\"https:\/\/www.facebook.com\/profile.php?id=61564679939274\" \/>\n<meta property=\"article:modified_time\" content=\"2026-01-29T14:56:39+00:00\" \/>\n<meta property=\"og:image\" content=\"https:\/\/equusline-transylvania.ro\/wp-content\/uploads\/2024\/10\/special-care-digest.png\" \/>\n\t<meta property=\"og:image:width\" content=\"607\" \/>\n\t<meta property=\"og:image:height\" content=\"756\" \/>\n\t<meta property=\"og:image:type\" content=\"image\/png\" \/>\n<meta name=\"twitter:card\" content=\"summary_large_image\" \/>\n<meta name=\"twitter:label1\" content=\"Timp estimat pentru citire\" \/>\n\t<meta name=\"twitter:data1\" content=\"2 minute\" \/>\n<script type=\"application\/ld+json\" class=\"yoast-schema-graph\">{\"@context\":\"https:\/\/schema.org\",\"@graph\":[{\"@type\":\"WebPage\",\"@id\":\"https:\/\/equusline-transylvania.ro\/termek\/digest-pellet-az-emesztorendszer-mukodest-tamogato-teljes-erteku-takarmany-20-kg\/\",\"url\":\"https:\/\/equusline-transylvania.ro\/termek\/digest-pellet-az-emesztorendszer-mukodest-tamogato-teljes-erteku-takarmany-20-kg\/\",\"name\":\"'Digest' pellet az em\u00e9szt\u0151rendszer m\u0171k\u00f6d\u00e9st t\u00e1mogat\u00f3 teljes \u00e9rt\u00e9k\u0171 takarm\u00e1ny 20 kg - Equusline Transylvania\",\"isPartOf\":{\"@id\":\"https:\/\/equusline-transylvania.ro\/hu\/#website\"},\"primaryImageOfPage\":{\"@id\":\"https:\/\/equusline-transylvania.ro\/termek\/digest-pellet-az-emesztorendszer-mukodest-tamogato-teljes-erteku-takarmany-20-kg\/#primaryimage\"},\"image\":{\"@id\":\"https:\/\/equusline-transylvania.ro\/termek\/digest-pellet-az-emesztorendszer-mukodest-tamogato-teljes-erteku-takarmany-20-kg\/#primaryimage\"},\"thumbnailUrl\":\"https:\/\/equusline-transylvania.ro\/wp-content\/uploads\/2024\/10\/special-care-digest.png\",\"datePublished\":\"2016-11-11T08:45:06+00:00\",\"dateModified\":\"2026-01-29T14:56:39+00:00\",\"breadcrumb\":{\"@id\":\"https:\/\/equusline-transylvania.ro\/termek\/digest-pellet-az-emesztorendszer-mukodest-tamogato-teljes-erteku-takarmany-20-kg\/#breadcrumb\"},\"inLanguage\":\"ro-RO\",\"potentialAction\":[{\"@type\":\"ReadAction\",\"target\":[\"https:\/\/equusline-transylvania.ro\/termek\/digest-pellet-az-emesztorendszer-mukodest-tamogato-teljes-erteku-takarmany-20-kg\/\"]}]},{\"@type\":\"ImageObject\",\"inLanguage\":\"ro-RO\",\"@id\":\"https:\/\/equusline-transylvania.ro\/termek\/digest-pellet-az-emesztorendszer-mukodest-tamogato-teljes-erteku-takarmany-20-kg\/#primaryimage\",\"url\":\"https:\/\/equusline-transylvania.ro\/wp-content\/uploads\/2024\/10\/special-care-digest.png\",\"contentUrl\":\"https:\/\/equusline-transylvania.ro\/wp-content\/uploads\/2024\/10\/special-care-digest.png\",\"width\":607,\"height\":756},{\"@type\":\"BreadcrumbList\",\"@id\":\"https:\/\/equusline-transylvania.ro\/termek\/digest-pellet-az-emesztorendszer-mukodest-tamogato-teljes-erteku-takarmany-20-kg\/#breadcrumb\",\"itemListElement\":[{\"@type\":\"ListItem\",\"position\":1,\"name\":\"Kezd\u0151lap\",\"item\":\"https:\/\/equusline-transylvania.ro\/\"},{\"@type\":\"ListItem\",\"position\":2,\"name\":\"Term\u00e9keink\",\"item\":\"https:\/\/equusline-transylvania.ro\/\"},{\"@type\":\"ListItem\",\"position\":3,\"name\":\"&#8216;Digest&#8217; pellet az em\u00e9szt\u0151rendszer m\u0171k\u00f6d\u00e9st t\u00e1mogat\u00f3 teljes \u00e9rt\u00e9k\u0171 takarm\u00e1ny 20 kg\"}]},{\"@type\":\"WebSite\",\"@id\":\"https:\/\/equusline-transylvania.ro\/hu\/#website\",\"url\":\"https:\/\/equusline-transylvania.ro\/hu\/\",\"name\":\"Equusline Transylvania\",\"description\":\"\",\"publisher\":{\"@id\":\"https:\/\/equusline-transylvania.ro\/hu\/#organization\"},\"potentialAction\":[{\"@type\":\"SearchAction\",\"target\":{\"@type\":\"EntryPoint\",\"urlTemplate\":\"https:\/\/equusline-transylvania.ro\/hu\/?s={search_term_string}\"},\"query-input\":{\"@type\":\"PropertyValueSpecification\",\"valueRequired\":true,\"valueName\":\"search_term_string\"}}],\"inLanguage\":\"ro-RO\"},{\"@type\":\"Organization\",\"@id\":\"https:\/\/equusline-transylvania.ro\/hu\/#organization\",\"name\":\"Equusline Transylvania\",\"url\":\"https:\/\/equusline-transylvania.ro\/hu\/\",\"logo\":{\"@type\":\"ImageObject\",\"inLanguage\":\"ro-RO\",\"@id\":\"https:\/\/equusline-transylvania.ro\/hu\/#\/schema\/logo\/image\/\",\"url\":\"https:\/\/equusline-transylvania.ro\/wp-content\/uploads\/2024\/10\/equusline-ro.webp\",\"contentUrl\":\"https:\/\/equusline-transylvania.ro\/wp-content\/uploads\/2024\/10\/equusline-ro.webp\",\"width\":864,\"height\":397,\"caption\":\"Equusline Transylvania\"},\"image\":{\"@id\":\"https:\/\/equusline-transylvania.ro\/hu\/#\/schema\/logo\/image\/\"},\"sameAs\":[\"https:\/\/www.facebook.com\/profile.php?id=61564679939274\",\"https:\/\/www.instagram.com\/equusline_transylvania\"]}]}<\/script>\n<!-- \/ Yoast SEO plugin. -->","yoast_head_json":{"title":"'Digest' pellet az em\u00e9szt\u0151rendszer m\u0171k\u00f6d\u00e9st t\u00e1mogat\u00f3 teljes \u00e9rt\u00e9k\u0171 takarm\u00e1ny 20 kg - Equusline Transylvania","robots":{"index":"index","follow":"follow","max-snippet":"max-snippet:-1","max-image-preview":"max-image-preview:large","max-video-preview":"max-video-preview:-1"},"canonical":"https:\/\/equusline-transylvania.ro\/ro\/produs\/digest-pellet-az-emesztorendszer-mukodest-tamogato-teljes-erteku-takarmany-20-kg\/","og_locale":"ro_RO","og_type":"article","og_title":"'Digest' pellet az em\u00e9szt\u0151rendszer m\u0171k\u00f6d\u00e9st t\u00e1mogat\u00f3 teljes \u00e9rt\u00e9k\u0171 takarm\u00e1ny 20 kg - Equusline Transylvania","og_description":"Az em\u00e9szt\u0151rendszer m\u0171k\u00f6d\u00e9s\u00e9t t\u00e1mogat\u00f3 speci\u00e1lis teljes \u00e9rt\u00e9k\u0171 takarm\u00e1ny pellet form\u00e1ban. Gazdas\u00e1gos alaptakarm\u00e1ny, magas feh\u00e9rje \u00e9s rost tartalommal. Em\u00e9szt\u0151rendszeri probl\u00e9m\u00e1s, gyomorfek\u00e9ly t\u00fcneteit mutat\u00f3, k\u00f3lik\u00e1ra hajlamos lovak sz\u00e1m\u00e1ra aj\u00e1nlott. Sz\u00e1las takarm\u00e1nyt adjon mell\u00e9. Napi adagja: 1,00 kg -3,00 kg a l\u00f3 m\u00e9ret\u00e9t\u0151l \u00e9s a terhel\u00e9st\u0151l f\u00fcgg\u0151en.  &nbsp;","og_url":"https:\/\/equusline-transylvania.ro\/ro\/produs\/digest-pellet-az-emesztorendszer-mukodest-tamogato-teljes-erteku-takarmany-20-kg\/","og_site_name":"Equusline Transylvania","article_publisher":"https:\/\/www.facebook.com\/profile.php?id=61564679939274","article_modified_time":"2026-01-29T14:56:39+00:00","og_image":[{"width":607,"height":756,"url":"https:\/\/equusline-transylvania.ro\/wp-content\/uploads\/2024\/10\/special-care-digest.png","type":"image\/png"}],"twitter_card":"summary_large_image","twitter_misc":{"Timp estimat pentru citire":"2 minute"},"schema":{"@context":"https:\/\/schema.org","@graph":[{"@type":"WebPage","@id":"https:\/\/equusline-transylvania.ro\/termek\/digest-pellet-az-emesztorendszer-mukodest-tamogato-teljes-erteku-takarmany-20-kg\/","url":"https:\/\/equusline-transylvania.ro\/termek\/digest-pellet-az-emesztorendszer-mukodest-tamogato-teljes-erteku-takarmany-20-kg\/","name":"'Digest' pellet az em\u00e9szt\u0151rendszer m\u0171k\u00f6d\u00e9st t\u00e1mogat\u00f3 teljes \u00e9rt\u00e9k\u0171 takarm\u00e1ny 20 kg - Equusline Transylvania","isPartOf":{"@id":"https:\/\/equusline-transylvania.ro\/hu\/#website"},"primaryImageOfPage":{"@id":"https:\/\/equusline-transylvania.ro\/termek\/digest-pellet-az-emesztorendszer-mukodest-tamogato-teljes-erteku-takarmany-20-kg\/#primaryimage"},"image":{"@id":"https:\/\/equusline-transylvania.ro\/termek\/digest-pellet-az-emesztorendszer-mukodest-tamogato-teljes-erteku-takarmany-20-kg\/#primaryimage"},"thumbnailUrl":"https:\/\/equusline-transylvania.ro\/wp-content\/uploads\/2024\/10\/special-care-digest.png","datePublished":"2016-11-11T08:45:06+00:00","dateModified":"2026-01-29T14:56:39+00:00","breadcrumb":{"@id":"https:\/\/equusline-transylvania.ro\/termek\/digest-pellet-az-emesztorendszer-mukodest-tamogato-teljes-erteku-takarmany-20-kg\/#breadcrumb"},"inLanguage":"ro-RO","potentialAction":[{"@type":"ReadAction","target":["https:\/\/equusline-transylvania.ro\/termek\/digest-pellet-az-emesztorendszer-mukodest-tamogato-teljes-erteku-takarmany-20-kg\/"]}]},{"@type":"ImageObject","inLanguage":"ro-RO","@id":"https:\/\/equusline-transylvania.ro\/termek\/digest-pellet-az-emesztorendszer-mukodest-tamogato-teljes-erteku-takarmany-20-kg\/#primaryimage","url":"https:\/\/equusline-transylvania.ro\/wp-content\/uploads\/2024\/10\/special-care-digest.png","contentUrl":"https:\/\/equusline-transylvania.ro\/wp-content\/uploads\/2024\/10\/special-care-digest.png","width":607,"height":756},{"@type":"BreadcrumbList","@id":"https:\/\/equusline-transylvania.ro\/termek\/digest-pellet-az-emesztorendszer-mukodest-tamogato-teljes-erteku-takarmany-20-kg\/#breadcrumb","itemListElement":[{"@type":"ListItem","position":1,"name":"Kezd\u0151lap","item":"https:\/\/equusline-transylvania.ro\/"},{"@type":"ListItem","position":2,"name":"Term\u00e9keink","item":"https:\/\/equusline-transylvania.ro\/"},{"@type":"ListItem","position":3,"name":"&#8216;Digest&#8217; pellet az em\u00e9szt\u0151rendszer m\u0171k\u00f6d\u00e9st t\u00e1mogat\u00f3 teljes \u00e9rt\u00e9k\u0171 takarm\u00e1ny 20 kg"}]},{"@type":"WebSite","@id":"https:\/\/equusline-transylvania.ro\/hu\/#website","url":"https:\/\/equusline-transylvania.ro\/hu\/","name":"Equusline Transilvania","description":"","publisher":{"@id":"https:\/\/equusline-transylvania.ro\/hu\/#organization"},"potentialAction":[{"@type":"SearchAction","target":{"@type":"EntryPoint","urlTemplate":"https:\/\/equusline-transylvania.ro\/hu\/?s={search_term_string}"},"query-input":{"@type":"PropertyValueSpecification","valueRequired":true,"valueName":"search_term_string"}}],"inLanguage":"ro-RO"},{"@type":"Organization","@id":"https:\/\/equusline-transylvania.ro\/hu\/#organization","name":"Equusline Transilvania","url":"https:\/\/equusline-transylvania.ro\/hu\/","logo":{"@type":"ImageObject","inLanguage":"ro-RO","@id":"https:\/\/equusline-transylvania.ro\/hu\/#\/schema\/logo\/image\/","url":"https:\/\/equusline-transylvania.ro\/wp-content\/uploads\/2024\/10\/equusline-ro.webp","contentUrl":"https:\/\/equusline-transylvania.ro\/wp-content\/uploads\/2024\/10\/equusline-ro.webp","width":864,"height":397,"caption":"Equusline Transylvania"},"image":{"@id":"https:\/\/equusline-transylvania.ro\/hu\/#\/schema\/logo\/image\/"},"sameAs":["https:\/\/www.facebook.com\/profile.php?id=61564679939274","https:\/\/www.instagram.com\/equusline_transylvania"]}]}},"_links":{"self":[{"href":"https:\/\/equusline-transylvania.ro\/ro\/wp-json\/wp\/v2\/product\/35","targetHints":{"allow":["GET"]}}],"collection":[{"href":"https:\/\/equusline-transylvania.ro\/ro\/wp-json\/wp\/v2\/product"}],"about":[{"href":"https:\/\/equusline-transylvania.ro\/ro\/wp-json\/wp\/v2\/types\/product"}],"replies":[{"embeddable":true,"href":"https:\/\/equusline-transylvania.ro\/ro\/wp-json\/wp\/v2\/comments?post=35"}],"wp:featuredmedia":[{"embeddable":true,"href":"https:\/\/equusline-transylvania.ro\/ro\/wp-json\/wp\/v2\/media\/36"}],"wp:attachment":[{"href":"https:\/\/equusline-transylvania.ro\/ro\/wp-json\/wp\/v2\/media?parent=35"}],"wp:term":[{"taxonomy":"product_cat","embeddable":true,"href":"https:\/\/equusline-transylvania.ro\/ro\/wp-json\/wp\/v2\/product_cat?post=35"},{"taxonomy":"product_tag","embeddable":true,"href":"https:\/\/equusline-transylvania.ro\/ro\/wp-json\/wp\/v2\/product_tag?post=35"}],"curies":[{"name":"wp","href":"https:\/\/api.w.org\/{rel}","templated":true}]}}