{"id":348,"date":"2018-09-24T19:40:39","date_gmt":"2018-09-24T17:40:39","guid":{"rendered":"https:\/\/equusline-transylvania.ro\/termek\/rex-natural-range-grain-free-fresh-fish-hipoallergen-gabonamentes-halas-szarazeledel\/"},"modified":"2026-02-07T10:35:45","modified_gmt":"2026-02-07T09:35:45","slug":"rex-natural-range-grain-free-fresh-fish-hipoallergen-gabonamentes-halas-szarazeledel","status":"publish","type":"product","link":"https:\/\/equusline-transylvania.ro\/ro\/produs\/rex-natural-range-grain-free-fresh-fish-hipoallergen-gabonamentes-halas-szarazeledel\/","title":{"rendered":"Rex Natural Range Grain Free Fresh Fish - hran\u0103 uscat\u0103 hipoalergenic\u0103 f\u0103r\u0103 cereale pentru pe\u0219te"},"content":{"rendered":"<h2><span style=\"font-size: 14pt;\">Rex Natural Range Grain Free Fresh Fish este un pe\u0219te complet hipoalergenic f\u0103r\u0103 cereale super premium <\/span><span style=\"font-size: 14pt;\">hran\u0103 pentru animale de companie pentru nutri\u021bie natural\u0103 \u0219i pentru c\u00e2ini mici, mijlocii \u0219i mari cu alergie la cereale<\/span><\/h2>\n<ul>\n<li><strong>Compozi\u021bie:<\/strong><\/li>\n<\/ul>\n<p>Pe\u0219te proasp\u0103t 20%, cartofi hidroliza\u021bi, proteine hidrolizate din pe\u0219te, maz\u0103re verde, proteine din maz\u0103re, ulei de pas\u0103re, drojdie, f\u0103in\u0103 de ro\u0219cove, pelete din sfecl\u0103, pe\u0219te hidrolizat, mere uscate, vitamine \u0219i minerale, morcovi usca\u021bi, mannan oligozaharide (MOS 0.10%), fructo-oligozaharide (surs\u0103 de cicoare FOS), Yucca schidigera.<\/p>\n<p>82% din con\u021binutul de proteine al furajelor sunt proteine de origine animal\u0103.<\/p>\n<ul>\n<li><strong>Valori interioare:<\/strong><\/li>\n<\/ul>\n<ul style=\"list-style-type: circle;\">\n<li>Energie digerabil\u0103: 3.650 kcal\/kg,<\/li>\n<li>Protein\u0103 brut\u0103 26%,<\/li>\n<li>Gr\u0103simi \u0219i uleiuri brute 14,20%,<\/li>\n<li>Fibr\u0103 brut\u0103 3.70%,<\/li>\n<li>Nyershamu 7.80%,<\/li>\n<li>Calciu 1.45%,<\/li>\n<li>Fosfor 1,1%.<\/li>\n<\/ul>\n<ul>\n<li><strong>Aditivi<\/strong>:<\/li>\n<\/ul>\n<p><strong>Aditivi cu valoare nutritiv\u0103<\/strong>: vitamina A 18.000 UI\/kg, vitamina D3 1.800 UI\/kg, vitamina E 175 mg\/kg, fier (sulfat feros monohidrat) 75 mg\/kg, iod (iodur\u0103 de potasiu) 3,50 mg\/kg, cupru (sulfat de cupru pentahidrat) 10 mg\/kg, mangan (sulfat de mangan monohidrat) 7,50 mg\/kg, zinc (oxid de zinc) 120 mg\/kg, seleniu (selenit de sodiu) 0,12 mg\/kg.<\/p>\n<p><strong>Aditivi tehnologici<\/strong>: Antioxidan\u021bi: extract de tocoferol din uleiuri vegetale.<\/p>\n<ul>\n<li><strong>Instruc\u021biuni de dozare:<\/strong><\/li>\n<\/ul>\n<p><span style=\"font-size: 12pt;\">A Rex Natural Range Grain Free pe\u0219te proasp\u0103t <\/span>\u00a0<span style=\"font-size: 12pt;\">hran\u0103 hipoalergenic\u0103 complet\u0103 f\u0103r\u0103 cereale pentru animale de companie<\/span> pentru c\u00e2ini adul\u021bi de diferite v\u00e2rste, dimensiuni \u0219i rase cu alergii la cereale cu o diet\u0103 natural\u0103. De asemenea, aceast\u0103 hran\u0103 ofer\u0103 cea mai optim\u0103 compozi\u021bie nutri\u021bional\u0103 pentru animalul dvs. de companie. Hr\u0103nindu-v\u0103 c\u00e2inele cu ea, pute\u021bi fi sigur c\u0103 prime\u0219te zilnic o diet\u0103 complet\u0103 \u0219i echilibrat\u0103. Este foarte digerabil\u0103, gustoas\u0103 \u0219i recomandat\u0103 pentru c\u00e2inii cu probleme de piele \u0219i blan\u0103 datorit\u0103 con\u021binutului ridicat de acizi gra\u0219i Omega-3 \u0219i Omega-6.<\/p>\n<p>Se recomand\u0103 hr\u0103nirea ra\u021biei zilnice \u00een 2 por\u021bii, de preferin\u021b\u0103 \u00eentotdeauna \u00een acela\u0219i timp. Cantitatea recomandat\u0103 este pentru c\u00e2inii cu un nivel mediu de activitate, cu cerin\u021be energetice normale. Cantitatea administrat\u0103 depinde de rasa, v\u00e2rsta, nivelul de activitate \u0219i factorii de mediu ai c\u00e2inelui. Atunci c\u00e2nd schimba\u021bi hrana, face\u021bi-o treptat, pe o perioad\u0103 de aproximativ 7-10 zile. Ave\u021bi \u00eentotdeauna la dispozi\u021bie ap\u0103 proasp\u0103t\u0103 \u0219i curat\u0103 pe care c\u00e2inele s\u0103 o bea \u00eempreun\u0103 cu m\u00e2ncarea.<\/p>\n<p>&nbsp;<\/p>\n<table style=\"height: 490px;\" width=\"857\">\n<tbody>\n<tr>\n<td colspan=\"9\" width=\"548\">CANTITATEA ZILNIC\u0102 RECOMANDAT\u0102 DE HRAN\u0102<\/td>\n<\/tr>\n<tr>\n<td width=\"161\">Greutatea c\u00e2inelui (kg)<\/td>\n<td width=\"48\"><strong>10<\/strong><\/td>\n<td width=\"48\"><strong>15<\/strong><\/td>\n<td width=\"48\"><strong>20<\/strong><\/td>\n<td width=\"48\"><strong>25<\/strong><\/td>\n<td width=\"48\"><strong>30<\/strong><\/td>\n<td width=\"49\"><strong>40<\/strong><\/td>\n<td width=\"48\"><strong>50<\/strong><\/td>\n<td width=\"48\"><strong>60<\/strong><\/td>\n<\/tr>\n<tr>\n<td width=\"161\">Cantitatea recomandat\u0103 (grame\/zi)<br \/>\nPentru activitate sc\u0103zut\u0103<\/td>\n<td width=\"48\">150<\/td>\n<td width=\"48\">204<\/td>\n<td width=\"48\">253<\/td>\n<td width=\"48\">299<\/td>\n<td width=\"48\">343<\/td>\n<td width=\"49\">426<\/td>\n<td width=\"48\">503<\/td>\n<td width=\"48\">577<\/td>\n<\/tr>\n<tr>\n<td width=\"161\">Pentru activitate moderat\u0103<\/td>\n<td width=\"48\">174<\/td>\n<td width=\"48\">236<\/td>\n<td width=\"48\">293<\/td>\n<td width=\"48\">346<\/td>\n<td width=\"48\">397<\/td>\n<td width=\"49\">493<\/td>\n<td width=\"48\">583<\/td>\n<td width=\"48\">668<\/td>\n<\/tr>\n<tr>\n<td width=\"161\">Pentru c\u00e2ini activi<\/td>\n<td width=\"48\">214<\/td>\n<td width=\"48\">290<\/td>\n<td width=\"48\">360<\/td>\n<td width=\"48\">425<\/td>\n<td width=\"48\">487<\/td>\n<td width=\"49\">605<\/td>\n<td width=\"48\">715<\/td>\n<td width=\"48\">820<\/td>\n<\/tr>\n<\/tbody>\n<\/table>\n<h1><span style=\"font-size: 14pt;\">Hran\u0103 pentru c\u00e2ini A Rex Natural Range<\/span><\/h1>\n<p>Toate re\u021betele noastre 20% con\u021bin carne proasp\u0103t\u0103 \u0219i numai ingrediente naturale pentru a asigura s\u0103n\u0103tatea animalului dvs. de companie.<\/p>\n<ul>\n<li><strong>Piele \u0219i p\u0103r s\u0103n\u0103toase (Omega 3 \u0219i Omega 6)<\/strong><\/li>\n<\/ul>\n<p>Propor\u021bia corect\u0103 de acizi gra\u0219i Omega 3 \u0219i Omega 6 este vital\u0103 pentru buna func\u021bionare a organismului, ajut\u0103 la men\u021binerea s\u0103n\u0103t\u0103\u021bii pielii \u0219i a p\u0103rului str\u0103lucitor \u0219i reduce efectele problemelor inflamatorii nepl\u0103cute ale pielii, cum ar fi dermatita.<\/p>\n<ul>\n<li><strong>\u00cengrijire dentar\u0103<\/strong><\/li>\n<\/ul>\n<p>Un raport optim calciu-fosfor cu fosfa\u021bi ad\u0103uga\u021bi ajut\u0103 la reducerea acumul\u0103rii pl\u0103cii bacteriene. Forma \u0219i textura granulelor alimentare ajut\u0103 la men\u021binerea din\u021bilor cura\u021bi \u0219i s\u0103n\u0103to\u0219i.<\/p>\n<ul>\n<li><strong>Extrem de gustoase<\/strong><\/li>\n<\/ul>\n<p>Ingredientele proaspete, naturale \u0219i designul special al granulelor de furaje vor satisface chiar \u0219i cel mai preten\u021bios palat.<\/p>\n<ul>\n<li><strong>Controlul greut\u0103\u021bii<\/strong><\/li>\n<\/ul>\n<p>Cu L-carnitin\u0103, energie sc\u0103zut\u0103 \u0219i antioxidan\u021bi naturali pentru a reduce efectele \u00eemb\u0103tr\u00e2nirii.<\/p>\n<ul>\n<li><strong>S\u0103n\u0103tate digestiv\u0103 (FOS + MOS)<\/strong><\/li>\n<\/ul>\n<p>Datorit\u0103 efectului nostru prebiotic, acestea ajut\u0103 la dezvoltarea microorganismelor benefice \u0219i sus\u021bin un echilibru s\u0103n\u0103tos al florei intestinale. Ele contribuie la o digestie mai eficient\u0103 a alimentelor \u0219i \u00eent\u0103resc sistemul imunitar.<\/p>\n<ul>\n<li><strong>O inim\u0103 puternic\u0103<\/strong><\/li>\n<\/ul>\n<p>Acizii gra\u0219i Omega 6 contribuie la men\u021binerea s\u0103n\u0103t\u0103\u021bii cardiovasculare.<\/p>\n<ul>\n<li><strong>Hipoalergenic<\/strong><\/li>\n<\/ul>\n<p>Somonul este singura protein\u0103 animal\u0103, iar cartofii sunt o surs\u0103 de carbohidra\u021bi pentru sus\u021binerea sistemului digestiv.<\/p>","protected":false},"excerpt":{"rendered":"<p>Rex Natural Range Grain Free Fresh Fish este o hran\u0103 complet\u0103 hipoalergenic\u0103 f\u0103r\u0103 cereale super premium pentru animale de companie, destinat\u0103 nutri\u021biei naturale \u0219i c\u00e2inilor mici, medii \u0219i mari cu alergii la cereale. De asemenea, ofer\u0103 cea mai optim\u0103 compozi\u021bie nutri\u021bional\u0103, hr\u0103nind animalul dvs. de companie cu o diet\u0103 complet\u0103 \u0219i echilibrat\u0103 \u00een fiecare zi.<\/p>","protected":false},"featured_media":349,"comment_status":"open","ping_status":"closed","template":"","meta":{"_et_pb_use_builder":"","_et_pb_old_content":"","_et_gb_content_width":""},"product_cat":[91],"product_tag":[],"class_list":{"0":"post-348","1":"product","2":"type-product","3":"status-publish","4":"has-post-thumbnail","6":"product_cat-rex-natural-range-kutyatapok","7":"pa_kiszereles-14kg","8":"pa_kiszereles-3-kg","10":"first","11":"instock","12":"taxable","13":"shipping-taxable","14":"purchasable","15":"product-type-variable"},"yoast_head":"<!-- This site is optimized with the Yoast SEO plugin v24.0 - https:\/\/yoast.com\/wordpress\/plugins\/seo\/ -->\n<title>Rex Natural Range Grain Free Fresh Fish - hipoallerg\u00e9n gabonamentes halas sz\u00e1razeledel - Equusline Transylvania<\/title>\n<meta name=\"robots\" content=\"index, follow, max-snippet:-1, max-image-preview:large, max-video-preview:-1\" \/>\n<link rel=\"canonical\" href=\"https:\/\/equusline-transylvania.ro\/ro\/produs\/rex-natural-range-grain-free-fresh-fish-hipoallergen-gabonamentes-halas-szarazeledel\/\" \/>\n<meta property=\"og:locale\" content=\"ro_RO\" \/>\n<meta property=\"og:type\" content=\"article\" \/>\n<meta property=\"og:title\" content=\"Rex Natural Range Grain Free Fresh Fish - hipoallerg\u00e9n gabonamentes halas sz\u00e1razeledel - Equusline Transylvania\" \/>\n<meta property=\"og:description\" content=\"A Rex Natural Range Grain Free Fresh Fish teljes \u00e9rt\u00e9k\u0171 hipoallerg\u00e9n gabonamentes szuperpr\u00e9mium \u00e1llateledel a term\u00e9szetes t\u00e1pl\u00e1lkoz\u00e1shoz \u00e9s gabona allergi\u00e1ra hajlamos kis-, k\u00f6zepes- \u00e9s nagytest\u0171 kuty\u00e1k sz\u00e1m\u00e1ra. Ez a t\u00e1punk is a legoptim\u00e1lisabb t\u00e1panyag \u00f6sszet\u00e9telt biztos\u00edtja, etet\u00e9s\u00e9vel minden nap teljes \u00e9s kiegyens\u00falyozott \u00e9trendet biztos\u00edt \u00a0kedvence sz\u00e1m\u00e1ra.\" \/>\n<meta property=\"og:url\" content=\"https:\/\/equusline-transylvania.ro\/ro\/produs\/rex-natural-range-grain-free-fresh-fish-hipoallergen-gabonamentes-halas-szarazeledel\/\" \/>\n<meta property=\"og:site_name\" content=\"Equusline Transylvania\" \/>\n<meta property=\"article:publisher\" content=\"https:\/\/www.facebook.com\/profile.php?id=61564679939274\" \/>\n<meta property=\"article:modified_time\" content=\"2026-02-07T09:35:45+00:00\" \/>\n<meta property=\"og:image\" content=\"https:\/\/equusline-transylvania.ro\/wp-content\/uploads\/2024\/11\/fresh-fish.jpg\" \/>\n\t<meta property=\"og:image:width\" content=\"500\" \/>\n\t<meta property=\"og:image:height\" content=\"650\" \/>\n\t<meta property=\"og:image:type\" content=\"image\/jpeg\" \/>\n<meta name=\"twitter:card\" content=\"summary_large_image\" \/>\n<meta name=\"twitter:label1\" content=\"Timp estimat pentru citire\" \/>\n\t<meta name=\"twitter:data1\" content=\"3 minute\" \/>\n<script type=\"application\/ld+json\" class=\"yoast-schema-graph\">{\"@context\":\"https:\/\/schema.org\",\"@graph\":[{\"@type\":\"WebPage\",\"@id\":\"https:\/\/equusline-transylvania.ro\/termek\/rex-natural-range-grain-free-fresh-fish-hipoallergen-gabonamentes-halas-szarazeledel\/\",\"url\":\"https:\/\/equusline-transylvania.ro\/termek\/rex-natural-range-grain-free-fresh-fish-hipoallergen-gabonamentes-halas-szarazeledel\/\",\"name\":\"Rex Natural Range Grain Free Fresh Fish - hipoallerg\u00e9n gabonamentes halas sz\u00e1razeledel - Equusline Transylvania\",\"isPartOf\":{\"@id\":\"https:\/\/equusline-transylvania.ro\/hu\/#website\"},\"primaryImageOfPage\":{\"@id\":\"https:\/\/equusline-transylvania.ro\/termek\/rex-natural-range-grain-free-fresh-fish-hipoallergen-gabonamentes-halas-szarazeledel\/#primaryimage\"},\"image\":{\"@id\":\"https:\/\/equusline-transylvania.ro\/termek\/rex-natural-range-grain-free-fresh-fish-hipoallergen-gabonamentes-halas-szarazeledel\/#primaryimage\"},\"thumbnailUrl\":\"https:\/\/equusline-transylvania.ro\/wp-content\/uploads\/2024\/11\/fresh-fish.jpg\",\"datePublished\":\"2018-09-24T17:40:39+00:00\",\"dateModified\":\"2026-02-07T09:35:45+00:00\",\"breadcrumb\":{\"@id\":\"https:\/\/equusline-transylvania.ro\/termek\/rex-natural-range-grain-free-fresh-fish-hipoallergen-gabonamentes-halas-szarazeledel\/#breadcrumb\"},\"inLanguage\":\"ro-RO\",\"potentialAction\":[{\"@type\":\"ReadAction\",\"target\":[\"https:\/\/equusline-transylvania.ro\/termek\/rex-natural-range-grain-free-fresh-fish-hipoallergen-gabonamentes-halas-szarazeledel\/\"]}]},{\"@type\":\"ImageObject\",\"inLanguage\":\"ro-RO\",\"@id\":\"https:\/\/equusline-transylvania.ro\/termek\/rex-natural-range-grain-free-fresh-fish-hipoallergen-gabonamentes-halas-szarazeledel\/#primaryimage\",\"url\":\"https:\/\/equusline-transylvania.ro\/wp-content\/uploads\/2024\/11\/fresh-fish.jpg\",\"contentUrl\":\"https:\/\/equusline-transylvania.ro\/wp-content\/uploads\/2024\/11\/fresh-fish.jpg\",\"width\":500,\"height\":650},{\"@type\":\"BreadcrumbList\",\"@id\":\"https:\/\/equusline-transylvania.ro\/termek\/rex-natural-range-grain-free-fresh-fish-hipoallergen-gabonamentes-halas-szarazeledel\/#breadcrumb\",\"itemListElement\":[{\"@type\":\"ListItem\",\"position\":1,\"name\":\"Kezd\u0151lap\",\"item\":\"https:\/\/equusline-transylvania.ro\/\"},{\"@type\":\"ListItem\",\"position\":2,\"name\":\"Term\u00e9keink\",\"item\":\"https:\/\/equusline-transylvania.ro\/\"},{\"@type\":\"ListItem\",\"position\":3,\"name\":\"Rex Natural Range Grain Free Fresh Fish &#8211; hipoallerg\u00e9n gabonamentes halas sz\u00e1razeledel\"}]},{\"@type\":\"WebSite\",\"@id\":\"https:\/\/equusline-transylvania.ro\/hu\/#website\",\"url\":\"https:\/\/equusline-transylvania.ro\/hu\/\",\"name\":\"Equusline Transylvania\",\"description\":\"\",\"publisher\":{\"@id\":\"https:\/\/equusline-transylvania.ro\/hu\/#organization\"},\"potentialAction\":[{\"@type\":\"SearchAction\",\"target\":{\"@type\":\"EntryPoint\",\"urlTemplate\":\"https:\/\/equusline-transylvania.ro\/hu\/?s={search_term_string}\"},\"query-input\":{\"@type\":\"PropertyValueSpecification\",\"valueRequired\":true,\"valueName\":\"search_term_string\"}}],\"inLanguage\":\"ro-RO\"},{\"@type\":\"Organization\",\"@id\":\"https:\/\/equusline-transylvania.ro\/hu\/#organization\",\"name\":\"Equusline Transylvania\",\"url\":\"https:\/\/equusline-transylvania.ro\/hu\/\",\"logo\":{\"@type\":\"ImageObject\",\"inLanguage\":\"ro-RO\",\"@id\":\"https:\/\/equusline-transylvania.ro\/hu\/#\/schema\/logo\/image\/\",\"url\":\"https:\/\/equusline-transylvania.ro\/wp-content\/uploads\/2024\/10\/equusline-ro.webp\",\"contentUrl\":\"https:\/\/equusline-transylvania.ro\/wp-content\/uploads\/2024\/10\/equusline-ro.webp\",\"width\":864,\"height\":397,\"caption\":\"Equusline Transylvania\"},\"image\":{\"@id\":\"https:\/\/equusline-transylvania.ro\/hu\/#\/schema\/logo\/image\/\"},\"sameAs\":[\"https:\/\/www.facebook.com\/profile.php?id=61564679939274\",\"https:\/\/www.instagram.com\/equusline_transylvania\"]}]}<\/script>\n<!-- \/ Yoast SEO plugin. -->","yoast_head_json":{"title":"Rex Natural Range Grain Free Fresh Fish - hipoallerg\u00e9n gabonamentes halas sz\u00e1razeledel - Equusline Transylvania","robots":{"index":"index","follow":"follow","max-snippet":"max-snippet:-1","max-image-preview":"max-image-preview:large","max-video-preview":"max-video-preview:-1"},"canonical":"https:\/\/equusline-transylvania.ro\/ro\/produs\/rex-natural-range-grain-free-fresh-fish-hipoallergen-gabonamentes-halas-szarazeledel\/","og_locale":"ro_RO","og_type":"article","og_title":"Rex Natural Range Grain Free Fresh Fish - hipoallerg\u00e9n gabonamentes halas sz\u00e1razeledel - Equusline Transylvania","og_description":"A Rex Natural Range Grain Free Fresh Fish teljes \u00e9rt\u00e9k\u0171 hipoallerg\u00e9n gabonamentes szuperpr\u00e9mium \u00e1llateledel a term\u00e9szetes t\u00e1pl\u00e1lkoz\u00e1shoz \u00e9s gabona allergi\u00e1ra hajlamos kis-, k\u00f6zepes- \u00e9s nagytest\u0171 kuty\u00e1k sz\u00e1m\u00e1ra. Ez a t\u00e1punk is a legoptim\u00e1lisabb t\u00e1panyag \u00f6sszet\u00e9telt biztos\u00edtja, etet\u00e9s\u00e9vel minden nap teljes \u00e9s kiegyens\u00falyozott \u00e9trendet biztos\u00edt \u00a0kedvence sz\u00e1m\u00e1ra.","og_url":"https:\/\/equusline-transylvania.ro\/ro\/produs\/rex-natural-range-grain-free-fresh-fish-hipoallergen-gabonamentes-halas-szarazeledel\/","og_site_name":"Equusline Transylvania","article_publisher":"https:\/\/www.facebook.com\/profile.php?id=61564679939274","article_modified_time":"2026-02-07T09:35:45+00:00","og_image":[{"width":500,"height":650,"url":"https:\/\/equusline-transylvania.ro\/wp-content\/uploads\/2024\/11\/fresh-fish.jpg","type":"image\/jpeg"}],"twitter_card":"summary_large_image","twitter_misc":{"Timp estimat pentru citire":"3 minute"},"schema":{"@context":"https:\/\/schema.org","@graph":[{"@type":"WebPage","@id":"https:\/\/equusline-transylvania.ro\/termek\/rex-natural-range-grain-free-fresh-fish-hipoallergen-gabonamentes-halas-szarazeledel\/","url":"https:\/\/equusline-transylvania.ro\/termek\/rex-natural-range-grain-free-fresh-fish-hipoallergen-gabonamentes-halas-szarazeledel\/","name":"Rex Natural Range Grain Free Fresh Fish - hipoallerg\u00e9n gabonamentes halas sz\u00e1razeledel - Equusline Transylvania","isPartOf":{"@id":"https:\/\/equusline-transylvania.ro\/hu\/#website"},"primaryImageOfPage":{"@id":"https:\/\/equusline-transylvania.ro\/termek\/rex-natural-range-grain-free-fresh-fish-hipoallergen-gabonamentes-halas-szarazeledel\/#primaryimage"},"image":{"@id":"https:\/\/equusline-transylvania.ro\/termek\/rex-natural-range-grain-free-fresh-fish-hipoallergen-gabonamentes-halas-szarazeledel\/#primaryimage"},"thumbnailUrl":"https:\/\/equusline-transylvania.ro\/wp-content\/uploads\/2024\/11\/fresh-fish.jpg","datePublished":"2018-09-24T17:40:39+00:00","dateModified":"2026-02-07T09:35:45+00:00","breadcrumb":{"@id":"https:\/\/equusline-transylvania.ro\/termek\/rex-natural-range-grain-free-fresh-fish-hipoallergen-gabonamentes-halas-szarazeledel\/#breadcrumb"},"inLanguage":"ro-RO","potentialAction":[{"@type":"ReadAction","target":["https:\/\/equusline-transylvania.ro\/termek\/rex-natural-range-grain-free-fresh-fish-hipoallergen-gabonamentes-halas-szarazeledel\/"]}]},{"@type":"ImageObject","inLanguage":"ro-RO","@id":"https:\/\/equusline-transylvania.ro\/termek\/rex-natural-range-grain-free-fresh-fish-hipoallergen-gabonamentes-halas-szarazeledel\/#primaryimage","url":"https:\/\/equusline-transylvania.ro\/wp-content\/uploads\/2024\/11\/fresh-fish.jpg","contentUrl":"https:\/\/equusline-transylvania.ro\/wp-content\/uploads\/2024\/11\/fresh-fish.jpg","width":500,"height":650},{"@type":"BreadcrumbList","@id":"https:\/\/equusline-transylvania.ro\/termek\/rex-natural-range-grain-free-fresh-fish-hipoallergen-gabonamentes-halas-szarazeledel\/#breadcrumb","itemListElement":[{"@type":"ListItem","position":1,"name":"Kezd\u0151lap","item":"https:\/\/equusline-transylvania.ro\/"},{"@type":"ListItem","position":2,"name":"Term\u00e9keink","item":"https:\/\/equusline-transylvania.ro\/"},{"@type":"ListItem","position":3,"name":"Rex Natural Range Grain Free Fresh Fish &#8211; hipoallerg\u00e9n gabonamentes halas sz\u00e1razeledel"}]},{"@type":"WebSite","@id":"https:\/\/equusline-transylvania.ro\/hu\/#website","url":"https:\/\/equusline-transylvania.ro\/hu\/","name":"Equusline Transilvania","description":"","publisher":{"@id":"https:\/\/equusline-transylvania.ro\/hu\/#organization"},"potentialAction":[{"@type":"SearchAction","target":{"@type":"EntryPoint","urlTemplate":"https:\/\/equusline-transylvania.ro\/hu\/?s={search_term_string}"},"query-input":{"@type":"PropertyValueSpecification","valueRequired":true,"valueName":"search_term_string"}}],"inLanguage":"ro-RO"},{"@type":"Organization","@id":"https:\/\/equusline-transylvania.ro\/hu\/#organization","name":"Equusline Transilvania","url":"https:\/\/equusline-transylvania.ro\/hu\/","logo":{"@type":"ImageObject","inLanguage":"ro-RO","@id":"https:\/\/equusline-transylvania.ro\/hu\/#\/schema\/logo\/image\/","url":"https:\/\/equusline-transylvania.ro\/wp-content\/uploads\/2024\/10\/equusline-ro.webp","contentUrl":"https:\/\/equusline-transylvania.ro\/wp-content\/uploads\/2024\/10\/equusline-ro.webp","width":864,"height":397,"caption":"Equusline Transylvania"},"image":{"@id":"https:\/\/equusline-transylvania.ro\/hu\/#\/schema\/logo\/image\/"},"sameAs":["https:\/\/www.facebook.com\/profile.php?id=61564679939274","https:\/\/www.instagram.com\/equusline_transylvania"]}]}},"_links":{"self":[{"href":"https:\/\/equusline-transylvania.ro\/ro\/wp-json\/wp\/v2\/product\/348","targetHints":{"allow":["GET"]}}],"collection":[{"href":"https:\/\/equusline-transylvania.ro\/ro\/wp-json\/wp\/v2\/product"}],"about":[{"href":"https:\/\/equusline-transylvania.ro\/ro\/wp-json\/wp\/v2\/types\/product"}],"replies":[{"embeddable":true,"href":"https:\/\/equusline-transylvania.ro\/ro\/wp-json\/wp\/v2\/comments?post=348"}],"wp:featuredmedia":[{"embeddable":true,"href":"https:\/\/equusline-transylvania.ro\/ro\/wp-json\/wp\/v2\/media\/349"}],"wp:attachment":[{"href":"https:\/\/equusline-transylvania.ro\/ro\/wp-json\/wp\/v2\/media?parent=348"}],"wp:term":[{"taxonomy":"product_cat","embeddable":true,"href":"https:\/\/equusline-transylvania.ro\/ro\/wp-json\/wp\/v2\/product_cat?post=348"},{"taxonomy":"product_tag","embeddable":true,"href":"https:\/\/equusline-transylvania.ro\/ro\/wp-json\/wp\/v2\/product_tag?post=348"}],"curies":[{"name":"wp","href":"https:\/\/api.w.org\/{rel}","templated":true}]}}