{"id":332,"date":"2018-06-18T17:50:27","date_gmt":"2018-06-18T15:50:27","guid":{"rendered":"https:\/\/equusline-transylvania.ro\/termek\/rex-natural-range-kitten\/"},"modified":"2024-11-23T09:20:37","modified_gmt":"2024-11-23T08:20:37","slug":"rex-natural-range-kitten","status":"publish","type":"product","link":"https:\/\/equusline-transylvania.ro\/ro\/produs\/rex-natural-range-kitten\/","title":{"rendered":"Hran\u0103 pentru pisici Rex Natural Range Kitten puppy"},"content":{"rendered":"<h2><span style=\"font-size: 14pt;\"><strong>Rex Natural Range Kitten hran\u0103 complet\u0103 pentru pisoi (2-12 luni)<\/strong><\/span><\/h2>\n<p>&nbsp;<\/p>\n<p><strong>Compozi\u021bie:<\/strong><\/p>\n<p>Carne de pas\u0103re, gr\u00e2u, porumb, orez, gr\u0103sime de pas\u0103re, extracte de proteine vegetale, ficat de pas\u0103re hidrolizat, carne de pe\u0219te, drojdie, cicoare, ulei de somon, ou\u0103 uscate, mere, vitamine \u0219i minerale, rozmarin.<\/p>\n<p>&nbsp;<\/p>\n<p><strong>Valori interioare:<\/strong><\/p>\n<ul>\n<li>Alb brut 36%<\/li>\n<li>Gr\u0103simi \u0219i uleiuri brute 14%<\/li>\n<li>Fibr\u0103 brut\u0103 2%<\/li>\n<li>Nyershamu 7.50%<\/li>\n<li>Calciu 1.35%<\/li>\n<li>Fosfor 1.15%<\/li>\n<\/ul>\n<p>&nbsp;<\/p>\n<p><strong>Aditivi:<\/strong><\/p>\n<p><strong>Aditivi cu valoare nutritiv\u0103:<\/strong> Vitamina A 18.000 UI\/kg, Vitamina D3 1.400 UI\/kg, Vitamina E 100 mg\/kg, Fier (sulfat feros monohidrat) 75 mg\/kg, Iod (iodur\u0103 de potasiu) 3,50 mg\/kg, Cupru (sulfat de cupru pentahidrat) 10 mg\/kg, Mangan (sulfat de mangan monohidrat) 7,50 mg\/kg, Zinc (oxid de zinc) 150 mg\/kg, Seleniu (selenit de sodiu) 0,15 mg\/kg, Taurin\u0103 1.000 mg\/kg, L-carnitin\u0103 100 mg\/kg<strong>.<\/strong><\/p>\n<p><strong>Aditivi tehnologici<\/strong>: Antioxidan\u021bi \u0219i conservan\u021bi.<\/p>\n<p>&nbsp;<\/p>\n<p><strong>Instruc\u021biuni de dozare:<\/strong><\/p>\n<p>Hrana pentru pisici REX NATURAL RANGE KITTEN CAT FOOD este conceput\u0103 pentru pisoii de 2-12 luni. Ofer\u0103 cea mai optim\u0103 compozi\u021bie nutri\u021bional\u0103 pentru pisoi de diferite rase cu v\u00e2rsta cuprins\u0103 \u00eentre 2-12 luni. Prin hr\u0103nirea cu aceasta, pute\u021bi fi siguri c\u0103 animalul dvs. de companie prime\u0219te o diet\u0103 complet\u0103 \u0219i echilibrat\u0103 \u00een fiecare zi.<\/p>\n<p>Se recomand\u0103 hr\u0103nirea cu ra\u021bia zilnic\u0103 \u00een 2-3 por\u021bii, de preferin\u021b\u0103 \u00eentotdeauna \u00een acela\u0219i timp. Cantitatea recomandat\u0103 este recomandat\u0103 pentru pisoi cu un nivel mediu de activitate \u0219i cu cerin\u021be energetice normale. Cantitatea administrat\u0103 depinde de rasa, v\u00e2rsta, nivelul de activitate \u0219i factorii de mediu ai pisoiului. Dac\u0103 schimba\u021bi hrana, face\u021bi acest lucru treptat, pe parcursul a aproximativ 7-10 zile. Ave\u021bi \u00eentotdeauna la dispozi\u021bie ap\u0103 proasp\u0103t\u0103 \u0219i curat\u0103 pe care pisica s\u0103 o bea \u00eempreun\u0103 cu m\u00e2ncarea.<\/p>\n<p>&nbsp;<\/p>\n<table width=\"332\">\n<tbody>\n<tr>\n<td colspan=\"6\" width=\"332\"><strong>Cantitatea zilnic\u0103 recomandat\u0103 (grame\/zi)<\/strong><\/td>\n<\/tr>\n<tr>\n<td colspan=\"6\" width=\"332\"><strong>V\u00e2rsta pisoiului (luni)<\/strong><\/td>\n<\/tr>\n<tr>\n<td width=\"54\"><strong>Greutatea pisoiului (kg)<\/strong><\/td>\n<td width=\"60\"><strong>1,5 - 4 luni <\/strong><\/td>\n<td width=\"56\"><strong>5 - 6 luni<\/strong><\/td>\n<td width=\"56\"><strong>7 - 8 luni<\/strong><\/td>\n<td width=\"52\"><strong>9 - 11 <\/strong><\/p>\n<p><strong>lun\u0103<\/strong><\/td>\n<td width=\"54\"><strong>12 luni<\/strong><\/td>\n<\/tr>\n<tr>\n<td width=\"54\">0,5<\/td>\n<td width=\"60\">30<\/td>\n<td width=\"56\"><\/td>\n<td width=\"56\"><\/td>\n<td width=\"52\"><\/td>\n<td width=\"54\"><\/td>\n<\/tr>\n<tr>\n<td width=\"54\">1<\/td>\n<td width=\"60\">61<\/td>\n<td width=\"56\"><\/td>\n<td width=\"56\"><\/td>\n<td width=\"52\"><\/td>\n<td width=\"54\"><\/td>\n<\/tr>\n<tr>\n<td width=\"54\">1,5<\/td>\n<td width=\"60\">91<\/td>\n<td width=\"56\">48<\/td>\n<td width=\"56\"><\/td>\n<td width=\"52\"><\/td>\n<td width=\"54\"><\/td>\n<\/tr>\n<tr>\n<td width=\"54\">2<\/td>\n<td width=\"60\">122<\/td>\n<td width=\"56\">63<\/td>\n<td width=\"56\">65<\/td>\n<td width=\"52\"><\/td>\n<td width=\"54\"><\/td>\n<\/tr>\n<tr>\n<td width=\"54\">3<\/td>\n<td width=\"60\"><\/td>\n<td width=\"56\">79<\/td>\n<td width=\"56\">73<\/td>\n<td width=\"52\">59<\/td>\n<td width=\"54\">44<\/td>\n<\/tr>\n<tr>\n<td width=\"54\">4<\/td>\n<td width=\"60\"><\/td>\n<td width=\"56\"><\/td>\n<td width=\"56\"><\/td>\n<td width=\"52\">78<\/td>\n<td width=\"54\">59<\/td>\n<\/tr>\n<tr>\n<td width=\"54\">5<\/td>\n<td width=\"60\"><\/td>\n<td width=\"56\"><\/td>\n<td width=\"56\"><\/td>\n<td width=\"52\"><\/td>\n<td width=\"54\">73<\/td>\n<\/tr>\n<\/tbody>\n<\/table>\n<h1><\/h1>\n<h1><span style=\"font-size: 14pt;\">Hran\u0103 pentru pisici Rex Natural Range<\/span><\/h1>\n<p>Hran\u0103 complet\u0103 pentru pisici Rex Natural Range<\/p>\n<p>Toate re\u021betele noastre 20% con\u021bin carne proasp\u0103t\u0103 \u0219i numai ingrediente naturale pentru a asigura s\u0103n\u0103tatea animalului dvs. de companie.<\/p>\n<ul>\n<li><strong>Piele \u0219i p\u0103r s\u0103n\u0103toase (Omega 3 \u0219i Omega 6)<\/strong><\/li>\n<\/ul>\n<p>Propor\u021bia corect\u0103 de acizi gra\u0219i Omega 3 \u0219i Omega 6 este vital\u0103 pentru buna func\u021bionare a organismului, ajut\u0103 la men\u021binerea s\u0103n\u0103t\u0103\u021bii pielii \u0219i a p\u0103rului str\u0103lucitor \u0219i reduce efectele inflama\u021biilor, cum ar fi dermatita.<\/p>\n<ul>\n<li><strong>Previne formarea bilelor de p\u0103r<\/strong><\/li>\n<\/ul>\n<p>Fibrele naturale ajut\u0103 la eliminarea p\u0103rului ingerat din tractul digestiv.<\/p>\n<ul>\n<li><strong>Controlul greut\u0103\u021bii<\/strong><\/li>\n<\/ul>\n<p>Cu L-carnitin\u0103, energie sc\u0103zut\u0103 \u0219i antioxidan\u021bi naturali pentru a reduce efectele \u00eemb\u0103tr\u00e2nirii.<\/p>\n<ul>\n<li><strong>S\u0103n\u0103tate digestiv\u0103 (FOS)<\/strong><\/li>\n<\/ul>\n<p>Datorit\u0103 efectului s\u0103u prebiotic, ajut\u0103 la dezvoltarea microorganismelor benefice \u0219i sus\u021bine un echilibru s\u0103n\u0103tos al florei intestinale. Contribuie la o digestie mai eficient\u0103 a alimentelor \u0219i \u00eent\u0103re\u0219te sistemul imunitar.<\/p>\n<ul>\n<li><strong>Cre\u0219tere optim\u0103<\/strong><\/li>\n<\/ul>\n<p>Nutrien\u021bii extrem de digerabili \u0219i cu con\u021binut ridicat de proteine sunt necesari pentru cre\u0219tere. Echilibrul corect de vitamine \u0219i minerale (vitamina D, calciu, fosfor) ajut\u0103 la dezvoltarea pisicilor.<\/p>\n<ul>\n<li><strong>Tract urinar s\u0103n\u0103tos<\/strong><\/li>\n<\/ul>\n<p>Con\u021binut echilibrat de minerale pentru men\u021binerea unui pH urinar s\u0103n\u0103tos \u0219i p\u0103strarea s\u0103n\u0103t\u0103\u021bii tractului urinar, reduc\u00e2nd formarea cristalelor urinare.<\/p>\n<ul>\n<li><strong>Digestibilitate \u0219i palatabilitate excelente<\/strong><\/li>\n<\/ul>\n<p>Fabricat din ingrediente naturale de \u00eenalt\u0103 calitate. Con\u021bine pui \u0219i curcan pentru proteine cu valoare biologic\u0103 ridicat\u0103 \u0219i orez pentru carbohidra\u021bi u\u0219or de absorbit, conservate cu antioxidan\u021bi naturali.<\/p>\n<ul>\n<li><strong>Extrem de gustoase<\/strong><\/li>\n<\/ul>\n<p>Ingredientele proaspete, naturale \u0219i designul special al granulelor de furaje vor satisface chiar \u0219i cel mai preten\u021bios palat.<\/p>\n<p><strong>Hran\u0103 pentru pisici The Rex Natural Range\u00a0<\/strong>- 100% \u00een ingrediente naturale pentru s\u0103n\u0103tatea animalului dvs. de companie.<\/p>","protected":false},"excerpt":{"rendered":"<p>Hrana pentru pisici REX NATURAL RANGE KITTEN CAT FOOD este conceput\u0103 pentru pisoii de 2-12 luni. Ofer\u0103 cea mai optim\u0103 compozi\u021bie nutri\u021bional\u0103 pentru pisoi de diferite rase cu v\u00e2rsta cuprins\u0103 \u00eentre 2-12 luni. Prin hr\u0103nirea cu aceasta, pute\u021bi fi siguri c\u0103 animalul dvs. de companie prime\u0219te o diet\u0103 complet\u0103 \u0219i echilibrat\u0103 \u00een fiecare zi.<\/p>","protected":false},"featured_media":333,"comment_status":"open","ping_status":"closed","template":"","meta":{"_et_pb_use_builder":"","_et_pb_old_content":"","_et_gb_content_width":""},"product_cat":[96],"product_tag":[],"class_list":{"0":"post-332","1":"product","2":"type-product","3":"status-publish","4":"has-post-thumbnail","6":"product_cat-rex-natural-range-macskatapok","7":"pa_kiszereles-3-kg","9":"first","10":"instock","11":"taxable","12":"shipping-taxable","13":"purchasable","14":"product-type-simple"},"yoast_head":"<!-- This site is optimized with the Yoast SEO plugin v24.0 - https:\/\/yoast.com\/wordpress\/plugins\/seo\/ -->\n<title>Rex Natural Range Kitten k\u00f6ly\u00f6k macskaeledel - Equusline Transylvania<\/title>\n<meta name=\"robots\" content=\"index, follow, max-snippet:-1, max-image-preview:large, max-video-preview:-1\" \/>\n<link rel=\"canonical\" href=\"https:\/\/equusline-transylvania.ro\/ro\/produs\/rex-natural-range-kitten\/\" \/>\n<meta property=\"og:locale\" content=\"ro_RO\" \/>\n<meta property=\"og:type\" content=\"article\" \/>\n<meta property=\"og:title\" content=\"Rex Natural Range Kitten k\u00f6ly\u00f6k macskaeledel - Equusline Transylvania\" \/>\n<meta property=\"og:description\" content=\"A REX NATURAL RANGE KITTEN MACSKAELEDEL 2-12 H\u00d3NAPOS KOR\u00da K\u00d6LY\u00d6KMACSK\u00c1K SZ\u00c1M\u00c1RA k\u00e9sz\u00fclt. A k\u00fcl\u00f6nb\u00f6z\u0151 fajt\u00e1j\u00fa 2-12 h\u00f3napos k\u00f6ly\u00f6kmacsk\u00e1k sz\u00e1m\u00e1ra a legoptim\u00e1lisabb t\u00e1panyag-\u00f6sszet\u00e9telt biztos\u00edtja. Etet\u00e9s\u00e9vel biztos lehet benne, hogy kedvenc\u00e9nek minden nap teljes \u00e9s kiegyens\u00falyozott \u00e9trendet biztos\u00edt.\" \/>\n<meta property=\"og:url\" content=\"https:\/\/equusline-transylvania.ro\/ro\/produs\/rex-natural-range-kitten\/\" \/>\n<meta property=\"og:site_name\" content=\"Equusline Transylvania\" \/>\n<meta property=\"article:publisher\" content=\"https:\/\/www.facebook.com\/profile.php?id=61564679939274\" \/>\n<meta property=\"article:modified_time\" content=\"2024-11-23T08:20:37+00:00\" \/>\n<meta property=\"og:image\" content=\"https:\/\/equusline-transylvania.ro\/wp-content\/uploads\/2024\/11\/kiscica-3kg.jpg\" \/>\n\t<meta property=\"og:image:width\" content=\"1500\" \/>\n\t<meta property=\"og:image:height\" content=\"1500\" \/>\n\t<meta property=\"og:image:type\" content=\"image\/jpeg\" \/>\n<meta name=\"twitter:card\" content=\"summary_large_image\" \/>\n<meta name=\"twitter:label1\" content=\"Timp estimat pentru citire\" \/>\n\t<meta name=\"twitter:data1\" content=\"4 minute\" \/>\n<script type=\"application\/ld+json\" class=\"yoast-schema-graph\">{\"@context\":\"https:\/\/schema.org\",\"@graph\":[{\"@type\":\"WebPage\",\"@id\":\"https:\/\/equusline-transylvania.ro\/termek\/rex-natural-range-kitten\/\",\"url\":\"https:\/\/equusline-transylvania.ro\/termek\/rex-natural-range-kitten\/\",\"name\":\"Rex Natural Range Kitten k\u00f6ly\u00f6k macskaeledel - Equusline Transylvania\",\"isPartOf\":{\"@id\":\"https:\/\/equusline-transylvania.ro\/hu\/#website\"},\"primaryImageOfPage\":{\"@id\":\"https:\/\/equusline-transylvania.ro\/termek\/rex-natural-range-kitten\/#primaryimage\"},\"image\":{\"@id\":\"https:\/\/equusline-transylvania.ro\/termek\/rex-natural-range-kitten\/#primaryimage\"},\"thumbnailUrl\":\"https:\/\/equusline-transylvania.ro\/wp-content\/uploads\/2024\/11\/kiscica-3kg.jpg\",\"datePublished\":\"2018-06-18T15:50:27+00:00\",\"dateModified\":\"2024-11-23T08:20:37+00:00\",\"breadcrumb\":{\"@id\":\"https:\/\/equusline-transylvania.ro\/termek\/rex-natural-range-kitten\/#breadcrumb\"},\"inLanguage\":\"ro-RO\",\"potentialAction\":[{\"@type\":\"ReadAction\",\"target\":[\"https:\/\/equusline-transylvania.ro\/termek\/rex-natural-range-kitten\/\"]}]},{\"@type\":\"ImageObject\",\"inLanguage\":\"ro-RO\",\"@id\":\"https:\/\/equusline-transylvania.ro\/termek\/rex-natural-range-kitten\/#primaryimage\",\"url\":\"https:\/\/equusline-transylvania.ro\/wp-content\/uploads\/2024\/11\/kiscica-3kg.jpg\",\"contentUrl\":\"https:\/\/equusline-transylvania.ro\/wp-content\/uploads\/2024\/11\/kiscica-3kg.jpg\",\"width\":1500,\"height\":1500},{\"@type\":\"BreadcrumbList\",\"@id\":\"https:\/\/equusline-transylvania.ro\/termek\/rex-natural-range-kitten\/#breadcrumb\",\"itemListElement\":[{\"@type\":\"ListItem\",\"position\":1,\"name\":\"Kezd\u0151lap\",\"item\":\"https:\/\/equusline-transylvania.ro\/\"},{\"@type\":\"ListItem\",\"position\":2,\"name\":\"Term\u00e9keink\",\"item\":\"https:\/\/equusline-transylvania.ro\/\"},{\"@type\":\"ListItem\",\"position\":3,\"name\":\"Rex Natural Range Kitten k\u00f6ly\u00f6k macskaeledel\"}]},{\"@type\":\"WebSite\",\"@id\":\"https:\/\/equusline-transylvania.ro\/hu\/#website\",\"url\":\"https:\/\/equusline-transylvania.ro\/hu\/\",\"name\":\"Equusline Transylvania\",\"description\":\"\",\"publisher\":{\"@id\":\"https:\/\/equusline-transylvania.ro\/hu\/#organization\"},\"potentialAction\":[{\"@type\":\"SearchAction\",\"target\":{\"@type\":\"EntryPoint\",\"urlTemplate\":\"https:\/\/equusline-transylvania.ro\/hu\/?s={search_term_string}\"},\"query-input\":{\"@type\":\"PropertyValueSpecification\",\"valueRequired\":true,\"valueName\":\"search_term_string\"}}],\"inLanguage\":\"ro-RO\"},{\"@type\":\"Organization\",\"@id\":\"https:\/\/equusline-transylvania.ro\/hu\/#organization\",\"name\":\"Equusline Transylvania\",\"url\":\"https:\/\/equusline-transylvania.ro\/hu\/\",\"logo\":{\"@type\":\"ImageObject\",\"inLanguage\":\"ro-RO\",\"@id\":\"https:\/\/equusline-transylvania.ro\/hu\/#\/schema\/logo\/image\/\",\"url\":\"https:\/\/equusline-transylvania.ro\/wp-content\/uploads\/2024\/10\/equusline-ro.webp\",\"contentUrl\":\"https:\/\/equusline-transylvania.ro\/wp-content\/uploads\/2024\/10\/equusline-ro.webp\",\"width\":864,\"height\":397,\"caption\":\"Equusline Transylvania\"},\"image\":{\"@id\":\"https:\/\/equusline-transylvania.ro\/hu\/#\/schema\/logo\/image\/\"},\"sameAs\":[\"https:\/\/www.facebook.com\/profile.php?id=61564679939274\",\"https:\/\/www.instagram.com\/equusline_transylvania\"]}]}<\/script>\n<!-- \/ Yoast SEO plugin. -->","yoast_head_json":{"title":"Rex Natural Range Kitten k\u00f6ly\u00f6k macskaeledel - Equusline Transylvania","robots":{"index":"index","follow":"follow","max-snippet":"max-snippet:-1","max-image-preview":"max-image-preview:large","max-video-preview":"max-video-preview:-1"},"canonical":"https:\/\/equusline-transylvania.ro\/ro\/produs\/rex-natural-range-kitten\/","og_locale":"ro_RO","og_type":"article","og_title":"Rex Natural Range Kitten k\u00f6ly\u00f6k macskaeledel - Equusline Transylvania","og_description":"A REX NATURAL RANGE KITTEN MACSKAELEDEL 2-12 H\u00d3NAPOS KOR\u00da K\u00d6LY\u00d6KMACSK\u00c1K SZ\u00c1M\u00c1RA k\u00e9sz\u00fclt. A k\u00fcl\u00f6nb\u00f6z\u0151 fajt\u00e1j\u00fa 2-12 h\u00f3napos k\u00f6ly\u00f6kmacsk\u00e1k sz\u00e1m\u00e1ra a legoptim\u00e1lisabb t\u00e1panyag-\u00f6sszet\u00e9telt biztos\u00edtja. Etet\u00e9s\u00e9vel biztos lehet benne, hogy kedvenc\u00e9nek minden nap teljes \u00e9s kiegyens\u00falyozott \u00e9trendet biztos\u00edt.","og_url":"https:\/\/equusline-transylvania.ro\/ro\/produs\/rex-natural-range-kitten\/","og_site_name":"Equusline Transylvania","article_publisher":"https:\/\/www.facebook.com\/profile.php?id=61564679939274","article_modified_time":"2024-11-23T08:20:37+00:00","og_image":[{"width":1500,"height":1500,"url":"https:\/\/equusline-transylvania.ro\/wp-content\/uploads\/2024\/11\/kiscica-3kg.jpg","type":"image\/jpeg"}],"twitter_card":"summary_large_image","twitter_misc":{"Timp estimat pentru citire":"4 minute"},"schema":{"@context":"https:\/\/schema.org","@graph":[{"@type":"WebPage","@id":"https:\/\/equusline-transylvania.ro\/termek\/rex-natural-range-kitten\/","url":"https:\/\/equusline-transylvania.ro\/termek\/rex-natural-range-kitten\/","name":"Rex Natural Range Kitten k\u00f6ly\u00f6k macskaeledel - Equusline Transylvania","isPartOf":{"@id":"https:\/\/equusline-transylvania.ro\/hu\/#website"},"primaryImageOfPage":{"@id":"https:\/\/equusline-transylvania.ro\/termek\/rex-natural-range-kitten\/#primaryimage"},"image":{"@id":"https:\/\/equusline-transylvania.ro\/termek\/rex-natural-range-kitten\/#primaryimage"},"thumbnailUrl":"https:\/\/equusline-transylvania.ro\/wp-content\/uploads\/2024\/11\/kiscica-3kg.jpg","datePublished":"2018-06-18T15:50:27+00:00","dateModified":"2024-11-23T08:20:37+00:00","breadcrumb":{"@id":"https:\/\/equusline-transylvania.ro\/termek\/rex-natural-range-kitten\/#breadcrumb"},"inLanguage":"ro-RO","potentialAction":[{"@type":"ReadAction","target":["https:\/\/equusline-transylvania.ro\/termek\/rex-natural-range-kitten\/"]}]},{"@type":"ImageObject","inLanguage":"ro-RO","@id":"https:\/\/equusline-transylvania.ro\/termek\/rex-natural-range-kitten\/#primaryimage","url":"https:\/\/equusline-transylvania.ro\/wp-content\/uploads\/2024\/11\/kiscica-3kg.jpg","contentUrl":"https:\/\/equusline-transylvania.ro\/wp-content\/uploads\/2024\/11\/kiscica-3kg.jpg","width":1500,"height":1500},{"@type":"BreadcrumbList","@id":"https:\/\/equusline-transylvania.ro\/termek\/rex-natural-range-kitten\/#breadcrumb","itemListElement":[{"@type":"ListItem","position":1,"name":"Kezd\u0151lap","item":"https:\/\/equusline-transylvania.ro\/"},{"@type":"ListItem","position":2,"name":"Term\u00e9keink","item":"https:\/\/equusline-transylvania.ro\/"},{"@type":"ListItem","position":3,"name":"Rex Natural Range Kitten k\u00f6ly\u00f6k macskaeledel"}]},{"@type":"WebSite","@id":"https:\/\/equusline-transylvania.ro\/hu\/#website","url":"https:\/\/equusline-transylvania.ro\/hu\/","name":"Equusline Transilvania","description":"","publisher":{"@id":"https:\/\/equusline-transylvania.ro\/hu\/#organization"},"potentialAction":[{"@type":"SearchAction","target":{"@type":"EntryPoint","urlTemplate":"https:\/\/equusline-transylvania.ro\/hu\/?s={search_term_string}"},"query-input":{"@type":"PropertyValueSpecification","valueRequired":true,"valueName":"search_term_string"}}],"inLanguage":"ro-RO"},{"@type":"Organization","@id":"https:\/\/equusline-transylvania.ro\/hu\/#organization","name":"Equusline Transilvania","url":"https:\/\/equusline-transylvania.ro\/hu\/","logo":{"@type":"ImageObject","inLanguage":"ro-RO","@id":"https:\/\/equusline-transylvania.ro\/hu\/#\/schema\/logo\/image\/","url":"https:\/\/equusline-transylvania.ro\/wp-content\/uploads\/2024\/10\/equusline-ro.webp","contentUrl":"https:\/\/equusline-transylvania.ro\/wp-content\/uploads\/2024\/10\/equusline-ro.webp","width":864,"height":397,"caption":"Equusline Transylvania"},"image":{"@id":"https:\/\/equusline-transylvania.ro\/hu\/#\/schema\/logo\/image\/"},"sameAs":["https:\/\/www.facebook.com\/profile.php?id=61564679939274","https:\/\/www.instagram.com\/equusline_transylvania"]}]}},"_links":{"self":[{"href":"https:\/\/equusline-transylvania.ro\/ro\/wp-json\/wp\/v2\/product\/332","targetHints":{"allow":["GET"]}}],"collection":[{"href":"https:\/\/equusline-transylvania.ro\/ro\/wp-json\/wp\/v2\/product"}],"about":[{"href":"https:\/\/equusline-transylvania.ro\/ro\/wp-json\/wp\/v2\/types\/product"}],"replies":[{"embeddable":true,"href":"https:\/\/equusline-transylvania.ro\/ro\/wp-json\/wp\/v2\/comments?post=332"}],"wp:featuredmedia":[{"embeddable":true,"href":"https:\/\/equusline-transylvania.ro\/ro\/wp-json\/wp\/v2\/media\/333"}],"wp:attachment":[{"href":"https:\/\/equusline-transylvania.ro\/ro\/wp-json\/wp\/v2\/media?parent=332"}],"wp:term":[{"taxonomy":"product_cat","embeddable":true,"href":"https:\/\/equusline-transylvania.ro\/ro\/wp-json\/wp\/v2\/product_cat?post=332"},{"taxonomy":"product_tag","embeddable":true,"href":"https:\/\/equusline-transylvania.ro\/ro\/wp-json\/wp\/v2\/product_tag?post=332"}],"curies":[{"name":"wp","href":"https:\/\/api.w.org\/{rel}","templated":true}]}}