{"id":329,"date":"2018-06-18T17:47:16","date_gmt":"2018-06-18T15:47:16","guid":{"rendered":"https:\/\/equusline-transylvania.ro\/termek\/rex-natural-range-exquisite-sterilised-cat-fresh-fish\/"},"modified":"2026-02-07T12:08:45","modified_gmt":"2026-02-07T11:08:45","slug":"rex-natural-range-exquisite-sterilised-cat-fresh-fish","status":"publish","type":"product","link":"https:\/\/equusline-transylvania.ro\/ro\/produs\/rex-natural-range-exquisite-sterilised-cat-fresh-fish\/","title":{"rendered":"Rex Natural Range Exquisite Sterilised Cat - Fresh Fish hran\u0103 pentru pisici cu carne proasp\u0103t\u0103 de pe\u0219te 2 kg"},"content":{"rendered":"<h1><strong><span style=\"font-size: 14pt;\">Hran\u0103 complet\u0103 din f\u0103in\u0103 proasp\u0103t\u0103 de pe\u0219te pentru pisici adulte castrate, cu un tract digestiv sensibil \u0219i predispuse la exces de greutate<\/span><\/strong><\/h1>\n<ul>\n<li><strong>\u00a0<\/strong><strong>Compozi\u021bie:<\/strong><\/li>\n<\/ul>\n<p>Carne proasp\u0103t\u0103 de pe\u0219te 20%, orez, pe\u0219te uscat \u0219i ton, gluten de porumb, maz\u0103re verde, porumb, pelete de sfecl\u0103, proteine din maz\u0103re, carne de pas\u0103re, ficat hidrolizat de pas\u0103re, proteine din orez, gr\u0103sime de pas\u0103re, drojdie, fructo-oligozaharide (FOS) din morcov uscat, vitamine \u0219i minerale, Yucca schidigera.<\/p>\n<ul>\n<li><strong>Valori interne ale con\u021binutului<\/strong><strong>:<\/strong>\n<ul>\n<li>Alb brut 36%<\/li>\n<li>Gr\u0103simi \u0219i uleiuri brute 10.70%<\/li>\n<li>Fibr\u0103 brut\u0103 3.80%<\/li>\n<li>Nyershamu 7.80%<\/li>\n<li>Calciu 1.15%<\/li>\n<li>Fosfor 1.05%<\/li>\n<\/ul>\n<\/li>\n<\/ul>\n<p>&nbsp;<\/p>\n<ul>\n<li><strong>\u00a0<\/strong><strong>Aditivi<\/strong>:<\/li>\n<\/ul>\n<p><strong>Aditivi cu valoare nutritiv\u0103<\/strong><strong>: <\/strong><\/p>\n<p>Vitamina A 18.000 UI\/kg, Vitamina D3 1.450 UI\/kg, Vitamina E 175 mg\/kg, Fier (sulfat feros monohidrat) 75 mg\/kg, Iod (iodur\u0103 de potasiu) 3,50 mg\/kg, Cupru (sulfat de cupru pentahidrat) 10 mg\/kg, Mangan (sulfat de mangan monohidrat) 7,50 mg\/kg, Zinc (oxid de zinc) 120 mg\/kg, Seleniu (selenit de sodiu) 0,12 mg\/kg, Taurin\u0103 1.100 mg\/kg, L-carnitin\u0103 200 mg\/kg.<\/p>\n<p><strong>Aditivi tehnologici<\/strong>: Antioxidan\u021bi: tocoferol extras din uleiuri vegetale. Regulator de aciditate: bisulfat de sodiu 5 000 mg\/kg.<\/p>\n<p>&nbsp;<\/p>\n<p><strong>Instruc\u021biuni de dozare<\/strong><strong>:<\/strong><\/p>\n<p>Rex Natural Range Exquisite Sterilised Cat - Fresh Fish este o hran\u0103 complet\u0103 din carne proasp\u0103t\u0103 de pe\u0219te pentru pisici adulte care sunt castrate, au un tract digestiv sensibil \u0219i sunt predispuse la obezitate. Aceast\u0103 hran\u0103 pentru pisici ofer\u0103 compozi\u021bia nutri\u021bional\u0103 optim\u0103 pentru pisicile adulte sterilizate de diferite v\u00e2rste, m\u0103rimi \u0219i rase. Prin hr\u0103nirea cu aceasta, pute\u021bi fi siguri c\u0103 pisica dumneavoastr\u0103 prime\u0219te zilnic o diet\u0103 complet\u0103 \u0219i echilibrat\u0103.<\/p>\n<p>Se recomand\u0103 hr\u0103nirea cu ra\u021bia zilnic\u0103 \u00een 2 por\u021bii, de preferin\u021b\u0103 \u00eentotdeauna \u00een acela\u0219i timp. Cantitatea recomandat\u0103 este recomandat\u0103 pentru pisici cu un nivel mediu de activitate \u0219i cu cerin\u021be energetice normale. Cantitatea administrat\u0103 depinde de rasa, v\u00e2rsta, nivelul de activitate \u0219i factorii de mediu ai pisicii. Dac\u0103 schimba\u021bi hrana, face\u021bi acest lucru treptat, pe o perioad\u0103 de aproximativ 7-10 zile. Ave\u021bi \u00eentotdeauna la dispozi\u021bie ap\u0103 proasp\u0103t\u0103 \u0219i curat\u0103 pe care pisica s\u0103 o bea \u00eempreun\u0103 cu m\u00e2ncarea.<\/p>\n<p>&nbsp;<\/p>\n<table width=\"473\">\n<tbody>\n<tr>\n<td colspan=\"7\" width=\"473\"><strong>Cantitatea zilnic\u0103 recomandat\u0103 (grame\/zi)<\/strong><\/td>\n<\/tr>\n<tr>\n<td width=\"189\">Greutatea pisicii (kg)<\/td>\n<td width=\"49\">1<\/td>\n<td width=\"49\">3<\/td>\n<td width=\"49\">4<\/td>\n<td width=\"49\">5<\/td>\n<td width=\"49\">6<\/td>\n<td width=\"38\">7<\/td>\n<\/tr>\n<tr>\n<td width=\"189\">Doza de \u00eentre\u021binere<\/td>\n<td width=\"49\">28<\/td>\n<td width=\"49\">58<\/td>\n<td width=\"49\">70<\/td>\n<td width=\"49\">82<\/td>\n<td width=\"49\">92<\/td>\n<td width=\"38\">102<\/td>\n<\/tr>\n<tr>\n<td width=\"189\">Pentru pisicile supraponderale<\/td>\n<td width=\"49\">&#8211;<\/td>\n<td width=\"49\">56<\/td>\n<td width=\"49\">63<\/td>\n<td width=\"49\">69<\/td>\n<td width=\"49\">74<\/td>\n<td width=\"38\">79<\/td>\n<\/tr>\n<\/tbody>\n<\/table>\n<p>&nbsp;<\/p>\n<h1><span style=\"font-size: 14pt;\">Hran\u0103 pentru pisici Rex Natural Range<\/span><\/h1>\n<p><span style=\"font-size: 14pt;\">Hran\u0103 complet\u0103 pentru pisici Rex Natural Range<\/span><\/p>\n<p>Toate re\u021betele noastre 20% con\u021bin carne proasp\u0103t\u0103 \u0219i numai ingrediente naturale pentru a asigura s\u0103n\u0103tatea animalului dvs. de companie.<\/p>\n<p><strong>Piele \u0219i p\u0103r s\u0103n\u0103toase (Omega 3 \u0219i Omega 6)<\/strong><\/p>\n<p>Propor\u021bia corect\u0103 de acizi gra\u0219i Omega 3 \u0219i Omega 6 este vital\u0103 pentru buna func\u021bionare a organismului, ajut\u0103 la men\u021binerea s\u0103n\u0103t\u0103\u021bii pielii \u0219i a p\u0103rului str\u0103lucitor \u0219i reduce efectele inflama\u021biilor, cum ar fi dermatita.<\/p>\n<p><strong>Previne formarea bilelor de p\u0103r<\/strong><\/p>\n<p>Fibrele naturale ajut\u0103 la eliminarea p\u0103rului ingerat din tractul digestiv.<\/p>\n<p><strong>Controlul greut\u0103\u021bii<\/strong><\/p>\n<p>Cu L-carnitin\u0103, energie sc\u0103zut\u0103 \u0219i antioxidan\u021bi naturali pentru a reduce efectele \u00eemb\u0103tr\u00e2nirii.<\/p>\n<p><strong>S\u0103n\u0103tate digestiv\u0103 (FOS)<\/strong><\/p>\n<p>Datorit\u0103 efectului s\u0103u prebiotic, ajut\u0103 la dezvoltarea microorganismelor benefice \u0219i sus\u021bine un echilibru s\u0103n\u0103tos al florei intestinale. Contribuie la o digestie mai eficient\u0103 a alimentelor \u0219i \u00eent\u0103re\u0219te sistemul imunitar.<\/p>\n<p><strong>Tract urinar s\u0103n\u0103tos<\/strong><\/p>\n<p>Con\u021binut echilibrat de minerale pentru men\u021binerea unui pH urinar s\u0103n\u0103tos \u0219i p\u0103strarea s\u0103n\u0103t\u0103\u021bii tractului urinar, reduc\u00e2nd formarea cristalelor urinare.<\/p>\n<p><strong>Digestibilitate \u0219i palatabilitate excelente<\/strong><\/p>\n<p>Fabricat din ingrediente naturale de \u00eenalt\u0103 calitate. Con\u021bine pui \u0219i curcan pentru proteine cu valoare biologic\u0103 ridicat\u0103 \u0219i orez pentru carbohidra\u021bi u\u0219or de absorbit, conservate cu antioxidan\u021bi naturali.<\/p>\n<p><strong>Extrem de gustoase<\/strong><\/p>\n<p>Ingredientele proaspete, naturale \u0219i designul special al granulelor de furaje vor satisface chiar \u0219i cel mai preten\u021bios palat.<\/p>\n<p><strong>Hran\u0103 pentru pisici Rex Natural Range\u00a0<\/strong>- 100% \u00een ingrediente naturale pentru s\u0103n\u0103tatea animalului dvs. de companie.<\/p>","protected":false},"excerpt":{"rendered":"<p>Rex Natural Range Exquisite Sterilised Cat - Fresh Fish este o hran\u0103 complet\u0103 din carne proasp\u0103t\u0103 de pe\u0219te pentru pisici adulte sterilizate cu tract digestiv sensibil \u0219i pentru cele predispuse la obezitate, Aceast\u0103 hran\u0103 pentru pisici ofer\u0103 compozi\u021bia nutri\u021bional\u0103 optim\u0103 pentru pisici adulte sterilizate de diferite v\u00e2rste, m\u0103rimi \u0219i rase. Prin hr\u0103nirea cu aceasta, pute\u021bi fi siguri c\u0103 pisica dumneavoastr\u0103 prime\u0219te zilnic o diet\u0103 complet\u0103 \u0219i echilibrat\u0103.<\/p>","protected":false},"featured_media":330,"comment_status":"open","ping_status":"closed","template":"","meta":{"_et_pb_use_builder":"","_et_pb_old_content":"","_et_gb_content_width":""},"product_cat":[96],"product_tag":[],"class_list":{"0":"post-329","1":"product","2":"type-product","3":"status-publish","4":"has-post-thumbnail","6":"product_cat-rex-natural-range-macskatapok","7":"pa_kiszereles-2-kg","9":"first","10":"instock","11":"taxable","12":"shipping-taxable","13":"purchasable","14":"product-type-simple"},"yoast_head":"<!-- This site is optimized with the Yoast SEO plugin v24.0 - https:\/\/yoast.com\/wordpress\/plugins\/seo\/ -->\n<title>Rex Natural Range Exquisite Sterilised Cat - Fresh Fish friss halh\u00fasos macskaeledel 2 kg - Equusline Transylvania<\/title>\n<meta name=\"robots\" content=\"index, follow, max-snippet:-1, max-image-preview:large, max-video-preview:-1\" \/>\n<link rel=\"canonical\" href=\"https:\/\/equusline-transylvania.ro\/ro\/produs\/rex-natural-range-exquisite-sterilised-cat-fresh-fish\/\" \/>\n<meta property=\"og:locale\" content=\"ro_RO\" \/>\n<meta property=\"og:type\" content=\"article\" \/>\n<meta property=\"og:title\" content=\"Rex Natural Range Exquisite Sterilised Cat - Fresh Fish friss halh\u00fasos macskaeledel 2 kg - Equusline Transylvania\" \/>\n<meta property=\"og:description\" content=\"A\u00a0Rex Natural Range Exquisite Sterilised Cat - Fresh Fish teljes \u00e9rt\u00e9k\u0171 friss halh\u00fasos \u00e1llateledel ivartalan\u00edtott, \u00e9rz\u00e9keny em\u00e9szt\u0151rendszer\u0171 \u00e9s t\u00fals\u00falyra hajlamos feln\u0151tt macsk\u00e1k sz\u00e1m\u00e1ra., Ez a macskaeledel a k\u00fcl\u00f6nb\u00f6z\u0151 \u00e9letkor\u00fa, nagys\u00e1g\u00fa \u00e9s fajt\u00e1j\u00fa feln\u0151tt ivartalan\u00edtott macsk\u00e1k sz\u00e1m\u00e1ra a legoptim\u00e1lisabb t\u00e1panyag-\u00f6sszet\u00e9telt biztos\u00edtja. Etet\u00e9s\u00e9vel biztos lehet benne, hogy macsk\u00e1j\u00e1nak minden nap teljes \u00e9s kiegyens\u00falyozott \u00e9trendet biztos\u00edt.\" \/>\n<meta property=\"og:url\" content=\"https:\/\/equusline-transylvania.ro\/ro\/produs\/rex-natural-range-exquisite-sterilised-cat-fresh-fish\/\" \/>\n<meta property=\"og:site_name\" content=\"Equusline Transylvania\" \/>\n<meta property=\"article:publisher\" content=\"https:\/\/www.facebook.com\/profile.php?id=61564679939274\" \/>\n<meta property=\"article:modified_time\" content=\"2026-02-07T11:08:45+00:00\" \/>\n<meta property=\"og:image\" content=\"https:\/\/equusline-transylvania.ro\/wp-content\/uploads\/2024\/11\/macska-hal.jpg\" \/>\n\t<meta property=\"og:image:width\" content=\"1500\" \/>\n\t<meta property=\"og:image:height\" content=\"1500\" \/>\n\t<meta property=\"og:image:type\" content=\"image\/jpeg\" \/>\n<meta name=\"twitter:card\" content=\"summary_large_image\" \/>\n<meta name=\"twitter:label1\" content=\"Timp estimat pentru citire\" \/>\n\t<meta name=\"twitter:data1\" content=\"3 minute\" \/>\n<script type=\"application\/ld+json\" class=\"yoast-schema-graph\">{\"@context\":\"https:\/\/schema.org\",\"@graph\":[{\"@type\":\"WebPage\",\"@id\":\"https:\/\/equusline-transylvania.ro\/termek\/rex-natural-range-exquisite-sterilised-cat-fresh-fish\/\",\"url\":\"https:\/\/equusline-transylvania.ro\/termek\/rex-natural-range-exquisite-sterilised-cat-fresh-fish\/\",\"name\":\"Rex Natural Range Exquisite Sterilised Cat - Fresh Fish friss halh\u00fasos macskaeledel 2 kg - Equusline Transylvania\",\"isPartOf\":{\"@id\":\"https:\/\/equusline-transylvania.ro\/hu\/#website\"},\"primaryImageOfPage\":{\"@id\":\"https:\/\/equusline-transylvania.ro\/termek\/rex-natural-range-exquisite-sterilised-cat-fresh-fish\/#primaryimage\"},\"image\":{\"@id\":\"https:\/\/equusline-transylvania.ro\/termek\/rex-natural-range-exquisite-sterilised-cat-fresh-fish\/#primaryimage\"},\"thumbnailUrl\":\"https:\/\/equusline-transylvania.ro\/wp-content\/uploads\/2024\/11\/macska-hal.jpg\",\"datePublished\":\"2018-06-18T15:47:16+00:00\",\"dateModified\":\"2026-02-07T11:08:45+00:00\",\"breadcrumb\":{\"@id\":\"https:\/\/equusline-transylvania.ro\/termek\/rex-natural-range-exquisite-sterilised-cat-fresh-fish\/#breadcrumb\"},\"inLanguage\":\"ro-RO\",\"potentialAction\":[{\"@type\":\"ReadAction\",\"target\":[\"https:\/\/equusline-transylvania.ro\/termek\/rex-natural-range-exquisite-sterilised-cat-fresh-fish\/\"]}]},{\"@type\":\"ImageObject\",\"inLanguage\":\"ro-RO\",\"@id\":\"https:\/\/equusline-transylvania.ro\/termek\/rex-natural-range-exquisite-sterilised-cat-fresh-fish\/#primaryimage\",\"url\":\"https:\/\/equusline-transylvania.ro\/wp-content\/uploads\/2024\/11\/macska-hal.jpg\",\"contentUrl\":\"https:\/\/equusline-transylvania.ro\/wp-content\/uploads\/2024\/11\/macska-hal.jpg\",\"width\":1500,\"height\":1500},{\"@type\":\"BreadcrumbList\",\"@id\":\"https:\/\/equusline-transylvania.ro\/termek\/rex-natural-range-exquisite-sterilised-cat-fresh-fish\/#breadcrumb\",\"itemListElement\":[{\"@type\":\"ListItem\",\"position\":1,\"name\":\"Kezd\u0151lap\",\"item\":\"https:\/\/equusline-transylvania.ro\/\"},{\"@type\":\"ListItem\",\"position\":2,\"name\":\"Term\u00e9keink\",\"item\":\"https:\/\/equusline-transylvania.ro\/\"},{\"@type\":\"ListItem\",\"position\":3,\"name\":\"Rex Natural Range Exquisite Sterilised Cat &#8211; Fresh Fish friss halh\u00fasos macskaeledel 2 kg\"}]},{\"@type\":\"WebSite\",\"@id\":\"https:\/\/equusline-transylvania.ro\/hu\/#website\",\"url\":\"https:\/\/equusline-transylvania.ro\/hu\/\",\"name\":\"Equusline Transylvania\",\"description\":\"\",\"publisher\":{\"@id\":\"https:\/\/equusline-transylvania.ro\/hu\/#organization\"},\"potentialAction\":[{\"@type\":\"SearchAction\",\"target\":{\"@type\":\"EntryPoint\",\"urlTemplate\":\"https:\/\/equusline-transylvania.ro\/hu\/?s={search_term_string}\"},\"query-input\":{\"@type\":\"PropertyValueSpecification\",\"valueRequired\":true,\"valueName\":\"search_term_string\"}}],\"inLanguage\":\"ro-RO\"},{\"@type\":\"Organization\",\"@id\":\"https:\/\/equusline-transylvania.ro\/hu\/#organization\",\"name\":\"Equusline Transylvania\",\"url\":\"https:\/\/equusline-transylvania.ro\/hu\/\",\"logo\":{\"@type\":\"ImageObject\",\"inLanguage\":\"ro-RO\",\"@id\":\"https:\/\/equusline-transylvania.ro\/hu\/#\/schema\/logo\/image\/\",\"url\":\"https:\/\/equusline-transylvania.ro\/wp-content\/uploads\/2024\/10\/equusline-ro.webp\",\"contentUrl\":\"https:\/\/equusline-transylvania.ro\/wp-content\/uploads\/2024\/10\/equusline-ro.webp\",\"width\":864,\"height\":397,\"caption\":\"Equusline Transylvania\"},\"image\":{\"@id\":\"https:\/\/equusline-transylvania.ro\/hu\/#\/schema\/logo\/image\/\"},\"sameAs\":[\"https:\/\/www.facebook.com\/profile.php?id=61564679939274\",\"https:\/\/www.instagram.com\/equusline_transylvania\"]}]}<\/script>\n<!-- \/ Yoast SEO plugin. -->","yoast_head_json":{"title":"Rex Natural Range Exquisite Sterilised Cat - Fresh Fish friss halh\u00fasos macskaeledel 2 kg - Equusline Transylvania","robots":{"index":"index","follow":"follow","max-snippet":"max-snippet:-1","max-image-preview":"max-image-preview:large","max-video-preview":"max-video-preview:-1"},"canonical":"https:\/\/equusline-transylvania.ro\/ro\/produs\/rex-natural-range-exquisite-sterilised-cat-fresh-fish\/","og_locale":"ro_RO","og_type":"article","og_title":"Rex Natural Range Exquisite Sterilised Cat - Fresh Fish friss halh\u00fasos macskaeledel 2 kg - Equusline Transylvania","og_description":"A\u00a0Rex Natural Range Exquisite Sterilised Cat - Fresh Fish teljes \u00e9rt\u00e9k\u0171 friss halh\u00fasos \u00e1llateledel ivartalan\u00edtott, \u00e9rz\u00e9keny em\u00e9szt\u0151rendszer\u0171 \u00e9s t\u00fals\u00falyra hajlamos feln\u0151tt macsk\u00e1k sz\u00e1m\u00e1ra., Ez a macskaeledel a k\u00fcl\u00f6nb\u00f6z\u0151 \u00e9letkor\u00fa, nagys\u00e1g\u00fa \u00e9s fajt\u00e1j\u00fa feln\u0151tt ivartalan\u00edtott macsk\u00e1k sz\u00e1m\u00e1ra a legoptim\u00e1lisabb t\u00e1panyag-\u00f6sszet\u00e9telt biztos\u00edtja. Etet\u00e9s\u00e9vel biztos lehet benne, hogy macsk\u00e1j\u00e1nak minden nap teljes \u00e9s kiegyens\u00falyozott \u00e9trendet biztos\u00edt.","og_url":"https:\/\/equusline-transylvania.ro\/ro\/produs\/rex-natural-range-exquisite-sterilised-cat-fresh-fish\/","og_site_name":"Equusline Transylvania","article_publisher":"https:\/\/www.facebook.com\/profile.php?id=61564679939274","article_modified_time":"2026-02-07T11:08:45+00:00","og_image":[{"width":1500,"height":1500,"url":"https:\/\/equusline-transylvania.ro\/wp-content\/uploads\/2024\/11\/macska-hal.jpg","type":"image\/jpeg"}],"twitter_card":"summary_large_image","twitter_misc":{"Timp estimat pentru citire":"3 minute"},"schema":{"@context":"https:\/\/schema.org","@graph":[{"@type":"WebPage","@id":"https:\/\/equusline-transylvania.ro\/termek\/rex-natural-range-exquisite-sterilised-cat-fresh-fish\/","url":"https:\/\/equusline-transylvania.ro\/termek\/rex-natural-range-exquisite-sterilised-cat-fresh-fish\/","name":"Rex Natural Range Exquisite Sterilised Cat - Fresh Fish friss halh\u00fasos macskaeledel 2 kg - Equusline Transylvania","isPartOf":{"@id":"https:\/\/equusline-transylvania.ro\/hu\/#website"},"primaryImageOfPage":{"@id":"https:\/\/equusline-transylvania.ro\/termek\/rex-natural-range-exquisite-sterilised-cat-fresh-fish\/#primaryimage"},"image":{"@id":"https:\/\/equusline-transylvania.ro\/termek\/rex-natural-range-exquisite-sterilised-cat-fresh-fish\/#primaryimage"},"thumbnailUrl":"https:\/\/equusline-transylvania.ro\/wp-content\/uploads\/2024\/11\/macska-hal.jpg","datePublished":"2018-06-18T15:47:16+00:00","dateModified":"2026-02-07T11:08:45+00:00","breadcrumb":{"@id":"https:\/\/equusline-transylvania.ro\/termek\/rex-natural-range-exquisite-sterilised-cat-fresh-fish\/#breadcrumb"},"inLanguage":"ro-RO","potentialAction":[{"@type":"ReadAction","target":["https:\/\/equusline-transylvania.ro\/termek\/rex-natural-range-exquisite-sterilised-cat-fresh-fish\/"]}]},{"@type":"ImageObject","inLanguage":"ro-RO","@id":"https:\/\/equusline-transylvania.ro\/termek\/rex-natural-range-exquisite-sterilised-cat-fresh-fish\/#primaryimage","url":"https:\/\/equusline-transylvania.ro\/wp-content\/uploads\/2024\/11\/macska-hal.jpg","contentUrl":"https:\/\/equusline-transylvania.ro\/wp-content\/uploads\/2024\/11\/macska-hal.jpg","width":1500,"height":1500},{"@type":"BreadcrumbList","@id":"https:\/\/equusline-transylvania.ro\/termek\/rex-natural-range-exquisite-sterilised-cat-fresh-fish\/#breadcrumb","itemListElement":[{"@type":"ListItem","position":1,"name":"Kezd\u0151lap","item":"https:\/\/equusline-transylvania.ro\/"},{"@type":"ListItem","position":2,"name":"Term\u00e9keink","item":"https:\/\/equusline-transylvania.ro\/"},{"@type":"ListItem","position":3,"name":"Rex Natural Range Exquisite Sterilised Cat &#8211; Fresh Fish friss halh\u00fasos macskaeledel 2 kg"}]},{"@type":"WebSite","@id":"https:\/\/equusline-transylvania.ro\/hu\/#website","url":"https:\/\/equusline-transylvania.ro\/hu\/","name":"Equusline Transilvania","description":"","publisher":{"@id":"https:\/\/equusline-transylvania.ro\/hu\/#organization"},"potentialAction":[{"@type":"SearchAction","target":{"@type":"EntryPoint","urlTemplate":"https:\/\/equusline-transylvania.ro\/hu\/?s={search_term_string}"},"query-input":{"@type":"PropertyValueSpecification","valueRequired":true,"valueName":"search_term_string"}}],"inLanguage":"ro-RO"},{"@type":"Organization","@id":"https:\/\/equusline-transylvania.ro\/hu\/#organization","name":"Equusline Transilvania","url":"https:\/\/equusline-transylvania.ro\/hu\/","logo":{"@type":"ImageObject","inLanguage":"ro-RO","@id":"https:\/\/equusline-transylvania.ro\/hu\/#\/schema\/logo\/image\/","url":"https:\/\/equusline-transylvania.ro\/wp-content\/uploads\/2024\/10\/equusline-ro.webp","contentUrl":"https:\/\/equusline-transylvania.ro\/wp-content\/uploads\/2024\/10\/equusline-ro.webp","width":864,"height":397,"caption":"Equusline Transylvania"},"image":{"@id":"https:\/\/equusline-transylvania.ro\/hu\/#\/schema\/logo\/image\/"},"sameAs":["https:\/\/www.facebook.com\/profile.php?id=61564679939274","https:\/\/www.instagram.com\/equusline_transylvania"]}]}},"_links":{"self":[{"href":"https:\/\/equusline-transylvania.ro\/ro\/wp-json\/wp\/v2\/product\/329","targetHints":{"allow":["GET"]}}],"collection":[{"href":"https:\/\/equusline-transylvania.ro\/ro\/wp-json\/wp\/v2\/product"}],"about":[{"href":"https:\/\/equusline-transylvania.ro\/ro\/wp-json\/wp\/v2\/types\/product"}],"replies":[{"embeddable":true,"href":"https:\/\/equusline-transylvania.ro\/ro\/wp-json\/wp\/v2\/comments?post=329"}],"wp:featuredmedia":[{"embeddable":true,"href":"https:\/\/equusline-transylvania.ro\/ro\/wp-json\/wp\/v2\/media\/330"}],"wp:attachment":[{"href":"https:\/\/equusline-transylvania.ro\/ro\/wp-json\/wp\/v2\/media?parent=329"}],"wp:term":[{"taxonomy":"product_cat","embeddable":true,"href":"https:\/\/equusline-transylvania.ro\/ro\/wp-json\/wp\/v2\/product_cat?post=329"},{"taxonomy":"product_tag","embeddable":true,"href":"https:\/\/equusline-transylvania.ro\/ro\/wp-json\/wp\/v2\/product_tag?post=329"}],"curies":[{"name":"wp","href":"https:\/\/api.w.org\/{rel}","templated":true}]}}