{"id":318,"date":"2018-06-18T17:33:00","date_gmt":"2018-06-18T15:33:00","guid":{"rendered":"https:\/\/equusline-transylvania.ro\/termek\/rex-natural-range-sensitive-salmon-potato-lazacos-burgonyas-hipoallergen-szarazeledel\/"},"modified":"2026-02-07T11:46:26","modified_gmt":"2026-02-07T10:46:26","slug":"rex-natural-range-sensitive-salmon-potato-lazacos-burgonyas-hipoallergen-szarazeledel","status":"publish","type":"product","link":"https:\/\/equusline-transylvania.ro\/ro\/produs\/rex-natural-range-sensitive-salmon-potato-lazacos-burgonyas-hipoallergen-szarazeledel\/","title":{"rendered":"Rex Natural Range Sensitive - Salmon &amp; Potato Hran\u0103 uscat\u0103 hipoalergenic\u0103 cu somon \u0219i cartofi"},"content":{"rendered":"<h2><span style=\"font-size: 14pt;\">Rex Natural Range Sensitive Salmon &amp; Potato Salmon &amp; Potato este o hran\u0103 complet\u0103 pentru c\u00e2ini adul\u021bi de talie mic\u0103, medie \u0219i mare cu pielea \u0219i tractul digestiv sensibile \u0219i susceptibile la alergii\u00a0<\/span><\/h2>\n<ul>\n<li><strong>Compozi\u021bie:<\/strong><\/li>\n<\/ul>\n<p>Somon proasp\u0103t (20%), orez, porumb, carne de somon, cartofi (14%), gr\u0103sime de pas\u0103re, somon hidrolizat, pelete de sfecl\u0103, drojdie, vitamine \u0219i minerale, mannan oligozaharide (MOS 0.10%), fructo-oligozaharide (FOS 0.05%), Yucca schidigera.<\/p>\n<p>35% din con\u021binutul de proteine al dietei sunt proteine de origine animal\u0103.<\/p>\n<ul>\n<li><strong>Valori interioare:<\/strong>\n<ul>\n<li>Alb brut 28%<\/li>\n<li>Gr\u0103simi \u0219i uleiuri brute 17%<\/li>\n<li>Acid gras Omega-3 0,50%<\/li>\n<li>Acid gras Omega-6 3%<\/li>\n<li>Fibr\u0103 brut\u0103 3,50%<\/li>\n<li>Nyershamu 7,00%<\/li>\n<li>Calciu 1,40%<\/li>\n<li>Fosfor 0,95%<\/li>\n<\/ul>\n<\/li>\n<\/ul>\n<p>&nbsp;<\/p>\n<ul>\n<li><strong>Aditivi<\/strong>:<\/li>\n<\/ul>\n<p><strong>Aditivi cu valoare nutritiv\u0103<\/strong>: Vitamina A 18.000 UI\/kg, Vitamina D3 1.800 UI\/kg, Vitamina E 200 mg\/kg, Vitamina C 75 mg\/kg, Fier (sulfat feros monohidrat) 75 mg\/kg, Iod (iodur\u0103 de potasiu) 3.50 mg\/kg, Cupru (sulfat de cupru pentahidrat) 10 mg\/kg, Mangan (sulfat de mangan monohidrat) 7,50 mg\/kg, Zinc (oxid de zinc) 150 mg\/kg, Seleniu (selenit de sodiu) 0,10 mg\/kg, Taurin\u0103 500 mg\/kg, L-carnitin\u0103 40 mg\/kg.<\/p>\n<p><strong>Aditivi tehnologici<\/strong>: Antioxidan\u021bi: extract de tocoferol din uleiuri vegetale.<\/p>\n<p>&nbsp;<\/p>\n<ul>\n<li><strong>Instruc\u021biuni de dozare:<\/strong><\/li>\n<\/ul>\n<p>Rex Natural Range Sensitive Salmon &amp; Potato ofer\u0103 compozi\u021bia nutri\u021bional\u0103 optim\u0103 pentru c\u00e2inii adul\u021bi de toate v\u00e2rstele, dimensiunile \u0219i rasele, cu piele \u0219i sistem digestiv sensibile \u0219i predispu\u0219i la alergii. D\u00e2ndu-i-o c\u00e2inelui dumneavoastr\u0103, pute\u021bi fi siguri c\u0103 prime\u0219te zilnic o diet\u0103 complet\u0103 \u0219i echilibrat\u0103.<\/p>\n<p>Se recomand\u0103 hr\u0103nirea ra\u021biei zilnice \u00een 2 por\u021bii, de preferin\u021b\u0103 \u00eentotdeauna \u00een acela\u0219i timp. Cantitatea recomandat\u0103 este pentru c\u00e2inii cu un nivel mediu de activitate, cu cerin\u021be energetice normale. Cantitatea administrat\u0103 depinde de rasa, v\u00e2rsta, nivelul de activitate \u0219i factorii de mediu ai c\u00e2inelui. Atunci c\u00e2nd schimba\u021bi hrana, face\u021bi-o treptat, pe o perioad\u0103 de aproximativ 7-10 zile. Ave\u021bi \u00eentotdeauna la dispozi\u021bie ap\u0103 proasp\u0103t\u0103 \u0219i curat\u0103 pe care c\u00e2inele s\u0103 o bea \u00eempreun\u0103 cu m\u00e2ncarea.<\/p>\n<p>&nbsp;<\/p>\n<table width=\"481\">\n<tbody>\n<tr>\n<td colspan=\"10\" width=\"481\"><strong>CANTITATEA ZILNIC\u0102 RECOMANDAT\u0102 DE HRAN\u0102<\/strong><\/td>\n<\/tr>\n<tr>\n<td width=\"202\">Greutatea c\u00e2inelui (kg)<\/td>\n<td width=\"31\">1<\/td>\n<td width=\"31\">5<\/td>\n<td width=\"31\">10<\/td>\n<td width=\"31\">15<\/td>\n<td width=\"31\">20<\/td>\n<td width=\"31\">25<\/td>\n<td width=\"31\">30<\/td>\n<td width=\"31\">40<\/td>\n<td width=\"31\">60<\/td>\n<\/tr>\n<tr>\n<td width=\"202\">Cantitatea recomandat\u0103 (grame\/zi)<\/td>\n<td width=\"31\">29<\/td>\n<td width=\"31\">97<\/td>\n<td width=\"31\">163<\/td>\n<td width=\"31\">221<\/td>\n<td width=\"31\">274<\/td>\n<td width=\"31\">324<\/td>\n<td width=\"31\">371<\/td>\n<td width=\"31\">460<\/td>\n<td width=\"31\">624<\/td>\n<\/tr>\n<\/tbody>\n<\/table>\n<p>&nbsp;<\/p>\n<h1><span style=\"font-size: 14pt;\">Hran\u0103 pentru c\u00e2ini A Rex Natural Range<\/span><\/h1>\n<p>Toate re\u021betele noastre 20% con\u021bin carne proasp\u0103t\u0103 \u0219i numai ingrediente naturale pentru a asigura s\u0103n\u0103tatea animalului dvs. de companie.<\/p>\n<ul>\n<li><strong>Piele \u0219i p\u0103r s\u0103n\u0103toase (Omega 3 \u0219i Omega 6)<\/strong><\/li>\n<\/ul>\n<p>Propor\u021bia corect\u0103 de acizi gra\u0219i Omega 3 \u0219i Omega 6 este vital\u0103 pentru buna func\u021bionare a organismului, ajut\u0103 la men\u021binerea s\u0103n\u0103t\u0103\u021bii pielii \u0219i a p\u0103rului str\u0103lucitor \u0219i reduce efectele inflama\u021biilor, cum ar fi dermatita.<\/p>\n<ul>\n<li><strong>\u00cengrijire dentar\u0103<\/strong><\/li>\n<\/ul>\n<p>Un raport optim calciu-fosfor cu fosfa\u021bi ad\u0103uga\u021bi ajut\u0103 la reducerea acumul\u0103rii pl\u0103cii bacteriene. Forma \u0219i textura granulelor alimentare ajut\u0103 la men\u021binerea din\u021bilor cura\u021bi \u0219i s\u0103n\u0103to\u0219i.<\/p>\n<ul>\n<li><strong>Extrem de gustoase<\/strong><\/li>\n<\/ul>\n<p>Ingredientele proaspete, naturale \u0219i designul special al granulelor de furaje vor satisface chiar \u0219i cel mai preten\u021bios palat.<\/p>\n<ul>\n<li><strong>Controlul greut\u0103\u021bii<\/strong><\/li>\n<\/ul>\n<p>Cu L-carnitin\u0103, energie sc\u0103zut\u0103 \u0219i antioxidan\u021bi naturali pentru a reduce efectele \u00eemb\u0103tr\u00e2nirii.<\/p>\n<ul>\n<li><strong>S\u0103n\u0103tate digestiv\u0103 (FOS + MOS)<\/strong><\/li>\n<\/ul>\n<p>Datorit\u0103 efectului nostru prebiotic, acestea ajut\u0103 la dezvoltarea microorganismelor benefice \u0219i sus\u021bin un echilibru s\u0103n\u0103tos al florei intestinale. Ele contribuie la o digestie mai eficient\u0103 a alimentelor \u0219i \u00eent\u0103resc sistemul imunitar.<\/p>\n<ul>\n<li><strong>O inim\u0103 puternic\u0103<\/strong><\/li>\n<\/ul>\n<p>Acizii gra\u0219i Omega 6 contribuie la men\u021binerea s\u0103n\u0103t\u0103\u021bii cardiovasculare.<\/p>\n<ul>\n<li><strong>Hipoalergenic<\/strong><\/li>\n<\/ul>\n<p>Singura protein\u0103 animal\u0103 este somonul, iar cartofii sunt o surs\u0103 de carbohidra\u021bi pentru a facilita digestia.<\/p>","protected":false},"excerpt":{"rendered":"<p>Rex Natural Range Sensitive Salmon &amp; Potato ofer\u0103 compozi\u021bia nutri\u021bional\u0103 optim\u0103 pentru c\u00e2inii adul\u021bi de toate v\u00e2rstele, dimensiunile \u0219i rasele, cu piele \u0219i sistem digestiv sensibile \u0219i predispu\u0219i la alergii. D\u00e2ndu-i-o c\u00e2inelui dumneavoastr\u0103, pute\u021bi fi siguri c\u0103 prime\u0219te zilnic o diet\u0103 complet\u0103 \u0219i echilibrat\u0103.<\/p>","protected":false},"featured_media":319,"comment_status":"open","ping_status":"closed","template":"","meta":{"_et_pb_use_builder":"","_et_pb_old_content":"","_et_gb_content_width":""},"product_cat":[91],"product_tag":[],"class_list":{"0":"post-318","1":"product","2":"type-product","3":"status-publish","4":"has-post-thumbnail","6":"product_cat-rex-natural-range-kutyatapok","7":"pa_kiszereles-14kg","8":"pa_kiszereles-3-kg","10":"first","11":"instock","12":"taxable","13":"shipping-taxable","14":"purchasable","15":"product-type-variable"},"yoast_head":"<!-- This site is optimized with the Yoast SEO plugin v24.0 - https:\/\/yoast.com\/wordpress\/plugins\/seo\/ -->\n<title>Rex Natural Range Sensitive - Salmon &amp; Potato lazacos burgony\u00e1s hipoallerg\u00e9n sz\u00e1razeledel - Equusline Transylvania<\/title>\n<meta name=\"robots\" content=\"index, follow, max-snippet:-1, max-image-preview:large, max-video-preview:-1\" \/>\n<link rel=\"canonical\" href=\"https:\/\/equusline-transylvania.ro\/ro\/produs\/rex-natural-range-sensitive-salmon-potato-lazacos-burgonyas-hipoallergen-szarazeledel\/\" \/>\n<meta property=\"og:locale\" content=\"ro_RO\" \/>\n<meta property=\"og:type\" content=\"article\" \/>\n<meta property=\"og:title\" content=\"Rex Natural Range Sensitive - Salmon &amp; Potato lazacos burgony\u00e1s hipoallerg\u00e9n sz\u00e1razeledel - Equusline Transylvania\" \/>\n<meta property=\"og:description\" content=\"A Rex Natural Range Sensitive Salmon &amp; Potato a k\u00fcl\u00f6nb\u00f6z\u0151 \u00e9letkor\u00fa, nagys\u00e1g\u00fa \u00e9s fajt\u00e1j\u00fa, \u00e9rz\u00e9keny b\u0151r\u0171 \u00e9s em\u00e9szt\u00e9s\u0171, allergi\u00e1ra hajlamos feln\u0151tt kuty\u00e1k sz\u00e1m\u00e1ra a legoptim\u00e1lisabb t\u00e1panyag-\u00f6sszet\u00e9telt biztos\u00edtja. Etet\u00e9s\u00e9vel biztos lehet benne, hogy kuty\u00e1j\u00e1nak minden nap teljes \u00e9s kiegyens\u00falyozott \u00e9trendet biztos\u00edt.\" \/>\n<meta property=\"og:url\" content=\"https:\/\/equusline-transylvania.ro\/ro\/produs\/rex-natural-range-sensitive-salmon-potato-lazacos-burgonyas-hipoallergen-szarazeledel\/\" \/>\n<meta property=\"og:site_name\" content=\"Equusline Transylvania\" \/>\n<meta property=\"article:publisher\" content=\"https:\/\/www.facebook.com\/profile.php?id=61564679939274\" \/>\n<meta property=\"article:modified_time\" content=\"2026-02-07T10:46:26+00:00\" \/>\n<meta property=\"og:image\" content=\"https:\/\/equusline-transylvania.ro\/wp-content\/uploads\/2024\/11\/kutya_SENSITIVE_14KG.jpg\" \/>\n\t<meta property=\"og:image:width\" content=\"1500\" \/>\n\t<meta property=\"og:image:height\" content=\"1500\" \/>\n\t<meta property=\"og:image:type\" content=\"image\/jpeg\" \/>\n<meta name=\"twitter:card\" content=\"summary_large_image\" \/>\n<meta name=\"twitter:label1\" content=\"Timp estimat pentru citire\" \/>\n\t<meta name=\"twitter:data1\" content=\"3 minute\" \/>\n<script type=\"application\/ld+json\" class=\"yoast-schema-graph\">{\"@context\":\"https:\/\/schema.org\",\"@graph\":[{\"@type\":\"WebPage\",\"@id\":\"https:\/\/equusline-transylvania.ro\/termek\/rex-natural-range-sensitive-salmon-potato-lazacos-burgonyas-hipoallergen-szarazeledel\/\",\"url\":\"https:\/\/equusline-transylvania.ro\/termek\/rex-natural-range-sensitive-salmon-potato-lazacos-burgonyas-hipoallergen-szarazeledel\/\",\"name\":\"Rex Natural Range Sensitive - Salmon & Potato lazacos burgony\u00e1s hipoallerg\u00e9n sz\u00e1razeledel - Equusline Transylvania\",\"isPartOf\":{\"@id\":\"https:\/\/equusline-transylvania.ro\/hu\/#website\"},\"primaryImageOfPage\":{\"@id\":\"https:\/\/equusline-transylvania.ro\/termek\/rex-natural-range-sensitive-salmon-potato-lazacos-burgonyas-hipoallergen-szarazeledel\/#primaryimage\"},\"image\":{\"@id\":\"https:\/\/equusline-transylvania.ro\/termek\/rex-natural-range-sensitive-salmon-potato-lazacos-burgonyas-hipoallergen-szarazeledel\/#primaryimage\"},\"thumbnailUrl\":\"https:\/\/equusline-transylvania.ro\/wp-content\/uploads\/2024\/11\/kutya_SENSITIVE_14KG.jpg\",\"datePublished\":\"2018-06-18T15:33:00+00:00\",\"dateModified\":\"2026-02-07T10:46:26+00:00\",\"breadcrumb\":{\"@id\":\"https:\/\/equusline-transylvania.ro\/termek\/rex-natural-range-sensitive-salmon-potato-lazacos-burgonyas-hipoallergen-szarazeledel\/#breadcrumb\"},\"inLanguage\":\"ro-RO\",\"potentialAction\":[{\"@type\":\"ReadAction\",\"target\":[\"https:\/\/equusline-transylvania.ro\/termek\/rex-natural-range-sensitive-salmon-potato-lazacos-burgonyas-hipoallergen-szarazeledel\/\"]}]},{\"@type\":\"ImageObject\",\"inLanguage\":\"ro-RO\",\"@id\":\"https:\/\/equusline-transylvania.ro\/termek\/rex-natural-range-sensitive-salmon-potato-lazacos-burgonyas-hipoallergen-szarazeledel\/#primaryimage\",\"url\":\"https:\/\/equusline-transylvania.ro\/wp-content\/uploads\/2024\/11\/kutya_SENSITIVE_14KG.jpg\",\"contentUrl\":\"https:\/\/equusline-transylvania.ro\/wp-content\/uploads\/2024\/11\/kutya_SENSITIVE_14KG.jpg\",\"width\":1500,\"height\":1500},{\"@type\":\"BreadcrumbList\",\"@id\":\"https:\/\/equusline-transylvania.ro\/termek\/rex-natural-range-sensitive-salmon-potato-lazacos-burgonyas-hipoallergen-szarazeledel\/#breadcrumb\",\"itemListElement\":[{\"@type\":\"ListItem\",\"position\":1,\"name\":\"Kezd\u0151lap\",\"item\":\"https:\/\/equusline-transylvania.ro\/\"},{\"@type\":\"ListItem\",\"position\":2,\"name\":\"Term\u00e9keink\",\"item\":\"https:\/\/equusline-transylvania.ro\/\"},{\"@type\":\"ListItem\",\"position\":3,\"name\":\"Rex Natural Range Sensitive &#8211; Salmon &#038; Potato lazacos burgony\u00e1s hipoallerg\u00e9n sz\u00e1razeledel\"}]},{\"@type\":\"WebSite\",\"@id\":\"https:\/\/equusline-transylvania.ro\/hu\/#website\",\"url\":\"https:\/\/equusline-transylvania.ro\/hu\/\",\"name\":\"Equusline Transylvania\",\"description\":\"\",\"publisher\":{\"@id\":\"https:\/\/equusline-transylvania.ro\/hu\/#organization\"},\"potentialAction\":[{\"@type\":\"SearchAction\",\"target\":{\"@type\":\"EntryPoint\",\"urlTemplate\":\"https:\/\/equusline-transylvania.ro\/hu\/?s={search_term_string}\"},\"query-input\":{\"@type\":\"PropertyValueSpecification\",\"valueRequired\":true,\"valueName\":\"search_term_string\"}}],\"inLanguage\":\"ro-RO\"},{\"@type\":\"Organization\",\"@id\":\"https:\/\/equusline-transylvania.ro\/hu\/#organization\",\"name\":\"Equusline Transylvania\",\"url\":\"https:\/\/equusline-transylvania.ro\/hu\/\",\"logo\":{\"@type\":\"ImageObject\",\"inLanguage\":\"ro-RO\",\"@id\":\"https:\/\/equusline-transylvania.ro\/hu\/#\/schema\/logo\/image\/\",\"url\":\"https:\/\/equusline-transylvania.ro\/wp-content\/uploads\/2024\/10\/equusline-ro.webp\",\"contentUrl\":\"https:\/\/equusline-transylvania.ro\/wp-content\/uploads\/2024\/10\/equusline-ro.webp\",\"width\":864,\"height\":397,\"caption\":\"Equusline Transylvania\"},\"image\":{\"@id\":\"https:\/\/equusline-transylvania.ro\/hu\/#\/schema\/logo\/image\/\"},\"sameAs\":[\"https:\/\/www.facebook.com\/profile.php?id=61564679939274\",\"https:\/\/www.instagram.com\/equusline_transylvania\"]}]}<\/script>\n<!-- \/ Yoast SEO plugin. -->","yoast_head_json":{"title":"Rex Natural Range Sensitive - Salmon & Potato lazacos burgony\u00e1s hipoallerg\u00e9n sz\u00e1razeledel - Equusline Transylvania","robots":{"index":"index","follow":"follow","max-snippet":"max-snippet:-1","max-image-preview":"max-image-preview:large","max-video-preview":"max-video-preview:-1"},"canonical":"https:\/\/equusline-transylvania.ro\/ro\/produs\/rex-natural-range-sensitive-salmon-potato-lazacos-burgonyas-hipoallergen-szarazeledel\/","og_locale":"ro_RO","og_type":"article","og_title":"Rex Natural Range Sensitive - Salmon & Potato lazacos burgony\u00e1s hipoallerg\u00e9n sz\u00e1razeledel - Equusline Transylvania","og_description":"A Rex Natural Range Sensitive Salmon &amp; Potato a k\u00fcl\u00f6nb\u00f6z\u0151 \u00e9letkor\u00fa, nagys\u00e1g\u00fa \u00e9s fajt\u00e1j\u00fa, \u00e9rz\u00e9keny b\u0151r\u0171 \u00e9s em\u00e9szt\u00e9s\u0171, allergi\u00e1ra hajlamos feln\u0151tt kuty\u00e1k sz\u00e1m\u00e1ra a legoptim\u00e1lisabb t\u00e1panyag-\u00f6sszet\u00e9telt biztos\u00edtja. Etet\u00e9s\u00e9vel biztos lehet benne, hogy kuty\u00e1j\u00e1nak minden nap teljes \u00e9s kiegyens\u00falyozott \u00e9trendet biztos\u00edt.","og_url":"https:\/\/equusline-transylvania.ro\/ro\/produs\/rex-natural-range-sensitive-salmon-potato-lazacos-burgonyas-hipoallergen-szarazeledel\/","og_site_name":"Equusline Transylvania","article_publisher":"https:\/\/www.facebook.com\/profile.php?id=61564679939274","article_modified_time":"2026-02-07T10:46:26+00:00","og_image":[{"width":1500,"height":1500,"url":"https:\/\/equusline-transylvania.ro\/wp-content\/uploads\/2024\/11\/kutya_SENSITIVE_14KG.jpg","type":"image\/jpeg"}],"twitter_card":"summary_large_image","twitter_misc":{"Timp estimat pentru citire":"3 minute"},"schema":{"@context":"https:\/\/schema.org","@graph":[{"@type":"WebPage","@id":"https:\/\/equusline-transylvania.ro\/termek\/rex-natural-range-sensitive-salmon-potato-lazacos-burgonyas-hipoallergen-szarazeledel\/","url":"https:\/\/equusline-transylvania.ro\/termek\/rex-natural-range-sensitive-salmon-potato-lazacos-burgonyas-hipoallergen-szarazeledel\/","name":"Rex Natural Range Sensitive - Salmon & Potato lazacos burgony\u00e1s hipoallerg\u00e9n sz\u00e1razeledel - Equusline Transylvania","isPartOf":{"@id":"https:\/\/equusline-transylvania.ro\/hu\/#website"},"primaryImageOfPage":{"@id":"https:\/\/equusline-transylvania.ro\/termek\/rex-natural-range-sensitive-salmon-potato-lazacos-burgonyas-hipoallergen-szarazeledel\/#primaryimage"},"image":{"@id":"https:\/\/equusline-transylvania.ro\/termek\/rex-natural-range-sensitive-salmon-potato-lazacos-burgonyas-hipoallergen-szarazeledel\/#primaryimage"},"thumbnailUrl":"https:\/\/equusline-transylvania.ro\/wp-content\/uploads\/2024\/11\/kutya_SENSITIVE_14KG.jpg","datePublished":"2018-06-18T15:33:00+00:00","dateModified":"2026-02-07T10:46:26+00:00","breadcrumb":{"@id":"https:\/\/equusline-transylvania.ro\/termek\/rex-natural-range-sensitive-salmon-potato-lazacos-burgonyas-hipoallergen-szarazeledel\/#breadcrumb"},"inLanguage":"ro-RO","potentialAction":[{"@type":"ReadAction","target":["https:\/\/equusline-transylvania.ro\/termek\/rex-natural-range-sensitive-salmon-potato-lazacos-burgonyas-hipoallergen-szarazeledel\/"]}]},{"@type":"ImageObject","inLanguage":"ro-RO","@id":"https:\/\/equusline-transylvania.ro\/termek\/rex-natural-range-sensitive-salmon-potato-lazacos-burgonyas-hipoallergen-szarazeledel\/#primaryimage","url":"https:\/\/equusline-transylvania.ro\/wp-content\/uploads\/2024\/11\/kutya_SENSITIVE_14KG.jpg","contentUrl":"https:\/\/equusline-transylvania.ro\/wp-content\/uploads\/2024\/11\/kutya_SENSITIVE_14KG.jpg","width":1500,"height":1500},{"@type":"BreadcrumbList","@id":"https:\/\/equusline-transylvania.ro\/termek\/rex-natural-range-sensitive-salmon-potato-lazacos-burgonyas-hipoallergen-szarazeledel\/#breadcrumb","itemListElement":[{"@type":"ListItem","position":1,"name":"Kezd\u0151lap","item":"https:\/\/equusline-transylvania.ro\/"},{"@type":"ListItem","position":2,"name":"Term\u00e9keink","item":"https:\/\/equusline-transylvania.ro\/"},{"@type":"ListItem","position":3,"name":"Rex Natural Range Sensitive &#8211; Salmon &#038; Potato lazacos burgony\u00e1s hipoallerg\u00e9n sz\u00e1razeledel"}]},{"@type":"WebSite","@id":"https:\/\/equusline-transylvania.ro\/hu\/#website","url":"https:\/\/equusline-transylvania.ro\/hu\/","name":"Equusline Transilvania","description":"","publisher":{"@id":"https:\/\/equusline-transylvania.ro\/hu\/#organization"},"potentialAction":[{"@type":"SearchAction","target":{"@type":"EntryPoint","urlTemplate":"https:\/\/equusline-transylvania.ro\/hu\/?s={search_term_string}"},"query-input":{"@type":"PropertyValueSpecification","valueRequired":true,"valueName":"search_term_string"}}],"inLanguage":"ro-RO"},{"@type":"Organization","@id":"https:\/\/equusline-transylvania.ro\/hu\/#organization","name":"Equusline Transilvania","url":"https:\/\/equusline-transylvania.ro\/hu\/","logo":{"@type":"ImageObject","inLanguage":"ro-RO","@id":"https:\/\/equusline-transylvania.ro\/hu\/#\/schema\/logo\/image\/","url":"https:\/\/equusline-transylvania.ro\/wp-content\/uploads\/2024\/10\/equusline-ro.webp","contentUrl":"https:\/\/equusline-transylvania.ro\/wp-content\/uploads\/2024\/10\/equusline-ro.webp","width":864,"height":397,"caption":"Equusline Transylvania"},"image":{"@id":"https:\/\/equusline-transylvania.ro\/hu\/#\/schema\/logo\/image\/"},"sameAs":["https:\/\/www.facebook.com\/profile.php?id=61564679939274","https:\/\/www.instagram.com\/equusline_transylvania"]}]}},"_links":{"self":[{"href":"https:\/\/equusline-transylvania.ro\/ro\/wp-json\/wp\/v2\/product\/318","targetHints":{"allow":["GET"]}}],"collection":[{"href":"https:\/\/equusline-transylvania.ro\/ro\/wp-json\/wp\/v2\/product"}],"about":[{"href":"https:\/\/equusline-transylvania.ro\/ro\/wp-json\/wp\/v2\/types\/product"}],"replies":[{"embeddable":true,"href":"https:\/\/equusline-transylvania.ro\/ro\/wp-json\/wp\/v2\/comments?post=318"}],"wp:featuredmedia":[{"embeddable":true,"href":"https:\/\/equusline-transylvania.ro\/ro\/wp-json\/wp\/v2\/media\/319"}],"wp:attachment":[{"href":"https:\/\/equusline-transylvania.ro\/ro\/wp-json\/wp\/v2\/media?parent=318"}],"wp:term":[{"taxonomy":"product_cat","embeddable":true,"href":"https:\/\/equusline-transylvania.ro\/ro\/wp-json\/wp\/v2\/product_cat?post=318"},{"taxonomy":"product_tag","embeddable":true,"href":"https:\/\/equusline-transylvania.ro\/ro\/wp-json\/wp\/v2\/product_tag?post=318"}],"curies":[{"name":"wp","href":"https:\/\/api.w.org\/{rel}","templated":true}]}}