{"id":307,"date":"2018-06-28T14:57:28","date_gmt":"2018-06-28T12:57:28","guid":{"rendered":"https:\/\/equusline-transylvania.ro\/termek\/rex-natural-range-puppy-chicken-rice\/"},"modified":"2026-02-07T10:42:52","modified_gmt":"2026-02-07T09:42:52","slug":"rex-natural-range-puppy-chicken-rice","status":"publish","type":"product","link":"https:\/\/equusline-transylvania.ro\/ro\/produs\/rex-natural-range-puppy-chicken-rice\/","title":{"rendered":"Rex Natural Range Puppy - Pui \u0219i orez cu pui \u0219i orez"},"content":{"rendered":"<h2><span style=\"font-size: 14pt;\">Rex Natural Range Puppy - Chicken &amp; Rice cu pui \u0219i orez este o hran\u0103 complet\u0103 pentru c\u0103\u021bei \u0219i c\u00e2ini \u00een cre\u0219tere<\/span><\/h2>\n<ul>\n<li><strong>Compozi\u021bie:<\/strong><\/li>\n<\/ul>\n<p>Carne proasp\u0103t\u0103 de pui (20%), carne de pas\u0103re, orez (15%), porumb, gr\u00e2u, gr\u0103sime de pas\u0103re, orz, ficat hidrolizat de pas\u0103re, pelete de sfecl\u0103, carne de pe\u0219te, drojdie, semin\u021be de in, ou\u0103, vitamine \u0219i minerale, mannan oligozaharide (MOS 0,10%), fructo-oligozaharide (FOS 0,05%), Yucca schidigera.<\/p>\n<p>81% din con\u021binutul de proteine al furajelor sunt proteine de origine animal\u0103.<\/p>\n<ul>\n<li><strong>Valori interioare:<\/strong>\n<ul>\n<li>Alb brut 30%<\/li>\n<li>Gr\u0103simi \u0219i uleiuri brute 18%<\/li>\n<li>Acid gras Omega-3 0,40%<\/li>\n<li>Acid gras Omega-6 3,50%<\/li>\n<li>Fibr\u0103 brut\u0103 2,50%<\/li>\n<li>Nyershamu 8,00%<\/li>\n<li>Calciu 1,75%<\/li>\n<li>Fosfor 1,20%<\/li>\n<\/ul>\n<\/li>\n<\/ul>\n<p>&nbsp;<\/p>\n<ul>\n<li><strong>Aditivi<\/strong>:\n<ul>\n<li><strong>Aditivi cu valoare nutritiv\u0103<\/strong>: vitamina A 17.000 UI\/kg, vitamina D3 2.000 UI\/kg, vitamina E 140 mg\/kg, vitamina C 50 mg\/kg, fier (sulfat feros monohidrat) 75 mg\/kg, iod (iodur\u0103 de potasiu) 3.50 mg\/kg, cupru (sulfat de cupru pentahidrat) 10 mg\/kg, mangan (sulfat de mangan monohidrat) 7,50 mg\/kg, zinc (oxid de zinc) 150 mg\/kg, seleniu (selenit de sodiu) 0,10 mg\/kg, L-carnitin\u0103 30 mg\/kg, taurin\u0103 100 mg\/kg.<\/li>\n<li><strong>Aditivi tehnologici<\/strong>: Antioxidan\u021bi: extract de tocoferol din uleiuri vegetale.<\/li>\n<\/ul>\n<\/li>\n<\/ul>\n<p>&nbsp;<\/p>\n<ul>\n<li><strong>Instruc\u021biuni de dozare:<\/strong><\/li>\n<\/ul>\n<p>REX NATURAL RANGE PUPPY ofer\u0103 cea mai optim\u0103 compozi\u021bie nutri\u021bional\u0103 pentru c\u0103\u021bei de diferite rase. Prin hr\u0103nirea cu acesta, pute\u021bi fi sigur c\u0103 puiul dumneavoastr\u0103 prime\u0219te zilnic o diet\u0103 complet\u0103 \u0219i echilibrat\u0103.<\/p>\n<p>La v\u00e2rsta de 4 luni, hr\u0103ni\u021bi c\u0103\u021belul de 4-5 ori pe zi, \u00eenmuiind m\u00e2ncarea \u00een ap\u0103 c\u0103ldu\u021b\u0103, \u00eentr-un raport de 1 parte ap\u0103 la 3 p\u0103r\u021bi m\u00e2ncare. Nu l\u0103sa\u021bi resturi de m\u00e2ncare. Ulterior, se recomand\u0103 hr\u0103nirea c\u0103\u021belului cu 3 por\u021bii pe zi. C\u00e2nd c\u00e2inele are v\u00e2rsta de un an, trece\u021bi la o hr\u0103nire de dou\u0103 ori pe zi. Dac\u0103 este posibil, hr\u0103ni\u021bi \u00eentotdeauna c\u00e2inele la aceea\u0219i or\u0103. Cantitatea recomandat\u0103 este pentru un c\u0103\u021belu\u0219 cu un nivel mediu de activitate, cu cerin\u021be energetice normale. Cantitatea hr\u0103nit\u0103 depinde de ras\u0103, v\u00e2rst\u0103, nivel de activitate \u0219i factorii de mediu. Dac\u0103 schimba\u021bi hrana, face\u021bi acest lucru treptat, pe o perioad\u0103 de aproximativ 7-10 zile. Ave\u021bi \u00eentotdeauna la dispozi\u021bie ap\u0103 proasp\u0103t\u0103 \u0219i curat\u0103 pe care c\u00e2inele s\u0103 o bea \u00eempreun\u0103 cu m\u00e2ncarea.<\/p>\n<p>&nbsp;<\/p>\n<table style=\"width: 465px;\" width=\"408\">\n<tbody>\n<tr>\n<td style=\"width: 465px;\" colspan=\"6\" width=\"408\"><strong>Produc\u021bia medie zilnic\u0103 de hran\u0103 (grame pe zi)<\/strong><\/td>\n<\/tr>\n<tr>\n<td style=\"width: 91px;\" width=\"83\">Greutatea c\u0103\u021belu\u0219ului (kg))<\/td>\n<td style=\"width: 65px;\" width=\"63\">la v\u00e2rsta de 2 luni<\/td>\n<td style=\"width: 68px;\" width=\"63\">3 luni de v\u00e2rst\u0103<\/td>\n<td style=\"width: 68px;\" width=\"63\">la v\u00e2rsta de 4 luni<\/td>\n<td style=\"width: 68px;\" width=\"63\">la v\u00e2rsta de 6 luni<\/td>\n<td style=\"width: 105px;\" width=\"72\">la v\u00e2rsta de 12 luni<\/td>\n<\/tr>\n<tr>\n<td style=\"width: 91px;\" width=\"83\">2<\/td>\n<td style=\"width: 65px;\" width=\"63\">134<\/td>\n<td style=\"width: 68px;\" width=\"63\">115<\/td>\n<td style=\"width: 68px;\" width=\"63\">99<\/td>\n<td style=\"width: 68px;\" width=\"63\">82<\/td>\n<td style=\"width: 105px;\" width=\"72\">53<\/td>\n<\/tr>\n<tr>\n<td style=\"width: 91px;\" width=\"83\">5<\/td>\n<td style=\"width: 65px;\" width=\"63\">266<\/td>\n<td style=\"width: 68px;\" width=\"63\">229<\/td>\n<td style=\"width: 68px;\" width=\"63\">196<\/td>\n<td style=\"width: 68px;\" width=\"63\">162<\/td>\n<td style=\"width: 105px;\" width=\"72\">105<\/td>\n<\/tr>\n<tr>\n<td style=\"width: 91px;\" width=\"83\">10<\/td>\n<td style=\"width: 65px;\" width=\"63\">447<\/td>\n<td style=\"width: 68px;\" width=\"63\">385<\/td>\n<td style=\"width: 68px;\" width=\"63\">330<\/td>\n<td style=\"width: 68px;\" width=\"63\">273<\/td>\n<td style=\"width: 105px;\" width=\"72\">177<\/td>\n<\/tr>\n<tr>\n<td style=\"width: 91px;\" width=\"83\">15<\/td>\n<td style=\"width: 65px;\" width=\"63\">&#8211;<\/td>\n<td style=\"width: 68px;\" width=\"63\">521<\/td>\n<td style=\"width: 68px;\" width=\"63\">447<\/td>\n<td style=\"width: 68px;\" width=\"63\">370<\/td>\n<td style=\"width: 105px;\" width=\"72\">239<\/td>\n<\/tr>\n<tr>\n<td style=\"width: 91px;\" width=\"83\">20<\/td>\n<td style=\"width: 65px;\" width=\"63\">&#8211;<\/td>\n<td style=\"width: 68px;\" width=\"63\">&#8211;<\/td>\n<td style=\"width: 68px;\" width=\"63\">555<\/td>\n<td style=\"width: 68px;\" width=\"63\">460<\/td>\n<td style=\"width: 105px;\" width=\"72\">\n<p style=\"text-align: left;\">297<\/p>\n<\/td>\n<\/tr>\n<tr>\n<td style=\"width: 91px;\" width=\"83\">30<\/td>\n<td style=\"width: 65px;\" width=\"63\">&#8211;<\/td>\n<td style=\"width: 68px;\" width=\"63\">&#8211;<\/td>\n<td style=\"width: 68px;\" width=\"63\">&#8211;<\/td>\n<td style=\"width: 68px;\" width=\"63\">623<\/td>\n<td style=\"width: 105px;\" width=\"72\">402<\/td>\n<\/tr>\n<tr>\n<td style=\"width: 91px;\" width=\"83\">40<\/td>\n<td style=\"width: 65px;\" width=\"63\">&#8211;<\/td>\n<td style=\"width: 68px;\" width=\"63\">&#8211;<\/td>\n<td style=\"width: 68px;\" width=\"63\">&#8211;<\/td>\n<td style=\"width: 68px;\" width=\"63\">&#8211;<\/td>\n<td style=\"width: 105px;\" width=\"72\">499<\/td>\n<\/tr>\n<tr>\n<td style=\"width: 91px;\" width=\"83\">50<\/td>\n<td style=\"width: 65px;\" width=\"63\">&#8211;<\/td>\n<td style=\"width: 68px;\" width=\"63\">&#8211;<\/td>\n<td style=\"width: 68px;\" width=\"63\">&#8211;<\/td>\n<td style=\"width: 68px;\" width=\"63\">&#8211;<\/td>\n<td style=\"width: 105px;\" width=\"72\">590<\/td>\n<\/tr>\n<\/tbody>\n<\/table>\n<p>&nbsp;<\/p>\n<h1><span style=\"font-size: 14pt;\">Hran\u0103 pentru c\u00e2ini A Rex Natural Range<\/span><\/h1>\n<p>Toate re\u021betele noastre 20% con\u021bin carne proasp\u0103t\u0103 \u0219i numai ingrediente naturale pentru a asigura s\u0103n\u0103tatea animalului dvs. de companie.<\/p>\n<ul>\n<li><strong>Piele \u0219i p\u0103r s\u0103n\u0103toase (Omega 3 \u0219i Omega 6)<\/strong><\/li>\n<\/ul>\n<p>Propor\u021bia corect\u0103 de acizi gra\u0219i Omega 3 \u0219i Omega 6 este vital\u0103 pentru buna func\u021bionare a organismului, ajut\u0103 la men\u021binerea s\u0103n\u0103t\u0103\u021bii pielii \u0219i a p\u0103rului str\u0103lucitor \u0219i reduce efectele inflama\u021biilor, cum ar fi dermatita.<\/p>\n<ul>\n<li><strong>\u00cengrijire dentar\u0103<\/strong><\/li>\n<\/ul>\n<p>Un raport optim calciu-fosfor cu fosfa\u021bi ad\u0103uga\u021bi ajut\u0103 la reducerea acumul\u0103rii pl\u0103cii bacteriene.<\/p>\n<p>Forma \u0219i textura granulelor alimentare ajut\u0103 la men\u021binerea din\u021bilor cura\u021bi \u0219i s\u0103n\u0103to\u0219i.<\/p>\n<ul>\n<li><strong>Extrem de gustoase<\/strong><\/li>\n<\/ul>\n<p>Ingredientele proaspete, naturale \u0219i designul special al granulelor de furaje vor satisface chiar \u0219i cel mai preten\u021bios palat.<\/p>\n<ul>\n<li><strong>Controlul greut\u0103\u021bii<\/strong><\/li>\n<\/ul>\n<p>Cu L-carnitin\u0103, energie sc\u0103zut\u0103 \u0219i antioxidan\u021bi naturali pentru a reduce efectele \u00eemb\u0103tr\u00e2nirii.<\/p>\n<ul>\n<li><strong>S\u0103n\u0103tate digestiv\u0103 (FOS + MOS)<\/strong><\/li>\n<\/ul>\n<p>Datorit\u0103 efectului nostru prebiotic, acestea ajut\u0103 la dezvoltarea microorganismelor benefice \u0219i sus\u021bin un echilibru s\u0103n\u0103tos al florei intestinale. Ele contribuie la o digestie mai eficient\u0103 a alimentelor \u0219i \u00eent\u0103resc sistemul imunitar.<\/p>\n<ul>\n<li><strong>Cre\u0219tere optim\u0103<\/strong><\/li>\n<\/ul>\n<p>Nutrien\u021bii extrem de digerabili \u0219i cu con\u021binut ridicat de proteine sunt necesari pentru cre\u0219tere. Echilibrul corect de vitamine \u0219i minerale (vitamina D, calciu, fosfor) ajut\u0103 la dezvoltarea c\u0103\u021beilor.<\/p>\n<ul>\n<li><strong>O inim\u0103 puternic\u0103<\/strong><\/li>\n<\/ul>\n<p>Acizii gra\u0219i Omega 6 contribuie la men\u021binerea s\u0103n\u0103t\u0103\u021bii cardiovasculare.<\/p>\n<ul>\n<li><strong>Hipoalergenic<\/strong><\/li>\n<\/ul>\n<p>Singura protein\u0103 animal\u0103 este somonul, iar cartofii sunt o surs\u0103 de carbohidra\u021bi pentru a facilita digestia.<\/p>\n<p>&nbsp;<\/p>\n<p>Locul de produc\u021bie: Spania.<\/p>\n<p>A se p\u0103stra \u00eentr-un loc uscat, r\u0103coros, ferit de lumina soarelui.<\/p>","protected":false},"excerpt":{"rendered":"<p>REX NATURAL RANGE PUPPY ofer\u0103 cea mai optim\u0103 compozi\u021bie nutri\u021bional\u0103 pentru c\u0103\u021bei de diferite rase. Prin hr\u0103nirea cu acesta, pute\u021bi fi sigur c\u0103 puiul dumneavoastr\u0103 prime\u0219te zilnic o diet\u0103 complet\u0103 \u0219i echilibrat\u0103.<\/p>","protected":false},"featured_media":308,"comment_status":"open","ping_status":"closed","template":"","meta":{"_et_pb_use_builder":"","_et_pb_old_content":"","_et_gb_content_width":""},"product_cat":[91],"product_tag":[],"class_list":{"0":"post-307","1":"product","2":"type-product","3":"status-publish","4":"has-post-thumbnail","6":"product_cat-rex-natural-range-kutyatapok","7":"pa_kiszereles-14kg","8":"pa_kiszereles-3-kg","10":"first","11":"instock","12":"taxable","13":"shipping-taxable","14":"purchasable","15":"product-type-variable"},"yoast_head":"<!-- This site is optimized with the Yoast SEO plugin v24.0 - https:\/\/yoast.com\/wordpress\/plugins\/seo\/ -->\n<title>Rex Natural Range Puppy - Chicken &amp; Rice csirk\u00e9s-rizses k\u00f6ly\u00f6kt\u00e1p kutyaeledel - Equusline Transylvania<\/title>\n<meta name=\"robots\" content=\"index, follow, max-snippet:-1, max-image-preview:large, max-video-preview:-1\" \/>\n<link rel=\"canonical\" href=\"https:\/\/equusline-transylvania.ro\/ro\/produs\/rex-natural-range-puppy-chicken-rice\/\" \/>\n<meta property=\"og:locale\" content=\"ro_RO\" \/>\n<meta property=\"og:type\" content=\"article\" \/>\n<meta property=\"og:title\" content=\"Rex Natural Range Puppy - Chicken &amp; Rice csirk\u00e9s-rizses k\u00f6ly\u00f6kt\u00e1p kutyaeledel - Equusline Transylvania\" \/>\n<meta property=\"og:description\" content=\"A REX NATURAL RANGE PUPPY a k\u00fcl\u00f6nb\u00f6z\u0151 fajt\u00e1j\u00fa k\u00f6ly\u00f6kkuty\u00e1k sz\u00e1m\u00e1ra a legoptim\u00e1lisabb t\u00e1panyag-\u00f6sszet\u00e9telt biztos\u00edtja. Etet\u00e9s\u00e9vel biztos lehet benne, hogy kiskuty\u00e1j\u00e1nak minden nap teljes \u00e9s kiegyens\u00falyozott \u00e9trendet biztos\u00edt.\" \/>\n<meta property=\"og:url\" content=\"https:\/\/equusline-transylvania.ro\/ro\/produs\/rex-natural-range-puppy-chicken-rice\/\" \/>\n<meta property=\"og:site_name\" content=\"Equusline Transylvania\" \/>\n<meta property=\"article:publisher\" content=\"https:\/\/www.facebook.com\/profile.php?id=61564679939274\" \/>\n<meta property=\"article:modified_time\" content=\"2026-02-07T09:42:52+00:00\" \/>\n<meta property=\"og:image\" content=\"https:\/\/equusline-transylvania.ro\/wp-content\/uploads\/2024\/11\/kutya_PUPPY_14KG.jpg\" \/>\n\t<meta property=\"og:image:width\" content=\"1500\" \/>\n\t<meta property=\"og:image:height\" content=\"1500\" \/>\n\t<meta property=\"og:image:type\" content=\"image\/jpeg\" \/>\n<meta name=\"twitter:card\" content=\"summary_large_image\" \/>\n<meta name=\"twitter:label1\" content=\"Timp estimat pentru citire\" \/>\n\t<meta name=\"twitter:data1\" content=\"4 minute\" \/>\n<script type=\"application\/ld+json\" class=\"yoast-schema-graph\">{\"@context\":\"https:\/\/schema.org\",\"@graph\":[{\"@type\":\"WebPage\",\"@id\":\"https:\/\/equusline-transylvania.ro\/termek\/rex-natural-range-puppy-chicken-rice\/\",\"url\":\"https:\/\/equusline-transylvania.ro\/termek\/rex-natural-range-puppy-chicken-rice\/\",\"name\":\"Rex Natural Range Puppy - Chicken & Rice csirk\u00e9s-rizses k\u00f6ly\u00f6kt\u00e1p kutyaeledel - Equusline Transylvania\",\"isPartOf\":{\"@id\":\"https:\/\/equusline-transylvania.ro\/hu\/#website\"},\"primaryImageOfPage\":{\"@id\":\"https:\/\/equusline-transylvania.ro\/termek\/rex-natural-range-puppy-chicken-rice\/#primaryimage\"},\"image\":{\"@id\":\"https:\/\/equusline-transylvania.ro\/termek\/rex-natural-range-puppy-chicken-rice\/#primaryimage\"},\"thumbnailUrl\":\"https:\/\/equusline-transylvania.ro\/wp-content\/uploads\/2024\/11\/kutya_PUPPY_14KG.jpg\",\"datePublished\":\"2018-06-28T12:57:28+00:00\",\"dateModified\":\"2026-02-07T09:42:52+00:00\",\"breadcrumb\":{\"@id\":\"https:\/\/equusline-transylvania.ro\/termek\/rex-natural-range-puppy-chicken-rice\/#breadcrumb\"},\"inLanguage\":\"ro-RO\",\"potentialAction\":[{\"@type\":\"ReadAction\",\"target\":[\"https:\/\/equusline-transylvania.ro\/termek\/rex-natural-range-puppy-chicken-rice\/\"]}]},{\"@type\":\"ImageObject\",\"inLanguage\":\"ro-RO\",\"@id\":\"https:\/\/equusline-transylvania.ro\/termek\/rex-natural-range-puppy-chicken-rice\/#primaryimage\",\"url\":\"https:\/\/equusline-transylvania.ro\/wp-content\/uploads\/2024\/11\/kutya_PUPPY_14KG.jpg\",\"contentUrl\":\"https:\/\/equusline-transylvania.ro\/wp-content\/uploads\/2024\/11\/kutya_PUPPY_14KG.jpg\",\"width\":1500,\"height\":1500},{\"@type\":\"BreadcrumbList\",\"@id\":\"https:\/\/equusline-transylvania.ro\/termek\/rex-natural-range-puppy-chicken-rice\/#breadcrumb\",\"itemListElement\":[{\"@type\":\"ListItem\",\"position\":1,\"name\":\"Kezd\u0151lap\",\"item\":\"https:\/\/equusline-transylvania.ro\/\"},{\"@type\":\"ListItem\",\"position\":2,\"name\":\"Term\u00e9keink\",\"item\":\"https:\/\/equusline-transylvania.ro\/\"},{\"@type\":\"ListItem\",\"position\":3,\"name\":\"Rex Natural Range Puppy &#8211; Chicken &#038; Rice csirk\u00e9s-rizses k\u00f6ly\u00f6kt\u00e1p kutyaeledel\"}]},{\"@type\":\"WebSite\",\"@id\":\"https:\/\/equusline-transylvania.ro\/hu\/#website\",\"url\":\"https:\/\/equusline-transylvania.ro\/hu\/\",\"name\":\"Equusline Transylvania\",\"description\":\"\",\"publisher\":{\"@id\":\"https:\/\/equusline-transylvania.ro\/hu\/#organization\"},\"potentialAction\":[{\"@type\":\"SearchAction\",\"target\":{\"@type\":\"EntryPoint\",\"urlTemplate\":\"https:\/\/equusline-transylvania.ro\/hu\/?s={search_term_string}\"},\"query-input\":{\"@type\":\"PropertyValueSpecification\",\"valueRequired\":true,\"valueName\":\"search_term_string\"}}],\"inLanguage\":\"ro-RO\"},{\"@type\":\"Organization\",\"@id\":\"https:\/\/equusline-transylvania.ro\/hu\/#organization\",\"name\":\"Equusline Transylvania\",\"url\":\"https:\/\/equusline-transylvania.ro\/hu\/\",\"logo\":{\"@type\":\"ImageObject\",\"inLanguage\":\"ro-RO\",\"@id\":\"https:\/\/equusline-transylvania.ro\/hu\/#\/schema\/logo\/image\/\",\"url\":\"https:\/\/equusline-transylvania.ro\/wp-content\/uploads\/2024\/10\/equusline-ro.webp\",\"contentUrl\":\"https:\/\/equusline-transylvania.ro\/wp-content\/uploads\/2024\/10\/equusline-ro.webp\",\"width\":864,\"height\":397,\"caption\":\"Equusline Transylvania\"},\"image\":{\"@id\":\"https:\/\/equusline-transylvania.ro\/hu\/#\/schema\/logo\/image\/\"},\"sameAs\":[\"https:\/\/www.facebook.com\/profile.php?id=61564679939274\",\"https:\/\/www.instagram.com\/equusline_transylvania\"]}]}<\/script>\n<!-- \/ Yoast SEO plugin. -->","yoast_head_json":{"title":"Rex Natural Range Puppy - Chicken & Rice csirk\u00e9s-rizses k\u00f6ly\u00f6kt\u00e1p kutyaeledel - Equusline Transylvania","robots":{"index":"index","follow":"follow","max-snippet":"max-snippet:-1","max-image-preview":"max-image-preview:large","max-video-preview":"max-video-preview:-1"},"canonical":"https:\/\/equusline-transylvania.ro\/ro\/produs\/rex-natural-range-puppy-chicken-rice\/","og_locale":"ro_RO","og_type":"article","og_title":"Rex Natural Range Puppy - Chicken & Rice csirk\u00e9s-rizses k\u00f6ly\u00f6kt\u00e1p kutyaeledel - Equusline Transylvania","og_description":"A REX NATURAL RANGE PUPPY a k\u00fcl\u00f6nb\u00f6z\u0151 fajt\u00e1j\u00fa k\u00f6ly\u00f6kkuty\u00e1k sz\u00e1m\u00e1ra a legoptim\u00e1lisabb t\u00e1panyag-\u00f6sszet\u00e9telt biztos\u00edtja. Etet\u00e9s\u00e9vel biztos lehet benne, hogy kiskuty\u00e1j\u00e1nak minden nap teljes \u00e9s kiegyens\u00falyozott \u00e9trendet biztos\u00edt.","og_url":"https:\/\/equusline-transylvania.ro\/ro\/produs\/rex-natural-range-puppy-chicken-rice\/","og_site_name":"Equusline Transylvania","article_publisher":"https:\/\/www.facebook.com\/profile.php?id=61564679939274","article_modified_time":"2026-02-07T09:42:52+00:00","og_image":[{"width":1500,"height":1500,"url":"https:\/\/equusline-transylvania.ro\/wp-content\/uploads\/2024\/11\/kutya_PUPPY_14KG.jpg","type":"image\/jpeg"}],"twitter_card":"summary_large_image","twitter_misc":{"Timp estimat pentru citire":"4 minute"},"schema":{"@context":"https:\/\/schema.org","@graph":[{"@type":"WebPage","@id":"https:\/\/equusline-transylvania.ro\/termek\/rex-natural-range-puppy-chicken-rice\/","url":"https:\/\/equusline-transylvania.ro\/termek\/rex-natural-range-puppy-chicken-rice\/","name":"Rex Natural Range Puppy - Chicken & Rice csirk\u00e9s-rizses k\u00f6ly\u00f6kt\u00e1p kutyaeledel - Equusline Transylvania","isPartOf":{"@id":"https:\/\/equusline-transylvania.ro\/hu\/#website"},"primaryImageOfPage":{"@id":"https:\/\/equusline-transylvania.ro\/termek\/rex-natural-range-puppy-chicken-rice\/#primaryimage"},"image":{"@id":"https:\/\/equusline-transylvania.ro\/termek\/rex-natural-range-puppy-chicken-rice\/#primaryimage"},"thumbnailUrl":"https:\/\/equusline-transylvania.ro\/wp-content\/uploads\/2024\/11\/kutya_PUPPY_14KG.jpg","datePublished":"2018-06-28T12:57:28+00:00","dateModified":"2026-02-07T09:42:52+00:00","breadcrumb":{"@id":"https:\/\/equusline-transylvania.ro\/termek\/rex-natural-range-puppy-chicken-rice\/#breadcrumb"},"inLanguage":"ro-RO","potentialAction":[{"@type":"ReadAction","target":["https:\/\/equusline-transylvania.ro\/termek\/rex-natural-range-puppy-chicken-rice\/"]}]},{"@type":"ImageObject","inLanguage":"ro-RO","@id":"https:\/\/equusline-transylvania.ro\/termek\/rex-natural-range-puppy-chicken-rice\/#primaryimage","url":"https:\/\/equusline-transylvania.ro\/wp-content\/uploads\/2024\/11\/kutya_PUPPY_14KG.jpg","contentUrl":"https:\/\/equusline-transylvania.ro\/wp-content\/uploads\/2024\/11\/kutya_PUPPY_14KG.jpg","width":1500,"height":1500},{"@type":"BreadcrumbList","@id":"https:\/\/equusline-transylvania.ro\/termek\/rex-natural-range-puppy-chicken-rice\/#breadcrumb","itemListElement":[{"@type":"ListItem","position":1,"name":"Kezd\u0151lap","item":"https:\/\/equusline-transylvania.ro\/"},{"@type":"ListItem","position":2,"name":"Term\u00e9keink","item":"https:\/\/equusline-transylvania.ro\/"},{"@type":"ListItem","position":3,"name":"Rex Natural Range Puppy &#8211; Chicken &#038; Rice csirk\u00e9s-rizses k\u00f6ly\u00f6kt\u00e1p kutyaeledel"}]},{"@type":"WebSite","@id":"https:\/\/equusline-transylvania.ro\/hu\/#website","url":"https:\/\/equusline-transylvania.ro\/hu\/","name":"Equusline Transilvania","description":"","publisher":{"@id":"https:\/\/equusline-transylvania.ro\/hu\/#organization"},"potentialAction":[{"@type":"SearchAction","target":{"@type":"EntryPoint","urlTemplate":"https:\/\/equusline-transylvania.ro\/hu\/?s={search_term_string}"},"query-input":{"@type":"PropertyValueSpecification","valueRequired":true,"valueName":"search_term_string"}}],"inLanguage":"ro-RO"},{"@type":"Organization","@id":"https:\/\/equusline-transylvania.ro\/hu\/#organization","name":"Equusline Transilvania","url":"https:\/\/equusline-transylvania.ro\/hu\/","logo":{"@type":"ImageObject","inLanguage":"ro-RO","@id":"https:\/\/equusline-transylvania.ro\/hu\/#\/schema\/logo\/image\/","url":"https:\/\/equusline-transylvania.ro\/wp-content\/uploads\/2024\/10\/equusline-ro.webp","contentUrl":"https:\/\/equusline-transylvania.ro\/wp-content\/uploads\/2024\/10\/equusline-ro.webp","width":864,"height":397,"caption":"Equusline Transylvania"},"image":{"@id":"https:\/\/equusline-transylvania.ro\/hu\/#\/schema\/logo\/image\/"},"sameAs":["https:\/\/www.facebook.com\/profile.php?id=61564679939274","https:\/\/www.instagram.com\/equusline_transylvania"]}]}},"_links":{"self":[{"href":"https:\/\/equusline-transylvania.ro\/ro\/wp-json\/wp\/v2\/product\/307","targetHints":{"allow":["GET"]}}],"collection":[{"href":"https:\/\/equusline-transylvania.ro\/ro\/wp-json\/wp\/v2\/product"}],"about":[{"href":"https:\/\/equusline-transylvania.ro\/ro\/wp-json\/wp\/v2\/types\/product"}],"replies":[{"embeddable":true,"href":"https:\/\/equusline-transylvania.ro\/ro\/wp-json\/wp\/v2\/comments?post=307"}],"wp:featuredmedia":[{"embeddable":true,"href":"https:\/\/equusline-transylvania.ro\/ro\/wp-json\/wp\/v2\/media\/308"}],"wp:attachment":[{"href":"https:\/\/equusline-transylvania.ro\/ro\/wp-json\/wp\/v2\/media?parent=307"}],"wp:term":[{"taxonomy":"product_cat","embeddable":true,"href":"https:\/\/equusline-transylvania.ro\/ro\/wp-json\/wp\/v2\/product_cat?post=307"},{"taxonomy":"product_tag","embeddable":true,"href":"https:\/\/equusline-transylvania.ro\/ro\/wp-json\/wp\/v2\/product_tag?post=307"}],"curies":[{"name":"wp","href":"https:\/\/api.w.org\/{rel}","templated":true}]}}