{"id":20,"date":"2020-01-08T12:42:44","date_gmt":"2020-01-08T11:42:44","guid":{"rendered":"https:\/\/equusline-transylvania.ro\/termek\/new-generation-zabmentes-muzli-alaptakarmany-20-kg\/"},"modified":"2026-01-29T16:08:51","modified_gmt":"2026-01-29T15:08:51","slug":"new-generation-zabmentes-muzli-alaptakarmany-20-kg","status":"publish","type":"product","link":"https:\/\/equusline-transylvania.ro\/ro\/produs\/new-generation-zabmentes-muzli-alaptakarmany-20-kg\/","title":{"rendered":"Muesli f\u0103r\u0103 ov\u0103z \"New Generation\" furaj de baz\u0103 20 kg"},"content":{"rendered":"<div>O versiune \u00eembun\u0103t\u0103\u021bit\u0103 a popularului \"Equusline Cool mix\" cu o abordare modern\u0103 a hr\u0103nirii cailor. Bogat \u00een fibre \u0219i cu un con\u021binut unic de ulei, vitamine \u0219i minerale. O hran\u0103 complet\u0103 economic\u0103, f\u0103r\u0103 ov\u0103z, pentru cai de sport, cai \u00een formare \u0219i cai hobby. Suplimenta\u021bi cu furaje cu fibre. \u00cen combina\u021bie cu un supliment complex de vitamine, ofer\u0103, de asemenea, suficient\u0103 energie pentru caii de sport supu\u0219i unor sarcini grele \u0219i la munci grele.<\/div>\n<div>Ra\u021bia zilnic\u0103: 1,00 kg - 3,00 kg, \u00een func\u021bie de m\u0103rimea calului, de \u00eenc\u0103rc\u0103tur\u0103 \u0219i de cantitatea \u0219i compozi\u021bia altor alimente.<\/div>\n<div><\/div>\n<div><strong>REZUMAT:<\/strong><\/div>\n<div><\/div>\n<div>Energie digerabil\u0103: 2896,4 Kcal\/kg<\/div>\n<div><\/div>\n<div>Orz, pelete de lucern\u0103, t\u0103r\u00e2\u021be de gr\u00e2u, pulp\u0103 de sfecl\u0103 uscat\u0103, fulgi de porumb, fulgi de orz, fulgi de soia, coji de ro\u0219cove uscate, ulei de palmier, morcov uscat, fulgi de maz\u0103re, carbonat de calciu (var furajer), melas\u0103 de trestie de zah\u0103r, clorur\u0103 de sodiu (sare).<\/div>\n<div><\/div>\n<div>Protein\u0103 brut\u0103 - 11,5 %<br \/>\nUlei brut \u0219i gr\u0103sime brut\u0103 - 9,3%<br \/>\nFibr\u0103 brut\u0103 - 10,9 %<br \/>\nCenu\u0219\u0103 brut\u0103 - 7,20 %<br \/>\nCalciu - 1,14 %<br \/>\nFosfor - 0,48 %<br \/>\nSodiu - 0,38 %<br \/>\nMagneziu - 0,26 %<br \/>\nAmidon: 23,5%<br \/>\nZah\u0103r: 5,1%<\/div>\n<div>\n<p><strong><u>Aminoacizi<br \/>\n<\/u><\/strong>DL-Metionin\u0103 99 (3c301) - 0,036 %<br \/>\nTriptofan - 0,26 %<\/p>\n<\/div>\n<div><\/div>\n<div>\n<table style=\"height: 1264px;\" width=\"968\">\n<tbody>\n<tr>\n<td colspan=\"3\" width=\"262\"><strong>\u00a0<\/strong><strong><u>Vitamine, provitamine<\/u><\/strong><\/td>\n<td colspan=\"3\" width=\"262\"><strong><u>Macro- \u0219i microelemente<\/u><\/strong><\/td>\n<\/tr>\n<tr>\n<td width=\"187\">Vitamina A (3a672a)<\/td>\n<td width=\"38\">18.000<\/td>\n<td width=\"37\">NE \/kg<\/td>\n<td width=\"191\">Fier (carbonat de fier) (3b101)<\/td>\n<td width=\"34\">108<\/td>\n<td width=\"37\">mg\/kg<\/td>\n<\/tr>\n<tr>\n<td width=\"187\">Vitamina D3 (3a671)<\/td>\n<td width=\"38\">1.800<\/td>\n<td width=\"37\">NE \/kg<\/td>\n<td width=\"191\">Iod (iodur\u0103 de potasiu) (3b201)<\/td>\n<td width=\"34\">0,9<\/td>\n<td width=\"37\">mg\/kg<\/td>\n<\/tr>\n<tr>\n<td width=\"187\">Vitamina E (3a700)<\/td>\n<td width=\"38\">120,0<\/td>\n<td width=\"37\">mg\/kg<\/td>\n<td rowspan=\"2\" width=\"191\">Cobalt (carbonat de cobalt (II) monohidrat (3b304)<\/td>\n<td rowspan=\"2\" width=\"34\">0,36<\/td>\n<td rowspan=\"2\" width=\"37\">mg\/kg<\/td>\n<\/tr>\n<tr>\n<td width=\"187\">Vitamina B1 (3a820)<\/td>\n<td width=\"38\">9<\/td>\n<td width=\"37\">mg\/kg<\/td>\n<\/tr>\n<tr>\n<td width=\"187\">Vitamina B2<\/td>\n<td width=\"38\">5,40<\/td>\n<td width=\"37\">mg\/kg<\/td>\n<td width=\"191\">Cupru (sulfat de cupru pentahidrat) (E-4)<\/td>\n<td width=\"34\">18<\/td>\n<td width=\"37\">mg\/kg<\/td>\n<\/tr>\n<tr>\n<td width=\"187\">Vitamina B12<\/td>\n<td width=\"38\">27,00<\/td>\n<td width=\"37\">\u00b5g\/kg<\/td>\n<td width=\"191\">Mangan (oxid de mangan) (3b502)<\/td>\n<td width=\"34\">72<\/td>\n<td width=\"37\">mg\/kg<\/td>\n<\/tr>\n<tr>\n<td width=\"187\">Vitamina K3 (3a711)<\/td>\n<td width=\"38\">3,60<\/td>\n<td width=\"37\">mg\/kg<\/td>\n<td width=\"191\">Zinc (oxid de zinc) (3b603)<\/td>\n<td width=\"34\">90<\/td>\n<td width=\"37\">mg\/kg<\/td>\n<\/tr>\n<tr>\n<td width=\"187\">Biotin\u0103 (3a880)<\/td>\n<td width=\"38\">0,36<\/td>\n<td width=\"37\">mg\/kg<\/td>\n<td width=\"191\">Zinc (chelat de zinc) (3b610)<br \/>\nZinc chelat hidrat de zinc aminoacizi (3b610)<\/td>\n<td width=\"34\">6,24<br \/>\n42<\/td>\n<td width=\"37\">mg\/kg<br \/>\nmg\/kg<\/td>\n<\/tr>\n<tr>\n<td width=\"187\">Acid folic (3a316)<\/td>\n<td width=\"38\">1,8<\/td>\n<td width=\"37\">mg\/Kg<\/td>\n<td width=\"191\">Seleniu (selenit de seleniu (E-8)<\/td>\n<td width=\"34\">0,18<\/td>\n<td width=\"37\">mg\/kg<\/td>\n<\/tr>\n<tr>\n<td width=\"187\">Clorur\u0103 de colin\u0103 (3a890)<\/td>\n<td width=\"38\">360<\/td>\n<td width=\"37\">mg\/Kg<\/td>\n<td rowspan=\"2\" width=\"191\">Selenometionin\u0103 (seleniu organic S. Cerevisiae NCYC R397) (drojdie seleniu inactivat\u0103) (3b811)<\/td>\n<td rowspan=\"2\" width=\"34\">0,18<\/td>\n<td rowspan=\"2\" width=\"37\">mg\/kg<\/td>\n<\/tr>\n<tr>\n<td width=\"187\">Acid nicotenic (3a314)<\/td>\n<td width=\"38\">14,4<\/td>\n<td width=\"37\">mg\/Kg<\/td>\n<\/tr>\n<tr>\n<td width=\"187\">Pantotenat de calciu (vitamina B5) (3a841)<\/td>\n<td width=\"38\">9<\/td>\n<td width=\"37\">mg\/Kg<\/td>\n<td colspan=\"3\" width=\"262\"><strong><u>Conservan\u021bi<\/u><\/strong><\/td>\n<\/tr>\n<tr>\n<td colspan=\"3\" width=\"262\"><strong><u>Antioxidan\u021bi<\/u><\/strong><\/td>\n<td width=\"191\">Acid citric (E-330)<\/td>\n<td width=\"34\">30,8<\/td>\n<td width=\"37\">mg\/kg<\/td>\n<\/tr>\n<tr>\n<td width=\"187\">BHT (E-321)<\/td>\n<td width=\"38\">25,2<\/td>\n<td width=\"37\">mg\/kg<\/td>\n<td width=\"191\">Citrat de sodiu (E-331)<\/td>\n<td width=\"34\">0,72<\/td>\n<td width=\"37\">mg\/kg<\/td>\n<\/tr>\n<tr>\n<td width=\"187\">BHA (E-320)<\/td>\n<td width=\"38\">11,88<\/td>\n<td width=\"37\">mg\/kg<\/td>\n<td colspan=\"3\" width=\"262\"><strong><u>Leg\u0103tori<\/u><\/strong><\/td>\n<\/tr>\n<tr>\n<td width=\"187\">Galat de propil (E-310)<\/td>\n<td width=\"38\">0,12<\/td>\n<td width=\"37\">mg\/kg<\/td>\n<td width=\"191\">Sepiolit (E-562)<br \/>\nArgil\u0103 sepiolitic\u0103<\/td>\n<td width=\"34\">0,108<br \/>\n962,4<\/td>\n<td width=\"37\">%<br \/>\nmg\/kg<\/td>\n<\/tr>\n<\/tbody>\n<\/table>\n<\/div>\n<p>Ambalare: sac de 20 kg<\/p>","protected":false},"excerpt":{"rendered":"<p>Muesli complet economic, f\u0103r\u0103 ov\u0103z, pentru cai de sport, cai \u00een formare \u0219i cai de hobby, cu con\u021binut ridicat de fibre \u0219i ulei, vitamine \u0219i minerale.<\/p>\n<p>&nbsp;<\/p>","protected":false},"featured_media":21,"comment_status":"open","ping_status":"closed","template":"","meta":{"_et_pb_use_builder":"","_et_pb_old_content":"","_et_gb_content_width":""},"product_cat":[98],"product_tag":[86],"class_list":{"0":"post-20","1":"product","2":"type-product","3":"status-publish","4":"has-post-thumbnail","6":"product_cat-equusline-lotapok","7":"product_tag-lovaknak","9":"first","10":"instock","11":"taxable","12":"shipping-taxable","13":"purchasable","14":"product-type-simple"},"yoast_head":"<!-- This site is optimized with the Yoast SEO plugin v24.0 - https:\/\/yoast.com\/wordpress\/plugins\/seo\/ -->\n<title>&#039;New Generation&#039; zabmentes m\u00fczli alaptakarm\u00e1ny 20 kg - Equusline Transylvania<\/title>\n<meta name=\"robots\" content=\"index, follow, max-snippet:-1, max-image-preview:large, max-video-preview:-1\" \/>\n<link rel=\"canonical\" href=\"https:\/\/equusline-transylvania.ro\/ro\/produs\/new-generation-zabmentes-muzli-alaptakarmany-20-kg\/\" \/>\n<meta property=\"og:locale\" content=\"ro_RO\" \/>\n<meta property=\"og:type\" content=\"article\" \/>\n<meta property=\"og:title\" content=\"&#039;New Generation&#039; zabmentes m\u00fczli alaptakarm\u00e1ny 20 kg - Equusline Transylvania\" \/>\n<meta property=\"og:description\" content=\"Gazdas\u00e1gos teljes \u00e9rt\u00e9k\u0171, zabmentes m\u00fczli alaptakarm\u00e1ny sportlovaknak, k\u00e9pz\u00e9s alatt \u00e1ll\u00f3 lovaknak \u00e9s hobbilovaknak magas rost - \u00e9s olajtartalommal, vitaminokkal \u00e9s \u00e1sv\u00e1nyi anyagokkal.  &nbsp;\" \/>\n<meta property=\"og:url\" content=\"https:\/\/equusline-transylvania.ro\/ro\/produs\/new-generation-zabmentes-muzli-alaptakarmany-20-kg\/\" \/>\n<meta property=\"og:site_name\" content=\"Equusline Transylvania\" \/>\n<meta property=\"article:publisher\" content=\"https:\/\/www.facebook.com\/profile.php?id=61564679939274\" \/>\n<meta property=\"article:modified_time\" content=\"2026-01-29T15:08:51+00:00\" \/>\n<meta property=\"og:image\" content=\"https:\/\/equusline-transylvania.ro\/wp-content\/uploads\/2024\/10\/elite-sport-high-energy-mix.png\" \/>\n\t<meta property=\"og:image:width\" content=\"607\" \/>\n\t<meta property=\"og:image:height\" content=\"756\" \/>\n\t<meta property=\"og:image:type\" content=\"image\/png\" \/>\n<meta name=\"twitter:card\" content=\"summary_large_image\" \/>\n<meta name=\"twitter:label1\" content=\"Timp estimat pentru citire\" \/>\n\t<meta name=\"twitter:data1\" content=\"2 minute\" \/>\n<script type=\"application\/ld+json\" class=\"yoast-schema-graph\">{\"@context\":\"https:\/\/schema.org\",\"@graph\":[{\"@type\":\"WebPage\",\"@id\":\"https:\/\/equusline-transylvania.ro\/termek\/new-generation-zabmentes-muzli-alaptakarmany-20-kg\/\",\"url\":\"https:\/\/equusline-transylvania.ro\/termek\/new-generation-zabmentes-muzli-alaptakarmany-20-kg\/\",\"name\":\"'New Generation' zabmentes m\u00fczli alaptakarm\u00e1ny 20 kg - Equusline Transylvania\",\"isPartOf\":{\"@id\":\"https:\/\/equusline-transylvania.ro\/hu\/#website\"},\"primaryImageOfPage\":{\"@id\":\"https:\/\/equusline-transylvania.ro\/termek\/new-generation-zabmentes-muzli-alaptakarmany-20-kg\/#primaryimage\"},\"image\":{\"@id\":\"https:\/\/equusline-transylvania.ro\/termek\/new-generation-zabmentes-muzli-alaptakarmany-20-kg\/#primaryimage\"},\"thumbnailUrl\":\"https:\/\/equusline-transylvania.ro\/wp-content\/uploads\/2024\/10\/elite-sport-high-energy-mix.png\",\"datePublished\":\"2020-01-08T11:42:44+00:00\",\"dateModified\":\"2026-01-29T15:08:51+00:00\",\"breadcrumb\":{\"@id\":\"https:\/\/equusline-transylvania.ro\/termek\/new-generation-zabmentes-muzli-alaptakarmany-20-kg\/#breadcrumb\"},\"inLanguage\":\"ro-RO\",\"potentialAction\":[{\"@type\":\"ReadAction\",\"target\":[\"https:\/\/equusline-transylvania.ro\/termek\/new-generation-zabmentes-muzli-alaptakarmany-20-kg\/\"]}]},{\"@type\":\"ImageObject\",\"inLanguage\":\"ro-RO\",\"@id\":\"https:\/\/equusline-transylvania.ro\/termek\/new-generation-zabmentes-muzli-alaptakarmany-20-kg\/#primaryimage\",\"url\":\"https:\/\/equusline-transylvania.ro\/wp-content\/uploads\/2024\/10\/elite-sport-high-energy-mix.png\",\"contentUrl\":\"https:\/\/equusline-transylvania.ro\/wp-content\/uploads\/2024\/10\/elite-sport-high-energy-mix.png\",\"width\":607,\"height\":756},{\"@type\":\"BreadcrumbList\",\"@id\":\"https:\/\/equusline-transylvania.ro\/termek\/new-generation-zabmentes-muzli-alaptakarmany-20-kg\/#breadcrumb\",\"itemListElement\":[{\"@type\":\"ListItem\",\"position\":1,\"name\":\"Kezd\u0151lap\",\"item\":\"https:\/\/equusline-transylvania.ro\/\"},{\"@type\":\"ListItem\",\"position\":2,\"name\":\"Term\u00e9keink\",\"item\":\"https:\/\/equusline-transylvania.ro\/\"},{\"@type\":\"ListItem\",\"position\":3,\"name\":\"&#8216;New Generation&#8217; zabmentes m\u00fczli alaptakarm\u00e1ny 20 kg\"}]},{\"@type\":\"WebSite\",\"@id\":\"https:\/\/equusline-transylvania.ro\/hu\/#website\",\"url\":\"https:\/\/equusline-transylvania.ro\/hu\/\",\"name\":\"Equusline Transylvania\",\"description\":\"\",\"publisher\":{\"@id\":\"https:\/\/equusline-transylvania.ro\/hu\/#organization\"},\"potentialAction\":[{\"@type\":\"SearchAction\",\"target\":{\"@type\":\"EntryPoint\",\"urlTemplate\":\"https:\/\/equusline-transylvania.ro\/hu\/?s={search_term_string}\"},\"query-input\":{\"@type\":\"PropertyValueSpecification\",\"valueRequired\":true,\"valueName\":\"search_term_string\"}}],\"inLanguage\":\"ro-RO\"},{\"@type\":\"Organization\",\"@id\":\"https:\/\/equusline-transylvania.ro\/hu\/#organization\",\"name\":\"Equusline Transylvania\",\"url\":\"https:\/\/equusline-transylvania.ro\/hu\/\",\"logo\":{\"@type\":\"ImageObject\",\"inLanguage\":\"ro-RO\",\"@id\":\"https:\/\/equusline-transylvania.ro\/hu\/#\/schema\/logo\/image\/\",\"url\":\"https:\/\/equusline-transylvania.ro\/wp-content\/uploads\/2024\/10\/equusline-ro.webp\",\"contentUrl\":\"https:\/\/equusline-transylvania.ro\/wp-content\/uploads\/2024\/10\/equusline-ro.webp\",\"width\":864,\"height\":397,\"caption\":\"Equusline Transylvania\"},\"image\":{\"@id\":\"https:\/\/equusline-transylvania.ro\/hu\/#\/schema\/logo\/image\/\"},\"sameAs\":[\"https:\/\/www.facebook.com\/profile.php?id=61564679939274\",\"https:\/\/www.instagram.com\/equusline_transylvania\"]}]}<\/script>\n<!-- \/ Yoast SEO plugin. -->","yoast_head_json":{"title":"'New Generation' zabmentes m\u00fczli alaptakarm\u00e1ny 20 kg - Equusline Transylvania","robots":{"index":"index","follow":"follow","max-snippet":"max-snippet:-1","max-image-preview":"max-image-preview:large","max-video-preview":"max-video-preview:-1"},"canonical":"https:\/\/equusline-transylvania.ro\/ro\/produs\/new-generation-zabmentes-muzli-alaptakarmany-20-kg\/","og_locale":"ro_RO","og_type":"article","og_title":"'New Generation' zabmentes m\u00fczli alaptakarm\u00e1ny 20 kg - Equusline Transylvania","og_description":"Gazdas\u00e1gos teljes \u00e9rt\u00e9k\u0171, zabmentes m\u00fczli alaptakarm\u00e1ny sportlovaknak, k\u00e9pz\u00e9s alatt \u00e1ll\u00f3 lovaknak \u00e9s hobbilovaknak magas rost - \u00e9s olajtartalommal, vitaminokkal \u00e9s \u00e1sv\u00e1nyi anyagokkal.  &nbsp;","og_url":"https:\/\/equusline-transylvania.ro\/ro\/produs\/new-generation-zabmentes-muzli-alaptakarmany-20-kg\/","og_site_name":"Equusline Transylvania","article_publisher":"https:\/\/www.facebook.com\/profile.php?id=61564679939274","article_modified_time":"2026-01-29T15:08:51+00:00","og_image":[{"width":607,"height":756,"url":"https:\/\/equusline-transylvania.ro\/wp-content\/uploads\/2024\/10\/elite-sport-high-energy-mix.png","type":"image\/png"}],"twitter_card":"summary_large_image","twitter_misc":{"Timp estimat pentru citire":"2 minute"},"schema":{"@context":"https:\/\/schema.org","@graph":[{"@type":"WebPage","@id":"https:\/\/equusline-transylvania.ro\/termek\/new-generation-zabmentes-muzli-alaptakarmany-20-kg\/","url":"https:\/\/equusline-transylvania.ro\/termek\/new-generation-zabmentes-muzli-alaptakarmany-20-kg\/","name":"'New Generation' zabmentes m\u00fczli alaptakarm\u00e1ny 20 kg - Equusline Transylvania","isPartOf":{"@id":"https:\/\/equusline-transylvania.ro\/hu\/#website"},"primaryImageOfPage":{"@id":"https:\/\/equusline-transylvania.ro\/termek\/new-generation-zabmentes-muzli-alaptakarmany-20-kg\/#primaryimage"},"image":{"@id":"https:\/\/equusline-transylvania.ro\/termek\/new-generation-zabmentes-muzli-alaptakarmany-20-kg\/#primaryimage"},"thumbnailUrl":"https:\/\/equusline-transylvania.ro\/wp-content\/uploads\/2024\/10\/elite-sport-high-energy-mix.png","datePublished":"2020-01-08T11:42:44+00:00","dateModified":"2026-01-29T15:08:51+00:00","breadcrumb":{"@id":"https:\/\/equusline-transylvania.ro\/termek\/new-generation-zabmentes-muzli-alaptakarmany-20-kg\/#breadcrumb"},"inLanguage":"ro-RO","potentialAction":[{"@type":"ReadAction","target":["https:\/\/equusline-transylvania.ro\/termek\/new-generation-zabmentes-muzli-alaptakarmany-20-kg\/"]}]},{"@type":"ImageObject","inLanguage":"ro-RO","@id":"https:\/\/equusline-transylvania.ro\/termek\/new-generation-zabmentes-muzli-alaptakarmany-20-kg\/#primaryimage","url":"https:\/\/equusline-transylvania.ro\/wp-content\/uploads\/2024\/10\/elite-sport-high-energy-mix.png","contentUrl":"https:\/\/equusline-transylvania.ro\/wp-content\/uploads\/2024\/10\/elite-sport-high-energy-mix.png","width":607,"height":756},{"@type":"BreadcrumbList","@id":"https:\/\/equusline-transylvania.ro\/termek\/new-generation-zabmentes-muzli-alaptakarmany-20-kg\/#breadcrumb","itemListElement":[{"@type":"ListItem","position":1,"name":"Kezd\u0151lap","item":"https:\/\/equusline-transylvania.ro\/"},{"@type":"ListItem","position":2,"name":"Term\u00e9keink","item":"https:\/\/equusline-transylvania.ro\/"},{"@type":"ListItem","position":3,"name":"&#8216;New Generation&#8217; zabmentes m\u00fczli alaptakarm\u00e1ny 20 kg"}]},{"@type":"WebSite","@id":"https:\/\/equusline-transylvania.ro\/hu\/#website","url":"https:\/\/equusline-transylvania.ro\/hu\/","name":"Equusline Transilvania","description":"","publisher":{"@id":"https:\/\/equusline-transylvania.ro\/hu\/#organization"},"potentialAction":[{"@type":"SearchAction","target":{"@type":"EntryPoint","urlTemplate":"https:\/\/equusline-transylvania.ro\/hu\/?s={search_term_string}"},"query-input":{"@type":"PropertyValueSpecification","valueRequired":true,"valueName":"search_term_string"}}],"inLanguage":"ro-RO"},{"@type":"Organization","@id":"https:\/\/equusline-transylvania.ro\/hu\/#organization","name":"Equusline Transilvania","url":"https:\/\/equusline-transylvania.ro\/hu\/","logo":{"@type":"ImageObject","inLanguage":"ro-RO","@id":"https:\/\/equusline-transylvania.ro\/hu\/#\/schema\/logo\/image\/","url":"https:\/\/equusline-transylvania.ro\/wp-content\/uploads\/2024\/10\/equusline-ro.webp","contentUrl":"https:\/\/equusline-transylvania.ro\/wp-content\/uploads\/2024\/10\/equusline-ro.webp","width":864,"height":397,"caption":"Equusline Transylvania"},"image":{"@id":"https:\/\/equusline-transylvania.ro\/hu\/#\/schema\/logo\/image\/"},"sameAs":["https:\/\/www.facebook.com\/profile.php?id=61564679939274","https:\/\/www.instagram.com\/equusline_transylvania"]}]}},"_links":{"self":[{"href":"https:\/\/equusline-transylvania.ro\/ro\/wp-json\/wp\/v2\/product\/20","targetHints":{"allow":["GET"]}}],"collection":[{"href":"https:\/\/equusline-transylvania.ro\/ro\/wp-json\/wp\/v2\/product"}],"about":[{"href":"https:\/\/equusline-transylvania.ro\/ro\/wp-json\/wp\/v2\/types\/product"}],"replies":[{"embeddable":true,"href":"https:\/\/equusline-transylvania.ro\/ro\/wp-json\/wp\/v2\/comments?post=20"}],"wp:featuredmedia":[{"embeddable":true,"href":"https:\/\/equusline-transylvania.ro\/ro\/wp-json\/wp\/v2\/media\/21"}],"wp:attachment":[{"href":"https:\/\/equusline-transylvania.ro\/ro\/wp-json\/wp\/v2\/media?parent=20"}],"wp:term":[{"taxonomy":"product_cat","embeddable":true,"href":"https:\/\/equusline-transylvania.ro\/ro\/wp-json\/wp\/v2\/product_cat?post=20"},{"taxonomy":"product_tag","embeddable":true,"href":"https:\/\/equusline-transylvania.ro\/ro\/wp-json\/wp\/v2\/product_tag?post=20"}],"curies":[{"name":"wp","href":"https:\/\/api.w.org\/{rel}","templated":true}]}}