{"id":13,"date":"2014-09-08T12:38:14","date_gmt":"2014-09-08T10:38:14","guid":{"rendered":"https:\/\/equusline-transylvania.ro\/termek\/sport-mix-zabmentes-muzli-kozepes-terheleshez\/"},"modified":"2026-01-30T09:16:54","modified_gmt":"2026-01-30T08:16:54","slug":"sport-mix-zabmentes-muzli-kozepes-terheleshez","status":"publish","type":"product","link":"https:\/\/equusline-transylvania.ro\/ro\/produs\/sport-mix-zabmentes-muzli-kozepes-terheleshez\/","title":{"rendered":"Muesli f\u0103r\u0103 ov\u0103z \"Sport Mix\" 20 kg"},"content":{"rendered":"<div>Muesli f\u0103r\u0103 ov\u0103z pentru caii de sport cu un volum de munc\u0103 mediu, caii \u00een formare \u0219i caii de hobby care lucreaz\u0103 \u00een mod regulat. O hran\u0103 de baz\u0103 economic\u0103 suplimentat\u0103 cu furaje fibroase. \u00cempreun\u0103 cu un supliment complex de vitamine, este suficient \u0219i pentru munca grea.<\/div>\n<div>Ra\u021bia zilnic\u0103: 1,00 kg - 3,00 kg, \u00een func\u021bie de m\u0103rimea calului, de \u00eenc\u0103rc\u0103tur\u0103 \u0219i de cantitatea \u0219i compozi\u021bia altor alimente.<\/div>\n<div><\/div>\n<div><strong>REZUMAT:<\/strong><\/div>\n<div><\/div>\n<div>Energie digerabil\u0103: 2591,953 Kcal\/kg<\/div>\n<div><\/div>\n<div>T\u0103r\u00e2\u021be de gr\u00e2u, lucern\u0103, fulgi de soia, semin\u021be uscate de ro\u0219cove, fulgi de porumb, fulgi de orz, aditiv de var furajer, ulei de palmier, melas\u0103 din trestie de zah\u0103r, clorur\u0103 de sodiu (sare).<\/div>\n<div><\/div>\n<div>Proteine brute - 12,90 %<br \/>\nUlei brut \u0219i gr\u0103simi brute 3,40 %<br \/>\nFibr\u0103 brut\u0103 - 14,70 %<br \/>\nCenu\u0219\u0103 brut\u0103 - 8,50 %<br \/>\nCalciu - 1,27 %<br \/>\nFosfor - 0,58 %<br \/>\nSodiu - 0,34 %<\/div>\n<div>\u00cent\u0103ritor: 16,71%<br \/>\nZah\u0103r: 6,73%<\/div>\n<p><strong>Vitamine, provitamine \u0219i alte substan\u021be<\/strong><\/p>\n<p>Vitamina A - 8,129.00 UI\/kg<br \/>\nVitamina D3 - 813,00 UI\/kg<br \/>\nVitamina E (alfa-tocoferol) - 81,30 mg\/Kg<br \/>\nVitamina B1 - 4,10 mg\/Kg<br \/>\nVitamina B2 - 2,44 mg\/Kg<br \/>\nVitamina B12 - 12,20 mcgr\/Kg<br \/>\nVitamina K - 1,60 mg\/Kg<br \/>\nBiotin\u0103 - 0,30 mg\/Kg<br \/>\nAcid folic - 0,80 mg\/Kg<br \/>\nClorur\u0103 de colin\u0103 - 181,00 mg\/Kg<br \/>\nNiacina - 6,50 mg\/Kg<br \/>\nAcid pantotenic (vitamina B5) - 4,10 mg\/Kg<\/p>\n<p><strong>Macro- \u0219i microelemente<\/strong><\/p>\n<p>Fier (carbonat de fier) - 54,20 mg\/Kg<br \/>\nIod (iodur\u0103 de potasiu) - 0,50 mg\/kg<br \/>\nCobalt (carbonat de cobalt monohidrat) - 0,45 mg\/kg<br \/>\nCupru (sulfat de cupru pentahidrat) - 9,00 mg\/kg<br \/>\nMangan (oxid de mangan) - 36,10 mg\/kg<br \/>\nZinc (sulfat de zinc monohidrat) - 54,20 mg\/kg<br \/>\nSeleniu (selenit de seleniu) - 0,09 mg\/kg<\/p>\n<p>Ambalare: sac de 20 kg<\/p>","protected":false},"excerpt":{"rendered":"<p>Muesli f\u0103r\u0103 ov\u0103z pentru cai de sport cu un volum de munc\u0103 mediu, cai \u00een formare \u0219i cai de hobby. Hran\u0103 de baz\u0103 economic\u0103.<\/p>\n<p>&nbsp;<\/p>","protected":false},"featured_media":14,"comment_status":"open","ping_status":"closed","template":"","meta":{"_et_pb_use_builder":"","_et_pb_old_content":"","_et_gb_content_width":""},"product_cat":[98],"product_tag":[86],"class_list":{"0":"post-13","1":"product","2":"type-product","3":"status-publish","4":"has-post-thumbnail","6":"product_cat-equusline-lotapok","7":"product_tag-lovaknak","9":"first","10":"instock","11":"taxable","12":"shipping-taxable","13":"purchasable","14":"product-type-simple"},"yoast_head":"<!-- This site is optimized with the Yoast SEO plugin v24.0 - https:\/\/yoast.com\/wordpress\/plugins\/seo\/ -->\n<title>&#039;Sport Mix&#039; zabmentes m\u00fczli 20 kg - Equusline Transylvania<\/title>\n<meta name=\"robots\" content=\"index, follow, max-snippet:-1, max-image-preview:large, max-video-preview:-1\" \/>\n<link rel=\"canonical\" href=\"https:\/\/equusline-transylvania.ro\/ro\/produs\/sport-mix-zabmentes-muzli-kozepes-terheleshez\/\" \/>\n<meta property=\"og:locale\" content=\"ro_RO\" \/>\n<meta property=\"og:type\" content=\"article\" \/>\n<meta property=\"og:title\" content=\"&#039;Sport Mix&#039; zabmentes m\u00fczli 20 kg - Equusline Transylvania\" \/>\n<meta property=\"og:description\" content=\"Zabmentes m\u00fczli k\u00f6zepes terhel\u00e9s alatt \u00e1ll\u00f3 sportlovaknak, k\u00e9pz\u00e9s alatt \u00e1ll\u00f3 lovaknak \u00e9s hobbilovaknak. Gazdas\u00e1gos alaptakarm\u00e1ny.  &nbsp;\" \/>\n<meta property=\"og:url\" content=\"https:\/\/equusline-transylvania.ro\/ro\/produs\/sport-mix-zabmentes-muzli-kozepes-terheleshez\/\" \/>\n<meta property=\"og:site_name\" content=\"Equusline Transylvania\" \/>\n<meta property=\"article:publisher\" content=\"https:\/\/www.facebook.com\/profile.php?id=61564679939274\" \/>\n<meta property=\"article:modified_time\" content=\"2026-01-30T08:16:54+00:00\" \/>\n<meta property=\"og:image\" content=\"https:\/\/equusline-transylvania.ro\/wp-content\/uploads\/2024\/10\/performance-sport-mix.png\" \/>\n\t<meta property=\"og:image:width\" content=\"607\" \/>\n\t<meta property=\"og:image:height\" content=\"756\" \/>\n\t<meta property=\"og:image:type\" content=\"image\/png\" \/>\n<meta name=\"twitter:card\" content=\"summary_large_image\" \/>\n<meta name=\"twitter:label1\" content=\"Timp estimat pentru citire\" \/>\n\t<meta name=\"twitter:data1\" content=\"1 minut\" \/>\n<script type=\"application\/ld+json\" class=\"yoast-schema-graph\">{\"@context\":\"https:\/\/schema.org\",\"@graph\":[{\"@type\":\"WebPage\",\"@id\":\"https:\/\/equusline-transylvania.ro\/termek\/sport-mix-zabmentes-muzli-kozepes-terheleshez\/\",\"url\":\"https:\/\/equusline-transylvania.ro\/termek\/sport-mix-zabmentes-muzli-kozepes-terheleshez\/\",\"name\":\"'Sport Mix' zabmentes m\u00fczli 20 kg - Equusline Transylvania\",\"isPartOf\":{\"@id\":\"https:\/\/equusline-transylvania.ro\/hu\/#website\"},\"primaryImageOfPage\":{\"@id\":\"https:\/\/equusline-transylvania.ro\/termek\/sport-mix-zabmentes-muzli-kozepes-terheleshez\/#primaryimage\"},\"image\":{\"@id\":\"https:\/\/equusline-transylvania.ro\/termek\/sport-mix-zabmentes-muzli-kozepes-terheleshez\/#primaryimage\"},\"thumbnailUrl\":\"https:\/\/equusline-transylvania.ro\/wp-content\/uploads\/2024\/10\/performance-sport-mix.png\",\"datePublished\":\"2014-09-08T10:38:14+00:00\",\"dateModified\":\"2026-01-30T08:16:54+00:00\",\"breadcrumb\":{\"@id\":\"https:\/\/equusline-transylvania.ro\/termek\/sport-mix-zabmentes-muzli-kozepes-terheleshez\/#breadcrumb\"},\"inLanguage\":\"ro-RO\",\"potentialAction\":[{\"@type\":\"ReadAction\",\"target\":[\"https:\/\/equusline-transylvania.ro\/termek\/sport-mix-zabmentes-muzli-kozepes-terheleshez\/\"]}]},{\"@type\":\"ImageObject\",\"inLanguage\":\"ro-RO\",\"@id\":\"https:\/\/equusline-transylvania.ro\/termek\/sport-mix-zabmentes-muzli-kozepes-terheleshez\/#primaryimage\",\"url\":\"https:\/\/equusline-transylvania.ro\/wp-content\/uploads\/2024\/10\/performance-sport-mix.png\",\"contentUrl\":\"https:\/\/equusline-transylvania.ro\/wp-content\/uploads\/2024\/10\/performance-sport-mix.png\",\"width\":607,\"height\":756},{\"@type\":\"BreadcrumbList\",\"@id\":\"https:\/\/equusline-transylvania.ro\/termek\/sport-mix-zabmentes-muzli-kozepes-terheleshez\/#breadcrumb\",\"itemListElement\":[{\"@type\":\"ListItem\",\"position\":1,\"name\":\"Kezd\u0151lap\",\"item\":\"https:\/\/equusline-transylvania.ro\/\"},{\"@type\":\"ListItem\",\"position\":2,\"name\":\"Term\u00e9keink\",\"item\":\"https:\/\/equusline-transylvania.ro\/\"},{\"@type\":\"ListItem\",\"position\":3,\"name\":\"&#8216;Sport Mix&#8217; zabmentes m\u00fczli 20 kg\"}]},{\"@type\":\"WebSite\",\"@id\":\"https:\/\/equusline-transylvania.ro\/hu\/#website\",\"url\":\"https:\/\/equusline-transylvania.ro\/hu\/\",\"name\":\"Equusline Transylvania\",\"description\":\"\",\"publisher\":{\"@id\":\"https:\/\/equusline-transylvania.ro\/hu\/#organization\"},\"potentialAction\":[{\"@type\":\"SearchAction\",\"target\":{\"@type\":\"EntryPoint\",\"urlTemplate\":\"https:\/\/equusline-transylvania.ro\/hu\/?s={search_term_string}\"},\"query-input\":{\"@type\":\"PropertyValueSpecification\",\"valueRequired\":true,\"valueName\":\"search_term_string\"}}],\"inLanguage\":\"ro-RO\"},{\"@type\":\"Organization\",\"@id\":\"https:\/\/equusline-transylvania.ro\/hu\/#organization\",\"name\":\"Equusline Transylvania\",\"url\":\"https:\/\/equusline-transylvania.ro\/hu\/\",\"logo\":{\"@type\":\"ImageObject\",\"inLanguage\":\"ro-RO\",\"@id\":\"https:\/\/equusline-transylvania.ro\/hu\/#\/schema\/logo\/image\/\",\"url\":\"https:\/\/equusline-transylvania.ro\/wp-content\/uploads\/2024\/10\/equusline-ro.webp\",\"contentUrl\":\"https:\/\/equusline-transylvania.ro\/wp-content\/uploads\/2024\/10\/equusline-ro.webp\",\"width\":864,\"height\":397,\"caption\":\"Equusline Transylvania\"},\"image\":{\"@id\":\"https:\/\/equusline-transylvania.ro\/hu\/#\/schema\/logo\/image\/\"},\"sameAs\":[\"https:\/\/www.facebook.com\/profile.php?id=61564679939274\",\"https:\/\/www.instagram.com\/equusline_transylvania\"]}]}<\/script>\n<!-- \/ Yoast SEO plugin. -->","yoast_head_json":{"title":"'Sport Mix' zabmentes m\u00fczli 20 kg - Equusline Transylvania","robots":{"index":"index","follow":"follow","max-snippet":"max-snippet:-1","max-image-preview":"max-image-preview:large","max-video-preview":"max-video-preview:-1"},"canonical":"https:\/\/equusline-transylvania.ro\/ro\/produs\/sport-mix-zabmentes-muzli-kozepes-terheleshez\/","og_locale":"ro_RO","og_type":"article","og_title":"'Sport Mix' zabmentes m\u00fczli 20 kg - Equusline Transylvania","og_description":"Zabmentes m\u00fczli k\u00f6zepes terhel\u00e9s alatt \u00e1ll\u00f3 sportlovaknak, k\u00e9pz\u00e9s alatt \u00e1ll\u00f3 lovaknak \u00e9s hobbilovaknak. Gazdas\u00e1gos alaptakarm\u00e1ny.  &nbsp;","og_url":"https:\/\/equusline-transylvania.ro\/ro\/produs\/sport-mix-zabmentes-muzli-kozepes-terheleshez\/","og_site_name":"Equusline Transylvania","article_publisher":"https:\/\/www.facebook.com\/profile.php?id=61564679939274","article_modified_time":"2026-01-30T08:16:54+00:00","og_image":[{"width":607,"height":756,"url":"https:\/\/equusline-transylvania.ro\/wp-content\/uploads\/2024\/10\/performance-sport-mix.png","type":"image\/png"}],"twitter_card":"summary_large_image","twitter_misc":{"Timp estimat pentru citire":"1 minut"},"schema":{"@context":"https:\/\/schema.org","@graph":[{"@type":"WebPage","@id":"https:\/\/equusline-transylvania.ro\/termek\/sport-mix-zabmentes-muzli-kozepes-terheleshez\/","url":"https:\/\/equusline-transylvania.ro\/termek\/sport-mix-zabmentes-muzli-kozepes-terheleshez\/","name":"'Sport Mix' zabmentes m\u00fczli 20 kg - Equusline Transylvania","isPartOf":{"@id":"https:\/\/equusline-transylvania.ro\/hu\/#website"},"primaryImageOfPage":{"@id":"https:\/\/equusline-transylvania.ro\/termek\/sport-mix-zabmentes-muzli-kozepes-terheleshez\/#primaryimage"},"image":{"@id":"https:\/\/equusline-transylvania.ro\/termek\/sport-mix-zabmentes-muzli-kozepes-terheleshez\/#primaryimage"},"thumbnailUrl":"https:\/\/equusline-transylvania.ro\/wp-content\/uploads\/2024\/10\/performance-sport-mix.png","datePublished":"2014-09-08T10:38:14+00:00","dateModified":"2026-01-30T08:16:54+00:00","breadcrumb":{"@id":"https:\/\/equusline-transylvania.ro\/termek\/sport-mix-zabmentes-muzli-kozepes-terheleshez\/#breadcrumb"},"inLanguage":"ro-RO","potentialAction":[{"@type":"ReadAction","target":["https:\/\/equusline-transylvania.ro\/termek\/sport-mix-zabmentes-muzli-kozepes-terheleshez\/"]}]},{"@type":"ImageObject","inLanguage":"ro-RO","@id":"https:\/\/equusline-transylvania.ro\/termek\/sport-mix-zabmentes-muzli-kozepes-terheleshez\/#primaryimage","url":"https:\/\/equusline-transylvania.ro\/wp-content\/uploads\/2024\/10\/performance-sport-mix.png","contentUrl":"https:\/\/equusline-transylvania.ro\/wp-content\/uploads\/2024\/10\/performance-sport-mix.png","width":607,"height":756},{"@type":"BreadcrumbList","@id":"https:\/\/equusline-transylvania.ro\/termek\/sport-mix-zabmentes-muzli-kozepes-terheleshez\/#breadcrumb","itemListElement":[{"@type":"ListItem","position":1,"name":"Kezd\u0151lap","item":"https:\/\/equusline-transylvania.ro\/"},{"@type":"ListItem","position":2,"name":"Term\u00e9keink","item":"https:\/\/equusline-transylvania.ro\/"},{"@type":"ListItem","position":3,"name":"&#8216;Sport Mix&#8217; zabmentes m\u00fczli 20 kg"}]},{"@type":"WebSite","@id":"https:\/\/equusline-transylvania.ro\/hu\/#website","url":"https:\/\/equusline-transylvania.ro\/hu\/","name":"Equusline Transilvania","description":"","publisher":{"@id":"https:\/\/equusline-transylvania.ro\/hu\/#organization"},"potentialAction":[{"@type":"SearchAction","target":{"@type":"EntryPoint","urlTemplate":"https:\/\/equusline-transylvania.ro\/hu\/?s={search_term_string}"},"query-input":{"@type":"PropertyValueSpecification","valueRequired":true,"valueName":"search_term_string"}}],"inLanguage":"ro-RO"},{"@type":"Organization","@id":"https:\/\/equusline-transylvania.ro\/hu\/#organization","name":"Equusline Transilvania","url":"https:\/\/equusline-transylvania.ro\/hu\/","logo":{"@type":"ImageObject","inLanguage":"ro-RO","@id":"https:\/\/equusline-transylvania.ro\/hu\/#\/schema\/logo\/image\/","url":"https:\/\/equusline-transylvania.ro\/wp-content\/uploads\/2024\/10\/equusline-ro.webp","contentUrl":"https:\/\/equusline-transylvania.ro\/wp-content\/uploads\/2024\/10\/equusline-ro.webp","width":864,"height":397,"caption":"Equusline Transylvania"},"image":{"@id":"https:\/\/equusline-transylvania.ro\/hu\/#\/schema\/logo\/image\/"},"sameAs":["https:\/\/www.facebook.com\/profile.php?id=61564679939274","https:\/\/www.instagram.com\/equusline_transylvania"]}]}},"_links":{"self":[{"href":"https:\/\/equusline-transylvania.ro\/ro\/wp-json\/wp\/v2\/product\/13","targetHints":{"allow":["GET"]}}],"collection":[{"href":"https:\/\/equusline-transylvania.ro\/ro\/wp-json\/wp\/v2\/product"}],"about":[{"href":"https:\/\/equusline-transylvania.ro\/ro\/wp-json\/wp\/v2\/types\/product"}],"replies":[{"embeddable":true,"href":"https:\/\/equusline-transylvania.ro\/ro\/wp-json\/wp\/v2\/comments?post=13"}],"wp:featuredmedia":[{"embeddable":true,"href":"https:\/\/equusline-transylvania.ro\/ro\/wp-json\/wp\/v2\/media\/14"}],"wp:attachment":[{"href":"https:\/\/equusline-transylvania.ro\/ro\/wp-json\/wp\/v2\/media?parent=13"}],"wp:term":[{"taxonomy":"product_cat","embeddable":true,"href":"https:\/\/equusline-transylvania.ro\/ro\/wp-json\/wp\/v2\/product_cat?post=13"},{"taxonomy":"product_tag","embeddable":true,"href":"https:\/\/equusline-transylvania.ro\/ro\/wp-json\/wp\/v2\/product_tag?post=13"}],"curies":[{"name":"wp","href":"https:\/\/api.w.org\/{rel}","templated":true}]}}