{"id":72,"date":"2023-07-05T11:02:56","date_gmt":"2023-07-05T09:02:56","guid":{"rendered":"https:\/\/equusline-transylvania.ro\/termek\/colts-super-pellet-alaptakarmany-vemhes-es-szoptato-kancak-valamint-egy-evesnel-fiatalabb-csikok-szamara\/"},"modified":"2026-01-30T09:17:08","modified_gmt":"2026-01-30T08:17:08","slug":"colts-super-pellet-alaptakarmany-vemhes-es-szoptato-kancak-valamint-egy-evesnel-fiatalabb-csikok-szamara","status":"publish","type":"product","link":"https:\/\/equusline-transylvania.ro\/hu\/termek\/colts-super-pellet-alaptakarmany-vemhes-es-szoptato-kancak-valamint-egy-evesnel-fiatalabb-csikok-szamara\/","title":{"rendered":"Colts Super pellet alaptakarm\u00e1ny vemhes \u00e9s szoptat\u00f3 kanc\u00e1k, valamint egy \u00e9vesn\u00e9l fiatalabb csik\u00f3k sz\u00e1m\u00e1ra"},"content":{"rendered":"<div>\n<p>A Colts Super pellet alaptakarm\u00e1ny vemhes \u00e9s szoptat\u00f3 kanc\u00e1k sz\u00e1m\u00e1ra k\u00e9sz\u00fclt magas energiaszint\u0171, j\u00f3 min\u0151s\u00e9g\u0171 em\u00e9szthet\u0151 feh\u00e9rje tartalommal rendelkez\u0151 t\u00e1p a csontk\u00e9pz\u0151d\u00e9st seg\u00edt\u0151 \u00e9s egy\u00e9b fontos \u00e1sv\u00e1nyi anyagokkal, aminosavakkal, nyomelemekkel, vitaminokkal. P\u00e1lmaolajat is tartalmaz, ami extra energi\u00e1t ad.<\/p>\n<p>Etet\u00e9se kifejezetten aj\u00e1nlott a vemhess\u00e9g utols\u00f3 harmad\u00e1ban \u00e9s a szoptat\u00e1s id\u0151szak\u00e1ban.<\/p>\n<p>Sz\u00e1las takarm\u00e1nnyal eg\u00e9sz\u00edtse ki.<\/p>\n<\/div>\n<div>Napi adagja: 1,00 kg \u2013 3,00 kg a vemhess\u00e9g szakasz\u00e1t\u00f3l, a l\u00f3 m\u00e9ret\u00e9t\u0151l, terhel\u00e9st\u0151l \u00e9s az egy\u00e9b takarm\u00e1ny mennyis\u00e9g\u00e9t\u0151l \u00e9s \u00f6sszet\u00e9tel\u00e9t\u0151l f\u00fcgg\u0151en.<\/div>\n<div><\/div>\n<div><strong>\u00d6SSZET\u00c9TEL:<\/strong><\/div>\n<div><\/div>\n<div>Em\u00e9szthet\u0151 energia: 2940 Kcal\/kg<\/div>\n<div><\/div>\n<div>B\u00fazakorpa, \u00e1rpa, kukoricaglut\u00e9n, zab, f\u0171f\u00e9l\u00e9k, szentj\u00e1noskeny\u00e9rmag \u0151rlem\u00e9ny, p\u00e1lmamagolaj, kalcium-karbon\u00e1t (takarm\u00e1nym\u00e9sz), cukorn\u00e1dmelasz, n\u00e1trium-klorid.<\/div>\n<p>Nyersfeh\u00e9rje \u2013 12,20 %<br \/>\nNyersolaj \u00e9s nyerszs\u00edr \u2013 5,70 %<br \/>\nNyers rost \u2013 8,63 %<br \/>\nNyers hamu \u2013 7,10 %<br \/>\nKalcium \u2013\u00a0 1,13 %<br \/>\nFoszfor \u2013 0,57 %<br \/>\nN\u00e1trium \u2013 0,4 %<\/p>\n<p><strong>Vitaminok, provitaminok \u00e9s egy\u00e9b anyagok<\/strong><\/p>\n<p>A Vitamin \u2013 13.000,00\u00a0\u00a0\u00a0\u00a0\u00a0 NE\/kg<br \/>\nD3 Vitamin \u2013 1300,00\u00a0 \u00a0 \u00a0 NE\/kg<br \/>\nE Vitamin (alpha-tocopherol) \u2013 100,00\u00a0\u00a0\u00a0\u00a0 mg\/Kg<br \/>\nB1 Vitamin \u2013 6,50\u00a0\u00a0\u00a0\u00a0 mg\/Kg<br \/>\nB2 Vitamin\u00a0 \u2013 3,90\u00a0\u00a0\u00a0\u00a0 mg\/Kg<br \/>\nB12 Vitamin \u2013 19,50\u00a0 mcgr\/Kg<br \/>\nK3 Vitamin \u2013 2,60\u00a0\u00a0\u00a0\u00a0 mg\/Kg<br \/>\nBiotin \u2013 0,26\u00a0 \u00a0 \u00a0mg\/Kg<br \/>\nFolsav \u2013 1,30\u00a0\u00a0\u00a0\u00a0 mg\/Kg<br \/>\nKolin klorid \u2013\u00a0 260,00\u00a0\u00a0\u00a0\u00a0 mg\/Kg<br \/>\nNikot\u00e9nsav \u2013 10,40\u00a0\u00a0\u00a0\u00a0 mg\/Kg<br \/>\nPantot\u00e9nsav (B5 Vitamin) \u2013 6,50\u00a0\u00a0\u00a0\u00a0 mg\/Kg<\/p>\n<p><strong>Makro- \u00e9s mikroelemek<\/strong><\/p>\n<p>Vas (vaskarbon\u00e1t) \u2013 78,00 mg\/Kg<br \/>\nJ\u00f3d (k\u00e1lium-jodid) \u2013\u00a0 0,65 mg\/kg<br \/>\nKobalt (kobalt karbon\u00e1t monohidr\u00e1t) \u2013 0,26 mg\/kg<br \/>\nR\u00e9z (r\u00e9z szulf\u00e1t pentahidr\u00e1t) \u2013 13,00 mg\/kg<br \/>\nMang\u00e1n (mang\u00e1n oxid) \u2013 52,00 mg\/kg<br \/>\nCink (cink szulf\u00e1t monohidr\u00e1t) \u2013 65,00 mg\/kg<br \/>\nCink metionin \u2013 26,00 mg\/kg<br \/>\nSzel\u00e9n (szel\u00e9n szelenit) \u2013 0,13 mg\/kg<br \/>\nSzel\u00e9n, Inaktiv\u00e1lt szeleniz\u00e1lt \u00e9leszt\u0151, Saccharomyces cerevisiae NCYC R397 (3b811) \u2013 0,13 mg\/kg<\/p>\n<p>Antioxid\u00e1nsok: Butilezett hidroxitoluol (BHT) (E 321) \u2013\u00a0 5,20 mg\/kg<br \/>\nTart\u00f3s\u00edt\u00f3szerek: Citromsav (E 330)\u00a0 \u2013 17,94 mg\/kg<br \/>\nAminosavak: DL-Metionin technikailag tiszta (3c301)\u00a0 \u2013 0,0260 %<br \/>\nK\u00f6t\u0151anyagok: Szepiolit (E 562) \u2013 0,0780 %<\/p>\n<p>ADAGOL\u00c1SI JAVASLAT: Az adagol\u00e1s a l\u00f3 m\u00e9rete, a vemhess\u00e9g szakasza, a l\u00f3 terhel\u00e9se \u00e9s az egy\u00e9b etetett takarm\u00e1nyok f\u00fcggv\u00e9ny\u00e9ben v\u00e1ltozhat.<\/p>\n<p>&nbsp;<\/p>\n<table width=\"763\">\n<tbody>\n<tr>\n<td width=\"94\"><strong>TERHEL\u00c9S<\/strong><\/td>\n<td width=\"132\"><strong>500 KG TESTT\u00d6MEG \/ NAP (KG) ADAG (KG)<\/strong><\/td>\n<\/tr>\n<tr>\n<td width=\"94\">ALACSONY\/ CSIK\u00d3 (AZ ELV\u00c1LASZT\u00c1SIG)<\/td>\n<td width=\"132\">0,2 \u2013 0,5<\/td>\n<\/tr>\n<tr>\n<td width=\"94\">K\u00d6ZEPES\/ CSIK\u00d3 ELV\u00c1LASZT\u00c1S UT\u00c1N<\/td>\n<td width=\"132\">0,4 \u2013 0,75<\/td>\n<\/tr>\n<tr>\n<td width=\"94\">NAGY\/ VEMHESS\u00c9G UTOLS\u00d3 HARMADA<\/td>\n<td width=\"132\">0,75 \u2013 1,1<\/td>\n<\/tr>\n<tr>\n<td width=\"94\">INTENZ\u00cdV\/ LAKT\u00c1CI\u00d3<\/td>\n<td width=\"132\">1,1 \u2013 1,3<\/td>\n<\/tr>\n<\/tbody>\n<\/table>\n<p>T\u00e1rol\u00e1sa: 10-20\u00b0C h\u0151m\u00e9rs\u00e9kleten, nedvess\u00e9gt\u0151l \u00e9s f\u00e9nyt\u0151l v\u00e9dve<br \/>\nKiszerel\u00e9s: 20 kg zs\u00e1k<\/p>\n","protected":false},"excerpt":{"rendered":"<div>Kiv\u00e1l\u00f3 min\u0151s\u00e9g\u0171 takarm\u00e1ny pellet form\u00e1j\u00e1ban. Kiegyens\u00falyozott \u00e1sv\u00e1nyi anyag, vitamin- \u00e9s aminosav tartalm\u00e1val el\u0151seg\u00edti a magzati fejl\u0151d\u00e9st, a megfelel\u0151 izom- \u00e9s v\u00e1zrendszer kialakul\u00e1s\u00e1t, az \u00edz\u00fcletek eg\u00e9szs\u00e9ges fejl\u0151d\u00e9s\u00e9t. Biztos\u00edtja a vehem fejl\u0151d\u00e9s\u00e9hez, illetve a szoptat\u00e1shoz sz\u00fcks\u00e9ges energi\u00e1t.<\/div>\n<div>Kiv\u00e1l\u00f3 abraktakarm\u00e1ny nagy munkaterhel\u00e9snek kitett, versenyben l\u00e9v\u0151 \u00fcget\u0151- \u00e9s galopplovaknak is.<\/div>\n","protected":false},"featured_media":73,"comment_status":"open","ping_status":"closed","template":"","meta":{"_et_pb_use_builder":"","_et_pb_old_content":"","_et_gb_content_width":""},"product_cat":[98],"product_tag":[86],"class_list":{"0":"post-72","1":"product","2":"type-product","3":"status-publish","4":"has-post-thumbnail","6":"product_cat-equusline-lotapok","7":"product_tag-lovaknak","9":"first","10":"instock","11":"taxable","12":"shipping-taxable","13":"purchasable","14":"product-type-simple"},"yoast_head":"<!-- This site is optimized with the Yoast SEO plugin v24.0 - https:\/\/yoast.com\/wordpress\/plugins\/seo\/ -->\n<title>Colts Super pellet alaptakarm\u00e1ny vemhes \u00e9s szoptat\u00f3 kanc\u00e1k, valamint egy \u00e9vesn\u00e9l fiatalabb csik\u00f3k sz\u00e1m\u00e1ra - Equusline Transylvania<\/title>\n<meta name=\"robots\" content=\"index, follow, max-snippet:-1, max-image-preview:large, max-video-preview:-1\" \/>\n<link rel=\"canonical\" href=\"https:\/\/equusline-transylvania.ro\/hu\/termek\/colts-super-pellet-alaptakarmany-vemhes-es-szoptato-kancak-valamint-egy-evesnel-fiatalabb-csikok-szamara\/\" \/>\n<meta property=\"og:locale\" content=\"hu_HU\" \/>\n<meta property=\"og:type\" content=\"article\" \/>\n<meta property=\"og:title\" content=\"Colts Super pellet alaptakarm\u00e1ny vemhes \u00e9s szoptat\u00f3 kanc\u00e1k, valamint egy \u00e9vesn\u00e9l fiatalabb csik\u00f3k sz\u00e1m\u00e1ra - Equusline Transylvania\" \/>\n<meta property=\"og:description\" content=\"Kiv\u00e1l\u00f3 min\u0151s\u00e9g\u0171 takarm\u00e1ny pellet form\u00e1j\u00e1ban. Kiegyens\u00falyozott \u00e1sv\u00e1nyi anyag, vitamin- \u00e9s aminosav tartalm\u00e1val el\u0151seg\u00edti a magzati fejl\u0151d\u00e9st, a megfelel\u0151 izom- \u00e9s v\u00e1zrendszer kialakul\u00e1s\u00e1t, az \u00edz\u00fcletek eg\u00e9szs\u00e9ges fejl\u0151d\u00e9s\u00e9t. Biztos\u00edtja a vehem fejl\u0151d\u00e9s\u00e9hez, illetve a szoptat\u00e1shoz sz\u00fcks\u00e9ges energi\u00e1t. Kiv\u00e1l\u00f3 abraktakarm\u00e1ny nagy munkaterhel\u00e9snek kitett, versenyben l\u00e9v\u0151 \u00fcget\u0151- \u00e9s galopplovaknak is.\" \/>\n<meta property=\"og:url\" content=\"https:\/\/equusline-transylvania.ro\/hu\/termek\/colts-super-pellet-alaptakarmany-vemhes-es-szoptato-kancak-valamint-egy-evesnel-fiatalabb-csikok-szamara\/\" \/>\n<meta property=\"og:site_name\" content=\"Equusline Transylvania\" \/>\n<meta property=\"article:publisher\" content=\"https:\/\/www.facebook.com\/profile.php?id=61564679939274\" \/>\n<meta property=\"article:modified_time\" content=\"2026-01-30T08:17:08+00:00\" \/>\n<meta property=\"og:image\" content=\"https:\/\/equusline-transylvania.ro\/wp-content\/uploads\/2024\/10\/breeding-colts-super.png\" \/>\n\t<meta property=\"og:image:width\" content=\"607\" \/>\n\t<meta property=\"og:image:height\" content=\"756\" \/>\n\t<meta property=\"og:image:type\" content=\"image\/png\" \/>\n<meta name=\"twitter:card\" content=\"summary_large_image\" \/>\n<meta name=\"twitter:label1\" content=\"Becs\u00fclt olvas\u00e1si id\u0151\" \/>\n\t<meta name=\"twitter:data1\" content=\"2 perc\" \/>\n<script type=\"application\/ld+json\" class=\"yoast-schema-graph\">{\"@context\":\"https:\/\/schema.org\",\"@graph\":[{\"@type\":\"WebPage\",\"@id\":\"https:\/\/equusline-transylvania.ro\/termek\/colts-super-pellet-alaptakarmany-vemhes-es-szoptato-kancak-valamint-egy-evesnel-fiatalabb-csikok-szamara\/\",\"url\":\"https:\/\/equusline-transylvania.ro\/termek\/colts-super-pellet-alaptakarmany-vemhes-es-szoptato-kancak-valamint-egy-evesnel-fiatalabb-csikok-szamara\/\",\"name\":\"Colts Super pellet alaptakarm\u00e1ny vemhes \u00e9s szoptat\u00f3 kanc\u00e1k, valamint egy \u00e9vesn\u00e9l fiatalabb csik\u00f3k sz\u00e1m\u00e1ra - Equusline Transylvania\",\"isPartOf\":{\"@id\":\"https:\/\/equusline-transylvania.ro\/hu\/#website\"},\"primaryImageOfPage\":{\"@id\":\"https:\/\/equusline-transylvania.ro\/termek\/colts-super-pellet-alaptakarmany-vemhes-es-szoptato-kancak-valamint-egy-evesnel-fiatalabb-csikok-szamara\/#primaryimage\"},\"image\":{\"@id\":\"https:\/\/equusline-transylvania.ro\/termek\/colts-super-pellet-alaptakarmany-vemhes-es-szoptato-kancak-valamint-egy-evesnel-fiatalabb-csikok-szamara\/#primaryimage\"},\"thumbnailUrl\":\"https:\/\/equusline-transylvania.ro\/wp-content\/uploads\/2024\/10\/breeding-colts-super.png\",\"datePublished\":\"2023-07-05T09:02:56+00:00\",\"dateModified\":\"2026-01-30T08:17:08+00:00\",\"breadcrumb\":{\"@id\":\"https:\/\/equusline-transylvania.ro\/termek\/colts-super-pellet-alaptakarmany-vemhes-es-szoptato-kancak-valamint-egy-evesnel-fiatalabb-csikok-szamara\/#breadcrumb\"},\"inLanguage\":\"hu\",\"potentialAction\":[{\"@type\":\"ReadAction\",\"target\":[\"https:\/\/equusline-transylvania.ro\/termek\/colts-super-pellet-alaptakarmany-vemhes-es-szoptato-kancak-valamint-egy-evesnel-fiatalabb-csikok-szamara\/\"]}]},{\"@type\":\"ImageObject\",\"inLanguage\":\"hu\",\"@id\":\"https:\/\/equusline-transylvania.ro\/termek\/colts-super-pellet-alaptakarmany-vemhes-es-szoptato-kancak-valamint-egy-evesnel-fiatalabb-csikok-szamara\/#primaryimage\",\"url\":\"https:\/\/equusline-transylvania.ro\/wp-content\/uploads\/2024\/10\/breeding-colts-super.png\",\"contentUrl\":\"https:\/\/equusline-transylvania.ro\/wp-content\/uploads\/2024\/10\/breeding-colts-super.png\",\"width\":607,\"height\":756},{\"@type\":\"BreadcrumbList\",\"@id\":\"https:\/\/equusline-transylvania.ro\/termek\/colts-super-pellet-alaptakarmany-vemhes-es-szoptato-kancak-valamint-egy-evesnel-fiatalabb-csikok-szamara\/#breadcrumb\",\"itemListElement\":[{\"@type\":\"ListItem\",\"position\":1,\"name\":\"Kezd\u0151lap\",\"item\":\"https:\/\/equusline-transylvania.ro\/\"},{\"@type\":\"ListItem\",\"position\":2,\"name\":\"Term\u00e9keink\",\"item\":\"https:\/\/equusline-transylvania.ro\/\"},{\"@type\":\"ListItem\",\"position\":3,\"name\":\"Colts Super pellet alaptakarm\u00e1ny vemhes \u00e9s szoptat\u00f3 kanc\u00e1k, valamint egy \u00e9vesn\u00e9l fiatalabb csik\u00f3k sz\u00e1m\u00e1ra\"}]},{\"@type\":\"WebSite\",\"@id\":\"https:\/\/equusline-transylvania.ro\/hu\/#website\",\"url\":\"https:\/\/equusline-transylvania.ro\/hu\/\",\"name\":\"Equusline Transylvania\",\"description\":\"\",\"publisher\":{\"@id\":\"https:\/\/equusline-transylvania.ro\/hu\/#organization\"},\"potentialAction\":[{\"@type\":\"SearchAction\",\"target\":{\"@type\":\"EntryPoint\",\"urlTemplate\":\"https:\/\/equusline-transylvania.ro\/hu\/?s={search_term_string}\"},\"query-input\":{\"@type\":\"PropertyValueSpecification\",\"valueRequired\":true,\"valueName\":\"search_term_string\"}}],\"inLanguage\":\"hu\"},{\"@type\":\"Organization\",\"@id\":\"https:\/\/equusline-transylvania.ro\/hu\/#organization\",\"name\":\"Equusline Transylvania\",\"url\":\"https:\/\/equusline-transylvania.ro\/hu\/\",\"logo\":{\"@type\":\"ImageObject\",\"inLanguage\":\"hu\",\"@id\":\"https:\/\/equusline-transylvania.ro\/hu\/#\/schema\/logo\/image\/\",\"url\":\"https:\/\/equusline-transylvania.ro\/wp-content\/uploads\/2024\/10\/equusline-ro.webp\",\"contentUrl\":\"https:\/\/equusline-transylvania.ro\/wp-content\/uploads\/2024\/10\/equusline-ro.webp\",\"width\":864,\"height\":397,\"caption\":\"Equusline Transylvania\"},\"image\":{\"@id\":\"https:\/\/equusline-transylvania.ro\/hu\/#\/schema\/logo\/image\/\"},\"sameAs\":[\"https:\/\/www.facebook.com\/profile.php?id=61564679939274\",\"https:\/\/www.instagram.com\/equusline_transylvania\"]}]}<\/script>\n<!-- \/ Yoast SEO plugin. -->","yoast_head_json":{"title":"Colts Super pellet alaptakarm\u00e1ny vemhes \u00e9s szoptat\u00f3 kanc\u00e1k, valamint egy \u00e9vesn\u00e9l fiatalabb csik\u00f3k sz\u00e1m\u00e1ra - Equusline Transylvania","robots":{"index":"index","follow":"follow","max-snippet":"max-snippet:-1","max-image-preview":"max-image-preview:large","max-video-preview":"max-video-preview:-1"},"canonical":"https:\/\/equusline-transylvania.ro\/hu\/termek\/colts-super-pellet-alaptakarmany-vemhes-es-szoptato-kancak-valamint-egy-evesnel-fiatalabb-csikok-szamara\/","og_locale":"hu_HU","og_type":"article","og_title":"Colts Super pellet alaptakarm\u00e1ny vemhes \u00e9s szoptat\u00f3 kanc\u00e1k, valamint egy \u00e9vesn\u00e9l fiatalabb csik\u00f3k sz\u00e1m\u00e1ra - Equusline Transylvania","og_description":"Kiv\u00e1l\u00f3 min\u0151s\u00e9g\u0171 takarm\u00e1ny pellet form\u00e1j\u00e1ban. Kiegyens\u00falyozott \u00e1sv\u00e1nyi anyag, vitamin- \u00e9s aminosav tartalm\u00e1val el\u0151seg\u00edti a magzati fejl\u0151d\u00e9st, a megfelel\u0151 izom- \u00e9s v\u00e1zrendszer kialakul\u00e1s\u00e1t, az \u00edz\u00fcletek eg\u00e9szs\u00e9ges fejl\u0151d\u00e9s\u00e9t. Biztos\u00edtja a vehem fejl\u0151d\u00e9s\u00e9hez, illetve a szoptat\u00e1shoz sz\u00fcks\u00e9ges energi\u00e1t. Kiv\u00e1l\u00f3 abraktakarm\u00e1ny nagy munkaterhel\u00e9snek kitett, versenyben l\u00e9v\u0151 \u00fcget\u0151- \u00e9s galopplovaknak is.","og_url":"https:\/\/equusline-transylvania.ro\/hu\/termek\/colts-super-pellet-alaptakarmany-vemhes-es-szoptato-kancak-valamint-egy-evesnel-fiatalabb-csikok-szamara\/","og_site_name":"Equusline Transylvania","article_publisher":"https:\/\/www.facebook.com\/profile.php?id=61564679939274","article_modified_time":"2026-01-30T08:17:08+00:00","og_image":[{"width":607,"height":756,"url":"https:\/\/equusline-transylvania.ro\/wp-content\/uploads\/2024\/10\/breeding-colts-super.png","type":"image\/png"}],"twitter_card":"summary_large_image","twitter_misc":{"Becs\u00fclt olvas\u00e1si id\u0151":"2 perc"},"schema":{"@context":"https:\/\/schema.org","@graph":[{"@type":"WebPage","@id":"https:\/\/equusline-transylvania.ro\/termek\/colts-super-pellet-alaptakarmany-vemhes-es-szoptato-kancak-valamint-egy-evesnel-fiatalabb-csikok-szamara\/","url":"https:\/\/equusline-transylvania.ro\/termek\/colts-super-pellet-alaptakarmany-vemhes-es-szoptato-kancak-valamint-egy-evesnel-fiatalabb-csikok-szamara\/","name":"Colts Super pellet alaptakarm\u00e1ny vemhes \u00e9s szoptat\u00f3 kanc\u00e1k, valamint egy \u00e9vesn\u00e9l fiatalabb csik\u00f3k sz\u00e1m\u00e1ra - Equusline Transylvania","isPartOf":{"@id":"https:\/\/equusline-transylvania.ro\/hu\/#website"},"primaryImageOfPage":{"@id":"https:\/\/equusline-transylvania.ro\/termek\/colts-super-pellet-alaptakarmany-vemhes-es-szoptato-kancak-valamint-egy-evesnel-fiatalabb-csikok-szamara\/#primaryimage"},"image":{"@id":"https:\/\/equusline-transylvania.ro\/termek\/colts-super-pellet-alaptakarmany-vemhes-es-szoptato-kancak-valamint-egy-evesnel-fiatalabb-csikok-szamara\/#primaryimage"},"thumbnailUrl":"https:\/\/equusline-transylvania.ro\/wp-content\/uploads\/2024\/10\/breeding-colts-super.png","datePublished":"2023-07-05T09:02:56+00:00","dateModified":"2026-01-30T08:17:08+00:00","breadcrumb":{"@id":"https:\/\/equusline-transylvania.ro\/termek\/colts-super-pellet-alaptakarmany-vemhes-es-szoptato-kancak-valamint-egy-evesnel-fiatalabb-csikok-szamara\/#breadcrumb"},"inLanguage":"hu","potentialAction":[{"@type":"ReadAction","target":["https:\/\/equusline-transylvania.ro\/termek\/colts-super-pellet-alaptakarmany-vemhes-es-szoptato-kancak-valamint-egy-evesnel-fiatalabb-csikok-szamara\/"]}]},{"@type":"ImageObject","inLanguage":"hu","@id":"https:\/\/equusline-transylvania.ro\/termek\/colts-super-pellet-alaptakarmany-vemhes-es-szoptato-kancak-valamint-egy-evesnel-fiatalabb-csikok-szamara\/#primaryimage","url":"https:\/\/equusline-transylvania.ro\/wp-content\/uploads\/2024\/10\/breeding-colts-super.png","contentUrl":"https:\/\/equusline-transylvania.ro\/wp-content\/uploads\/2024\/10\/breeding-colts-super.png","width":607,"height":756},{"@type":"BreadcrumbList","@id":"https:\/\/equusline-transylvania.ro\/termek\/colts-super-pellet-alaptakarmany-vemhes-es-szoptato-kancak-valamint-egy-evesnel-fiatalabb-csikok-szamara\/#breadcrumb","itemListElement":[{"@type":"ListItem","position":1,"name":"Kezd\u0151lap","item":"https:\/\/equusline-transylvania.ro\/"},{"@type":"ListItem","position":2,"name":"Term\u00e9keink","item":"https:\/\/equusline-transylvania.ro\/"},{"@type":"ListItem","position":3,"name":"Colts Super pellet alaptakarm\u00e1ny vemhes \u00e9s szoptat\u00f3 kanc\u00e1k, valamint egy \u00e9vesn\u00e9l fiatalabb csik\u00f3k sz\u00e1m\u00e1ra"}]},{"@type":"WebSite","@id":"https:\/\/equusline-transylvania.ro\/hu\/#website","url":"https:\/\/equusline-transylvania.ro\/hu\/","name":"Equusline Transylvania","description":"","publisher":{"@id":"https:\/\/equusline-transylvania.ro\/hu\/#organization"},"potentialAction":[{"@type":"SearchAction","target":{"@type":"EntryPoint","urlTemplate":"https:\/\/equusline-transylvania.ro\/hu\/?s={search_term_string}"},"query-input":{"@type":"PropertyValueSpecification","valueRequired":true,"valueName":"search_term_string"}}],"inLanguage":"hu"},{"@type":"Organization","@id":"https:\/\/equusline-transylvania.ro\/hu\/#organization","name":"Equusline Transylvania","url":"https:\/\/equusline-transylvania.ro\/hu\/","logo":{"@type":"ImageObject","inLanguage":"hu","@id":"https:\/\/equusline-transylvania.ro\/hu\/#\/schema\/logo\/image\/","url":"https:\/\/equusline-transylvania.ro\/wp-content\/uploads\/2024\/10\/equusline-ro.webp","contentUrl":"https:\/\/equusline-transylvania.ro\/wp-content\/uploads\/2024\/10\/equusline-ro.webp","width":864,"height":397,"caption":"Equusline Transylvania"},"image":{"@id":"https:\/\/equusline-transylvania.ro\/hu\/#\/schema\/logo\/image\/"},"sameAs":["https:\/\/www.facebook.com\/profile.php?id=61564679939274","https:\/\/www.instagram.com\/equusline_transylvania"]}]}},"_links":{"self":[{"href":"https:\/\/equusline-transylvania.ro\/hu\/wp-json\/wp\/v2\/product\/72","targetHints":{"allow":["GET"]}}],"collection":[{"href":"https:\/\/equusline-transylvania.ro\/hu\/wp-json\/wp\/v2\/product"}],"about":[{"href":"https:\/\/equusline-transylvania.ro\/hu\/wp-json\/wp\/v2\/types\/product"}],"replies":[{"embeddable":true,"href":"https:\/\/equusline-transylvania.ro\/hu\/wp-json\/wp\/v2\/comments?post=72"}],"wp:featuredmedia":[{"embeddable":true,"href":"https:\/\/equusline-transylvania.ro\/hu\/wp-json\/wp\/v2\/media\/73"}],"wp:attachment":[{"href":"https:\/\/equusline-transylvania.ro\/hu\/wp-json\/wp\/v2\/media?parent=72"}],"wp:term":[{"taxonomy":"product_cat","embeddable":true,"href":"https:\/\/equusline-transylvania.ro\/hu\/wp-json\/wp\/v2\/product_cat?post=72"},{"taxonomy":"product_tag","embeddable":true,"href":"https:\/\/equusline-transylvania.ro\/hu\/wp-json\/wp\/v2\/product_tag?post=72"}],"curies":[{"name":"wp","href":"https:\/\/api.w.org\/{rel}","templated":true}]}}