{"id":63,"date":"2020-10-17T17:05:08","date_gmt":"2020-10-17T15:05:08","guid":{"rendered":"https:\/\/equusline-transylvania.ro\/termek\/cool-mix-zabmentes-muzli-alaptakarmany-20-kg\/"},"modified":"2026-01-29T16:11:23","modified_gmt":"2026-01-29T15:11:23","slug":"cool-mix-zabmentes-muzli-alaptakarmany-20-kg","status":"publish","type":"product","link":"https:\/\/equusline-transylvania.ro\/hu\/termek\/cool-mix-zabmentes-muzli-alaptakarmany-20-kg\/","title":{"rendered":"\u2018Cool mix\u2019 zabmentes m\u00fczli alaptakarm\u00e1ny 20 kg"},"content":{"rendered":"<p>Gazdas\u00e1gos teljes \u00e9rt\u00e9k\u0171 alaptakarm\u00e1ny. Zabmentes m\u00fczli els\u0151dlegesen hobbilovak sz\u00e1m\u00e1ra, de alacsony terhel\u00e9s alatt \u00e1ll\u00f3 sportlovaknak, k\u00e9pz\u00e9s alatt \u00e1ll\u00f3 lovaknak is kiv\u00e1l\u00f3 term\u00e9k. Sz\u00e1las takarm\u00e1nnyal eg\u00e9sz\u00edtse ki. Komplex vitamin kieg\u00e9sz\u00edt\u0151vel egy\u00fctt\u00a0 nagyobb terhel\u00e9s eset\u00e9n is elegend\u0151.<\/p>\n<p>Napi adagja: 1,00 kg \u2013 3,00 kg a l\u00f3 m\u00e9ret\u00e9t\u0151l, terhel\u00e9st\u0151l \u00e9s az egy\u00e9b takarm\u00e1ny mennyis\u00e9g\u00e9t\u0151l \u00e9s \u00f6sszet\u00e9tel\u00e9t\u0151l f\u00fcgg\u0151en.<\/p>\n<p><strong>\u00d6SSZET\u00c9TEL:<\/strong><\/p>\n<p>Em\u00e9szthet\u0151 energia:\u00a02705,163 Kcal\/kg<\/p>\n<p>B\u00fazakorpa, lucerna, kukoricapehely, pelyhes\u00edtett \u00e1rpa, pelyhes\u00edtett sz\u00f3ja, sz\u00e1r\u00edtott szentj\u00e1noskeny\u00e9rmag, bors\u00f3, sz\u00e1r\u00edtott cukorr\u00e9pa pehely, p\u00e1lmaolaj, m\u00e9szk\u0151 adal\u00e9k, cukorn\u00e1d melasz, n\u00e1trium klorid (s\u00f3).<\/p>\n<p>Nyersfeh\u00e9rje \u2013 12,1 %<br \/>\nNyersolaj \u00e9s nyerszs\u00edr \u2013 4,20 %<br \/>\nNyers rost \u2013 12 %<br \/>\nNyers hamu \u2013 6,60 %<br \/>\nKalcium \u2013 0,89 %<br \/>\nFoszfor \u2013 0,47 %<br \/>\nN\u00e1trium \u2013 0,27 %<\/p>\n<p>Kem\u00e9ny\u00edt\u0151: 25,07%<br \/>\nCukor: 5,8%<\/p>\n<p><strong>Vitaminok, provitaminok \u00e9s egy\u00e9b anyagok<\/strong><\/p>\n<p>A Vitamin\u00a0 \u2013 3.600,00 NE\/kg<br \/>\nD3 Vitamin \u2013 360,00 NE\/kg<br \/>\nE Vitamin (alpha-tocopherol) \u2013 36,00 mg\/Kg<br \/>\nB1 Vitamin \u2013 1,80mg\/Kg<br \/>\nB2 Vitamin\u00a0 \u2013 1,08mg\/Kg<br \/>\nB12 Vitamin \u2013 5,44 mcgr\/Kg<br \/>\nK Vitamin\u00a0 \u2013 0,70 mg\/Kg<br \/>\nBiotin \u2013 0,20 mg\/Kg<br \/>\nFolsav \u2013 0,36 mg\/Kg<br \/>\nKolin klorid \u2013 72,00 mg\/Kg<br \/>\nNiacin \u2013 2,90 mg\/Kg<br \/>\nPantot\u00e9nsav (B5 Vitamin) \u2013\u00a0 1,80 mg\/Kg<\/p>\n<p><strong>Makro- \u00e9s mikroelemek<\/strong><\/p>\n<p>Vas (vaskarbon\u00e1t) \u2013 24,00 mg\/Kg<br \/>\nJ\u00f3d (k\u00e1lium-jodid) \u2013 0,20 mg\/kg<br \/>\nKobalt (kobalt karbon\u00e1t \u00a0monohidr\u00e1t) \u2013 0,08 mg\/kg<br \/>\nR\u00e9z (r\u00e9z szulf\u00e1t pentahidr\u00e1t) \u2013 4,00 mg\/kg<br \/>\nMang\u00e1n (mang\u00e1n oxid) \u2013 16,00 mg\/kg<br \/>\nCink (cink szulf\u00e1t monohidr\u00e1t) \u2013 24,00 mg\/kg<br \/>\nSzel\u00e9n (szel\u00e9n szelenit) \u2013 0,04 mg\/kg<\/p>\n<p>Kiszerel\u00e9s: 20 kg zs\u00e1k<\/p>\n","protected":false},"excerpt":{"rendered":"<p>Gazdas\u00e1gos\u00a0 zabmentes m\u00fczli alaptakarm\u00e1ny els\u0151dlegesen hobbilovak sz\u00e1m\u00e1ra.<\/p>\n","protected":false},"featured_media":64,"comment_status":"open","ping_status":"closed","template":"","meta":{"_et_pb_use_builder":"","_et_pb_old_content":"","_et_gb_content_width":""},"product_cat":[98],"product_tag":[86],"class_list":{"0":"post-63","1":"product","2":"type-product","3":"status-publish","4":"has-post-thumbnail","6":"product_cat-equusline-lotapok","7":"product_tag-lovaknak","9":"first","10":"instock","11":"taxable","12":"shipping-taxable","13":"purchasable","14":"product-type-simple"},"yoast_head":"<!-- This site is optimized with the Yoast SEO plugin v24.0 - https:\/\/yoast.com\/wordpress\/plugins\/seo\/ -->\n<title>\u2018Cool mix\u2019 zabmentes m\u00fczli alaptakarm\u00e1ny 20 kg - Equusline Transylvania<\/title>\n<meta name=\"robots\" content=\"index, follow, max-snippet:-1, max-image-preview:large, max-video-preview:-1\" \/>\n<link rel=\"canonical\" href=\"https:\/\/equusline-transylvania.ro\/hu\/termek\/cool-mix-zabmentes-muzli-alaptakarmany-20-kg\/\" \/>\n<meta property=\"og:locale\" content=\"hu_HU\" \/>\n<meta property=\"og:type\" content=\"article\" \/>\n<meta property=\"og:title\" content=\"\u2018Cool mix\u2019 zabmentes m\u00fczli alaptakarm\u00e1ny 20 kg - Equusline Transylvania\" \/>\n<meta property=\"og:description\" content=\"Gazdas\u00e1gos\u00a0 zabmentes m\u00fczli alaptakarm\u00e1ny els\u0151dlegesen hobbilovak sz\u00e1m\u00e1ra.\" \/>\n<meta property=\"og:url\" content=\"https:\/\/equusline-transylvania.ro\/hu\/termek\/cool-mix-zabmentes-muzli-alaptakarmany-20-kg\/\" \/>\n<meta property=\"og:site_name\" content=\"Equusline Transylvania\" \/>\n<meta property=\"article:publisher\" content=\"https:\/\/www.facebook.com\/profile.php?id=61564679939274\" \/>\n<meta property=\"article:modified_time\" content=\"2026-01-29T15:11:23+00:00\" \/>\n<meta property=\"og:image\" content=\"https:\/\/equusline-transylvania.ro\/wp-content\/uploads\/2024\/10\/elite-cool-mix.png\" \/>\n\t<meta property=\"og:image:width\" content=\"607\" \/>\n\t<meta property=\"og:image:height\" content=\"756\" \/>\n\t<meta property=\"og:image:type\" content=\"image\/png\" \/>\n<meta name=\"twitter:card\" content=\"summary_large_image\" \/>\n<meta name=\"twitter:label1\" content=\"Becs\u00fclt olvas\u00e1si id\u0151\" \/>\n\t<meta name=\"twitter:data1\" content=\"1 perc\" \/>\n<script type=\"application\/ld+json\" class=\"yoast-schema-graph\">{\"@context\":\"https:\/\/schema.org\",\"@graph\":[{\"@type\":\"WebPage\",\"@id\":\"https:\/\/equusline-transylvania.ro\/termek\/cool-mix-zabmentes-muzli-alaptakarmany-20-kg\/\",\"url\":\"https:\/\/equusline-transylvania.ro\/termek\/cool-mix-zabmentes-muzli-alaptakarmany-20-kg\/\",\"name\":\"\u2018Cool mix\u2019 zabmentes m\u00fczli alaptakarm\u00e1ny 20 kg - Equusline Transylvania\",\"isPartOf\":{\"@id\":\"https:\/\/equusline-transylvania.ro\/hu\/#website\"},\"primaryImageOfPage\":{\"@id\":\"https:\/\/equusline-transylvania.ro\/termek\/cool-mix-zabmentes-muzli-alaptakarmany-20-kg\/#primaryimage\"},\"image\":{\"@id\":\"https:\/\/equusline-transylvania.ro\/termek\/cool-mix-zabmentes-muzli-alaptakarmany-20-kg\/#primaryimage\"},\"thumbnailUrl\":\"https:\/\/equusline-transylvania.ro\/wp-content\/uploads\/2024\/10\/elite-cool-mix.png\",\"datePublished\":\"2020-10-17T15:05:08+00:00\",\"dateModified\":\"2026-01-29T15:11:23+00:00\",\"breadcrumb\":{\"@id\":\"https:\/\/equusline-transylvania.ro\/termek\/cool-mix-zabmentes-muzli-alaptakarmany-20-kg\/#breadcrumb\"},\"inLanguage\":\"hu\",\"potentialAction\":[{\"@type\":\"ReadAction\",\"target\":[\"https:\/\/equusline-transylvania.ro\/termek\/cool-mix-zabmentes-muzli-alaptakarmany-20-kg\/\"]}]},{\"@type\":\"ImageObject\",\"inLanguage\":\"hu\",\"@id\":\"https:\/\/equusline-transylvania.ro\/termek\/cool-mix-zabmentes-muzli-alaptakarmany-20-kg\/#primaryimage\",\"url\":\"https:\/\/equusline-transylvania.ro\/wp-content\/uploads\/2024\/10\/elite-cool-mix.png\",\"contentUrl\":\"https:\/\/equusline-transylvania.ro\/wp-content\/uploads\/2024\/10\/elite-cool-mix.png\",\"width\":607,\"height\":756},{\"@type\":\"BreadcrumbList\",\"@id\":\"https:\/\/equusline-transylvania.ro\/termek\/cool-mix-zabmentes-muzli-alaptakarmany-20-kg\/#breadcrumb\",\"itemListElement\":[{\"@type\":\"ListItem\",\"position\":1,\"name\":\"Kezd\u0151lap\",\"item\":\"https:\/\/equusline-transylvania.ro\/\"},{\"@type\":\"ListItem\",\"position\":2,\"name\":\"Term\u00e9keink\",\"item\":\"https:\/\/equusline-transylvania.ro\/\"},{\"@type\":\"ListItem\",\"position\":3,\"name\":\"\u2018Cool mix\u2019 zabmentes m\u00fczli alaptakarm\u00e1ny 20 kg\"}]},{\"@type\":\"WebSite\",\"@id\":\"https:\/\/equusline-transylvania.ro\/hu\/#website\",\"url\":\"https:\/\/equusline-transylvania.ro\/hu\/\",\"name\":\"Equusline Transylvania\",\"description\":\"\",\"publisher\":{\"@id\":\"https:\/\/equusline-transylvania.ro\/hu\/#organization\"},\"potentialAction\":[{\"@type\":\"SearchAction\",\"target\":{\"@type\":\"EntryPoint\",\"urlTemplate\":\"https:\/\/equusline-transylvania.ro\/hu\/?s={search_term_string}\"},\"query-input\":{\"@type\":\"PropertyValueSpecification\",\"valueRequired\":true,\"valueName\":\"search_term_string\"}}],\"inLanguage\":\"hu\"},{\"@type\":\"Organization\",\"@id\":\"https:\/\/equusline-transylvania.ro\/hu\/#organization\",\"name\":\"Equusline Transylvania\",\"url\":\"https:\/\/equusline-transylvania.ro\/hu\/\",\"logo\":{\"@type\":\"ImageObject\",\"inLanguage\":\"hu\",\"@id\":\"https:\/\/equusline-transylvania.ro\/hu\/#\/schema\/logo\/image\/\",\"url\":\"https:\/\/equusline-transylvania.ro\/wp-content\/uploads\/2024\/10\/equusline-ro.webp\",\"contentUrl\":\"https:\/\/equusline-transylvania.ro\/wp-content\/uploads\/2024\/10\/equusline-ro.webp\",\"width\":864,\"height\":397,\"caption\":\"Equusline Transylvania\"},\"image\":{\"@id\":\"https:\/\/equusline-transylvania.ro\/hu\/#\/schema\/logo\/image\/\"},\"sameAs\":[\"https:\/\/www.facebook.com\/profile.php?id=61564679939274\",\"https:\/\/www.instagram.com\/equusline_transylvania\"]}]}<\/script>\n<!-- \/ Yoast SEO plugin. -->","yoast_head_json":{"title":"\u2018Cool mix\u2019 zabmentes m\u00fczli alaptakarm\u00e1ny 20 kg - Equusline Transylvania","robots":{"index":"index","follow":"follow","max-snippet":"max-snippet:-1","max-image-preview":"max-image-preview:large","max-video-preview":"max-video-preview:-1"},"canonical":"https:\/\/equusline-transylvania.ro\/hu\/termek\/cool-mix-zabmentes-muzli-alaptakarmany-20-kg\/","og_locale":"hu_HU","og_type":"article","og_title":"\u2018Cool mix\u2019 zabmentes m\u00fczli alaptakarm\u00e1ny 20 kg - Equusline Transylvania","og_description":"Gazdas\u00e1gos\u00a0 zabmentes m\u00fczli alaptakarm\u00e1ny els\u0151dlegesen hobbilovak sz\u00e1m\u00e1ra.","og_url":"https:\/\/equusline-transylvania.ro\/hu\/termek\/cool-mix-zabmentes-muzli-alaptakarmany-20-kg\/","og_site_name":"Equusline Transylvania","article_publisher":"https:\/\/www.facebook.com\/profile.php?id=61564679939274","article_modified_time":"2026-01-29T15:11:23+00:00","og_image":[{"width":607,"height":756,"url":"https:\/\/equusline-transylvania.ro\/wp-content\/uploads\/2024\/10\/elite-cool-mix.png","type":"image\/png"}],"twitter_card":"summary_large_image","twitter_misc":{"Becs\u00fclt olvas\u00e1si id\u0151":"1 perc"},"schema":{"@context":"https:\/\/schema.org","@graph":[{"@type":"WebPage","@id":"https:\/\/equusline-transylvania.ro\/termek\/cool-mix-zabmentes-muzli-alaptakarmany-20-kg\/","url":"https:\/\/equusline-transylvania.ro\/termek\/cool-mix-zabmentes-muzli-alaptakarmany-20-kg\/","name":"\u2018Cool mix\u2019 zabmentes m\u00fczli alaptakarm\u00e1ny 20 kg - Equusline Transylvania","isPartOf":{"@id":"https:\/\/equusline-transylvania.ro\/hu\/#website"},"primaryImageOfPage":{"@id":"https:\/\/equusline-transylvania.ro\/termek\/cool-mix-zabmentes-muzli-alaptakarmany-20-kg\/#primaryimage"},"image":{"@id":"https:\/\/equusline-transylvania.ro\/termek\/cool-mix-zabmentes-muzli-alaptakarmany-20-kg\/#primaryimage"},"thumbnailUrl":"https:\/\/equusline-transylvania.ro\/wp-content\/uploads\/2024\/10\/elite-cool-mix.png","datePublished":"2020-10-17T15:05:08+00:00","dateModified":"2026-01-29T15:11:23+00:00","breadcrumb":{"@id":"https:\/\/equusline-transylvania.ro\/termek\/cool-mix-zabmentes-muzli-alaptakarmany-20-kg\/#breadcrumb"},"inLanguage":"hu","potentialAction":[{"@type":"ReadAction","target":["https:\/\/equusline-transylvania.ro\/termek\/cool-mix-zabmentes-muzli-alaptakarmany-20-kg\/"]}]},{"@type":"ImageObject","inLanguage":"hu","@id":"https:\/\/equusline-transylvania.ro\/termek\/cool-mix-zabmentes-muzli-alaptakarmany-20-kg\/#primaryimage","url":"https:\/\/equusline-transylvania.ro\/wp-content\/uploads\/2024\/10\/elite-cool-mix.png","contentUrl":"https:\/\/equusline-transylvania.ro\/wp-content\/uploads\/2024\/10\/elite-cool-mix.png","width":607,"height":756},{"@type":"BreadcrumbList","@id":"https:\/\/equusline-transylvania.ro\/termek\/cool-mix-zabmentes-muzli-alaptakarmany-20-kg\/#breadcrumb","itemListElement":[{"@type":"ListItem","position":1,"name":"Kezd\u0151lap","item":"https:\/\/equusline-transylvania.ro\/"},{"@type":"ListItem","position":2,"name":"Term\u00e9keink","item":"https:\/\/equusline-transylvania.ro\/"},{"@type":"ListItem","position":3,"name":"\u2018Cool mix\u2019 zabmentes m\u00fczli alaptakarm\u00e1ny 20 kg"}]},{"@type":"WebSite","@id":"https:\/\/equusline-transylvania.ro\/hu\/#website","url":"https:\/\/equusline-transylvania.ro\/hu\/","name":"Equusline Transylvania","description":"","publisher":{"@id":"https:\/\/equusline-transylvania.ro\/hu\/#organization"},"potentialAction":[{"@type":"SearchAction","target":{"@type":"EntryPoint","urlTemplate":"https:\/\/equusline-transylvania.ro\/hu\/?s={search_term_string}"},"query-input":{"@type":"PropertyValueSpecification","valueRequired":true,"valueName":"search_term_string"}}],"inLanguage":"hu"},{"@type":"Organization","@id":"https:\/\/equusline-transylvania.ro\/hu\/#organization","name":"Equusline Transylvania","url":"https:\/\/equusline-transylvania.ro\/hu\/","logo":{"@type":"ImageObject","inLanguage":"hu","@id":"https:\/\/equusline-transylvania.ro\/hu\/#\/schema\/logo\/image\/","url":"https:\/\/equusline-transylvania.ro\/wp-content\/uploads\/2024\/10\/equusline-ro.webp","contentUrl":"https:\/\/equusline-transylvania.ro\/wp-content\/uploads\/2024\/10\/equusline-ro.webp","width":864,"height":397,"caption":"Equusline Transylvania"},"image":{"@id":"https:\/\/equusline-transylvania.ro\/hu\/#\/schema\/logo\/image\/"},"sameAs":["https:\/\/www.facebook.com\/profile.php?id=61564679939274","https:\/\/www.instagram.com\/equusline_transylvania"]}]}},"_links":{"self":[{"href":"https:\/\/equusline-transylvania.ro\/hu\/wp-json\/wp\/v2\/product\/63","targetHints":{"allow":["GET"]}}],"collection":[{"href":"https:\/\/equusline-transylvania.ro\/hu\/wp-json\/wp\/v2\/product"}],"about":[{"href":"https:\/\/equusline-transylvania.ro\/hu\/wp-json\/wp\/v2\/types\/product"}],"replies":[{"embeddable":true,"href":"https:\/\/equusline-transylvania.ro\/hu\/wp-json\/wp\/v2\/comments?post=63"}],"wp:featuredmedia":[{"embeddable":true,"href":"https:\/\/equusline-transylvania.ro\/hu\/wp-json\/wp\/v2\/media\/64"}],"wp:attachment":[{"href":"https:\/\/equusline-transylvania.ro\/hu\/wp-json\/wp\/v2\/media?parent=63"}],"wp:term":[{"taxonomy":"product_cat","embeddable":true,"href":"https:\/\/equusline-transylvania.ro\/hu\/wp-json\/wp\/v2\/product_cat?post=63"},{"taxonomy":"product_tag","embeddable":true,"href":"https:\/\/equusline-transylvania.ro\/hu\/wp-json\/wp\/v2\/product_tag?post=63"}],"curies":[{"name":"wp","href":"https:\/\/api.w.org\/{rel}","templated":true}]}}