{"id":60,"date":"2020-01-13T11:00:23","date_gmt":"2020-01-13T10:00:23","guid":{"rendered":"https:\/\/equusline-transylvania.ro\/termek\/senior-pellet-alaptakarmany-idos-lovak-szamara-20-kg\/"},"modified":"2026-01-29T16:08:23","modified_gmt":"2026-01-29T15:08:23","slug":"senior-pellet-alaptakarmany-idos-lovak-szamara-20-kg","status":"publish","type":"product","link":"https:\/\/equusline-transylvania.ro\/hu\/termek\/senior-pellet-alaptakarmany-idos-lovak-szamara-20-kg\/","title":{"rendered":"&#8216;Senior&#8217; pellet alaptakarm\u00e1ny id\u0151s lovak sz\u00e1m\u00e1ra 20 kg"},"content":{"rendered":"<div>Teljes \u00e9rt\u00e9k\u0171, gazdas\u00e1gos alaptakarm\u00e1ny pellet form\u00e1j\u00e1ban id\u0151s lovak sz\u00e1m\u00e1ra. J\u00f3l hasznos\u00edthat\u00f3 \u00e9s em\u00e9szthet\u0151 feh\u00e9rjetartalommal, fontos \u00e1sv\u00e1nyi anyagokkal, aminosavakkal, nyomelemekkel \u00e9s vitaminokkal k\u00e9sz\u00fclt az id\u0151s\u00f6d\u0151 lovak sz\u00e1m\u00e1ra. Etethet\u0151 \u00e1ztatva is, amennyiben a r\u00e1g\u00e1s m\u00e1r neh\u00e9zkes.<\/div>\n<div>Napi adagja: 1kg &#8211; 3 kg\u00a0 a l\u00f3 m\u00e9ret\u00e9t\u0151l, terhel\u00e9s\u00e9t\u0151l \u00e9s az egy\u00e9b t\u00e1pl\u00e1l\u00e9k mennyis\u00e9g\u00e9t\u0151l \u00e9s \u00f6sszet\u00e9tel\u00e9t\u0151l f\u00fcgg\u0151en.<\/div>\n<div><\/div>\n<div><strong>\u00d6SSZET\u00c9TEL:<\/strong><\/div>\n<div><\/div>\n<div>Em\u00e9szthet\u0151 energia:\u00a02645 Kcal\/kg<\/div>\n<div><\/div>\n<div>Zab, b\u00fazakorpa, lucerna, pelyhes\u00edtett sz\u00f3ja, kukoricapehely, \u00e1rpa, n\u00e1dcukor melasz, takarm\u00e1nym\u00e9sz adal\u00e9k, p\u00e1lmamagolaj, n\u00e1trium klorid (s\u00f3).<\/div>\n<p>Nyersfeh\u00e9rje\u00a0 &#8211; 13,00 %<br \/>\nNyersolaj \u00e9s nyerszs\u00edr &#8211; 3,60 %<br \/>\nNyers rost &#8211; 12,70 %<br \/>\nNyers hamu &#8211; 8,20 %<br \/>\nKalcium &#8211; 0,84 %<br \/>\nFoszfor &#8211; 0,49 %<br \/>\nN\u00e1trium &#8211; 0,41 %<\/p>\n<p>Kem\u00e9ny\u00edt\u0151: 24,94%<br \/>\nCukor: 3,76%<\/p>\n<table style=\"height: 688px;\" width=\"603\">\n<tbody>\n<tr>\n<td colspan=\"3\" width=\"269\"><strong>\u00a0<\/strong><strong><u>Vitaminok, provitaminok<\/u><\/strong><\/td>\n<td colspan=\"4\" width=\"262\"><strong><u>Makro- \u00e9s mikroelemek<\/u><\/strong><\/td>\n<\/tr>\n<tr>\n<td width=\"194\">A Vitamin (3a672a)<\/td>\n<td width=\"38\">8.000<\/td>\n<td width=\"37\">NE\/kg<\/td>\n<td width=\"191\">Vas (vaskarbon\u00e1t) (3b101)<\/td>\n<td width=\"34\">48,00<\/td>\n<td colspan=\"2\" width=\"37\">mg\/kg<\/td>\n<\/tr>\n<tr>\n<td width=\"194\">D3 Vitamin (3a671)<\/td>\n<td width=\"38\">800<\/td>\n<td width=\"37\">NE\/kg<\/td>\n<td width=\"191\">J\u00f3d (k\u00e1lium-jodid)\u00a0 (3b201)<\/td>\n<td width=\"34\">0,40<\/td>\n<td colspan=\"2\" width=\"37\">mg\/kg<\/td>\n<\/tr>\n<tr>\n<td width=\"194\">E Vitamin (3a700)<\/td>\n<td width=\"38\">40,0<\/td>\n<td width=\"37\">mg\/kg<\/td>\n<td rowspan=\"2\" width=\"191\">Kobalt (kobalt karbon\u00e1t (II) \u00a0monohidr\u00e1t (3b304)<\/td>\n<td rowspan=\"2\" width=\"34\">0,16<\/td>\n<td colspan=\"2\" rowspan=\"2\" width=\"37\">mg\/kg<\/td>\n<\/tr>\n<tr>\n<td width=\"194\">B1 Vitamin (3a820)<\/td>\n<td width=\"38\">4,00<\/td>\n<td width=\"37\">mg\/kg<\/td>\n<\/tr>\n<tr>\n<td width=\"194\">B2 Vitamin<\/td>\n<td width=\"38\">2,40<\/td>\n<td width=\"37\">mg\/kg<\/td>\n<td width=\"191\">R\u00e9z (r\u00e9z szulf\u00e1t pentahidr\u00e1t) (E-4)<\/td>\n<td width=\"34\">8,00<\/td>\n<td colspan=\"2\" width=\"37\">mg\/kg<\/td>\n<\/tr>\n<tr>\n<td width=\"194\">B12 Vitamin<\/td>\n<td width=\"38\">12,00<\/td>\n<td width=\"37\">\u00b5g\/kg<\/td>\n<td width=\"191\">Mang\u00e1n (mang\u00e1n oxid) (3b502)<\/td>\n<td width=\"34\">32,00<\/td>\n<td colspan=\"2\" width=\"37\">mg\/kg<\/td>\n<\/tr>\n<tr>\n<td width=\"194\">K3 Vitamin (3a711)<\/td>\n<td width=\"38\">1,60<\/td>\n<td width=\"37\">mg\/kg<\/td>\n<td width=\"191\">Cink (cink oxid) (3b603)<\/td>\n<td width=\"34\">40,00<\/td>\n<td colspan=\"2\" width=\"37\">mg\/kg<\/td>\n<\/tr>\n<tr>\n<td width=\"194\">Biotin (3a880)<\/td>\n<td width=\"38\">0,16<\/td>\n<td width=\"37\">mg\/kg<\/td>\n<td width=\"191\">Cink (cink kel\u00e1t) (3b610)<\/td>\n<td width=\"34\">16,00<\/td>\n<td colspan=\"2\" width=\"37\">mg\/kg<\/td>\n<\/tr>\n<tr>\n<td width=\"194\">Folsav (3a316)<\/td>\n<td width=\"38\">0,80<\/td>\n<td width=\"37\">mg\/Kg<\/td>\n<td width=\"191\">Szel\u00e9n (szel\u00e9n szelenit) (E-8)<\/td>\n<td width=\"34\">0,08<\/td>\n<td colspan=\"2\" width=\"37\">mg\/kg<\/td>\n<\/tr>\n<tr>\n<td width=\"194\">Kolin klorid (3a890)<\/td>\n<td width=\"38\">160,0<\/td>\n<td width=\"37\">mg\/Kg<\/td>\n<td rowspan=\"2\" width=\"191\">Szelenometionin (szerves szel\u00e9n S. Cerevisiae NCYC R397 ( inaktiv\u00e1lt szel\u00e9n \u00e9leszt\u0151 ) (3b811)<\/td>\n<td rowspan=\"2\" width=\"34\">0,08<\/td>\n<td colspan=\"2\" rowspan=\"2\" width=\"37\">mg\/kg<\/td>\n<\/tr>\n<tr>\n<td width=\"194\">Nikot\u00e9nsav (3a314)<\/td>\n<td width=\"38\">6,40<\/td>\n<td width=\"37\">mg\/Kg<\/td>\n<\/tr>\n<tr>\n<td width=\"194\">Kalcium-pantoten\u00e1t (B5 Vitamin) (3a841)<\/td>\n<td width=\"38\">4,00<\/td>\n<td width=\"37\">mg\/Kg<\/td>\n<td colspan=\"4\" width=\"262\"><strong><u>Tart\u00f3s\u00edt\u00f3szerek<\/u><\/strong><\/td>\n<\/tr>\n<tr>\n<td colspan=\"3\" width=\"269\"><strong><u>Antioxid\u00e1nsok<\/u><\/strong><\/td>\n<td width=\"191\">Citromsav\u00a0 (E-330)<\/td>\n<td width=\"34\">11,04<\/td>\n<td colspan=\"2\" width=\"37\">mg\/kg<\/td>\n<\/tr>\n<tr>\n<td width=\"194\">BHT(E-321)<\/td>\n<td width=\"38\">3,20<\/td>\n<td width=\"37\">mg\/kg<\/td>\n<td width=\"191\">N\u00e1trium-citr\u00e1t (E-331)<\/td>\n<td width=\"34\">0,32<\/td>\n<td colspan=\"2\" width=\"37\">mg\/kg<\/td>\n<\/tr>\n<tr>\n<td width=\"194\"><strong>\u00a0<\/strong><\/td>\n<td width=\"38\"><strong>\u00a0<\/strong><\/td>\n<td width=\"37\"><strong>\u00a0<\/strong><\/td>\n<td colspan=\"4\" width=\"262\"><strong><u>K\u00f6t\u0151anyagok<\/u><\/strong><\/td>\n<\/tr>\n<tr>\n<td width=\"194\"><strong>\u00a0<\/strong><\/td>\n<td width=\"38\"><strong>\u00a0<\/strong><\/td>\n<td width=\"37\"><strong>\u00a0<\/strong><\/td>\n<td width=\"191\">Szepiolit (E-562)<\/td>\n<td width=\"34\">0,048<\/td>\n<td colspan=\"2\" width=\"37\">%<\/td>\n<\/tr>\n<tr>\n<td width=\"194\"><strong>\u00a0<\/strong><\/td>\n<td width=\"38\"><strong>\u00a0<\/strong><\/td>\n<td width=\"37\"><strong>\u00a0<\/strong><\/td>\n<td colspan=\"4\" width=\"262\"><strong>\u00a0\u00a0\u00a0\u00a0\u00a0\u00a0\u00a0\u00a0\u00a0\u00a0\u00a0\u00a0\u00a0\u00a0\u00a0\u00a0\u00a0\u00a0\u00a0\u00a0\u00a0\u00a0\u00a0 <u>Aminosavak \u00e9s azok s\u00f3i<\/u><\/strong><\/td>\n<\/tr>\n<tr>\n<td width=\"194\"><strong>\u00a0<\/strong><\/td>\n<td width=\"38\"><strong>\u00a0<\/strong><\/td>\n<td width=\"37\"><strong>\u00a0<\/strong><\/td>\n<td width=\"191\">DL Metionin (3c301)<\/td>\n<td colspan=\"2\" width=\"35\">0,016<\/td>\n<td width=\"36\">%<\/td>\n<\/tr>\n<\/tbody>\n<\/table>\n<p>Kiszerel\u00e9s: 20 kg zs\u00e1k<\/p>\n","protected":false},"excerpt":{"rendered":"<p>Teljes \u00e9rt\u00e9k\u0171, gazdas\u00e1gos alaptakarm\u00e1ny pellet form\u00e1j\u00e1ban id\u0151s lovak sz\u00e1m\u00e1ra<\/p>\n<p>&nbsp;<\/p>\n","protected":false},"featured_media":61,"comment_status":"open","ping_status":"closed","template":"","meta":{"_et_pb_use_builder":"","_et_pb_old_content":"","_et_gb_content_width":""},"product_cat":[98],"product_tag":[86],"class_list":{"0":"post-60","1":"product","2":"type-product","3":"status-publish","4":"has-post-thumbnail","6":"product_cat-equusline-lotapok","7":"product_tag-lovaknak","9":"first","10":"instock","11":"taxable","12":"shipping-taxable","13":"purchasable","14":"product-type-simple"},"yoast_head":"<!-- This site is optimized with the Yoast SEO plugin v24.0 - https:\/\/yoast.com\/wordpress\/plugins\/seo\/ -->\n<title>&#039;Senior&#039; pellet alaptakarm\u00e1ny id\u0151s lovak sz\u00e1m\u00e1ra 20 kg - Equusline Transylvania<\/title>\n<meta name=\"robots\" content=\"index, follow, max-snippet:-1, max-image-preview:large, max-video-preview:-1\" \/>\n<link rel=\"canonical\" href=\"https:\/\/equusline-transylvania.ro\/hu\/termek\/senior-pellet-alaptakarmany-idos-lovak-szamara-20-kg\/\" \/>\n<meta property=\"og:locale\" content=\"hu_HU\" \/>\n<meta property=\"og:type\" content=\"article\" \/>\n<meta property=\"og:title\" content=\"&#039;Senior&#039; pellet alaptakarm\u00e1ny id\u0151s lovak sz\u00e1m\u00e1ra 20 kg - Equusline Transylvania\" \/>\n<meta property=\"og:description\" content=\"Teljes \u00e9rt\u00e9k\u0171, gazdas\u00e1gos alaptakarm\u00e1ny pellet form\u00e1j\u00e1ban id\u0151s lovak sz\u00e1m\u00e1ra  &nbsp;\" \/>\n<meta property=\"og:url\" content=\"https:\/\/equusline-transylvania.ro\/hu\/termek\/senior-pellet-alaptakarmany-idos-lovak-szamara-20-kg\/\" \/>\n<meta property=\"og:site_name\" content=\"Equusline Transylvania\" \/>\n<meta property=\"article:publisher\" content=\"https:\/\/www.facebook.com\/profile.php?id=61564679939274\" \/>\n<meta property=\"article:modified_time\" content=\"2026-01-29T15:08:23+00:00\" \/>\n<meta property=\"og:image\" content=\"https:\/\/equusline-transylvania.ro\/wp-content\/uploads\/2024\/10\/special-care-senior.png\" \/>\n\t<meta property=\"og:image:width\" content=\"607\" \/>\n\t<meta property=\"og:image:height\" content=\"756\" \/>\n\t<meta property=\"og:image:type\" content=\"image\/png\" \/>\n<meta name=\"twitter:card\" content=\"summary_large_image\" \/>\n<meta name=\"twitter:label1\" content=\"Becs\u00fclt olvas\u00e1si id\u0151\" \/>\n\t<meta name=\"twitter:data1\" content=\"2 perc\" \/>\n<script type=\"application\/ld+json\" class=\"yoast-schema-graph\">{\"@context\":\"https:\/\/schema.org\",\"@graph\":[{\"@type\":\"WebPage\",\"@id\":\"https:\/\/equusline-transylvania.ro\/termek\/senior-pellet-alaptakarmany-idos-lovak-szamara-20-kg\/\",\"url\":\"https:\/\/equusline-transylvania.ro\/termek\/senior-pellet-alaptakarmany-idos-lovak-szamara-20-kg\/\",\"name\":\"'Senior' pellet alaptakarm\u00e1ny id\u0151s lovak sz\u00e1m\u00e1ra 20 kg - Equusline Transylvania\",\"isPartOf\":{\"@id\":\"https:\/\/equusline-transylvania.ro\/hu\/#website\"},\"primaryImageOfPage\":{\"@id\":\"https:\/\/equusline-transylvania.ro\/termek\/senior-pellet-alaptakarmany-idos-lovak-szamara-20-kg\/#primaryimage\"},\"image\":{\"@id\":\"https:\/\/equusline-transylvania.ro\/termek\/senior-pellet-alaptakarmany-idos-lovak-szamara-20-kg\/#primaryimage\"},\"thumbnailUrl\":\"https:\/\/equusline-transylvania.ro\/wp-content\/uploads\/2024\/10\/special-care-senior.png\",\"datePublished\":\"2020-01-13T10:00:23+00:00\",\"dateModified\":\"2026-01-29T15:08:23+00:00\",\"breadcrumb\":{\"@id\":\"https:\/\/equusline-transylvania.ro\/termek\/senior-pellet-alaptakarmany-idos-lovak-szamara-20-kg\/#breadcrumb\"},\"inLanguage\":\"hu\",\"potentialAction\":[{\"@type\":\"ReadAction\",\"target\":[\"https:\/\/equusline-transylvania.ro\/termek\/senior-pellet-alaptakarmany-idos-lovak-szamara-20-kg\/\"]}]},{\"@type\":\"ImageObject\",\"inLanguage\":\"hu\",\"@id\":\"https:\/\/equusline-transylvania.ro\/termek\/senior-pellet-alaptakarmany-idos-lovak-szamara-20-kg\/#primaryimage\",\"url\":\"https:\/\/equusline-transylvania.ro\/wp-content\/uploads\/2024\/10\/special-care-senior.png\",\"contentUrl\":\"https:\/\/equusline-transylvania.ro\/wp-content\/uploads\/2024\/10\/special-care-senior.png\",\"width\":607,\"height\":756},{\"@type\":\"BreadcrumbList\",\"@id\":\"https:\/\/equusline-transylvania.ro\/termek\/senior-pellet-alaptakarmany-idos-lovak-szamara-20-kg\/#breadcrumb\",\"itemListElement\":[{\"@type\":\"ListItem\",\"position\":1,\"name\":\"Kezd\u0151lap\",\"item\":\"https:\/\/equusline-transylvania.ro\/\"},{\"@type\":\"ListItem\",\"position\":2,\"name\":\"Term\u00e9keink\",\"item\":\"https:\/\/equusline-transylvania.ro\/\"},{\"@type\":\"ListItem\",\"position\":3,\"name\":\"&#8216;Senior&#8217; pellet alaptakarm\u00e1ny id\u0151s lovak sz\u00e1m\u00e1ra 20 kg\"}]},{\"@type\":\"WebSite\",\"@id\":\"https:\/\/equusline-transylvania.ro\/hu\/#website\",\"url\":\"https:\/\/equusline-transylvania.ro\/hu\/\",\"name\":\"Equusline Transylvania\",\"description\":\"\",\"publisher\":{\"@id\":\"https:\/\/equusline-transylvania.ro\/hu\/#organization\"},\"potentialAction\":[{\"@type\":\"SearchAction\",\"target\":{\"@type\":\"EntryPoint\",\"urlTemplate\":\"https:\/\/equusline-transylvania.ro\/hu\/?s={search_term_string}\"},\"query-input\":{\"@type\":\"PropertyValueSpecification\",\"valueRequired\":true,\"valueName\":\"search_term_string\"}}],\"inLanguage\":\"hu\"},{\"@type\":\"Organization\",\"@id\":\"https:\/\/equusline-transylvania.ro\/hu\/#organization\",\"name\":\"Equusline Transylvania\",\"url\":\"https:\/\/equusline-transylvania.ro\/hu\/\",\"logo\":{\"@type\":\"ImageObject\",\"inLanguage\":\"hu\",\"@id\":\"https:\/\/equusline-transylvania.ro\/hu\/#\/schema\/logo\/image\/\",\"url\":\"https:\/\/equusline-transylvania.ro\/wp-content\/uploads\/2024\/10\/equusline-ro.webp\",\"contentUrl\":\"https:\/\/equusline-transylvania.ro\/wp-content\/uploads\/2024\/10\/equusline-ro.webp\",\"width\":864,\"height\":397,\"caption\":\"Equusline Transylvania\"},\"image\":{\"@id\":\"https:\/\/equusline-transylvania.ro\/hu\/#\/schema\/logo\/image\/\"},\"sameAs\":[\"https:\/\/www.facebook.com\/profile.php?id=61564679939274\",\"https:\/\/www.instagram.com\/equusline_transylvania\"]}]}<\/script>\n<!-- \/ Yoast SEO plugin. -->","yoast_head_json":{"title":"'Senior' pellet alaptakarm\u00e1ny id\u0151s lovak sz\u00e1m\u00e1ra 20 kg - Equusline Transylvania","robots":{"index":"index","follow":"follow","max-snippet":"max-snippet:-1","max-image-preview":"max-image-preview:large","max-video-preview":"max-video-preview:-1"},"canonical":"https:\/\/equusline-transylvania.ro\/hu\/termek\/senior-pellet-alaptakarmany-idos-lovak-szamara-20-kg\/","og_locale":"hu_HU","og_type":"article","og_title":"'Senior' pellet alaptakarm\u00e1ny id\u0151s lovak sz\u00e1m\u00e1ra 20 kg - Equusline Transylvania","og_description":"Teljes \u00e9rt\u00e9k\u0171, gazdas\u00e1gos alaptakarm\u00e1ny pellet form\u00e1j\u00e1ban id\u0151s lovak sz\u00e1m\u00e1ra  &nbsp;","og_url":"https:\/\/equusline-transylvania.ro\/hu\/termek\/senior-pellet-alaptakarmany-idos-lovak-szamara-20-kg\/","og_site_name":"Equusline Transylvania","article_publisher":"https:\/\/www.facebook.com\/profile.php?id=61564679939274","article_modified_time":"2026-01-29T15:08:23+00:00","og_image":[{"width":607,"height":756,"url":"https:\/\/equusline-transylvania.ro\/wp-content\/uploads\/2024\/10\/special-care-senior.png","type":"image\/png"}],"twitter_card":"summary_large_image","twitter_misc":{"Becs\u00fclt olvas\u00e1si id\u0151":"2 perc"},"schema":{"@context":"https:\/\/schema.org","@graph":[{"@type":"WebPage","@id":"https:\/\/equusline-transylvania.ro\/termek\/senior-pellet-alaptakarmany-idos-lovak-szamara-20-kg\/","url":"https:\/\/equusline-transylvania.ro\/termek\/senior-pellet-alaptakarmany-idos-lovak-szamara-20-kg\/","name":"'Senior' pellet alaptakarm\u00e1ny id\u0151s lovak sz\u00e1m\u00e1ra 20 kg - Equusline Transylvania","isPartOf":{"@id":"https:\/\/equusline-transylvania.ro\/hu\/#website"},"primaryImageOfPage":{"@id":"https:\/\/equusline-transylvania.ro\/termek\/senior-pellet-alaptakarmany-idos-lovak-szamara-20-kg\/#primaryimage"},"image":{"@id":"https:\/\/equusline-transylvania.ro\/termek\/senior-pellet-alaptakarmany-idos-lovak-szamara-20-kg\/#primaryimage"},"thumbnailUrl":"https:\/\/equusline-transylvania.ro\/wp-content\/uploads\/2024\/10\/special-care-senior.png","datePublished":"2020-01-13T10:00:23+00:00","dateModified":"2026-01-29T15:08:23+00:00","breadcrumb":{"@id":"https:\/\/equusline-transylvania.ro\/termek\/senior-pellet-alaptakarmany-idos-lovak-szamara-20-kg\/#breadcrumb"},"inLanguage":"hu","potentialAction":[{"@type":"ReadAction","target":["https:\/\/equusline-transylvania.ro\/termek\/senior-pellet-alaptakarmany-idos-lovak-szamara-20-kg\/"]}]},{"@type":"ImageObject","inLanguage":"hu","@id":"https:\/\/equusline-transylvania.ro\/termek\/senior-pellet-alaptakarmany-idos-lovak-szamara-20-kg\/#primaryimage","url":"https:\/\/equusline-transylvania.ro\/wp-content\/uploads\/2024\/10\/special-care-senior.png","contentUrl":"https:\/\/equusline-transylvania.ro\/wp-content\/uploads\/2024\/10\/special-care-senior.png","width":607,"height":756},{"@type":"BreadcrumbList","@id":"https:\/\/equusline-transylvania.ro\/termek\/senior-pellet-alaptakarmany-idos-lovak-szamara-20-kg\/#breadcrumb","itemListElement":[{"@type":"ListItem","position":1,"name":"Kezd\u0151lap","item":"https:\/\/equusline-transylvania.ro\/"},{"@type":"ListItem","position":2,"name":"Term\u00e9keink","item":"https:\/\/equusline-transylvania.ro\/"},{"@type":"ListItem","position":3,"name":"&#8216;Senior&#8217; pellet alaptakarm\u00e1ny id\u0151s lovak sz\u00e1m\u00e1ra 20 kg"}]},{"@type":"WebSite","@id":"https:\/\/equusline-transylvania.ro\/hu\/#website","url":"https:\/\/equusline-transylvania.ro\/hu\/","name":"Equusline Transylvania","description":"","publisher":{"@id":"https:\/\/equusline-transylvania.ro\/hu\/#organization"},"potentialAction":[{"@type":"SearchAction","target":{"@type":"EntryPoint","urlTemplate":"https:\/\/equusline-transylvania.ro\/hu\/?s={search_term_string}"},"query-input":{"@type":"PropertyValueSpecification","valueRequired":true,"valueName":"search_term_string"}}],"inLanguage":"hu"},{"@type":"Organization","@id":"https:\/\/equusline-transylvania.ro\/hu\/#organization","name":"Equusline Transylvania","url":"https:\/\/equusline-transylvania.ro\/hu\/","logo":{"@type":"ImageObject","inLanguage":"hu","@id":"https:\/\/equusline-transylvania.ro\/hu\/#\/schema\/logo\/image\/","url":"https:\/\/equusline-transylvania.ro\/wp-content\/uploads\/2024\/10\/equusline-ro.webp","contentUrl":"https:\/\/equusline-transylvania.ro\/wp-content\/uploads\/2024\/10\/equusline-ro.webp","width":864,"height":397,"caption":"Equusline Transylvania"},"image":{"@id":"https:\/\/equusline-transylvania.ro\/hu\/#\/schema\/logo\/image\/"},"sameAs":["https:\/\/www.facebook.com\/profile.php?id=61564679939274","https:\/\/www.instagram.com\/equusline_transylvania"]}]}},"_links":{"self":[{"href":"https:\/\/equusline-transylvania.ro\/hu\/wp-json\/wp\/v2\/product\/60","targetHints":{"allow":["GET"]}}],"collection":[{"href":"https:\/\/equusline-transylvania.ro\/hu\/wp-json\/wp\/v2\/product"}],"about":[{"href":"https:\/\/equusline-transylvania.ro\/hu\/wp-json\/wp\/v2\/types\/product"}],"replies":[{"embeddable":true,"href":"https:\/\/equusline-transylvania.ro\/hu\/wp-json\/wp\/v2\/comments?post=60"}],"wp:featuredmedia":[{"embeddable":true,"href":"https:\/\/equusline-transylvania.ro\/hu\/wp-json\/wp\/v2\/media\/61"}],"wp:attachment":[{"href":"https:\/\/equusline-transylvania.ro\/hu\/wp-json\/wp\/v2\/media?parent=60"}],"wp:term":[{"taxonomy":"product_cat","embeddable":true,"href":"https:\/\/equusline-transylvania.ro\/hu\/wp-json\/wp\/v2\/product_cat?post=60"},{"taxonomy":"product_tag","embeddable":true,"href":"https:\/\/equusline-transylvania.ro\/hu\/wp-json\/wp\/v2\/product_tag?post=60"}],"curies":[{"name":"wp","href":"https:\/\/api.w.org\/{rel}","templated":true}]}}