{"id":55,"date":"2017-04-10T16:09:26","date_gmt":"2017-04-10T14:09:26","guid":{"rendered":"https:\/\/equusline-transylvania.ro\/termek\/super-pellet-alaptakarmany-vemhes-es-szoptato-kancak-szamara-20-kg\/"},"modified":"2026-01-29T16:13:59","modified_gmt":"2026-01-29T15:13:59","slug":"super-pellet-alaptakarmany-vemhes-es-szoptato-kancak-szamara-20-kg","status":"publish","type":"product","link":"https:\/\/equusline-transylvania.ro\/hu\/termek\/super-pellet-alaptakarmany-vemhes-es-szoptato-kancak-szamara-20-kg\/","title":{"rendered":"&#8216;Super&#8217; pellet alaptakarm\u00e1ny vemhes \u00e9s szoptat\u00f3 kanc\u00e1k sz\u00e1m\u00e1ra 20 kg"},"content":{"rendered":"<div>A Super pellet alaptakarm\u00e1ny vemhes \u00e9s szoptat\u00f3 kanc\u00e1k sz\u00e1m\u00e1ra k\u00e9sz\u00fclt magas energiaszint\u0171, j\u00f3 min\u0151s\u00e9g\u0171 em\u00e9szthet\u0151 feh\u00e9rje tartalommal, kalcium &#8211; foszfor csontk\u00e9pz\u0151- \u00e9s egy\u00e9b fontos \u00e1sv\u00e1nyi anyagokkal, aminosavakkal, nyomelemekkel \u00e9s vitaminokkal.<br \/>\nP\u00e1lmaolajat is tartalmaz, amely extra energi\u00e1t ad \u00e9s pormegk\u00f6t\u0151 szerepe van.<\/div>\n<div><\/div>\n<div>Kiv\u00e1l\u00f3 term\u00e9k versenyben l\u00e9v\u0151 \u00fcget\u0151 \u00e9s galopp lovaknak is.<\/div>\n<div>Sz\u00e1las takarm\u00e1nnyal eg\u00e9sz\u00edtse ki.<\/div>\n<div><\/div>\n<div>Napi adagja: 1,00 kg &#8211; 3,00 kg a vemhess\u00e9g szakasz\u00e1t\u00f3l, a l\u00f3 m\u00e9ret\u00e9t\u0151l, terhel\u00e9st\u0151l \u00e9s az egy\u00e9b t\u00e1pl\u00e1l\u00e9k mennyis\u00e9g\u00e9t\u0151l \u00e9s \u00f6sszet\u00e9tel\u00e9t\u0151l f\u00fcgg\u0151en.<\/div>\n<div><\/div>\n<div><strong>\u00d6SSZET\u00c9TEL:<\/strong><\/div>\n<div><\/div>\n<div>Em\u00e9szthet\u0151 energia:\u00a02840,1 Kcal\/kg<\/div>\n<div><\/div>\n<div>Zab, \u00e1rpa, b\u00fazakorpa, lucerna, napraforg\u00f3 mag, kukorica pehely, pelyhes\u00edtett sz\u00f3ja, l\u00f3bab liszt, n\u00e1dcukor melasz, p\u00e1lmaolaj, dikalcium foszf\u00e1t, takarm\u00e1nym\u00e9sz adal\u00e9k, n\u00e1trium klorid (s\u00f3).<\/div>\n<p>Nyersfeh\u00e9rje &#8211; 13,40 %<br \/>\nNyersolaj \u00e9s nyerszs\u00edr &#8211; 3,00 %<br \/>\nNyers rost &#8211; 10,30 %<br \/>\nNyers hamu &#8211; 8,80 %<br \/>\nKalcium &#8211;\u00a0 0,62 %<br \/>\nFoszfor &#8211; 0,6 %<br \/>\nN\u00e1trium &#8211; 0,41 %<\/p>\n<p>Kem\u00e9ny\u00edt\u0151: 28,7%<br \/>\nCukor: 6,03%<\/p>\n<p><strong>Vitaminok, provitaminok \u00e9s egy\u00e9b anyagok<\/strong><\/p>\n<p>A Vitamin &#8211; 9.000,00\u00a0 \u00a0 \u00a0 NE\/kg<br \/>\nD3 Vitamin &#8211; 900,00\u00a0\u00a0\u00a0\u00a0\u00a0 NE\/kg<br \/>\nE Vitamin (alpha-tocopherol) &#8211; 90,00\u00a0\u00a0\u00a0\u00a0 mg\/Kg<br \/>\nB1 Vitamin &#8211; 4,50\u00a0\u00a0\u00a0\u00a0 mg\/Kg<br \/>\nB2 Vitamin\u00a0 &#8211; 2,70\u00a0\u00a0\u00a0\u00a0 mg\/Kg<br \/>\nB12 Vitamin &#8211; 13,60\u00a0 mcgr\/Kg<br \/>\nK Vitamin &#8211; 1,80\u00a0\u00a0\u00a0\u00a0 mg\/Kg<br \/>\nBiotin &#8211; 0,40\u00a0\u00a0\u00a0\u00a0 mg\/Kg<br \/>\nFolsav &#8211; 1,00\u00a0\u00a0\u00a0\u00a0 mg\/Kg<br \/>\nKolin klorid &#8211;\u00a0 200,00\u00a0\u00a0\u00a0\u00a0 mg\/Kg<br \/>\nNiacin &#8211; 7,20\u00a0\u00a0\u00a0\u00a0 mg\/Kg<br \/>\nPantot\u00e9nsav (B5 Vitamin) &#8211; 4,50\u00a0\u00a0\u00a0\u00a0 mg\/Kg<\/p>\n<p><strong>Makro- \u00e9s mikroelemek<\/strong><\/p>\n<p>Vas (vaskarbon\u00e1t) &#8211; 60,00 mg\/Kg<br \/>\nJ\u00f3d (k\u00e1lium-jodid) &#8211;\u00a0 0,50 mg\/kg<br \/>\nKobalt (kobalt karbon\u00e1t monohidr\u00e1t) &#8211; 0,50 mg\/kg<br \/>\nR\u00e9z (r\u00e9z szulf\u00e1t pentahidr\u00e1t) &#8211; 10,00 mg\/kg<br \/>\nMang\u00e1n (mang\u00e1n oxid) &#8211; 40,00 mg\/kg<br \/>\nCink (cink szulf\u00e1t monohidr\u00e1t) &#8211; 60,00 mg\/kg<br \/>\nSzel\u00e9n (szel\u00e9n szelenit) &#8211; 0,10 mg\/kg<\/p>\n<p>Kiszerel\u00e9s: 20 kg zs\u00e1k<\/p>\n","protected":false},"excerpt":{"rendered":"<p>A Super pellet alaptakarm\u00e1ny vemhes \u00e9s szoptat\u00f3 kanc\u00e1k sz\u00e1m\u00e1ra k\u00e9sz\u00fclt magas energiaszint\u0171, j\u00f3 min\u0151s\u00e9g\u0171 em\u00e9szthet\u0151 feh\u00e9rje tartalommal, kalcium &#8211; foszfor csontk\u00e9pz\u0151- \u00e9s egy\u00e9b fontos \u00e1sv\u00e1nyi anyagokkal, aminosavakkal, nyomelemekkel \u00e9s vitaminokkal.<\/p>\n<p>&nbsp;<\/p>\n","protected":false},"featured_media":56,"comment_status":"open","ping_status":"closed","template":"","meta":{"_et_pb_use_builder":"","_et_pb_old_content":"","_et_gb_content_width":""},"product_cat":[98],"product_tag":[86],"class_list":{"0":"post-55","1":"product","2":"type-product","3":"status-publish","4":"has-post-thumbnail","6":"product_cat-equusline-lotapok","7":"product_tag-lovaknak","9":"first","10":"instock","11":"taxable","12":"shipping-taxable","13":"purchasable","14":"product-type-simple"},"yoast_head":"<!-- This site is optimized with the Yoast SEO plugin v24.0 - https:\/\/yoast.com\/wordpress\/plugins\/seo\/ -->\n<title>&#039;Super&#039; pellet alaptakarm\u00e1ny vemhes \u00e9s szoptat\u00f3 kanc\u00e1k sz\u00e1m\u00e1ra 20 kg - Equusline Transylvania<\/title>\n<meta name=\"robots\" content=\"index, follow, max-snippet:-1, max-image-preview:large, max-video-preview:-1\" \/>\n<link rel=\"canonical\" href=\"https:\/\/equusline-transylvania.ro\/hu\/termek\/super-pellet-alaptakarmany-vemhes-es-szoptato-kancak-szamara-20-kg\/\" \/>\n<meta property=\"og:locale\" content=\"hu_HU\" \/>\n<meta property=\"og:type\" content=\"article\" \/>\n<meta property=\"og:title\" content=\"&#039;Super&#039; pellet alaptakarm\u00e1ny vemhes \u00e9s szoptat\u00f3 kanc\u00e1k sz\u00e1m\u00e1ra 20 kg - Equusline Transylvania\" \/>\n<meta property=\"og:description\" content=\"A Super pellet alaptakarm\u00e1ny vemhes \u00e9s szoptat\u00f3 kanc\u00e1k sz\u00e1m\u00e1ra k\u00e9sz\u00fclt magas energiaszint\u0171, j\u00f3 min\u0151s\u00e9g\u0171 em\u00e9szthet\u0151 feh\u00e9rje tartalommal, kalcium - foszfor csontk\u00e9pz\u0151- \u00e9s egy\u00e9b fontos \u00e1sv\u00e1nyi anyagokkal, aminosavakkal, nyomelemekkel \u00e9s vitaminokkal.  &nbsp;\" \/>\n<meta property=\"og:url\" content=\"https:\/\/equusline-transylvania.ro\/hu\/termek\/super-pellet-alaptakarmany-vemhes-es-szoptato-kancak-szamara-20-kg\/\" \/>\n<meta property=\"og:site_name\" content=\"Equusline Transylvania\" \/>\n<meta property=\"article:publisher\" content=\"https:\/\/www.facebook.com\/profile.php?id=61564679939274\" \/>\n<meta property=\"article:modified_time\" content=\"2026-01-29T15:13:59+00:00\" \/>\n<meta property=\"og:image\" content=\"https:\/\/equusline-transylvania.ro\/wp-content\/uploads\/2024\/10\/performance-super.png\" \/>\n\t<meta property=\"og:image:width\" content=\"607\" \/>\n\t<meta property=\"og:image:height\" content=\"756\" \/>\n\t<meta property=\"og:image:type\" content=\"image\/png\" \/>\n<meta name=\"twitter:card\" content=\"summary_large_image\" \/>\n<meta name=\"twitter:label1\" content=\"Becs\u00fclt olvas\u00e1si id\u0151\" \/>\n\t<meta name=\"twitter:data1\" content=\"2 perc\" \/>\n<script type=\"application\/ld+json\" class=\"yoast-schema-graph\">{\"@context\":\"https:\/\/schema.org\",\"@graph\":[{\"@type\":\"WebPage\",\"@id\":\"https:\/\/equusline-transylvania.ro\/termek\/super-pellet-alaptakarmany-vemhes-es-szoptato-kancak-szamara-20-kg\/\",\"url\":\"https:\/\/equusline-transylvania.ro\/termek\/super-pellet-alaptakarmany-vemhes-es-szoptato-kancak-szamara-20-kg\/\",\"name\":\"'Super' pellet alaptakarm\u00e1ny vemhes \u00e9s szoptat\u00f3 kanc\u00e1k sz\u00e1m\u00e1ra 20 kg - Equusline Transylvania\",\"isPartOf\":{\"@id\":\"https:\/\/equusline-transylvania.ro\/hu\/#website\"},\"primaryImageOfPage\":{\"@id\":\"https:\/\/equusline-transylvania.ro\/termek\/super-pellet-alaptakarmany-vemhes-es-szoptato-kancak-szamara-20-kg\/#primaryimage\"},\"image\":{\"@id\":\"https:\/\/equusline-transylvania.ro\/termek\/super-pellet-alaptakarmany-vemhes-es-szoptato-kancak-szamara-20-kg\/#primaryimage\"},\"thumbnailUrl\":\"https:\/\/equusline-transylvania.ro\/wp-content\/uploads\/2024\/10\/performance-super.png\",\"datePublished\":\"2017-04-10T14:09:26+00:00\",\"dateModified\":\"2026-01-29T15:13:59+00:00\",\"breadcrumb\":{\"@id\":\"https:\/\/equusline-transylvania.ro\/termek\/super-pellet-alaptakarmany-vemhes-es-szoptato-kancak-szamara-20-kg\/#breadcrumb\"},\"inLanguage\":\"hu\",\"potentialAction\":[{\"@type\":\"ReadAction\",\"target\":[\"https:\/\/equusline-transylvania.ro\/termek\/super-pellet-alaptakarmany-vemhes-es-szoptato-kancak-szamara-20-kg\/\"]}]},{\"@type\":\"ImageObject\",\"inLanguage\":\"hu\",\"@id\":\"https:\/\/equusline-transylvania.ro\/termek\/super-pellet-alaptakarmany-vemhes-es-szoptato-kancak-szamara-20-kg\/#primaryimage\",\"url\":\"https:\/\/equusline-transylvania.ro\/wp-content\/uploads\/2024\/10\/performance-super.png\",\"contentUrl\":\"https:\/\/equusline-transylvania.ro\/wp-content\/uploads\/2024\/10\/performance-super.png\",\"width\":607,\"height\":756},{\"@type\":\"BreadcrumbList\",\"@id\":\"https:\/\/equusline-transylvania.ro\/termek\/super-pellet-alaptakarmany-vemhes-es-szoptato-kancak-szamara-20-kg\/#breadcrumb\",\"itemListElement\":[{\"@type\":\"ListItem\",\"position\":1,\"name\":\"Kezd\u0151lap\",\"item\":\"https:\/\/equusline-transylvania.ro\/\"},{\"@type\":\"ListItem\",\"position\":2,\"name\":\"Term\u00e9keink\",\"item\":\"https:\/\/equusline-transylvania.ro\/\"},{\"@type\":\"ListItem\",\"position\":3,\"name\":\"&#8216;Super&#8217; pellet alaptakarm\u00e1ny vemhes \u00e9s szoptat\u00f3 kanc\u00e1k sz\u00e1m\u00e1ra 20 kg\"}]},{\"@type\":\"WebSite\",\"@id\":\"https:\/\/equusline-transylvania.ro\/hu\/#website\",\"url\":\"https:\/\/equusline-transylvania.ro\/hu\/\",\"name\":\"Equusline Transylvania\",\"description\":\"\",\"publisher\":{\"@id\":\"https:\/\/equusline-transylvania.ro\/hu\/#organization\"},\"potentialAction\":[{\"@type\":\"SearchAction\",\"target\":{\"@type\":\"EntryPoint\",\"urlTemplate\":\"https:\/\/equusline-transylvania.ro\/hu\/?s={search_term_string}\"},\"query-input\":{\"@type\":\"PropertyValueSpecification\",\"valueRequired\":true,\"valueName\":\"search_term_string\"}}],\"inLanguage\":\"hu\"},{\"@type\":\"Organization\",\"@id\":\"https:\/\/equusline-transylvania.ro\/hu\/#organization\",\"name\":\"Equusline Transylvania\",\"url\":\"https:\/\/equusline-transylvania.ro\/hu\/\",\"logo\":{\"@type\":\"ImageObject\",\"inLanguage\":\"hu\",\"@id\":\"https:\/\/equusline-transylvania.ro\/hu\/#\/schema\/logo\/image\/\",\"url\":\"https:\/\/equusline-transylvania.ro\/wp-content\/uploads\/2024\/10\/equusline-ro.webp\",\"contentUrl\":\"https:\/\/equusline-transylvania.ro\/wp-content\/uploads\/2024\/10\/equusline-ro.webp\",\"width\":864,\"height\":397,\"caption\":\"Equusline Transylvania\"},\"image\":{\"@id\":\"https:\/\/equusline-transylvania.ro\/hu\/#\/schema\/logo\/image\/\"},\"sameAs\":[\"https:\/\/www.facebook.com\/profile.php?id=61564679939274\",\"https:\/\/www.instagram.com\/equusline_transylvania\"]}]}<\/script>\n<!-- \/ Yoast SEO plugin. -->","yoast_head_json":{"title":"'Super' pellet alaptakarm\u00e1ny vemhes \u00e9s szoptat\u00f3 kanc\u00e1k sz\u00e1m\u00e1ra 20 kg - Equusline Transylvania","robots":{"index":"index","follow":"follow","max-snippet":"max-snippet:-1","max-image-preview":"max-image-preview:large","max-video-preview":"max-video-preview:-1"},"canonical":"https:\/\/equusline-transylvania.ro\/hu\/termek\/super-pellet-alaptakarmany-vemhes-es-szoptato-kancak-szamara-20-kg\/","og_locale":"hu_HU","og_type":"article","og_title":"'Super' pellet alaptakarm\u00e1ny vemhes \u00e9s szoptat\u00f3 kanc\u00e1k sz\u00e1m\u00e1ra 20 kg - Equusline Transylvania","og_description":"A Super pellet alaptakarm\u00e1ny vemhes \u00e9s szoptat\u00f3 kanc\u00e1k sz\u00e1m\u00e1ra k\u00e9sz\u00fclt magas energiaszint\u0171, j\u00f3 min\u0151s\u00e9g\u0171 em\u00e9szthet\u0151 feh\u00e9rje tartalommal, kalcium - foszfor csontk\u00e9pz\u0151- \u00e9s egy\u00e9b fontos \u00e1sv\u00e1nyi anyagokkal, aminosavakkal, nyomelemekkel \u00e9s vitaminokkal.  &nbsp;","og_url":"https:\/\/equusline-transylvania.ro\/hu\/termek\/super-pellet-alaptakarmany-vemhes-es-szoptato-kancak-szamara-20-kg\/","og_site_name":"Equusline Transylvania","article_publisher":"https:\/\/www.facebook.com\/profile.php?id=61564679939274","article_modified_time":"2026-01-29T15:13:59+00:00","og_image":[{"width":607,"height":756,"url":"https:\/\/equusline-transylvania.ro\/wp-content\/uploads\/2024\/10\/performance-super.png","type":"image\/png"}],"twitter_card":"summary_large_image","twitter_misc":{"Becs\u00fclt olvas\u00e1si id\u0151":"2 perc"},"schema":{"@context":"https:\/\/schema.org","@graph":[{"@type":"WebPage","@id":"https:\/\/equusline-transylvania.ro\/termek\/super-pellet-alaptakarmany-vemhes-es-szoptato-kancak-szamara-20-kg\/","url":"https:\/\/equusline-transylvania.ro\/termek\/super-pellet-alaptakarmany-vemhes-es-szoptato-kancak-szamara-20-kg\/","name":"'Super' pellet alaptakarm\u00e1ny vemhes \u00e9s szoptat\u00f3 kanc\u00e1k sz\u00e1m\u00e1ra 20 kg - Equusline Transylvania","isPartOf":{"@id":"https:\/\/equusline-transylvania.ro\/hu\/#website"},"primaryImageOfPage":{"@id":"https:\/\/equusline-transylvania.ro\/termek\/super-pellet-alaptakarmany-vemhes-es-szoptato-kancak-szamara-20-kg\/#primaryimage"},"image":{"@id":"https:\/\/equusline-transylvania.ro\/termek\/super-pellet-alaptakarmany-vemhes-es-szoptato-kancak-szamara-20-kg\/#primaryimage"},"thumbnailUrl":"https:\/\/equusline-transylvania.ro\/wp-content\/uploads\/2024\/10\/performance-super.png","datePublished":"2017-04-10T14:09:26+00:00","dateModified":"2026-01-29T15:13:59+00:00","breadcrumb":{"@id":"https:\/\/equusline-transylvania.ro\/termek\/super-pellet-alaptakarmany-vemhes-es-szoptato-kancak-szamara-20-kg\/#breadcrumb"},"inLanguage":"hu","potentialAction":[{"@type":"ReadAction","target":["https:\/\/equusline-transylvania.ro\/termek\/super-pellet-alaptakarmany-vemhes-es-szoptato-kancak-szamara-20-kg\/"]}]},{"@type":"ImageObject","inLanguage":"hu","@id":"https:\/\/equusline-transylvania.ro\/termek\/super-pellet-alaptakarmany-vemhes-es-szoptato-kancak-szamara-20-kg\/#primaryimage","url":"https:\/\/equusline-transylvania.ro\/wp-content\/uploads\/2024\/10\/performance-super.png","contentUrl":"https:\/\/equusline-transylvania.ro\/wp-content\/uploads\/2024\/10\/performance-super.png","width":607,"height":756},{"@type":"BreadcrumbList","@id":"https:\/\/equusline-transylvania.ro\/termek\/super-pellet-alaptakarmany-vemhes-es-szoptato-kancak-szamara-20-kg\/#breadcrumb","itemListElement":[{"@type":"ListItem","position":1,"name":"Kezd\u0151lap","item":"https:\/\/equusline-transylvania.ro\/"},{"@type":"ListItem","position":2,"name":"Term\u00e9keink","item":"https:\/\/equusline-transylvania.ro\/"},{"@type":"ListItem","position":3,"name":"&#8216;Super&#8217; pellet alaptakarm\u00e1ny vemhes \u00e9s szoptat\u00f3 kanc\u00e1k sz\u00e1m\u00e1ra 20 kg"}]},{"@type":"WebSite","@id":"https:\/\/equusline-transylvania.ro\/hu\/#website","url":"https:\/\/equusline-transylvania.ro\/hu\/","name":"Equusline Transylvania","description":"","publisher":{"@id":"https:\/\/equusline-transylvania.ro\/hu\/#organization"},"potentialAction":[{"@type":"SearchAction","target":{"@type":"EntryPoint","urlTemplate":"https:\/\/equusline-transylvania.ro\/hu\/?s={search_term_string}"},"query-input":{"@type":"PropertyValueSpecification","valueRequired":true,"valueName":"search_term_string"}}],"inLanguage":"hu"},{"@type":"Organization","@id":"https:\/\/equusline-transylvania.ro\/hu\/#organization","name":"Equusline Transylvania","url":"https:\/\/equusline-transylvania.ro\/hu\/","logo":{"@type":"ImageObject","inLanguage":"hu","@id":"https:\/\/equusline-transylvania.ro\/hu\/#\/schema\/logo\/image\/","url":"https:\/\/equusline-transylvania.ro\/wp-content\/uploads\/2024\/10\/equusline-ro.webp","contentUrl":"https:\/\/equusline-transylvania.ro\/wp-content\/uploads\/2024\/10\/equusline-ro.webp","width":864,"height":397,"caption":"Equusline Transylvania"},"image":{"@id":"https:\/\/equusline-transylvania.ro\/hu\/#\/schema\/logo\/image\/"},"sameAs":["https:\/\/www.facebook.com\/profile.php?id=61564679939274","https:\/\/www.instagram.com\/equusline_transylvania"]}]}},"_links":{"self":[{"href":"https:\/\/equusline-transylvania.ro\/hu\/wp-json\/wp\/v2\/product\/55","targetHints":{"allow":["GET"]}}],"collection":[{"href":"https:\/\/equusline-transylvania.ro\/hu\/wp-json\/wp\/v2\/product"}],"about":[{"href":"https:\/\/equusline-transylvania.ro\/hu\/wp-json\/wp\/v2\/types\/product"}],"replies":[{"embeddable":true,"href":"https:\/\/equusline-transylvania.ro\/hu\/wp-json\/wp\/v2\/comments?post=55"}],"wp:featuredmedia":[{"embeddable":true,"href":"https:\/\/equusline-transylvania.ro\/hu\/wp-json\/wp\/v2\/media\/56"}],"wp:attachment":[{"href":"https:\/\/equusline-transylvania.ro\/hu\/wp-json\/wp\/v2\/media?parent=55"}],"wp:term":[{"taxonomy":"product_cat","embeddable":true,"href":"https:\/\/equusline-transylvania.ro\/hu\/wp-json\/wp\/v2\/product_cat?post=55"},{"taxonomy":"product_tag","embeddable":true,"href":"https:\/\/equusline-transylvania.ro\/hu\/wp-json\/wp\/v2\/product_tag?post=55"}],"curies":[{"name":"wp","href":"https:\/\/api.w.org\/{rel}","templated":true}]}}