{"id":448,"date":"2026-02-08T10:08:29","date_gmt":"2026-02-08T09:08:29","guid":{"rendered":"https:\/\/equusline-transylvania.ro\/?post_type=product&#038;p=448"},"modified":"2026-02-09T18:10:19","modified_gmt":"2026-02-09T17:10:19","slug":"rex-dexter-supreme-junior-kutyatap-kolyok-kutyak-szamara-10-kg","status":"publish","type":"product","link":"https:\/\/equusline-transylvania.ro\/hu\/termek\/rex-dexter-supreme-junior-kutyatap-kolyok-kutyak-szamara-10-kg\/","title":{"rendered":"REX DEXTER SUPREME JUNIOR kutyat\u00e1p k\u00f6ly\u00f6k kuty\u00e1k sz\u00e1m\u00e1ra 10 kg"},"content":{"rendered":"<p>Teljes \u00e9rt\u00e9k\u0171 eledel k\u00f6ly\u00f6k \u00e9s junior kuty\u00e1k sz\u00e1m\u00e1ra. Kiegyens\u00falyozott \u00f6sszet\u00e9tele 18 h\u00f3napos korig biztos\u00edtja kedvence eg\u00e9szs\u00e9g\u00e9t \u00e9s fejl\u0151d\u00e9s\u00e9t. Nem tartalmaz mesters\u00e9ges sz\u00ednez\u00e9keket vagy tart\u00f3s\u00edt\u00f3szereket.<\/p>\n<p><strong>T\u00e1panyagtartalom:<\/strong><\/p>\n<p>Hidroliz\u00e1lt \u00e1llati feh\u00e9rj\u00e9k (csirke min. 20%), teljes ki\u0151rl\u00e9s\u0171 kukorica, h\u00fcvelyesek, baromfizs\u00edr (omega-6 zs\u00edrsavforr\u00e1s), rizs (min. 5%), hidroliz\u00e1lt csirkem\u00e1j, \u00e1sv\u00e1nyi anyagok, sz\u00e1r\u00edtott z\u00f6lds\u00e9gek (s\u00e1rgar\u00e9pa, cik\u00f3ria (inulin FOS forr\u00e1s), t\u00f6k), almarost, Saccharomyces cerevisiae s\u00f6r\u00e9leszt\u0151 (nukleotidok, \u03b2-gl\u00fck\u00e1nok \u00e9s mann\u00e1n-oligoszacharidok forr\u00e1sa), gl\u00fck\u00f3zamin-hidroklor\u00e1t, kondroitin-szulf\u00e1t, taurin, yucca schidigera kivonat, probiotikumok (E. faecium NCIMB 10415 20\u00d7106 CFU).<\/p>\n<p><strong>ANALITIKAI \u00d6SSZET\u00c9TEL:<\/strong><\/p>\n<p>Nyersfeh\u00e9rje 29%.<\/p>\n<p>Nyersolajok \u00e9s zs\u00edrok 15%.<\/p>\n<p>Nyersrost 2%.<\/p>\n<p>Nyershamu 7,5%.<\/p>\n<p>Kalcium 2,50%.<\/p>\n<p>Foszfor 1,40%.<\/p>\n<p><strong>ADAL\u00c9KANYAGOK:<\/strong><br \/>\n<em>T\u00e1p\u00e9rt\u00e9kkel rendelkez\u0151 adal\u00e9kanyagok:<\/em><\/p>\n<p>A-vitamin 24000NE\/kg.<\/p>\n<p>D3-vitamin 1750NE\/kg.<\/p>\n<p>E-vitamin 190 mg\/kg.<\/p>\n<p>Taurin 1500 mg\/kg<\/p>\n<p>Vas (vas(II)-szulf\u00e1t-monohidr\u00e1t) 120 mg\/kg.<\/p>\n<p>J\u00f3d (k\u00e1lium-jodid) 2 mg\/kg.<\/p>\n<p>R\u00e9z (r\u00e9z-szulf\u00e1t-pentahidr\u00e1t) 12 mg\/kg.<\/p>\n<p>Mang\u00e1n (mang\u00e1n-szulf\u00e1t-monohidr\u00e1t) 35 mg\/kg.<\/p>\n<p>Cink (cink-oxid) 75 mg\/kg.<\/p>\n<p>Szel\u00e9n (n\u00e1trium-szelen\u00e1t (IV)) 0,20 mg\/kg.<\/p>\n<p><em>Technol\u00f3giai adal\u00e9kanyagok:\u00a0<\/em>Antioxid\u00e1nsok<\/p>\n<p>A Rex Dexter Supreme Junior k\u00fcl\u00f6nb\u00f6z\u0151 nagys\u00e1g\u00fa \u00e9s fajt\u00e1j\u00fa\u00a0 k\u00f6ly\u00f6k kuty\u00e1k sz\u00e1m\u00e1ra k\u00e9sz\u00fclt kiegyens\u00falyozott, magas em\u00e9szthet\u0151s\u00e9g\u0171 kutyaeledel, amely a legoptim\u00e1lisabb t\u00e1panyag \u00f6sszet\u00e9telt biztos\u00edtja kiskuty\u00e1ja sz\u00e1m\u00e1ra. Etet\u00e9s\u00e9vel biztos lehet benne, hogy kuty\u00e1j\u00e1nak minden nap teljes \u00e9s kiegyens\u00falyozott \u00e9trendet biztos\u00edt.<\/p>\n<p>A napi adag etet\u00e9se 2 r\u00e9szre osztva javasolt, lehet\u0151s\u00e9g szerint mindig ugyanabban az id\u0151ben. A javasolt mennyis\u00e9g \u00e1tlagos aktivit\u00e1s\u00fa, norm\u00e1l energiaig\u00e9ny\u0171 kuty\u00e1nak aj\u00e1nlott. Az etetett mennyis\u00e9g f\u00fcgg a kutya fajt\u00e1j\u00e1t\u00f3l, \u00e9letkor\u00e1t\u00f3l, aktivit\u00e1s\u00e1t\u00f3l \u00e9s a k\u00f6rnyezeti t\u00e9nyez\u0151kt\u0151l is. Ha eledelt v\u00e1lt, azt fokozatosan, kb. 7-10 nap alatt tegye meg. Mindig legyen tiszta friss v\u00edz el\u00e9rhet\u0151 kuty\u00e1ja sz\u00e1m\u00e1ra az eledel mellett.<\/p>\n<p><strong>T\u00e1rol\u00e1sa<\/strong>: Szobah\u0151m\u00e9rs\u00e9kleten (max. 40\u00b0C), sz\u00e1raz, h\u0171v\u00f6s helyen, h\u0151forr\u00e1sokt\u00f3l t\u00e1vol, k\u00f6zvetlen napf\u00e9nyt\u0151l v\u00e9dve t\u00e1roland\u00f3. GMO-kat nem tartalmaz. Az etet\u00e9si adagol\u00e1si javaslat a kutya aktivit\u00e1s\u00e1t\u00f3l, fajt\u00e1j\u00e1t\u00f3l \u00e9s a k\u00f6rnyezeti felt\u00e9telekt\u0151l f\u00fcgg\u0151en v\u00e1ltozhatnak.<\/p>\n<table width=\"599\">\n<tbody>\n<tr>\n<td colspan=\"5\" width=\"382\"><strong>JAVASOLT NAPI ETET\u00c9SI MENNYIS\u00c9G: (gramm\/ nap)<\/strong><\/td>\n<\/tr>\n<tr>\n<td><\/td>\n<td><strong>Kistest\u0171<\/strong><\/td>\n<td><strong>K\u00f6zepes<\/strong><\/td>\n<td><strong>Nagy\u00a0<\/strong><\/td>\n<td><strong>\u00d3ri\u00e1s\u00a0<\/strong><\/td>\n<\/tr>\n<tr>\n<td>\u00a02 h\u00f3napos kort\u00f3l<\/td>\n<td>80<\/td>\n<td>150<\/td>\n<td>250<\/td>\n<td>380<\/td>\n<\/tr>\n<tr>\n<td>3-4 h\u00f3napos<\/td>\n<td>90<\/td>\n<td>190<\/td>\n<td>310<\/td>\n<td>510<\/td>\n<\/tr>\n<tr>\n<td>5-7 h\u00f3napos<\/td>\n<td>110<\/td>\n<td>230<\/td>\n<td>360<\/td>\n<td>620<\/td>\n<\/tr>\n<tr>\n<td>8-12 h\u00f3napos<\/td>\n<td>100<\/td>\n<td>220<\/td>\n<td>380<\/td>\n<td>650<\/td>\n<\/tr>\n<tr>\n<td>13-18 h\u00f3napos<\/td>\n<td>100<\/td>\n<td>220<\/td>\n<td>380<\/td>\n<td>750<\/td>\n<\/tr>\n<\/tbody>\n<\/table>\n<p>Kiszerel\u00e9s: 10 kg<\/p>\n<p>Mi\u00e9rt v\u00e1lassza a REX DEXTER SUPREME JUNIOR k\u00f6ly\u00f6kt\u00e1pot?<\/p>\n<p>Kiegyens\u00falyozott \u00f6sszet\u00e9tel: el\u0151seg\u00edti a k\u00f6ly\u00f6kkutya eg\u00e9szs\u00e9ges n\u00f6veked\u00e9s\u00e9t \u00e9s fejl\u0151d\u00e9s\u00e9t.<\/p>\n<p>Em\u00e9szt\u00e9sbar\u00e1t: Az \u00f6sszetev\u0151k k\u00f6nnyen em\u00e9szthet\u0151k, ami cs\u00f6kkenti a gyomor-b\u00e9lrendszeri probl\u00e9m\u00e1k kock\u00e1zat\u00e1t.<\/p>\n<p>\u00cdzletes \u00e9s t\u00e1pl\u00e1l\u00f3: A hidroliz\u00e1lt csirkeh\u00fas \u00e9s a z\u00f6lds\u00e9gek \u00edzletes kombin\u00e1ci\u00f3ja vonz\u00f3v\u00e1 teszi a t\u00e1pot a kuty\u00e1k sz\u00e1m\u00e1ra<\/p>\n","protected":false},"excerpt":{"rendered":"<p>Hi\u00e1nyp\u00f3tl\u00f3 term\u00e9k, amely \u00e1r-\u00e9rt\u00e9k ar\u00e1ny\u00e1val kiemelkedik a piacon, a szuperpr\u00e9mium term\u00e9keket gy\u00e1rt\u00f3 REX NATURAL RANGE magas min\u0151s\u00e9g\u0171 term\u00e9ke. Teljes \u00e9rt\u00e9k\u0171 t\u00e1p minden fajt\u00e1j\u00fa k\u00f6ly\u00f6k \u00e9s junior kuty\u00e1nak. Etet\u00e9s\u00e9vel minden nap teljes \u00e9s kiegyens\u00falyozott \u00e9trendet biztos\u00edt \u00a0kedvence sz\u00e1m\u00e1ra.<\/p>\n<ul>\n<li>Speci\u00e1lis formula k\u00f6ly\u00f6kkuty\u00e1knak (2-18 h\u00f3nap)<\/li>\n<li>Magas feh\u00e9rjetartalom az eg\u00e9szs\u00e9ges n\u00f6veked\u00e9s\u00e9rt<\/li>\n<li>\u00cdz\u00fcletek fejl\u0151d\u00e9s\u00e9nek t\u00e1mogat\u00e1sa<\/li>\n<li>B\u00e9lfl\u00f3ra t\u00e1mogat\u00e1sa<\/li>\n<li>Omega-3 \u00e9s Omega-6 a f\u00e9nyes sz\u0151rzet\u00e9rt \u00e9s az eg\u00e9szs\u00e9ges b\u0151r\u00e9rt<\/li>\n<li>Vitaminok \u00e9s \u00e1sv\u00e1nyi anyagok az immunrendszer t\u00e1mogat\u00e1s\u00e1ra<\/li>\n<\/ul>\n","protected":false},"featured_media":457,"comment_status":"open","ping_status":"closed","template":"","meta":{"_et_pb_use_builder":"","_et_pb_old_content":"","_et_gb_content_width":""},"product_cat":[91],"product_tag":[100,102],"class_list":{"0":"post-448","1":"product","2":"type-product","3":"status-publish","4":"has-post-thumbnail","6":"product_cat-rex-natural-range-kutyatapok","7":"product_tag-kolyoktap","8":"product_tag-kutyatap","10":"first","11":"instock","12":"taxable","13":"shipping-taxable","14":"purchasable","15":"product-type-simple"},"yoast_head":"<!-- This site is optimized with the Yoast SEO plugin v24.0 - https:\/\/yoast.com\/wordpress\/plugins\/seo\/ -->\n<title>REX DEXTER SUPREME JUNIOR kutyat\u00e1p k\u00f6ly\u00f6k kuty\u00e1k sz\u00e1m\u00e1ra 10 kg - Equusline Transylvania<\/title>\n<meta name=\"description\" content=\"Kiegyens\u00falyozott \u00f6sszet\u00e9tel: el\u0151seg\u00edti a k\u00f6ly\u00f6kkutya eg\u00e9szs\u00e9ges n\u00f6veked\u00e9s\u00e9t \u00e9s fejl\u0151d\u00e9s\u00e9t.Em\u00e9szt\u00e9sbar\u00e1t: Az \u00f6sszetev\u0151k k\u00f6nnyen em\u00e9szthet\u0151k, ami cs\u00f6kkenti a gyomor-b\u00e9lrendszeri probl\u00e9m\u00e1k kock\u00e1zat\u00e1t.\" \/>\n<meta name=\"robots\" content=\"index, follow, max-snippet:-1, max-image-preview:large, max-video-preview:-1\" \/>\n<link rel=\"canonical\" href=\"https:\/\/equusline-transylvania.ro\/hu\/termek\/rex-dexter-supreme-junior-kutyatap-kolyok-kutyak-szamara-10-kg\/\" \/>\n<meta property=\"og:locale\" content=\"hu_HU\" \/>\n<meta property=\"og:type\" content=\"article\" \/>\n<meta property=\"og:title\" content=\"REX DEXTER SUPREME JUNIOR kutyat\u00e1p k\u00f6ly\u00f6k kuty\u00e1k sz\u00e1m\u00e1ra 10 kg - Equusline Transylvania\" \/>\n<meta property=\"og:description\" content=\"Kiegyens\u00falyozott \u00f6sszet\u00e9tel: el\u0151seg\u00edti a k\u00f6ly\u00f6kkutya eg\u00e9szs\u00e9ges n\u00f6veked\u00e9s\u00e9t \u00e9s fejl\u0151d\u00e9s\u00e9t.Em\u00e9szt\u00e9sbar\u00e1t: Az \u00f6sszetev\u0151k k\u00f6nnyen em\u00e9szthet\u0151k, ami cs\u00f6kkenti a gyomor-b\u00e9lrendszeri probl\u00e9m\u00e1k kock\u00e1zat\u00e1t.\" \/>\n<meta property=\"og:url\" content=\"https:\/\/equusline-transylvania.ro\/hu\/termek\/rex-dexter-supreme-junior-kutyatap-kolyok-kutyak-szamara-10-kg\/\" \/>\n<meta property=\"og:site_name\" content=\"Equusline Transylvania\" \/>\n<meta property=\"article:publisher\" content=\"https:\/\/www.facebook.com\/profile.php?id=61564679939274\" \/>\n<meta property=\"article:modified_time\" content=\"2026-02-09T17:10:19+00:00\" \/>\n<meta property=\"og:image\" content=\"https:\/\/equusline-transylvania.ro\/wp-content\/uploads\/2026\/02\/dexter-suprem-junior-10-kg-1-768x768-1.png\" \/>\n\t<meta property=\"og:image:width\" content=\"768\" \/>\n\t<meta property=\"og:image:height\" content=\"768\" \/>\n\t<meta property=\"og:image:type\" content=\"image\/png\" \/>\n<meta name=\"twitter:card\" content=\"summary_large_image\" \/>\n<meta name=\"twitter:label1\" content=\"Becs\u00fclt olvas\u00e1si id\u0151\" \/>\n\t<meta name=\"twitter:data1\" content=\"3 perc\" \/>\n<script type=\"application\/ld+json\" class=\"yoast-schema-graph\">{\"@context\":\"https:\/\/schema.org\",\"@graph\":[{\"@type\":\"WebPage\",\"@id\":\"https:\/\/equusline-transylvania.ro\/termek\/rex-dexter-supreme-junior-kutyatap-kolyok-kutyak-szamara-10-kg\/\",\"url\":\"https:\/\/equusline-transylvania.ro\/termek\/rex-dexter-supreme-junior-kutyatap-kolyok-kutyak-szamara-10-kg\/\",\"name\":\"REX DEXTER SUPREME JUNIOR kutyat\u00e1p k\u00f6ly\u00f6k kuty\u00e1k sz\u00e1m\u00e1ra 10 kg - Equusline Transylvania\",\"isPartOf\":{\"@id\":\"https:\/\/equusline-transylvania.ro\/hu\/#website\"},\"primaryImageOfPage\":{\"@id\":\"https:\/\/equusline-transylvania.ro\/termek\/rex-dexter-supreme-junior-kutyatap-kolyok-kutyak-szamara-10-kg\/#primaryimage\"},\"image\":{\"@id\":\"https:\/\/equusline-transylvania.ro\/termek\/rex-dexter-supreme-junior-kutyatap-kolyok-kutyak-szamara-10-kg\/#primaryimage\"},\"thumbnailUrl\":\"https:\/\/equusline-transylvania.ro\/wp-content\/uploads\/2026\/02\/dexter-suprem-junior-10-kg-1-768x768-1.png\",\"datePublished\":\"2026-02-08T09:08:29+00:00\",\"dateModified\":\"2026-02-09T17:10:19+00:00\",\"description\":\"Kiegyens\u00falyozott \u00f6sszet\u00e9tel: el\u0151seg\u00edti a k\u00f6ly\u00f6kkutya eg\u00e9szs\u00e9ges n\u00f6veked\u00e9s\u00e9t \u00e9s fejl\u0151d\u00e9s\u00e9t.Em\u00e9szt\u00e9sbar\u00e1t: Az \u00f6sszetev\u0151k k\u00f6nnyen em\u00e9szthet\u0151k, ami cs\u00f6kkenti a gyomor-b\u00e9lrendszeri probl\u00e9m\u00e1k kock\u00e1zat\u00e1t.\",\"breadcrumb\":{\"@id\":\"https:\/\/equusline-transylvania.ro\/termek\/rex-dexter-supreme-junior-kutyatap-kolyok-kutyak-szamara-10-kg\/#breadcrumb\"},\"inLanguage\":\"hu\",\"potentialAction\":[{\"@type\":\"ReadAction\",\"target\":[\"https:\/\/equusline-transylvania.ro\/termek\/rex-dexter-supreme-junior-kutyatap-kolyok-kutyak-szamara-10-kg\/\"]}]},{\"@type\":\"ImageObject\",\"inLanguage\":\"hu\",\"@id\":\"https:\/\/equusline-transylvania.ro\/termek\/rex-dexter-supreme-junior-kutyatap-kolyok-kutyak-szamara-10-kg\/#primaryimage\",\"url\":\"https:\/\/equusline-transylvania.ro\/wp-content\/uploads\/2026\/02\/dexter-suprem-junior-10-kg-1-768x768-1.png\",\"contentUrl\":\"https:\/\/equusline-transylvania.ro\/wp-content\/uploads\/2026\/02\/dexter-suprem-junior-10-kg-1-768x768-1.png\",\"width\":768,\"height\":768},{\"@type\":\"BreadcrumbList\",\"@id\":\"https:\/\/equusline-transylvania.ro\/termek\/rex-dexter-supreme-junior-kutyatap-kolyok-kutyak-szamara-10-kg\/#breadcrumb\",\"itemListElement\":[{\"@type\":\"ListItem\",\"position\":1,\"name\":\"Kezd\u0151lap\",\"item\":\"https:\/\/equusline-transylvania.ro\/\"},{\"@type\":\"ListItem\",\"position\":2,\"name\":\"Term\u00e9keink\",\"item\":\"https:\/\/equusline-transylvania.ro\/\"},{\"@type\":\"ListItem\",\"position\":3,\"name\":\"REX DEXTER SUPREME JUNIOR kutyat\u00e1p k\u00f6ly\u00f6k kuty\u00e1k sz\u00e1m\u00e1ra 10 kg\"}]},{\"@type\":\"WebSite\",\"@id\":\"https:\/\/equusline-transylvania.ro\/hu\/#website\",\"url\":\"https:\/\/equusline-transylvania.ro\/hu\/\",\"name\":\"Equusline Transylvania\",\"description\":\"\",\"publisher\":{\"@id\":\"https:\/\/equusline-transylvania.ro\/hu\/#organization\"},\"potentialAction\":[{\"@type\":\"SearchAction\",\"target\":{\"@type\":\"EntryPoint\",\"urlTemplate\":\"https:\/\/equusline-transylvania.ro\/hu\/?s={search_term_string}\"},\"query-input\":{\"@type\":\"PropertyValueSpecification\",\"valueRequired\":true,\"valueName\":\"search_term_string\"}}],\"inLanguage\":\"hu\"},{\"@type\":\"Organization\",\"@id\":\"https:\/\/equusline-transylvania.ro\/hu\/#organization\",\"name\":\"Equusline Transylvania\",\"url\":\"https:\/\/equusline-transylvania.ro\/hu\/\",\"logo\":{\"@type\":\"ImageObject\",\"inLanguage\":\"hu\",\"@id\":\"https:\/\/equusline-transylvania.ro\/hu\/#\/schema\/logo\/image\/\",\"url\":\"https:\/\/equusline-transylvania.ro\/wp-content\/uploads\/2024\/10\/equusline-ro.webp\",\"contentUrl\":\"https:\/\/equusline-transylvania.ro\/wp-content\/uploads\/2024\/10\/equusline-ro.webp\",\"width\":864,\"height\":397,\"caption\":\"Equusline Transylvania\"},\"image\":{\"@id\":\"https:\/\/equusline-transylvania.ro\/hu\/#\/schema\/logo\/image\/\"},\"sameAs\":[\"https:\/\/www.facebook.com\/profile.php?id=61564679939274\",\"https:\/\/www.instagram.com\/equusline_transylvania\"]}]}<\/script>\n<!-- \/ Yoast SEO plugin. -->","yoast_head_json":{"title":"REX DEXTER SUPREME JUNIOR kutyat\u00e1p k\u00f6ly\u00f6k kuty\u00e1k sz\u00e1m\u00e1ra 10 kg - Equusline Transylvania","description":"Kiegyens\u00falyozott \u00f6sszet\u00e9tel: el\u0151seg\u00edti a k\u00f6ly\u00f6kkutya eg\u00e9szs\u00e9ges n\u00f6veked\u00e9s\u00e9t \u00e9s fejl\u0151d\u00e9s\u00e9t.Em\u00e9szt\u00e9sbar\u00e1t: Az \u00f6sszetev\u0151k k\u00f6nnyen em\u00e9szthet\u0151k, ami cs\u00f6kkenti a gyomor-b\u00e9lrendszeri probl\u00e9m\u00e1k kock\u00e1zat\u00e1t.","robots":{"index":"index","follow":"follow","max-snippet":"max-snippet:-1","max-image-preview":"max-image-preview:large","max-video-preview":"max-video-preview:-1"},"canonical":"https:\/\/equusline-transylvania.ro\/hu\/termek\/rex-dexter-supreme-junior-kutyatap-kolyok-kutyak-szamara-10-kg\/","og_locale":"hu_HU","og_type":"article","og_title":"REX DEXTER SUPREME JUNIOR kutyat\u00e1p k\u00f6ly\u00f6k kuty\u00e1k sz\u00e1m\u00e1ra 10 kg - Equusline Transylvania","og_description":"Kiegyens\u00falyozott \u00f6sszet\u00e9tel: el\u0151seg\u00edti a k\u00f6ly\u00f6kkutya eg\u00e9szs\u00e9ges n\u00f6veked\u00e9s\u00e9t \u00e9s fejl\u0151d\u00e9s\u00e9t.Em\u00e9szt\u00e9sbar\u00e1t: Az \u00f6sszetev\u0151k k\u00f6nnyen em\u00e9szthet\u0151k, ami cs\u00f6kkenti a gyomor-b\u00e9lrendszeri probl\u00e9m\u00e1k kock\u00e1zat\u00e1t.","og_url":"https:\/\/equusline-transylvania.ro\/hu\/termek\/rex-dexter-supreme-junior-kutyatap-kolyok-kutyak-szamara-10-kg\/","og_site_name":"Equusline Transylvania","article_publisher":"https:\/\/www.facebook.com\/profile.php?id=61564679939274","article_modified_time":"2026-02-09T17:10:19+00:00","og_image":[{"width":768,"height":768,"url":"https:\/\/equusline-transylvania.ro\/wp-content\/uploads\/2026\/02\/dexter-suprem-junior-10-kg-1-768x768-1.png","type":"image\/png"}],"twitter_card":"summary_large_image","twitter_misc":{"Becs\u00fclt olvas\u00e1si id\u0151":"3 perc"},"schema":{"@context":"https:\/\/schema.org","@graph":[{"@type":"WebPage","@id":"https:\/\/equusline-transylvania.ro\/termek\/rex-dexter-supreme-junior-kutyatap-kolyok-kutyak-szamara-10-kg\/","url":"https:\/\/equusline-transylvania.ro\/termek\/rex-dexter-supreme-junior-kutyatap-kolyok-kutyak-szamara-10-kg\/","name":"REX DEXTER SUPREME JUNIOR kutyat\u00e1p k\u00f6ly\u00f6k kuty\u00e1k sz\u00e1m\u00e1ra 10 kg - Equusline Transylvania","isPartOf":{"@id":"https:\/\/equusline-transylvania.ro\/hu\/#website"},"primaryImageOfPage":{"@id":"https:\/\/equusline-transylvania.ro\/termek\/rex-dexter-supreme-junior-kutyatap-kolyok-kutyak-szamara-10-kg\/#primaryimage"},"image":{"@id":"https:\/\/equusline-transylvania.ro\/termek\/rex-dexter-supreme-junior-kutyatap-kolyok-kutyak-szamara-10-kg\/#primaryimage"},"thumbnailUrl":"https:\/\/equusline-transylvania.ro\/wp-content\/uploads\/2026\/02\/dexter-suprem-junior-10-kg-1-768x768-1.png","datePublished":"2026-02-08T09:08:29+00:00","dateModified":"2026-02-09T17:10:19+00:00","description":"Kiegyens\u00falyozott \u00f6sszet\u00e9tel: el\u0151seg\u00edti a k\u00f6ly\u00f6kkutya eg\u00e9szs\u00e9ges n\u00f6veked\u00e9s\u00e9t \u00e9s fejl\u0151d\u00e9s\u00e9t.Em\u00e9szt\u00e9sbar\u00e1t: Az \u00f6sszetev\u0151k k\u00f6nnyen em\u00e9szthet\u0151k, ami cs\u00f6kkenti a gyomor-b\u00e9lrendszeri probl\u00e9m\u00e1k kock\u00e1zat\u00e1t.","breadcrumb":{"@id":"https:\/\/equusline-transylvania.ro\/termek\/rex-dexter-supreme-junior-kutyatap-kolyok-kutyak-szamara-10-kg\/#breadcrumb"},"inLanguage":"hu","potentialAction":[{"@type":"ReadAction","target":["https:\/\/equusline-transylvania.ro\/termek\/rex-dexter-supreme-junior-kutyatap-kolyok-kutyak-szamara-10-kg\/"]}]},{"@type":"ImageObject","inLanguage":"hu","@id":"https:\/\/equusline-transylvania.ro\/termek\/rex-dexter-supreme-junior-kutyatap-kolyok-kutyak-szamara-10-kg\/#primaryimage","url":"https:\/\/equusline-transylvania.ro\/wp-content\/uploads\/2026\/02\/dexter-suprem-junior-10-kg-1-768x768-1.png","contentUrl":"https:\/\/equusline-transylvania.ro\/wp-content\/uploads\/2026\/02\/dexter-suprem-junior-10-kg-1-768x768-1.png","width":768,"height":768},{"@type":"BreadcrumbList","@id":"https:\/\/equusline-transylvania.ro\/termek\/rex-dexter-supreme-junior-kutyatap-kolyok-kutyak-szamara-10-kg\/#breadcrumb","itemListElement":[{"@type":"ListItem","position":1,"name":"Kezd\u0151lap","item":"https:\/\/equusline-transylvania.ro\/"},{"@type":"ListItem","position":2,"name":"Term\u00e9keink","item":"https:\/\/equusline-transylvania.ro\/"},{"@type":"ListItem","position":3,"name":"REX DEXTER SUPREME JUNIOR kutyat\u00e1p k\u00f6ly\u00f6k kuty\u00e1k sz\u00e1m\u00e1ra 10 kg"}]},{"@type":"WebSite","@id":"https:\/\/equusline-transylvania.ro\/hu\/#website","url":"https:\/\/equusline-transylvania.ro\/hu\/","name":"Equusline Transylvania","description":"","publisher":{"@id":"https:\/\/equusline-transylvania.ro\/hu\/#organization"},"potentialAction":[{"@type":"SearchAction","target":{"@type":"EntryPoint","urlTemplate":"https:\/\/equusline-transylvania.ro\/hu\/?s={search_term_string}"},"query-input":{"@type":"PropertyValueSpecification","valueRequired":true,"valueName":"search_term_string"}}],"inLanguage":"hu"},{"@type":"Organization","@id":"https:\/\/equusline-transylvania.ro\/hu\/#organization","name":"Equusline Transylvania","url":"https:\/\/equusline-transylvania.ro\/hu\/","logo":{"@type":"ImageObject","inLanguage":"hu","@id":"https:\/\/equusline-transylvania.ro\/hu\/#\/schema\/logo\/image\/","url":"https:\/\/equusline-transylvania.ro\/wp-content\/uploads\/2024\/10\/equusline-ro.webp","contentUrl":"https:\/\/equusline-transylvania.ro\/wp-content\/uploads\/2024\/10\/equusline-ro.webp","width":864,"height":397,"caption":"Equusline Transylvania"},"image":{"@id":"https:\/\/equusline-transylvania.ro\/hu\/#\/schema\/logo\/image\/"},"sameAs":["https:\/\/www.facebook.com\/profile.php?id=61564679939274","https:\/\/www.instagram.com\/equusline_transylvania"]}]}},"_links":{"self":[{"href":"https:\/\/equusline-transylvania.ro\/hu\/wp-json\/wp\/v2\/product\/448","targetHints":{"allow":["GET"]}}],"collection":[{"href":"https:\/\/equusline-transylvania.ro\/hu\/wp-json\/wp\/v2\/product"}],"about":[{"href":"https:\/\/equusline-transylvania.ro\/hu\/wp-json\/wp\/v2\/types\/product"}],"replies":[{"embeddable":true,"href":"https:\/\/equusline-transylvania.ro\/hu\/wp-json\/wp\/v2\/comments?post=448"}],"wp:featuredmedia":[{"embeddable":true,"href":"https:\/\/equusline-transylvania.ro\/hu\/wp-json\/wp\/v2\/media\/457"}],"wp:attachment":[{"href":"https:\/\/equusline-transylvania.ro\/hu\/wp-json\/wp\/v2\/media?parent=448"}],"wp:term":[{"taxonomy":"product_cat","embeddable":true,"href":"https:\/\/equusline-transylvania.ro\/hu\/wp-json\/wp\/v2\/product_cat?post=448"},{"taxonomy":"product_tag","embeddable":true,"href":"https:\/\/equusline-transylvania.ro\/hu\/wp-json\/wp\/v2\/product_tag?post=448"}],"curies":[{"name":"wp","href":"https:\/\/api.w.org\/{rel}","templated":true}]}}