{"id":442,"date":"2026-02-07T17:45:33","date_gmt":"2026-02-07T16:45:33","guid":{"rendered":"https:\/\/equusline-transylvania.ro\/?post_type=product&#038;p=442"},"modified":"2026-02-08T21:08:46","modified_gmt":"2026-02-08T20:08:46","slug":"rex-dexter-complete-szarazeledel-felnott-kutyaknak-20-kg","status":"publish","type":"product","link":"https:\/\/equusline-transylvania.ro\/hu\/termek\/rex-dexter-complete-szarazeledel-felnott-kutyaknak-20-kg\/","title":{"rendered":"REX DEXTER Complete sz\u00e1razeledel feln\u0151tt kuty\u00e1knak 20 kg"},"content":{"rendered":"<p>Teljes \u00e9rt\u00e9k\u0171 eledel feln\u0151tt k\u00f6zepes \u00e9s nagytest\u0171 kuty\u00e1k sz\u00e1m\u00e1ra. A kiegyens\u00falyozott \u00f6sszet\u00e9tel biztos\u00edtja kedvence eg\u00e9szs\u00e9g\u00e9t \u00e9s j\u00f3 kond\u00edci\u00f3j\u00e1t, j\u00f3l\u00e9t\u00e9t.<\/p>\n<p><strong>T\u00e1panyagtartalom:<\/strong><br \/>\nGabonaf\u00e9l\u00e9k, h\u00fas \u00e9s \u00e1llati sz\u00e1rmaz\u00e9kok, n\u00f6v\u00e9nyi term\u00e9kek, olajok \u00e9s zs\u00edrok, \u00e1sv\u00e1nyi anyagok.<\/p>\n<p><strong>ANALITIKAI \u00d6SSZET\u00c9TEL:<\/strong><\/p>\n<p>Nyersfeh\u00e9rje 21,50%.<\/p>\n<p>Nyersolajok \u00e9s zs\u00edrok 7,50%.<\/p>\n<p>Nyersrost 3,80%.<\/p>\n<p>Nyershamu 10,50%.<\/p>\n<p>Kalcium 2,50%.<\/p>\n<p>Foszfor 1,40%.<\/p>\n<p><strong>ADAL\u00c9KANYAGOK:<\/strong><br \/>\n<em>T\u00e1p\u00e9rt\u00e9kkel rendelkez\u0151 adal\u00e9kanyagok:<\/em><\/p>\n<p>A-vitamin 12 500 NE\/kg.<\/p>\n<p>D3-vitamin 1350 NE\/kg.<\/p>\n<p>E-vitamin 75 mg\/kg.<\/p>\n<p>Vas (vas(II)-szulf\u00e1t-monohidr\u00e1t) 75 mg\/kg.<\/p>\n<p>J\u00f3d (k\u00e1lium-jodid) 3,50 mg\/kg.<\/p>\n<p>R\u00e9z (r\u00e9z-szulf\u00e1t-pentahidr\u00e1t) 10 mg\/kg.<\/p>\n<p>Mang\u00e1n (mang\u00e1n-szulf\u00e1t-monohidr\u00e1t) 7,50 mg\/kg.<\/p>\n<p>Cink (cink-oxid) 96 mg\/kg.<\/p>\n<p>Szel\u00e9n (n\u00e1trium-szelen\u00e1t (IV)) 0,10 mg\/kg.<\/p>\n<p><em>Technol\u00f3giai adal\u00e9kanyagok:<\/em><br \/>\nAntioxid\u00e1nsok \u00e9s tart\u00f3s\u00edt\u00f3szerek.<\/p>\n<p>A Rex Dexter Complete k\u00fcl\u00f6nb\u00f6z\u0151 \u00e9letkor\u00fa, nagys\u00e1g\u00fa \u00e9s fajt\u00e1j\u00fa feln\u0151tt kuty\u00e1k sz\u00e1m\u00e1ra k\u00e9sz\u00fclt kiegyens\u00falyozott, magas em\u00e9szthet\u0151s\u00e9g\u0171 kutyaeledel, amely a legoptim\u00e1lisabb t\u00e1panyag \u00f6sszet\u00e9telt biztos\u00edtja 1 \u00e9ves kor feletti kuty\u00e1ja sz\u00e1m\u00e1ra. Etet\u00e9s\u00e9vel biztos lehet benne, hogy kuty\u00e1j\u00e1nak minden nap teljes \u00e9s kiegyens\u00falyozott \u00e9trendet biztos\u00edt.<\/p>\n<p>A napi adag etet\u00e9se 2 r\u00e9szre osztva javasolt, lehet\u0151s\u00e9g szerint mindig ugyanabban az id\u0151ben. A javasolt mennyis\u00e9g \u00e1tlagos aktivit\u00e1s\u00fa, norm\u00e1l energiaig\u00e9ny\u0171 kuty\u00e1nak aj\u00e1nlott. Az etetett mennyis\u00e9g f\u00fcgg a kutya fajt\u00e1j\u00e1t\u00f3l, \u00e9letkor\u00e1t\u00f3l, aktivit\u00e1s\u00e1t\u00f3l \u00e9s a k\u00f6rnyezeti t\u00e9nyez\u0151kt\u0151l is. Ha eledelt v\u00e1lt, azt fokozatosan, kb. 7-10 nap alatt tegye meg. Mindig legyen tiszta friss v\u00edz el\u00e9rhet\u0151 kuty\u00e1ja sz\u00e1m\u00e1ra az eledel mellett.<\/p>\n<table width=\"481\">\n<tbody>\n<tr>\n<td colspan=\"10\"><strong>JAVASOLT NAPI ETET\u00c9SI MENNYIS\u00c9G<\/strong><\/td>\n<\/tr>\n<tr>\n<td><strong>Kutya testt\u00f6mege (kg):<\/strong><\/td>\n<td>2<\/td>\n<td>5<\/td>\n<td>10<\/td>\n<td>15<\/td>\n<td>20<\/td>\n<td>30<\/td>\n<td>40<\/td>\n<td>50<\/td>\n<td>60<\/td>\n<\/tr>\n<tr>\n<td><strong>Javasolt mennyis\u00e9g (gramm\/nap):<\/strong><\/td>\n<td>62<\/td>\n<td>123<\/td>\n<td>206<\/td>\n<td>279<\/td>\n<td>347<\/td>\n<td>470<\/td>\n<td>583<\/td>\n<td>689<\/td>\n<td>790<\/td>\n<\/tr>\n<\/tbody>\n<\/table>\n<p>Kiszerel\u00e9s: 20 kg<\/p>\n<p><strong>T\u00e1rol\u00e1sa<\/strong>: Szobah\u0151m\u00e9rs\u00e9kleten (max. 40\u00b0C), sz\u00e1raz, h\u0171v\u00f6s helyen, h\u0151forr\u00e1sokt\u00f3l t\u00e1vol, k\u00f6zvetlen napf\u00e9nyt\u0151l v\u00e9dve.<\/p>\n<p>Mi\u00e9rt v\u00e1lassza a Rex Dexter Complete t\u00e1pot?<\/p>\n<p>Pr\u00e9mium min\u0151s\u00e9g\u0171, teljes \u00e9rt\u00e9k\u0171 sz\u00e1razeledel feln\u0151tt kuty\u00e1k sz\u00e1m\u00e1ra, k\u00fcl\u00f6n\u00f6sen nagytest\u0171 fajt\u00e1k sz\u00e1m\u00e1ra aj\u00e1nlott, mint a n\u00e9met juh\u00e1sz vagy a bern\u00e1thegyi. A t\u00e1p \u00f6sszetev\u0151i \u00e9s t\u00e1panyagtartalma alapj\u00e1n ide\u00e1lis v\u00e1laszt\u00e1s lehet kuty\u00e1ja mindennapi t\u00e1pl\u00e1l\u00e1s\u00e1ra. Feh\u00e9rj\u00e9ben, zs\u00edrsavakban \u00e9s vitaminokban gazdag, t\u00e1mogatva ezzel kuty\u00e1ja eg\u00e9szs\u00e9g\u00e9t. Ha kuty\u00e1ja nagytest\u0171, akt\u00edv \u00e9letm\u00f3dot folytat, sz\u00fcks\u00e9ge van extra energi\u00e1ra, ez a t\u00e1p kiv\u00e1l\u00f3 v\u00e1laszt\u00e1s lehet sz\u00e1m\u00e1ra.<\/p>\n","protected":false},"excerpt":{"rendered":"<p>Hi\u00e1nyp\u00f3tl\u00f3 term\u00e9k, amely \u00e1r-\u00e9rt\u00e9k ar\u00e1ny\u00e1val kiemelkedik a piacon, a szuperpr\u00e9mium term\u00e9keket gy\u00e1rt\u00f3 REX NATURAL RANGE kedvez\u0151 \u00e1rkateg\u00f3ri\u00e1j\u00fa, de magas min\u0151s\u00e9g\u0171 term\u00e9ke. Teljes \u00e9rt\u00e9k\u0171 t\u00e1p \u00e1tlagos aktivit\u00e1s\u00fa, norm\u00e1l energiaig\u00e9ny\u0171 kuty\u00e1nak fajt\u00e1t\u00f3l f\u00fcggetlen\u00fcl. Etet\u00e9s\u00e9vel minden nap teljes \u00e9s kiegyens\u00falyozott \u00e9trendet biztos\u00edt \u00a0kedvence sz\u00e1m\u00e1ra.<\/p>\n<ul>\n<li>K\u00f6nnyen em\u00e9szthet\u0151<\/li>\n<li>T\u00e1mogatja az eg\u00e9szs\u00e9ges csontozatot<\/li>\n<li>Seg\u00edt fenntartani az eg\u00e9szs\u00e9ges tests\u00falyt<\/li>\n<li>Vitaminok \u00e9s \u00e1sv\u00e1nyi anyagok az immunrendszer t\u00e1mogat\u00e1s\u00e1ra<\/li>\n<\/ul>\n","protected":false},"featured_media":443,"comment_status":"open","ping_status":"closed","template":"","meta":{"_et_pb_use_builder":"","_et_pb_old_content":"","_et_gb_content_width":""},"product_cat":[91],"product_tag":[101,102,103],"class_list":{"0":"post-442","1":"product","2":"type-product","3":"status-publish","4":"has-post-thumbnail","6":"product_cat-rex-natural-range-kutyatapok","7":"product_tag-kutyaeledel","8":"product_tag-kutyatap","9":"product_tag-szaraztap","11":"first","12":"instock","13":"taxable","14":"shipping-taxable","15":"purchasable","16":"product-type-simple"},"yoast_head":"<!-- This site is optimized with the Yoast SEO plugin v24.0 - https:\/\/yoast.com\/wordpress\/plugins\/seo\/ -->\n<title>REX DEXTER Complete sz\u00e1razeledel feln\u0151tt kuty\u00e1knak 20 kg - Equusline Transylvania<\/title>\n<meta name=\"description\" content=\"Teljes \u00e9rt\u00e9k\u0171 t\u00e1p \u00e1tlagos aktivit\u00e1s\u00fa, norm\u00e1l energiaig\u00e9ny\u0171 kuty\u00e1nak fajt\u00e1t\u00f3l f\u00fcggetlen\u00fcl. Kiszerel\u00e9s: 20 kg K\u00f6nnyen em\u00e9szthet\u0151T\u00e1mogatja az eg\u00e9szs\u00e9ges csontozatot Seg\u00edt fenntartani az eg\u00e9szs\u00e9ges tests\u00falyt\" \/>\n<meta name=\"robots\" content=\"index, follow, max-snippet:-1, max-image-preview:large, max-video-preview:-1\" \/>\n<link rel=\"canonical\" href=\"https:\/\/equusline-transylvania.ro\/hu\/termek\/rex-dexter-complete-szarazeledel-felnott-kutyaknak-20-kg\/\" \/>\n<meta property=\"og:locale\" content=\"hu_HU\" \/>\n<meta property=\"og:type\" content=\"article\" \/>\n<meta property=\"og:title\" content=\"REX DEXTER Complete sz\u00e1razeledel feln\u0151tt kuty\u00e1knak 20 kg - Equusline Transylvania\" \/>\n<meta property=\"og:description\" content=\"Teljes \u00e9rt\u00e9k\u0171 t\u00e1p \u00e1tlagos aktivit\u00e1s\u00fa, norm\u00e1l energiaig\u00e9ny\u0171 kuty\u00e1nak fajt\u00e1t\u00f3l f\u00fcggetlen\u00fcl. Kiszerel\u00e9s: 20 kg K\u00f6nnyen em\u00e9szthet\u0151T\u00e1mogatja az eg\u00e9szs\u00e9ges csontozatot Seg\u00edt fenntartani az eg\u00e9szs\u00e9ges tests\u00falyt\" \/>\n<meta property=\"og:url\" content=\"https:\/\/equusline-transylvania.ro\/hu\/termek\/rex-dexter-complete-szarazeledel-felnott-kutyaknak-20-kg\/\" \/>\n<meta property=\"og:site_name\" content=\"Equusline Transylvania\" \/>\n<meta property=\"article:publisher\" content=\"https:\/\/www.facebook.com\/profile.php?id=61564679939274\" \/>\n<meta property=\"article:modified_time\" content=\"2026-02-08T20:08:46+00:00\" \/>\n<meta property=\"og:image\" content=\"https:\/\/equusline-transylvania.ro\/wp-content\/uploads\/2026\/02\/dexter-complete-20kg.jpg\" \/>\n\t<meta property=\"og:image:width\" content=\"800\" \/>\n\t<meta property=\"og:image:height\" content=\"800\" \/>\n\t<meta property=\"og:image:type\" content=\"image\/jpeg\" \/>\n<meta name=\"twitter:card\" content=\"summary_large_image\" \/>\n<meta name=\"twitter:label1\" content=\"Becs\u00fclt olvas\u00e1si id\u0151\" \/>\n\t<meta name=\"twitter:data1\" content=\"2 perc\" \/>\n<script type=\"application\/ld+json\" class=\"yoast-schema-graph\">{\"@context\":\"https:\/\/schema.org\",\"@graph\":[{\"@type\":\"WebPage\",\"@id\":\"https:\/\/equusline-transylvania.ro\/termek\/rex-dexter-complete-szarazeledel-felnott-kutyaknak-20-kg\/\",\"url\":\"https:\/\/equusline-transylvania.ro\/termek\/rex-dexter-complete-szarazeledel-felnott-kutyaknak-20-kg\/\",\"name\":\"REX DEXTER Complete sz\u00e1razeledel feln\u0151tt kuty\u00e1knak 20 kg - Equusline Transylvania\",\"isPartOf\":{\"@id\":\"https:\/\/equusline-transylvania.ro\/hu\/#website\"},\"primaryImageOfPage\":{\"@id\":\"https:\/\/equusline-transylvania.ro\/termek\/rex-dexter-complete-szarazeledel-felnott-kutyaknak-20-kg\/#primaryimage\"},\"image\":{\"@id\":\"https:\/\/equusline-transylvania.ro\/termek\/rex-dexter-complete-szarazeledel-felnott-kutyaknak-20-kg\/#primaryimage\"},\"thumbnailUrl\":\"https:\/\/equusline-transylvania.ro\/wp-content\/uploads\/2026\/02\/dexter-complete-20kg.jpg\",\"datePublished\":\"2026-02-07T16:45:33+00:00\",\"dateModified\":\"2026-02-08T20:08:46+00:00\",\"description\":\"Teljes \u00e9rt\u00e9k\u0171 t\u00e1p \u00e1tlagos aktivit\u00e1s\u00fa, norm\u00e1l energiaig\u00e9ny\u0171 kuty\u00e1nak fajt\u00e1t\u00f3l f\u00fcggetlen\u00fcl. Kiszerel\u00e9s: 20 kg K\u00f6nnyen em\u00e9szthet\u0151T\u00e1mogatja az eg\u00e9szs\u00e9ges csontozatot Seg\u00edt fenntartani az eg\u00e9szs\u00e9ges tests\u00falyt\",\"breadcrumb\":{\"@id\":\"https:\/\/equusline-transylvania.ro\/termek\/rex-dexter-complete-szarazeledel-felnott-kutyaknak-20-kg\/#breadcrumb\"},\"inLanguage\":\"hu\",\"potentialAction\":[{\"@type\":\"ReadAction\",\"target\":[\"https:\/\/equusline-transylvania.ro\/termek\/rex-dexter-complete-szarazeledel-felnott-kutyaknak-20-kg\/\"]}]},{\"@type\":\"ImageObject\",\"inLanguage\":\"hu\",\"@id\":\"https:\/\/equusline-transylvania.ro\/termek\/rex-dexter-complete-szarazeledel-felnott-kutyaknak-20-kg\/#primaryimage\",\"url\":\"https:\/\/equusline-transylvania.ro\/wp-content\/uploads\/2026\/02\/dexter-complete-20kg.jpg\",\"contentUrl\":\"https:\/\/equusline-transylvania.ro\/wp-content\/uploads\/2026\/02\/dexter-complete-20kg.jpg\",\"width\":800,\"height\":800},{\"@type\":\"BreadcrumbList\",\"@id\":\"https:\/\/equusline-transylvania.ro\/termek\/rex-dexter-complete-szarazeledel-felnott-kutyaknak-20-kg\/#breadcrumb\",\"itemListElement\":[{\"@type\":\"ListItem\",\"position\":1,\"name\":\"Kezd\u0151lap\",\"item\":\"https:\/\/equusline-transylvania.ro\/\"},{\"@type\":\"ListItem\",\"position\":2,\"name\":\"Term\u00e9keink\",\"item\":\"https:\/\/equusline-transylvania.ro\/\"},{\"@type\":\"ListItem\",\"position\":3,\"name\":\"REX DEXTER Complete sz\u00e1razeledel feln\u0151tt kuty\u00e1knak 20 kg\"}]},{\"@type\":\"WebSite\",\"@id\":\"https:\/\/equusline-transylvania.ro\/hu\/#website\",\"url\":\"https:\/\/equusline-transylvania.ro\/hu\/\",\"name\":\"Equusline Transylvania\",\"description\":\"\",\"publisher\":{\"@id\":\"https:\/\/equusline-transylvania.ro\/hu\/#organization\"},\"potentialAction\":[{\"@type\":\"SearchAction\",\"target\":{\"@type\":\"EntryPoint\",\"urlTemplate\":\"https:\/\/equusline-transylvania.ro\/hu\/?s={search_term_string}\"},\"query-input\":{\"@type\":\"PropertyValueSpecification\",\"valueRequired\":true,\"valueName\":\"search_term_string\"}}],\"inLanguage\":\"hu\"},{\"@type\":\"Organization\",\"@id\":\"https:\/\/equusline-transylvania.ro\/hu\/#organization\",\"name\":\"Equusline Transylvania\",\"url\":\"https:\/\/equusline-transylvania.ro\/hu\/\",\"logo\":{\"@type\":\"ImageObject\",\"inLanguage\":\"hu\",\"@id\":\"https:\/\/equusline-transylvania.ro\/hu\/#\/schema\/logo\/image\/\",\"url\":\"https:\/\/equusline-transylvania.ro\/wp-content\/uploads\/2024\/10\/equusline-ro.webp\",\"contentUrl\":\"https:\/\/equusline-transylvania.ro\/wp-content\/uploads\/2024\/10\/equusline-ro.webp\",\"width\":864,\"height\":397,\"caption\":\"Equusline Transylvania\"},\"image\":{\"@id\":\"https:\/\/equusline-transylvania.ro\/hu\/#\/schema\/logo\/image\/\"},\"sameAs\":[\"https:\/\/www.facebook.com\/profile.php?id=61564679939274\",\"https:\/\/www.instagram.com\/equusline_transylvania\"]}]}<\/script>\n<!-- \/ Yoast SEO plugin. -->","yoast_head_json":{"title":"REX DEXTER Complete sz\u00e1razeledel feln\u0151tt kuty\u00e1knak 20 kg - Equusline Transylvania","description":"Teljes \u00e9rt\u00e9k\u0171 t\u00e1p \u00e1tlagos aktivit\u00e1s\u00fa, norm\u00e1l energiaig\u00e9ny\u0171 kuty\u00e1nak fajt\u00e1t\u00f3l f\u00fcggetlen\u00fcl. Kiszerel\u00e9s: 20 kg K\u00f6nnyen em\u00e9szthet\u0151T\u00e1mogatja az eg\u00e9szs\u00e9ges csontozatot Seg\u00edt fenntartani az eg\u00e9szs\u00e9ges tests\u00falyt","robots":{"index":"index","follow":"follow","max-snippet":"max-snippet:-1","max-image-preview":"max-image-preview:large","max-video-preview":"max-video-preview:-1"},"canonical":"https:\/\/equusline-transylvania.ro\/hu\/termek\/rex-dexter-complete-szarazeledel-felnott-kutyaknak-20-kg\/","og_locale":"hu_HU","og_type":"article","og_title":"REX DEXTER Complete sz\u00e1razeledel feln\u0151tt kuty\u00e1knak 20 kg - Equusline Transylvania","og_description":"Teljes \u00e9rt\u00e9k\u0171 t\u00e1p \u00e1tlagos aktivit\u00e1s\u00fa, norm\u00e1l energiaig\u00e9ny\u0171 kuty\u00e1nak fajt\u00e1t\u00f3l f\u00fcggetlen\u00fcl. Kiszerel\u00e9s: 20 kg K\u00f6nnyen em\u00e9szthet\u0151T\u00e1mogatja az eg\u00e9szs\u00e9ges csontozatot Seg\u00edt fenntartani az eg\u00e9szs\u00e9ges tests\u00falyt","og_url":"https:\/\/equusline-transylvania.ro\/hu\/termek\/rex-dexter-complete-szarazeledel-felnott-kutyaknak-20-kg\/","og_site_name":"Equusline Transylvania","article_publisher":"https:\/\/www.facebook.com\/profile.php?id=61564679939274","article_modified_time":"2026-02-08T20:08:46+00:00","og_image":[{"width":800,"height":800,"url":"https:\/\/equusline-transylvania.ro\/wp-content\/uploads\/2026\/02\/dexter-complete-20kg.jpg","type":"image\/jpeg"}],"twitter_card":"summary_large_image","twitter_misc":{"Becs\u00fclt olvas\u00e1si id\u0151":"2 perc"},"schema":{"@context":"https:\/\/schema.org","@graph":[{"@type":"WebPage","@id":"https:\/\/equusline-transylvania.ro\/termek\/rex-dexter-complete-szarazeledel-felnott-kutyaknak-20-kg\/","url":"https:\/\/equusline-transylvania.ro\/termek\/rex-dexter-complete-szarazeledel-felnott-kutyaknak-20-kg\/","name":"REX DEXTER Complete sz\u00e1razeledel feln\u0151tt kuty\u00e1knak 20 kg - Equusline Transylvania","isPartOf":{"@id":"https:\/\/equusline-transylvania.ro\/hu\/#website"},"primaryImageOfPage":{"@id":"https:\/\/equusline-transylvania.ro\/termek\/rex-dexter-complete-szarazeledel-felnott-kutyaknak-20-kg\/#primaryimage"},"image":{"@id":"https:\/\/equusline-transylvania.ro\/termek\/rex-dexter-complete-szarazeledel-felnott-kutyaknak-20-kg\/#primaryimage"},"thumbnailUrl":"https:\/\/equusline-transylvania.ro\/wp-content\/uploads\/2026\/02\/dexter-complete-20kg.jpg","datePublished":"2026-02-07T16:45:33+00:00","dateModified":"2026-02-08T20:08:46+00:00","description":"Teljes \u00e9rt\u00e9k\u0171 t\u00e1p \u00e1tlagos aktivit\u00e1s\u00fa, norm\u00e1l energiaig\u00e9ny\u0171 kuty\u00e1nak fajt\u00e1t\u00f3l f\u00fcggetlen\u00fcl. Kiszerel\u00e9s: 20 kg K\u00f6nnyen em\u00e9szthet\u0151T\u00e1mogatja az eg\u00e9szs\u00e9ges csontozatot Seg\u00edt fenntartani az eg\u00e9szs\u00e9ges tests\u00falyt","breadcrumb":{"@id":"https:\/\/equusline-transylvania.ro\/termek\/rex-dexter-complete-szarazeledel-felnott-kutyaknak-20-kg\/#breadcrumb"},"inLanguage":"hu","potentialAction":[{"@type":"ReadAction","target":["https:\/\/equusline-transylvania.ro\/termek\/rex-dexter-complete-szarazeledel-felnott-kutyaknak-20-kg\/"]}]},{"@type":"ImageObject","inLanguage":"hu","@id":"https:\/\/equusline-transylvania.ro\/termek\/rex-dexter-complete-szarazeledel-felnott-kutyaknak-20-kg\/#primaryimage","url":"https:\/\/equusline-transylvania.ro\/wp-content\/uploads\/2026\/02\/dexter-complete-20kg.jpg","contentUrl":"https:\/\/equusline-transylvania.ro\/wp-content\/uploads\/2026\/02\/dexter-complete-20kg.jpg","width":800,"height":800},{"@type":"BreadcrumbList","@id":"https:\/\/equusline-transylvania.ro\/termek\/rex-dexter-complete-szarazeledel-felnott-kutyaknak-20-kg\/#breadcrumb","itemListElement":[{"@type":"ListItem","position":1,"name":"Kezd\u0151lap","item":"https:\/\/equusline-transylvania.ro\/"},{"@type":"ListItem","position":2,"name":"Term\u00e9keink","item":"https:\/\/equusline-transylvania.ro\/"},{"@type":"ListItem","position":3,"name":"REX DEXTER Complete sz\u00e1razeledel feln\u0151tt kuty\u00e1knak 20 kg"}]},{"@type":"WebSite","@id":"https:\/\/equusline-transylvania.ro\/hu\/#website","url":"https:\/\/equusline-transylvania.ro\/hu\/","name":"Equusline Transylvania","description":"","publisher":{"@id":"https:\/\/equusline-transylvania.ro\/hu\/#organization"},"potentialAction":[{"@type":"SearchAction","target":{"@type":"EntryPoint","urlTemplate":"https:\/\/equusline-transylvania.ro\/hu\/?s={search_term_string}"},"query-input":{"@type":"PropertyValueSpecification","valueRequired":true,"valueName":"search_term_string"}}],"inLanguage":"hu"},{"@type":"Organization","@id":"https:\/\/equusline-transylvania.ro\/hu\/#organization","name":"Equusline Transylvania","url":"https:\/\/equusline-transylvania.ro\/hu\/","logo":{"@type":"ImageObject","inLanguage":"hu","@id":"https:\/\/equusline-transylvania.ro\/hu\/#\/schema\/logo\/image\/","url":"https:\/\/equusline-transylvania.ro\/wp-content\/uploads\/2024\/10\/equusline-ro.webp","contentUrl":"https:\/\/equusline-transylvania.ro\/wp-content\/uploads\/2024\/10\/equusline-ro.webp","width":864,"height":397,"caption":"Equusline Transylvania"},"image":{"@id":"https:\/\/equusline-transylvania.ro\/hu\/#\/schema\/logo\/image\/"},"sameAs":["https:\/\/www.facebook.com\/profile.php?id=61564679939274","https:\/\/www.instagram.com\/equusline_transylvania"]}]}},"_links":{"self":[{"href":"https:\/\/equusline-transylvania.ro\/hu\/wp-json\/wp\/v2\/product\/442","targetHints":{"allow":["GET"]}}],"collection":[{"href":"https:\/\/equusline-transylvania.ro\/hu\/wp-json\/wp\/v2\/product"}],"about":[{"href":"https:\/\/equusline-transylvania.ro\/hu\/wp-json\/wp\/v2\/types\/product"}],"replies":[{"embeddable":true,"href":"https:\/\/equusline-transylvania.ro\/hu\/wp-json\/wp\/v2\/comments?post=442"}],"wp:featuredmedia":[{"embeddable":true,"href":"https:\/\/equusline-transylvania.ro\/hu\/wp-json\/wp\/v2\/media\/443"}],"wp:attachment":[{"href":"https:\/\/equusline-transylvania.ro\/hu\/wp-json\/wp\/v2\/media?parent=442"}],"wp:term":[{"taxonomy":"product_cat","embeddable":true,"href":"https:\/\/equusline-transylvania.ro\/hu\/wp-json\/wp\/v2\/product_cat?post=442"},{"taxonomy":"product_tag","embeddable":true,"href":"https:\/\/equusline-transylvania.ro\/hu\/wp-json\/wp\/v2\/product_tag?post=442"}],"curies":[{"name":"wp","href":"https:\/\/api.w.org\/{rel}","templated":true}]}}