{"id":40,"date":"2017-01-02T10:16:56","date_gmt":"2017-01-02T09:16:56","guid":{"rendered":"https:\/\/equusline-transylvania.ro\/termek\/optima-pellet-alaptakarmany-csikok-szamara-20-kg\/"},"modified":"2026-01-29T16:14:08","modified_gmt":"2026-01-29T15:14:08","slug":"optima-pellet-alaptakarmany-csikok-szamara-20-kg","status":"publish","type":"product","link":"https:\/\/equusline-transylvania.ro\/hu\/termek\/optima-pellet-alaptakarmany-csikok-szamara-20-kg\/","title":{"rendered":"&#8216;Optima&#8217; pellet alaptakarm\u00e1ny csik\u00f3k sz\u00e1m\u00e1ra 20 kg"},"content":{"rendered":"<div>Teljes \u00e9rt\u00e9k\u0171, gazdas\u00e1gos alaptakarm\u00e1ny pellet form\u00e1j\u00e1ban csik\u00f3k sz\u00e1m\u00e1ra 4 h\u00f3napos kort\u00f3l 2 \u00e9ves korig.<\/div>\n<div>Optim\u00e1lis energiaszint\u0171, j\u00f3 min\u0151s\u00e9g\u0171 em\u00e9szthet\u0151 feh\u00e9rje tartalommal, kalcium &#8211; foszfor csontk\u00e9pz\u0151- \u00e9s egy\u00e9b fontos \u00e1sv\u00e1nyi anyagokkal, aminosavakkal, nyomelemekkel \u00e9s vitaminokkal.<\/div>\n<div><\/div>\n<div>Napi adagja: 0,25 kg &#8211; 4,00 kg a csik\u00f3 kor\u00e1t\u00f3l, m\u00e9ret\u00e9t\u0151l \u00e9s az egy\u00e9b t\u00e1pl\u00e1l\u00e9k mennyis\u00e9g\u00e9t\u0151l \u00e9s \u00f6sszet\u00e9tel\u00e9t\u0151l f\u00fcgg\u0151en.<\/div>\n<div><\/div>\n<div><strong>Adagol\u00e1si javaslat:<\/strong><\/div>\n<div>kb 3\u00a0h\u00f3napos kort\u00f3l fokozatos bevezet\u00e9st k\u00f6vet\u0151en kezdetben 0,25 kg amelyet 6 h\u00f3napos kort\u00f3l 1 kg \/ nap adagra lehet felemelni.<\/div>\n<div>6-12 h\u00f3napos korban 1-2 kg,<\/div>\n<div>1-2 \u00e9ves korban 2-4 kg etet\u00e9se javasolt napi legal\u00e1bb 2 etet\u00e9ssel.<\/div>\n<div>J\u00f3 min\u0151s\u00e9g\u0171 sz\u00e1las takarm\u00e1nyt adjon mell\u00e9.<\/div>\n<div>Zabot egyedi sz\u00fcks\u00e9glet szerint adhat mell\u00e9. Javasoljuk tov\u00e1bb\u00e1 a maxim\u00e1lis er\u0151nl\u00e9t \u00e9s eg\u00e9szs\u00e9ges fejl\u0151d\u00e9s \u00e9rdek\u00e9ben az <a href=\"http:\/\/equimins.hu\/index.php?mact=Products,cntnt01,details,0&amp;cntnt01productid=126&amp;cntnt01returnid=18\" target=\"_blank\" rel=\"noopener\">Equimins Young Stock<\/a> vagy <a href=\"http:\/\/equimins.hu\/index.php?mact=Products,cntnt01,details,0&amp;cntnt01productid=25&amp;cntnt01returnid=18\" target=\"_blank\" rel=\"noopener\">Advance <\/a>kieg\u00e9sz\u00edt\u0151 etet\u00e9s\u00e9t is minden csik\u00f3 sz\u00e1m\u00e1ra amelyet m\u00e1r a sz\u00fclet\u00e9st k\u00f6vet\u0151 14 napt\u00f3l lehet adni 10 gramm\/nap adagol\u00e1ssal.<\/div>\n<div><\/div>\n<div><strong>\u00d6SSZET\u00c9TEL:<\/strong><\/div>\n<div><\/div>\n<div>Em\u00e9szthet\u0151 energia:\u00a02645,875 Kcal\/kg<\/div>\n<div><\/div>\n<div>Zab, b\u00fazakorpa, lucerna, pelyhes\u00edtett sz\u00f3ja, kukorica pehely, \u00e1rpa, n\u00e1dcukor melasz, takarm\u00e1nym\u00e9sz adal\u00e9k, p\u00e1lmaolaj, n\u00e1trium klorid (s\u00f3).<\/div>\n<p>Nyersfeh\u00e9rje\u00a0 &#8211; 13,00 %<br \/>\nNyersolaj \u00e9s nyerszs\u00edr &#8211; 3,60 %<br \/>\nNyers rost &#8211; 12,70 %<br \/>\nNyers hamu &#8211; 8,20 %<br \/>\nKalcium &#8211; 0,84 %<br \/>\nFoszfor &#8211; 0,49 %<br \/>\nN\u00e1trium &#8211; 0,41 %<\/p>\n<p>Kem\u00e9ny\u00edt\u0151: 24,94%<br \/>\nCukor: 3,76%<\/p>\n<p><strong>Vitaminok, provitaminok \u00e9s egy\u00e9b anyagok<\/strong><\/p>\n<p>A Vitamin\u00a0 &#8211; 4.500,00\u00a0\u00a0\u00a0\u00a0\u00a0 NE\/kg<br \/>\nD3 Vitamin\u00a0 &#8211; 450,00\u00a0\u00a0\u00a0\u00a0\u00a0 NE\/kg<br \/>\nE Vitamin (alpha-tocopherol) &#8211; 45,00\u00a0\u00a0\u00a0\u00a0 mg\/Kg<br \/>\nB1 Vitamin &#8211;\u00a0 2,30\u00a0\u00a0\u00a0\u00a0 mg\/Kg<br \/>\nB2 Vitamin &#8211; 1,35\u00a0\u00a0\u00a0\u00a0 mg\/Kg<br \/>\nB12 Vitamin &#8211; 6,80\u00a0 mcgr\/Kg<br \/>\nK Vitamin\u00a0 &#8211; 0,90\u00a0\u00a0\u00a0\u00a0 mg\/Kg<br \/>\nBiotin &#8211; 0,20\u00a0\u00a0\u00a0\u00a0 mg\/Kg<br \/>\nFolsav &#8211; 0,45 \u00a0\u00a0\u00a0 mg\/Kg<br \/>\nKolin klorid &#8211; 100 \u00a0\u00a0\u00a0 mg\/Kg<br \/>\nNiacin\u00a0 &#8211; 3,60\u00a0\u00a0\u00a0\u00a0 mg\/Kg<br \/>\nPantot\u00e9nsav (B5 Vitamin) &#8211; 2,30\u00a0\u00a0\u00a0\u00a0 mg\/Kg<\/p>\n<p><strong>Mikro- \u00e9s makroelemek<\/strong><\/p>\n<p>Vas (vaskarbon\u00e1t)\u00a0 &#8211; 30,00 mg\/Kg<br \/>\nJ\u00f3d (k\u00e1lium-jodid) &#8211; 0,30 mg\/kg<br \/>\nKobalt (kobalt karbon\u00e1t\u00a0monohidr\u00e1t) &#8211; 0,25 mg\/kg<br \/>\nR\u00e9z (r\u00e9z szulf\u00e1t pentahidr\u00e1t) &#8211; 5,00 mg\/kg<br \/>\nMang\u00e1n (mang\u00e1n oxid) &#8211; 20,00 mg\/kg<br \/>\nCink (cink szulf\u00e1t monohidr\u00e1t) &#8211; 30,00 mg\/kg<br \/>\nSzel\u00e9n (szel\u00e9n szelenit) &#8211; 0,05 mg\/kg<\/p>\n<p>Kiszerel\u00e9s: 20 kg zs\u00e1k<\/p>\n","protected":false},"excerpt":{"rendered":"<p>Optim\u00e1lis energiaszint\u0171 teljes \u00e9rt\u00e9k\u0171, gazdas\u00e1gos alaptakarm\u00e1ny pellet form\u00e1j\u00e1ban csik\u00f3k sz\u00e1m\u00e1ra 4 h\u00f3napos kort\u00f3l 2 \u00e9ves korig.<\/p>\n<p>&nbsp;<\/p>\n","protected":false},"featured_media":41,"comment_status":"open","ping_status":"closed","template":"","meta":{"_et_pb_use_builder":"","_et_pb_old_content":"","_et_gb_content_width":""},"product_cat":[98],"product_tag":[86],"class_list":{"0":"post-40","1":"product","2":"type-product","3":"status-publish","4":"has-post-thumbnail","6":"product_cat-equusline-lotapok","7":"product_tag-lovaknak","9":"first","10":"instock","11":"taxable","12":"shipping-taxable","13":"purchasable","14":"product-type-simple"},"yoast_head":"<!-- This site is optimized with the Yoast SEO plugin v24.0 - https:\/\/yoast.com\/wordpress\/plugins\/seo\/ -->\n<title>&#039;Optima&#039; pellet alaptakarm\u00e1ny csik\u00f3k sz\u00e1m\u00e1ra 20 kg - Equusline Transylvania<\/title>\n<meta name=\"robots\" content=\"index, follow, max-snippet:-1, max-image-preview:large, max-video-preview:-1\" \/>\n<link rel=\"canonical\" href=\"https:\/\/equusline-transylvania.ro\/hu\/termek\/optima-pellet-alaptakarmany-csikok-szamara-20-kg\/\" \/>\n<meta property=\"og:locale\" content=\"hu_HU\" \/>\n<meta property=\"og:type\" content=\"article\" \/>\n<meta property=\"og:title\" content=\"&#039;Optima&#039; pellet alaptakarm\u00e1ny csik\u00f3k sz\u00e1m\u00e1ra 20 kg - Equusline Transylvania\" \/>\n<meta property=\"og:description\" content=\"Optim\u00e1lis energiaszint\u0171 teljes \u00e9rt\u00e9k\u0171, gazdas\u00e1gos alaptakarm\u00e1ny pellet form\u00e1j\u00e1ban csik\u00f3k sz\u00e1m\u00e1ra 4 h\u00f3napos kort\u00f3l 2 \u00e9ves korig.  &nbsp;\" \/>\n<meta property=\"og:url\" content=\"https:\/\/equusline-transylvania.ro\/hu\/termek\/optima-pellet-alaptakarmany-csikok-szamara-20-kg\/\" \/>\n<meta property=\"og:site_name\" content=\"Equusline Transylvania\" \/>\n<meta property=\"article:publisher\" content=\"https:\/\/www.facebook.com\/profile.php?id=61564679939274\" \/>\n<meta property=\"article:modified_time\" content=\"2026-01-29T15:14:08+00:00\" \/>\n<meta property=\"og:image\" content=\"https:\/\/equusline-transylvania.ro\/wp-content\/uploads\/2024\/10\/performance-optima-copia.png\" \/>\n\t<meta property=\"og:image:width\" content=\"607\" \/>\n\t<meta property=\"og:image:height\" content=\"756\" \/>\n\t<meta property=\"og:image:type\" content=\"image\/png\" \/>\n<meta name=\"twitter:card\" content=\"summary_large_image\" \/>\n<meta name=\"twitter:label1\" content=\"Becs\u00fclt olvas\u00e1si id\u0151\" \/>\n\t<meta name=\"twitter:data1\" content=\"2 perc\" \/>\n<script type=\"application\/ld+json\" class=\"yoast-schema-graph\">{\"@context\":\"https:\/\/schema.org\",\"@graph\":[{\"@type\":\"WebPage\",\"@id\":\"https:\/\/equusline-transylvania.ro\/termek\/optima-pellet-alaptakarmany-csikok-szamara-20-kg\/\",\"url\":\"https:\/\/equusline-transylvania.ro\/termek\/optima-pellet-alaptakarmany-csikok-szamara-20-kg\/\",\"name\":\"'Optima' pellet alaptakarm\u00e1ny csik\u00f3k sz\u00e1m\u00e1ra 20 kg - Equusline Transylvania\",\"isPartOf\":{\"@id\":\"https:\/\/equusline-transylvania.ro\/hu\/#website\"},\"primaryImageOfPage\":{\"@id\":\"https:\/\/equusline-transylvania.ro\/termek\/optima-pellet-alaptakarmany-csikok-szamara-20-kg\/#primaryimage\"},\"image\":{\"@id\":\"https:\/\/equusline-transylvania.ro\/termek\/optima-pellet-alaptakarmany-csikok-szamara-20-kg\/#primaryimage\"},\"thumbnailUrl\":\"https:\/\/equusline-transylvania.ro\/wp-content\/uploads\/2024\/10\/performance-optima-copia.png\",\"datePublished\":\"2017-01-02T09:16:56+00:00\",\"dateModified\":\"2026-01-29T15:14:08+00:00\",\"breadcrumb\":{\"@id\":\"https:\/\/equusline-transylvania.ro\/termek\/optima-pellet-alaptakarmany-csikok-szamara-20-kg\/#breadcrumb\"},\"inLanguage\":\"hu\",\"potentialAction\":[{\"@type\":\"ReadAction\",\"target\":[\"https:\/\/equusline-transylvania.ro\/termek\/optima-pellet-alaptakarmany-csikok-szamara-20-kg\/\"]}]},{\"@type\":\"ImageObject\",\"inLanguage\":\"hu\",\"@id\":\"https:\/\/equusline-transylvania.ro\/termek\/optima-pellet-alaptakarmany-csikok-szamara-20-kg\/#primaryimage\",\"url\":\"https:\/\/equusline-transylvania.ro\/wp-content\/uploads\/2024\/10\/performance-optima-copia.png\",\"contentUrl\":\"https:\/\/equusline-transylvania.ro\/wp-content\/uploads\/2024\/10\/performance-optima-copia.png\",\"width\":607,\"height\":756},{\"@type\":\"BreadcrumbList\",\"@id\":\"https:\/\/equusline-transylvania.ro\/termek\/optima-pellet-alaptakarmany-csikok-szamara-20-kg\/#breadcrumb\",\"itemListElement\":[{\"@type\":\"ListItem\",\"position\":1,\"name\":\"Kezd\u0151lap\",\"item\":\"https:\/\/equusline-transylvania.ro\/\"},{\"@type\":\"ListItem\",\"position\":2,\"name\":\"Term\u00e9keink\",\"item\":\"https:\/\/equusline-transylvania.ro\/\"},{\"@type\":\"ListItem\",\"position\":3,\"name\":\"&#8216;Optima&#8217; pellet alaptakarm\u00e1ny csik\u00f3k sz\u00e1m\u00e1ra 20 kg\"}]},{\"@type\":\"WebSite\",\"@id\":\"https:\/\/equusline-transylvania.ro\/hu\/#website\",\"url\":\"https:\/\/equusline-transylvania.ro\/hu\/\",\"name\":\"Equusline Transylvania\",\"description\":\"\",\"publisher\":{\"@id\":\"https:\/\/equusline-transylvania.ro\/hu\/#organization\"},\"potentialAction\":[{\"@type\":\"SearchAction\",\"target\":{\"@type\":\"EntryPoint\",\"urlTemplate\":\"https:\/\/equusline-transylvania.ro\/hu\/?s={search_term_string}\"},\"query-input\":{\"@type\":\"PropertyValueSpecification\",\"valueRequired\":true,\"valueName\":\"search_term_string\"}}],\"inLanguage\":\"hu\"},{\"@type\":\"Organization\",\"@id\":\"https:\/\/equusline-transylvania.ro\/hu\/#organization\",\"name\":\"Equusline Transylvania\",\"url\":\"https:\/\/equusline-transylvania.ro\/hu\/\",\"logo\":{\"@type\":\"ImageObject\",\"inLanguage\":\"hu\",\"@id\":\"https:\/\/equusline-transylvania.ro\/hu\/#\/schema\/logo\/image\/\",\"url\":\"https:\/\/equusline-transylvania.ro\/wp-content\/uploads\/2024\/10\/equusline-ro.webp\",\"contentUrl\":\"https:\/\/equusline-transylvania.ro\/wp-content\/uploads\/2024\/10\/equusline-ro.webp\",\"width\":864,\"height\":397,\"caption\":\"Equusline Transylvania\"},\"image\":{\"@id\":\"https:\/\/equusline-transylvania.ro\/hu\/#\/schema\/logo\/image\/\"},\"sameAs\":[\"https:\/\/www.facebook.com\/profile.php?id=61564679939274\",\"https:\/\/www.instagram.com\/equusline_transylvania\"]}]}<\/script>\n<!-- \/ Yoast SEO plugin. -->","yoast_head_json":{"title":"'Optima' pellet alaptakarm\u00e1ny csik\u00f3k sz\u00e1m\u00e1ra 20 kg - Equusline Transylvania","robots":{"index":"index","follow":"follow","max-snippet":"max-snippet:-1","max-image-preview":"max-image-preview:large","max-video-preview":"max-video-preview:-1"},"canonical":"https:\/\/equusline-transylvania.ro\/hu\/termek\/optima-pellet-alaptakarmany-csikok-szamara-20-kg\/","og_locale":"hu_HU","og_type":"article","og_title":"'Optima' pellet alaptakarm\u00e1ny csik\u00f3k sz\u00e1m\u00e1ra 20 kg - Equusline Transylvania","og_description":"Optim\u00e1lis energiaszint\u0171 teljes \u00e9rt\u00e9k\u0171, gazdas\u00e1gos alaptakarm\u00e1ny pellet form\u00e1j\u00e1ban csik\u00f3k sz\u00e1m\u00e1ra 4 h\u00f3napos kort\u00f3l 2 \u00e9ves korig.  &nbsp;","og_url":"https:\/\/equusline-transylvania.ro\/hu\/termek\/optima-pellet-alaptakarmany-csikok-szamara-20-kg\/","og_site_name":"Equusline Transylvania","article_publisher":"https:\/\/www.facebook.com\/profile.php?id=61564679939274","article_modified_time":"2026-01-29T15:14:08+00:00","og_image":[{"width":607,"height":756,"url":"https:\/\/equusline-transylvania.ro\/wp-content\/uploads\/2024\/10\/performance-optima-copia.png","type":"image\/png"}],"twitter_card":"summary_large_image","twitter_misc":{"Becs\u00fclt olvas\u00e1si id\u0151":"2 perc"},"schema":{"@context":"https:\/\/schema.org","@graph":[{"@type":"WebPage","@id":"https:\/\/equusline-transylvania.ro\/termek\/optima-pellet-alaptakarmany-csikok-szamara-20-kg\/","url":"https:\/\/equusline-transylvania.ro\/termek\/optima-pellet-alaptakarmany-csikok-szamara-20-kg\/","name":"'Optima' pellet alaptakarm\u00e1ny csik\u00f3k sz\u00e1m\u00e1ra 20 kg - Equusline Transylvania","isPartOf":{"@id":"https:\/\/equusline-transylvania.ro\/hu\/#website"},"primaryImageOfPage":{"@id":"https:\/\/equusline-transylvania.ro\/termek\/optima-pellet-alaptakarmany-csikok-szamara-20-kg\/#primaryimage"},"image":{"@id":"https:\/\/equusline-transylvania.ro\/termek\/optima-pellet-alaptakarmany-csikok-szamara-20-kg\/#primaryimage"},"thumbnailUrl":"https:\/\/equusline-transylvania.ro\/wp-content\/uploads\/2024\/10\/performance-optima-copia.png","datePublished":"2017-01-02T09:16:56+00:00","dateModified":"2026-01-29T15:14:08+00:00","breadcrumb":{"@id":"https:\/\/equusline-transylvania.ro\/termek\/optima-pellet-alaptakarmany-csikok-szamara-20-kg\/#breadcrumb"},"inLanguage":"hu","potentialAction":[{"@type":"ReadAction","target":["https:\/\/equusline-transylvania.ro\/termek\/optima-pellet-alaptakarmany-csikok-szamara-20-kg\/"]}]},{"@type":"ImageObject","inLanguage":"hu","@id":"https:\/\/equusline-transylvania.ro\/termek\/optima-pellet-alaptakarmany-csikok-szamara-20-kg\/#primaryimage","url":"https:\/\/equusline-transylvania.ro\/wp-content\/uploads\/2024\/10\/performance-optima-copia.png","contentUrl":"https:\/\/equusline-transylvania.ro\/wp-content\/uploads\/2024\/10\/performance-optima-copia.png","width":607,"height":756},{"@type":"BreadcrumbList","@id":"https:\/\/equusline-transylvania.ro\/termek\/optima-pellet-alaptakarmany-csikok-szamara-20-kg\/#breadcrumb","itemListElement":[{"@type":"ListItem","position":1,"name":"Kezd\u0151lap","item":"https:\/\/equusline-transylvania.ro\/"},{"@type":"ListItem","position":2,"name":"Term\u00e9keink","item":"https:\/\/equusline-transylvania.ro\/"},{"@type":"ListItem","position":3,"name":"&#8216;Optima&#8217; pellet alaptakarm\u00e1ny csik\u00f3k sz\u00e1m\u00e1ra 20 kg"}]},{"@type":"WebSite","@id":"https:\/\/equusline-transylvania.ro\/hu\/#website","url":"https:\/\/equusline-transylvania.ro\/hu\/","name":"Equusline Transylvania","description":"","publisher":{"@id":"https:\/\/equusline-transylvania.ro\/hu\/#organization"},"potentialAction":[{"@type":"SearchAction","target":{"@type":"EntryPoint","urlTemplate":"https:\/\/equusline-transylvania.ro\/hu\/?s={search_term_string}"},"query-input":{"@type":"PropertyValueSpecification","valueRequired":true,"valueName":"search_term_string"}}],"inLanguage":"hu"},{"@type":"Organization","@id":"https:\/\/equusline-transylvania.ro\/hu\/#organization","name":"Equusline Transylvania","url":"https:\/\/equusline-transylvania.ro\/hu\/","logo":{"@type":"ImageObject","inLanguage":"hu","@id":"https:\/\/equusline-transylvania.ro\/hu\/#\/schema\/logo\/image\/","url":"https:\/\/equusline-transylvania.ro\/wp-content\/uploads\/2024\/10\/equusline-ro.webp","contentUrl":"https:\/\/equusline-transylvania.ro\/wp-content\/uploads\/2024\/10\/equusline-ro.webp","width":864,"height":397,"caption":"Equusline Transylvania"},"image":{"@id":"https:\/\/equusline-transylvania.ro\/hu\/#\/schema\/logo\/image\/"},"sameAs":["https:\/\/www.facebook.com\/profile.php?id=61564679939274","https:\/\/www.instagram.com\/equusline_transylvania"]}]}},"_links":{"self":[{"href":"https:\/\/equusline-transylvania.ro\/hu\/wp-json\/wp\/v2\/product\/40","targetHints":{"allow":["GET"]}}],"collection":[{"href":"https:\/\/equusline-transylvania.ro\/hu\/wp-json\/wp\/v2\/product"}],"about":[{"href":"https:\/\/equusline-transylvania.ro\/hu\/wp-json\/wp\/v2\/types\/product"}],"replies":[{"embeddable":true,"href":"https:\/\/equusline-transylvania.ro\/hu\/wp-json\/wp\/v2\/comments?post=40"}],"wp:featuredmedia":[{"embeddable":true,"href":"https:\/\/equusline-transylvania.ro\/hu\/wp-json\/wp\/v2\/media\/41"}],"wp:attachment":[{"href":"https:\/\/equusline-transylvania.ro\/hu\/wp-json\/wp\/v2\/media?parent=40"}],"wp:term":[{"taxonomy":"product_cat","embeddable":true,"href":"https:\/\/equusline-transylvania.ro\/hu\/wp-json\/wp\/v2\/product_cat?post=40"},{"taxonomy":"product_tag","embeddable":true,"href":"https:\/\/equusline-transylvania.ro\/hu\/wp-json\/wp\/v2\/product_tag?post=40"}],"curies":[{"name":"wp","href":"https:\/\/api.w.org\/{rel}","templated":true}]}}