{"id":354,"date":"2019-08-26T15:01:12","date_gmt":"2019-08-26T13:01:12","guid":{"rendered":"https:\/\/equusline-transylvania.ro\/termek\/rex-natural-range-lamb-rice\/"},"modified":"2026-02-08T11:12:46","modified_gmt":"2026-02-08T10:12:46","slug":"rex-natural-range-lamb-rice","status":"publish","type":"product","link":"https:\/\/equusline-transylvania.ro\/hu\/termek\/rex-natural-range-lamb-rice\/","title":{"rendered":"Rex Natural Range Lamb and Rice b\u00e1r\u00e1nyos rizses sz\u00e1razeledel"},"content":{"rendered":"<h2><span style=\"font-size: 14pt;\">A Rex Natural Range Lamb &amp; Rice b\u00e1r\u00e1nyos rizses t\u00e1pja teljes \u00e9rt\u00e9k\u0171 hipoallerg\u00e9n <\/span><span style=\"font-size: 14pt;\">\u00e1llateledel feln\u0151tt kis-, k\u00f6zepes- \u00e9s nagytest\u0171 kuty\u00e1k sz\u00e1m\u00e1ra<\/span><\/h2>\n<ul>\n<li><strong>\u00d6sszet\u00e9tel:<\/strong><\/li>\n<\/ul>\n<p>Friss b\u00e1r\u00e1nyh\u00fas (20%), rizs (15%), kukorica, hidroliz\u00e1lt b\u00e1r\u00e1ny feh\u00e9rje, \u00e1rpa, baromfi zsirad\u00e9k, b\u00faza, hidroliz\u00e1lt b\u00e1r\u00e1ny m\u00e1j, lenmag, cukorr\u00e9pa pellet, hidroliz\u00e1lt hal feh\u00e9rje, halolaj, \u00e9leszt\u0151, vitaminok \u00e9s \u00e1sv\u00e1nyi anyagok, mann\u00e1n oligoszacharidok (MOS 0.10%), frukto-oligoszacharidok (FOS 0.05%), Yucca schidigera (200 mg\/kg).<\/p>\n<p>A t\u00e1p feh\u00e9rje tartalm\u00e1nak 40%-a \u00e1llati eredet\u0171 feh\u00e9rje.<\/p>\n<ul>\n<li><strong>Beltartalmi \u00e9rt\u00e9kek:<\/strong><\/li>\n<\/ul>\n<ul style=\"list-style-type: circle;\">\n<li>Em\u00e9szthet\u0151 energia: 3,800 kcal\/kg,<\/li>\n<li>Nyersfeh\u00e9rje 26%,<\/li>\n<li>Nyerszs\u00edrok \u00e9s olajok 16%,<\/li>\n<li>Omega-3 zs\u00edrsav 0,30%.<\/li>\n<li>Omega-6 zs\u00edrsav 3%.<\/li>\n<li>Nyersrost 3.80%,<\/li>\n<li>Nyershamu 8%,<\/li>\n<li>Kalcium 1.60%,<\/li>\n<li>Foszfor 1,2%.<\/li>\n<\/ul>\n<ul>\n<li><strong>Adal\u00e9kanyagok<\/strong>:<\/li>\n<\/ul>\n<p><strong>T\u00e1p\u00e9rt\u00e9kkel rendelkez\u0151 adal\u00e9kanyagok<\/strong>:<\/p>\n<p>A-vitamin 16,000 NE\/kg, D3-vitamin 1,800 NE \/kg, E-vitamin 200 mg\/kg, C-vitamin 75 mg\/kg, Vas (vas szulf\u00e1t monohidr\u00e1t) 75 mg\/kg, J\u00f3d (K\u00e1lium jodid) 3.50 mg\/kg, R\u00e9z (r\u00e9z szulf\u00e1t pentahidr\u00e1t) 10 mg\/kg, Mang\u00e1n (mang\u00e1n szulf\u00e1t monohidr\u00e1t) 7.50 mg\/kg, Cink (cink oxid) 120 mg\/kg, Szel\u00e9n (n\u00e1trium szelenit) 0.12 mg\/kg, Taurin 470 mg\/kg, L-karnitin 40 mg\/kg.<\/p>\n<p><strong>Technol\u00f3giai adal\u00e9kanyagok<\/strong>: Antioxid\u00e1nsok: N\u00f6v\u00e9nyi olajok tokoferol kivonata<\/p>\n<p>Kiszerel\u00e9s: 14 kg Eco nodesign csomagol\u00e1sban &#8211; A term\u00e9kk\u00e9p csak illusztr\u00e1ci\u00f3.<\/p>\n<ul>\n<li><strong>Adagol\u00e1si \u00fatmutat\u00f3:<\/strong><\/li>\n<\/ul>\n<p><span style=\"font-size: 12pt;\">A Rex Natural Range Lamb &amp; Rice <\/span>a k\u00fcl\u00f6nb\u00f6z\u0151 \u00e9letkor\u00fa, nagys\u00e1g\u00fa \u00e9s fajt\u00e1j\u00fa \u00e9rz\u00e9keny b\u0151r\u0171 \u00e9s em\u00e9szt\u00e9s\u0171, allergi\u00e1ra hajlamos feln\u0151tt kuty\u00e1k sz\u00e1m\u00e1ra k\u00e9sz\u00fclt kiegyens\u00falyozott, magas em\u00e9szthet\u0151s\u00e9g\u0171, szuperpr\u00e9mium kutyaeledel, amely a legoptim\u00e1lisabb t\u00e1panyag \u00f6sszet\u00e9telt biztos\u00edtja 1 \u00e9ves kor feletti kuty\u00e1ja sz\u00e1m\u00e1ra. Etet\u00e9s\u00e9vel biztos lehet benne, hogy kuty\u00e1j\u00e1nak minden nap teljes \u00e9s kiegyens\u00falyozott \u00e9trendet biztos\u00edt.<\/p>\n<p>A napi adag etet\u00e9se 2 r\u00e9szre osztva javasolt, lehet\u0151s\u00e9g szerint mindig ugyanabban az id\u0151ben. A javasolt mennyis\u00e9g \u00e1tlagos aktivit\u00e1s\u00fa, norm\u00e1l energiaig\u00e9ny\u0171 kuty\u00e1nak aj\u00e1nlott. Az etetett mennyis\u00e9g f\u00fcgg a kutya fajt\u00e1j\u00e1t\u00f3l, \u00e9letkor\u00e1t\u00f3l, aktivit\u00e1s\u00e1t\u00f3l \u00e9s k\u00f6rnyezeti t\u00e9nyez\u0151kt\u0151l is. Ha eledelt v\u00e1lt, azt fokozatosan, kb. 7-10 nap alatt tegye meg. Mindig legyen tiszta friss v\u00edz el\u00e9rhet\u0151 kuty\u00e1ja sz\u00e1m\u00e1ra az eledel mellett.<\/p>\n<p>&nbsp;<\/p>\n<table style=\"width: 759px; height: 222px;\" width=\"481\">\n<tbody>\n<tr>\n<td style=\"width: 749px;\" colspan=\"10\"><strong>JAVASOLT NAPI ETET\u00c9SI MENNYIS\u00c9G<\/strong><\/td>\n<\/tr>\n<tr>\n<td style=\"width: 238px;\"><strong>A kutya s\u00falya (kg)<\/strong><\/td>\n<td style=\"width: 33px; text-align: center;\">1<\/td>\n<td style=\"width: 41px; text-align: center;\">5<\/td>\n<td style=\"width: 52px; text-align: center;\">10<\/td>\n<td style=\"width: 52px; text-align: center;\">15<\/td>\n<td style=\"width: 55px; text-align: center;\">20<\/td>\n<td style=\"width: 56px; text-align: center;\">25<\/td>\n<td style=\"width: 52px; text-align: center;\">30<\/td>\n<td style=\"width: 58px; text-align: center;\">40<\/td>\n<td style=\"width: 58px; text-align: center;\">60<\/td>\n<\/tr>\n<tr>\n<td style=\"width: 238px;\"><strong>Javasolt mennyis\u00e9g (gramm\/nap)<\/strong><\/td>\n<td style=\"width: 33px; text-align: center;\">30<\/td>\n<td style=\"width: 41px; text-align: center;\">100<\/td>\n<td style=\"width: 52px; text-align: center;\">165<\/td>\n<td style=\"width: 52px; text-align: center;\">225<\/td>\n<td style=\"width: 55px; text-align: center;\">280<\/td>\n<td style=\"width: 56px; text-align: center;\">330<\/td>\n<td style=\"width: 52px; text-align: center;\">380<\/td>\n<td style=\"width: 58px; text-align: center;\">475<\/td>\n<td style=\"width: 58px; text-align: center;\">640<\/td>\n<\/tr>\n<\/tbody>\n<\/table>\n<h1><span style=\"font-size: 14pt;\">A Rex Natural Range Kutyaeledelek<\/span><\/h1>\n<p>Minden recept\u00far\u00e1nk 20% friss h\u00fast \u00e9s kiz\u00e1r\u00f3lag term\u00e9szetes \u00f6sszetev\u0151ket tartalmaz, biztos\u00edtva kedvence eg\u00e9szs\u00e9g\u00e9t.<\/p>\n<ul>\n<li><strong>Eg\u00e9szs\u00e9ges b\u0151r \u00e9s sz\u0151r (Omega 3 \u00e9s Omega 6)<\/strong><\/li>\n<\/ul>\n<p>Az Omega 3 \u00e9s Omega 6 zs\u00edrsavak megfelel\u0151 ar\u00e1nya l\u00e9tfontoss\u00e1g\u00fa a szervezet megfelel\u0151 m\u0171k\u00f6d\u00e9s\u00e9hez, hozz\u00e1j\u00e1rulnak az eg\u00e9szs\u00e9ges b\u0151r \u00e9s a f\u00e9nyes sz\u0151r fenntart\u00e1s\u00e1hoz \u00e9s cs\u00f6kkentik a kellemetlen b\u0151rgyullad\u00e1sos probl\u00e9m\u00e1k (pl. dermatitisz) hat\u00e1sait.<\/p>\n<ul>\n<li><strong>Fog\u00e1pol\u00e1s<\/strong><\/li>\n<\/ul>\n<p>Az optim\u00e1lis kalcium-foszfor ar\u00e1ny hozz\u00e1adott foszf\u00e1tokkal hozz\u00e1j\u00e1rul a fogk\u0151felrak\u00f3d\u00e1sok cs\u00f6kkent\u00e9s\u00e9hez.\u00a0A t\u00e1p szemcs\u00e9inek alakja \u00e9s text\u00far\u00e1ja seg\u00edt tiszt\u00e1n \u00e9s eg\u00e9szs\u00e9gesen tartani a fogakat.<\/p>\n<ul>\n<li><strong>Rendk\u00edv\u00fcl \u00edzletes<\/strong><\/li>\n<\/ul>\n<p>A friss \u00e9s term\u00e9szetes \u00f6sszetev\u0151k, valamint a t\u00e1p szemcs\u00e9inek k\u00fcl\u00f6nleges kialak\u00edt\u00e1sa m\u00e9g a legk\u00e9nyesebb \u00edzl\u00e9s\u0171 kedvencek ig\u00e9nyeit is kiel\u00e9g\u00edti.<\/p>\n<ul>\n<li><strong>S\u00falykontroll<\/strong><\/li>\n<\/ul>\n<p>L-karnitinnel, alacsony energiatartalommal \u00e9s term\u00e9szetes antioxid\u00e1nsokkal az \u00f6reged\u00e9s hat\u00e1sainak cs\u00f6kkent\u00e9s\u00e9re.<\/p>\n<ul>\n<li><strong>Em\u00e9szt\u0151rendszeri eg\u00e9szs\u00e9g (FOS + MOS)<\/strong><\/li>\n<\/ul>\n<p>Prebiotikus hat\u00e1sunkn\u00e1l fogva seg\u00edtik a hasznos mikroorganizmusok fejl\u0151d\u00e9s\u00e9t \u00e9s t\u00e1mogatj\u00e1k a b\u00e9lfl\u00f3ra eg\u00e9szs\u00e9ges egyens\u00faly\u00e1t. Hozz\u00e1j\u00e1rulnak a t\u00e1pl\u00e1l\u00e9k hat\u00e9konyabb em\u00e9szt\u00e9s\u00e9hez \u00e9s er\u0151s\u00edtik az immunrendszert.<\/p>\n<ul>\n<li><strong>Er\u0151s sz\u00edv<\/strong><\/li>\n<\/ul>\n<p>Az Omega 6 zs\u00edrsavak seg\u00edtik a sz\u00edv- \u00e9s \u00e9rrendszer eg\u00e9szs\u00e9g\u00e9nek meg\u0151rz\u00e9s\u00e9t.<\/p>\n<ul>\n<li><strong>Hipoallerg\u00e9n<\/strong><\/li>\n<\/ul>\n<p>&nbsp;<\/p>\n","protected":false},"excerpt":{"rendered":"<p><span style=\"font-size: 12pt;\">A Rex Natural Range Lamb &amp; Rice b\u00e1r\u00e1nyos rizses t\u00e1pja <\/span>a k\u00fcl\u00f6nb\u00f6z\u0151 \u00e9letkor\u00fa, nagys\u00e1g\u00fa \u00e9s fajt\u00e1j\u00fa \u00e9rz\u00e9keny b\u0151r\u0171 \u00e9s em\u00e9szt\u00e9s\u0171, allergi\u00e1ra hajlamos feln\u0151tt kuty\u00e1k sz\u00e1m\u00e1ra k\u00e9sz\u00fclt kiegyens\u00falyozott, magas em\u00e9szthet\u0151s\u00e9g\u0171, szuperpr\u00e9mium kutyaeledel, amely a legoptim\u00e1lisabb t\u00e1panyag \u00f6sszet\u00e9telt biztos\u00edtja 1 \u00e9ves kor feletti kuty\u00e1ja sz\u00e1m\u00e1ra. Etet\u00e9s\u00e9vel\u00a0minden nap teljes \u00e9s kiegyens\u00falyozott \u00e9trendet biztos\u00edt \u00a0kedvence sz\u00e1m\u00e1ra.<\/p>\n","protected":false},"featured_media":355,"comment_status":"open","ping_status":"closed","template":"","meta":{"_et_pb_use_builder":"","_et_pb_old_content":"","_et_gb_content_width":""},"product_cat":[91],"product_tag":[],"class_list":{"0":"post-354","1":"product","2":"type-product","3":"status-publish","4":"has-post-thumbnail","6":"product_cat-rex-natural-range-kutyatapok","7":"pa_kiszereles-14kg","9":"first","10":"instock","11":"taxable","12":"shipping-taxable","13":"purchasable","14":"product-type-variable"},"yoast_head":"<!-- This site is optimized with the Yoast SEO plugin v24.0 - https:\/\/yoast.com\/wordpress\/plugins\/seo\/ -->\n<title>Rex Natural Range Lamb and Rice b\u00e1r\u00e1nyos rizses sz\u00e1razeledel - Equusline Transylvania<\/title>\n<meta name=\"robots\" content=\"index, follow, max-snippet:-1, max-image-preview:large, max-video-preview:-1\" \/>\n<link rel=\"canonical\" href=\"https:\/\/equusline-transylvania.ro\/hu\/termek\/rex-natural-range-lamb-rice\/\" \/>\n<meta property=\"og:locale\" content=\"hu_HU\" \/>\n<meta property=\"og:type\" content=\"article\" \/>\n<meta property=\"og:title\" content=\"Rex Natural Range Lamb and Rice b\u00e1r\u00e1nyos rizses sz\u00e1razeledel - Equusline Transylvania\" \/>\n<meta property=\"og:description\" content=\"A Rex Natural Range Lamb &amp; Rice b\u00e1r\u00e1nyos rizses t\u00e1pja a k\u00fcl\u00f6nb\u00f6z\u0151 \u00e9letkor\u00fa, nagys\u00e1g\u00fa \u00e9s fajt\u00e1j\u00fa \u00e9rz\u00e9keny b\u0151r\u0171 \u00e9s em\u00e9szt\u00e9s\u0171, allergi\u00e1ra hajlamos feln\u0151tt kuty\u00e1k sz\u00e1m\u00e1ra k\u00e9sz\u00fclt kiegyens\u00falyozott, magas em\u00e9szthet\u0151s\u00e9g\u0171, szuperpr\u00e9mium kutyaeledel, amely a legoptim\u00e1lisabb t\u00e1panyag \u00f6sszet\u00e9telt biztos\u00edtja 1 \u00e9ves kor feletti kuty\u00e1ja sz\u00e1m\u00e1ra. Etet\u00e9s\u00e9vel\u00a0minden nap teljes \u00e9s kiegyens\u00falyozott \u00e9trendet biztos\u00edt \u00a0kedvence sz\u00e1m\u00e1ra.\" \/>\n<meta property=\"og:url\" content=\"https:\/\/equusline-transylvania.ro\/hu\/termek\/rex-natural-range-lamb-rice\/\" \/>\n<meta property=\"og:site_name\" content=\"Equusline Transylvania\" \/>\n<meta property=\"article:publisher\" content=\"https:\/\/www.facebook.com\/profile.php?id=61564679939274\" \/>\n<meta property=\"article:modified_time\" content=\"2026-02-08T10:12:46+00:00\" \/>\n<meta property=\"og:image\" content=\"https:\/\/equusline-transylvania.ro\/wp-content\/uploads\/2024\/11\/LambRice-3KG.png\" \/>\n\t<meta property=\"og:image:width\" content=\"900\" \/>\n\t<meta property=\"og:image:height\" content=\"900\" \/>\n\t<meta property=\"og:image:type\" content=\"image\/png\" \/>\n<meta name=\"twitter:card\" content=\"summary_large_image\" \/>\n<meta name=\"twitter:label1\" content=\"Becs\u00fclt olvas\u00e1si id\u0151\" \/>\n\t<meta name=\"twitter:data1\" content=\"3 perc\" \/>\n<script type=\"application\/ld+json\" class=\"yoast-schema-graph\">{\"@context\":\"https:\/\/schema.org\",\"@graph\":[{\"@type\":\"WebPage\",\"@id\":\"https:\/\/equusline-transylvania.ro\/termek\/rex-natural-range-lamb-rice\/\",\"url\":\"https:\/\/equusline-transylvania.ro\/termek\/rex-natural-range-lamb-rice\/\",\"name\":\"Rex Natural Range Lamb and Rice b\u00e1r\u00e1nyos rizses sz\u00e1razeledel - Equusline Transylvania\",\"isPartOf\":{\"@id\":\"https:\/\/equusline-transylvania.ro\/hu\/#website\"},\"primaryImageOfPage\":{\"@id\":\"https:\/\/equusline-transylvania.ro\/termek\/rex-natural-range-lamb-rice\/#primaryimage\"},\"image\":{\"@id\":\"https:\/\/equusline-transylvania.ro\/termek\/rex-natural-range-lamb-rice\/#primaryimage\"},\"thumbnailUrl\":\"https:\/\/equusline-transylvania.ro\/wp-content\/uploads\/2024\/11\/LambRice-3KG.png\",\"datePublished\":\"2019-08-26T13:01:12+00:00\",\"dateModified\":\"2026-02-08T10:12:46+00:00\",\"breadcrumb\":{\"@id\":\"https:\/\/equusline-transylvania.ro\/termek\/rex-natural-range-lamb-rice\/#breadcrumb\"},\"inLanguage\":\"hu\",\"potentialAction\":[{\"@type\":\"ReadAction\",\"target\":[\"https:\/\/equusline-transylvania.ro\/termek\/rex-natural-range-lamb-rice\/\"]}]},{\"@type\":\"ImageObject\",\"inLanguage\":\"hu\",\"@id\":\"https:\/\/equusline-transylvania.ro\/termek\/rex-natural-range-lamb-rice\/#primaryimage\",\"url\":\"https:\/\/equusline-transylvania.ro\/wp-content\/uploads\/2024\/11\/LambRice-3KG.png\",\"contentUrl\":\"https:\/\/equusline-transylvania.ro\/wp-content\/uploads\/2024\/11\/LambRice-3KG.png\",\"width\":900,\"height\":900},{\"@type\":\"BreadcrumbList\",\"@id\":\"https:\/\/equusline-transylvania.ro\/termek\/rex-natural-range-lamb-rice\/#breadcrumb\",\"itemListElement\":[{\"@type\":\"ListItem\",\"position\":1,\"name\":\"Kezd\u0151lap\",\"item\":\"https:\/\/equusline-transylvania.ro\/\"},{\"@type\":\"ListItem\",\"position\":2,\"name\":\"Term\u00e9keink\",\"item\":\"https:\/\/equusline-transylvania.ro\/\"},{\"@type\":\"ListItem\",\"position\":3,\"name\":\"Rex Natural Range Lamb and Rice b\u00e1r\u00e1nyos rizses sz\u00e1razeledel\"}]},{\"@type\":\"WebSite\",\"@id\":\"https:\/\/equusline-transylvania.ro\/hu\/#website\",\"url\":\"https:\/\/equusline-transylvania.ro\/hu\/\",\"name\":\"Equusline Transylvania\",\"description\":\"\",\"publisher\":{\"@id\":\"https:\/\/equusline-transylvania.ro\/hu\/#organization\"},\"potentialAction\":[{\"@type\":\"SearchAction\",\"target\":{\"@type\":\"EntryPoint\",\"urlTemplate\":\"https:\/\/equusline-transylvania.ro\/hu\/?s={search_term_string}\"},\"query-input\":{\"@type\":\"PropertyValueSpecification\",\"valueRequired\":true,\"valueName\":\"search_term_string\"}}],\"inLanguage\":\"hu\"},{\"@type\":\"Organization\",\"@id\":\"https:\/\/equusline-transylvania.ro\/hu\/#organization\",\"name\":\"Equusline Transylvania\",\"url\":\"https:\/\/equusline-transylvania.ro\/hu\/\",\"logo\":{\"@type\":\"ImageObject\",\"inLanguage\":\"hu\",\"@id\":\"https:\/\/equusline-transylvania.ro\/hu\/#\/schema\/logo\/image\/\",\"url\":\"https:\/\/equusline-transylvania.ro\/wp-content\/uploads\/2024\/10\/equusline-ro.webp\",\"contentUrl\":\"https:\/\/equusline-transylvania.ro\/wp-content\/uploads\/2024\/10\/equusline-ro.webp\",\"width\":864,\"height\":397,\"caption\":\"Equusline Transylvania\"},\"image\":{\"@id\":\"https:\/\/equusline-transylvania.ro\/hu\/#\/schema\/logo\/image\/\"},\"sameAs\":[\"https:\/\/www.facebook.com\/profile.php?id=61564679939274\",\"https:\/\/www.instagram.com\/equusline_transylvania\"]}]}<\/script>\n<!-- \/ Yoast SEO plugin. -->","yoast_head_json":{"title":"Rex Natural Range Lamb and Rice b\u00e1r\u00e1nyos rizses sz\u00e1razeledel - Equusline Transylvania","robots":{"index":"index","follow":"follow","max-snippet":"max-snippet:-1","max-image-preview":"max-image-preview:large","max-video-preview":"max-video-preview:-1"},"canonical":"https:\/\/equusline-transylvania.ro\/hu\/termek\/rex-natural-range-lamb-rice\/","og_locale":"hu_HU","og_type":"article","og_title":"Rex Natural Range Lamb and Rice b\u00e1r\u00e1nyos rizses sz\u00e1razeledel - Equusline Transylvania","og_description":"A Rex Natural Range Lamb &amp; Rice b\u00e1r\u00e1nyos rizses t\u00e1pja a k\u00fcl\u00f6nb\u00f6z\u0151 \u00e9letkor\u00fa, nagys\u00e1g\u00fa \u00e9s fajt\u00e1j\u00fa \u00e9rz\u00e9keny b\u0151r\u0171 \u00e9s em\u00e9szt\u00e9s\u0171, allergi\u00e1ra hajlamos feln\u0151tt kuty\u00e1k sz\u00e1m\u00e1ra k\u00e9sz\u00fclt kiegyens\u00falyozott, magas em\u00e9szthet\u0151s\u00e9g\u0171, szuperpr\u00e9mium kutyaeledel, amely a legoptim\u00e1lisabb t\u00e1panyag \u00f6sszet\u00e9telt biztos\u00edtja 1 \u00e9ves kor feletti kuty\u00e1ja sz\u00e1m\u00e1ra. Etet\u00e9s\u00e9vel\u00a0minden nap teljes \u00e9s kiegyens\u00falyozott \u00e9trendet biztos\u00edt \u00a0kedvence sz\u00e1m\u00e1ra.","og_url":"https:\/\/equusline-transylvania.ro\/hu\/termek\/rex-natural-range-lamb-rice\/","og_site_name":"Equusline Transylvania","article_publisher":"https:\/\/www.facebook.com\/profile.php?id=61564679939274","article_modified_time":"2026-02-08T10:12:46+00:00","og_image":[{"width":900,"height":900,"url":"https:\/\/equusline-transylvania.ro\/wp-content\/uploads\/2024\/11\/LambRice-3KG.png","type":"image\/png"}],"twitter_card":"summary_large_image","twitter_misc":{"Becs\u00fclt olvas\u00e1si id\u0151":"3 perc"},"schema":{"@context":"https:\/\/schema.org","@graph":[{"@type":"WebPage","@id":"https:\/\/equusline-transylvania.ro\/termek\/rex-natural-range-lamb-rice\/","url":"https:\/\/equusline-transylvania.ro\/termek\/rex-natural-range-lamb-rice\/","name":"Rex Natural Range Lamb and Rice b\u00e1r\u00e1nyos rizses sz\u00e1razeledel - Equusline Transylvania","isPartOf":{"@id":"https:\/\/equusline-transylvania.ro\/hu\/#website"},"primaryImageOfPage":{"@id":"https:\/\/equusline-transylvania.ro\/termek\/rex-natural-range-lamb-rice\/#primaryimage"},"image":{"@id":"https:\/\/equusline-transylvania.ro\/termek\/rex-natural-range-lamb-rice\/#primaryimage"},"thumbnailUrl":"https:\/\/equusline-transylvania.ro\/wp-content\/uploads\/2024\/11\/LambRice-3KG.png","datePublished":"2019-08-26T13:01:12+00:00","dateModified":"2026-02-08T10:12:46+00:00","breadcrumb":{"@id":"https:\/\/equusline-transylvania.ro\/termek\/rex-natural-range-lamb-rice\/#breadcrumb"},"inLanguage":"hu","potentialAction":[{"@type":"ReadAction","target":["https:\/\/equusline-transylvania.ro\/termek\/rex-natural-range-lamb-rice\/"]}]},{"@type":"ImageObject","inLanguage":"hu","@id":"https:\/\/equusline-transylvania.ro\/termek\/rex-natural-range-lamb-rice\/#primaryimage","url":"https:\/\/equusline-transylvania.ro\/wp-content\/uploads\/2024\/11\/LambRice-3KG.png","contentUrl":"https:\/\/equusline-transylvania.ro\/wp-content\/uploads\/2024\/11\/LambRice-3KG.png","width":900,"height":900},{"@type":"BreadcrumbList","@id":"https:\/\/equusline-transylvania.ro\/termek\/rex-natural-range-lamb-rice\/#breadcrumb","itemListElement":[{"@type":"ListItem","position":1,"name":"Kezd\u0151lap","item":"https:\/\/equusline-transylvania.ro\/"},{"@type":"ListItem","position":2,"name":"Term\u00e9keink","item":"https:\/\/equusline-transylvania.ro\/"},{"@type":"ListItem","position":3,"name":"Rex Natural Range Lamb and Rice b\u00e1r\u00e1nyos rizses sz\u00e1razeledel"}]},{"@type":"WebSite","@id":"https:\/\/equusline-transylvania.ro\/hu\/#website","url":"https:\/\/equusline-transylvania.ro\/hu\/","name":"Equusline Transylvania","description":"","publisher":{"@id":"https:\/\/equusline-transylvania.ro\/hu\/#organization"},"potentialAction":[{"@type":"SearchAction","target":{"@type":"EntryPoint","urlTemplate":"https:\/\/equusline-transylvania.ro\/hu\/?s={search_term_string}"},"query-input":{"@type":"PropertyValueSpecification","valueRequired":true,"valueName":"search_term_string"}}],"inLanguage":"hu"},{"@type":"Organization","@id":"https:\/\/equusline-transylvania.ro\/hu\/#organization","name":"Equusline Transylvania","url":"https:\/\/equusline-transylvania.ro\/hu\/","logo":{"@type":"ImageObject","inLanguage":"hu","@id":"https:\/\/equusline-transylvania.ro\/hu\/#\/schema\/logo\/image\/","url":"https:\/\/equusline-transylvania.ro\/wp-content\/uploads\/2024\/10\/equusline-ro.webp","contentUrl":"https:\/\/equusline-transylvania.ro\/wp-content\/uploads\/2024\/10\/equusline-ro.webp","width":864,"height":397,"caption":"Equusline Transylvania"},"image":{"@id":"https:\/\/equusline-transylvania.ro\/hu\/#\/schema\/logo\/image\/"},"sameAs":["https:\/\/www.facebook.com\/profile.php?id=61564679939274","https:\/\/www.instagram.com\/equusline_transylvania"]}]}},"_links":{"self":[{"href":"https:\/\/equusline-transylvania.ro\/hu\/wp-json\/wp\/v2\/product\/354","targetHints":{"allow":["GET"]}}],"collection":[{"href":"https:\/\/equusline-transylvania.ro\/hu\/wp-json\/wp\/v2\/product"}],"about":[{"href":"https:\/\/equusline-transylvania.ro\/hu\/wp-json\/wp\/v2\/types\/product"}],"replies":[{"embeddable":true,"href":"https:\/\/equusline-transylvania.ro\/hu\/wp-json\/wp\/v2\/comments?post=354"}],"wp:featuredmedia":[{"embeddable":true,"href":"https:\/\/equusline-transylvania.ro\/hu\/wp-json\/wp\/v2\/media\/355"}],"wp:attachment":[{"href":"https:\/\/equusline-transylvania.ro\/hu\/wp-json\/wp\/v2\/media?parent=354"}],"wp:term":[{"taxonomy":"product_cat","embeddable":true,"href":"https:\/\/equusline-transylvania.ro\/hu\/wp-json\/wp\/v2\/product_cat?post=354"},{"taxonomy":"product_tag","embeddable":true,"href":"https:\/\/equusline-transylvania.ro\/hu\/wp-json\/wp\/v2\/product_tag?post=354"}],"curies":[{"name":"wp","href":"https:\/\/api.w.org\/{rel}","templated":true}]}}