{"id":35,"date":"2016-11-11T09:45:06","date_gmt":"2016-11-11T08:45:06","guid":{"rendered":"https:\/\/equusline-transylvania.ro\/termek\/digest-pellet-az-emesztorendszer-mukodest-tamogato-teljes-erteku-takarmany-20-kg\/"},"modified":"2026-01-29T15:56:39","modified_gmt":"2026-01-29T14:56:39","slug":"digest-pellet-az-emesztorendszer-mukodest-tamogato-teljes-erteku-takarmany-20-kg","status":"publish","type":"product","link":"https:\/\/equusline-transylvania.ro\/hu\/termek\/digest-pellet-az-emesztorendszer-mukodest-tamogato-teljes-erteku-takarmany-20-kg\/","title":{"rendered":"&#8216;Digest&#8217; pellet az em\u00e9szt\u0151rendszer m\u0171k\u00f6d\u00e9st t\u00e1mogat\u00f3 teljes \u00e9rt\u00e9k\u0171 takarm\u00e1ny 20 kg"},"content":{"rendered":"<p>Az em\u00e9szt\u0151rendszer m\u0171k\u00f6d\u00e9s\u00e9t t\u00e1mogat\u00f3 speci\u00e1lis teljes \u00e9rt\u00e9k\u0171 takarm\u00e1ny pellet form\u00e1ban. Gazdas\u00e1gos alaptakarm\u00e1ny, magas feh\u00e9rje \u00e9s rost tartalommal. Em\u00e9szt\u0151rendszeri probl\u00e9m\u00e1s, gyomorfek\u00e9ly t\u00fcneteit mutat\u00f3, k\u00f3lik\u00e1ra hajlamos \u00e9s id\u0151s lovak sz\u00e1m\u00e1ra aj\u00e1nlott. Sz\u00e1las takarm\u00e1nyt adjon mell\u00e9. Aj\u00e1nlott napi adagja: 1,00 kg &#8211; 3,00 kg a l\u00f3 m\u00e9ret\u00e9t\u0151l \u00e9s a terhel\u00e9st\u0151l f\u00fcgg\u0151en. A nagym\u00e9ret\u0171 pellet el\u0151nye, hogy r\u00e1g\u00e1sra \u00f6szt\u00f6nzi a lovat, ami fokozza a ny\u00e1l- \u00e9s em\u00e9szt\u0151nedvek termel\u0151d\u00e9s\u00e9t. A lovak eset\u00e9ben a\u00a0r\u00e1g\u00e1ssz\u00e1m kb. 1500-3000 r\u00e1g\u00e1s\/kg a takarm\u00e1ny t\u00edpus\u00e1t\u00f3l f\u00fcgg\u0151en, \u00e9s a\u00a0napi ny\u00e1ltermel\u00e9s kb. 40 liter.<\/p>\n<p><strong> \u00d6SSZET\u00c9TEL:<\/strong><\/p>\n<p>Em\u00e9szthet\u0151 energia:\u00a02386,8 Kcal\/kg<\/p>\n<p>Zab, b\u00fazakorpa, pelyhes\u00edtett sz\u00f3ja, lucerna, kukoricapehely, cukorn\u00e1d melasz, \u00e1rpa, takarm\u00e1nym\u00e9sz adal\u00e9k, n\u00e1trium klorid (s\u00f3).<\/p>\n<p>Nyersfeh\u00e9rje\u00a0\u00a0\u00a0 13,50 %<br \/>\nNyersolaj \u00e9s nyerszs\u00edr\u00a0\u00a0\u00a0 3,20 %<br \/>\nNyers rost\u00a0\u00a0\u00a0 14,70 %<br \/>\nNyers hamu\u00a0\u00a0\u00a0 7,30 %<br \/>\nKalcium\u00a0\u00a0\u00a0 0,81 %<br \/>\nFoszfor\u00a0\u00a0\u00a0 0,59 %<br \/>\nN\u00e1trium\u00a0\u00a0\u00a0 0,42 %<\/p>\n<p>Kem\u00e9ny\u00edt\u0151: 17,63%<br \/>\nCukor: 5,37%<\/p>\n<p><strong>Vitaminok, provitaminok \u00e9s egy\u00e9b anyagok<\/strong><\/p>\n<p>A Vitamin (E-672)\u00a0\u00a0\u00a0 9.000,00\u00a0\u00a0\u00a0 NE\/kg<br \/>\nD3 Vitamin (E-671)\u00a0\u00a0\u00a0 900,00\u00a0 \u00a0 NE\/kg<br \/>\nE Vitamin (alpha-tocopherol)\u00a0\u00a0\u00a0 90,00\u00a0\u00a0\u00a0 mg\/Kg<br \/>\nB1 Vitamin\u00a0\u00a0\u00a0 4,50\u00a0\u00a0\u00a0 mg\/Kg<br \/>\nB2 Vitamin\u00a0\u00a0\u00a0 2,70\u00a0\u00a0\u00a0 mg\/Kg<br \/>\nB12 Vitamin\u00a0\u00a0\u00a0 13,60\u00a0\u00a0\u00a0 mcgr\/Kg<br \/>\nK Vitamin\u00a0\u00a0\u00a0 1,80\u00a0\u00a0\u00a0 mg\/Kg<br \/>\nBiotin\u00a0\u00a0\u00a0 0,30\u00a0\u00a0\u00a0 mg\/Kg<br \/>\nFolsav\u00a0\u00a0\u00a0 0,90\u00a0\u00a0\u00a0 mg\/Kg<br \/>\nKolin klorid\u00a0\u00a0\u00a0 200,00\u00a0\u00a0\u00a0 mg\/Kg<br \/>\nNiacin\u00a0\u00a0\u00a0 7,20\u00a0\u00a0\u00a0 mg\/Kg<br \/>\nPantot\u00e9nsav (B5 Vitamin)\u00a0\u00a0\u00a0 4,50\u00a0\u00a0\u00a0 mg\/Kg<\/p>\n<p><strong>Mikro- \u00e9s makroelemek<\/strong><\/p>\n<p>Vas (vaskarbon\u00e1t)\u00a0\u00a0\u00a0 60,00 mg\/Kg<br \/>\nJ\u00f3d (k\u00e1lium-jodid)\u00a0\u00a0\u00a0 0,50 mg\/kg<br \/>\nKobalt (kobalt karbon\u00e1t\u00a0monohidr\u00e1t) \u00a0 0,20 mg\/kg<br \/>\nR\u00e9z (r\u00e9z szulf\u00e1t pentahidr\u00e1t)\u00a0\u00a0\u00a0 10,00 mg\/kg<br \/>\nMang\u00e1n (mang\u00e1n oxid)\u00a0\u00a0\u00a0 40,00 mg\/kg<br \/>\nCink (cink szulf\u00e1t monohidr\u00e1t)\u00a0\u00a0\u00a0 60,00 mg\/kg<br \/>\nSzel\u00e9n (szel\u00e9n szelenit)\u00a0\u00a0\u00a0 0,10 mg\/kg<\/p>\n<p>Kiszerel\u00e9s: 20 kg zs\u00e1k<\/p>\n","protected":false},"excerpt":{"rendered":"<p>Az em\u00e9szt\u0151rendszer m\u0171k\u00f6d\u00e9s\u00e9t t\u00e1mogat\u00f3 speci\u00e1lis teljes \u00e9rt\u00e9k\u0171 takarm\u00e1ny pellet form\u00e1ban. Gazdas\u00e1gos alaptakarm\u00e1ny, magas feh\u00e9rje \u00e9s rost tartalommal. Em\u00e9szt\u0151rendszeri probl\u00e9m\u00e1s, gyomorfek\u00e9ly t\u00fcneteit mutat\u00f3, k\u00f3lik\u00e1ra hajlamos lovak sz\u00e1m\u00e1ra aj\u00e1nlott. Sz\u00e1las takarm\u00e1nyt adjon mell\u00e9. Napi adagja: 1,00 kg -3,00 kg a l\u00f3 m\u00e9ret\u00e9t\u0151l \u00e9s a terhel\u00e9st\u0151l f\u00fcgg\u0151en.<\/p>\n<p>&nbsp;<\/p>\n","protected":false},"featured_media":36,"comment_status":"open","ping_status":"closed","template":"","meta":{"_et_pb_use_builder":"","_et_pb_old_content":"","_et_gb_content_width":""},"product_cat":[98],"product_tag":[86],"class_list":{"0":"post-35","1":"product","2":"type-product","3":"status-publish","4":"has-post-thumbnail","6":"product_cat-equusline-lotapok","7":"product_tag-lovaknak","9":"first","10":"instock","11":"taxable","12":"shipping-taxable","13":"purchasable","14":"product-type-simple"},"yoast_head":"<!-- This site is optimized with the Yoast SEO plugin v24.0 - https:\/\/yoast.com\/wordpress\/plugins\/seo\/ -->\n<title>&#039;Digest&#039; pellet az em\u00e9szt\u0151rendszer m\u0171k\u00f6d\u00e9st t\u00e1mogat\u00f3 teljes \u00e9rt\u00e9k\u0171 takarm\u00e1ny 20 kg - Equusline Transylvania<\/title>\n<meta name=\"robots\" content=\"index, follow, max-snippet:-1, max-image-preview:large, max-video-preview:-1\" \/>\n<link rel=\"canonical\" href=\"https:\/\/equusline-transylvania.ro\/hu\/termek\/digest-pellet-az-emesztorendszer-mukodest-tamogato-teljes-erteku-takarmany-20-kg\/\" \/>\n<meta property=\"og:locale\" content=\"hu_HU\" \/>\n<meta property=\"og:type\" content=\"article\" \/>\n<meta property=\"og:title\" content=\"&#039;Digest&#039; pellet az em\u00e9szt\u0151rendszer m\u0171k\u00f6d\u00e9st t\u00e1mogat\u00f3 teljes \u00e9rt\u00e9k\u0171 takarm\u00e1ny 20 kg - Equusline Transylvania\" \/>\n<meta property=\"og:description\" content=\"Az em\u00e9szt\u0151rendszer m\u0171k\u00f6d\u00e9s\u00e9t t\u00e1mogat\u00f3 speci\u00e1lis teljes \u00e9rt\u00e9k\u0171 takarm\u00e1ny pellet form\u00e1ban. Gazdas\u00e1gos alaptakarm\u00e1ny, magas feh\u00e9rje \u00e9s rost tartalommal. Em\u00e9szt\u0151rendszeri probl\u00e9m\u00e1s, gyomorfek\u00e9ly t\u00fcneteit mutat\u00f3, k\u00f3lik\u00e1ra hajlamos lovak sz\u00e1m\u00e1ra aj\u00e1nlott. Sz\u00e1las takarm\u00e1nyt adjon mell\u00e9. Napi adagja: 1,00 kg -3,00 kg a l\u00f3 m\u00e9ret\u00e9t\u0151l \u00e9s a terhel\u00e9st\u0151l f\u00fcgg\u0151en.  &nbsp;\" \/>\n<meta property=\"og:url\" content=\"https:\/\/equusline-transylvania.ro\/hu\/termek\/digest-pellet-az-emesztorendszer-mukodest-tamogato-teljes-erteku-takarmany-20-kg\/\" \/>\n<meta property=\"og:site_name\" content=\"Equusline Transylvania\" \/>\n<meta property=\"article:publisher\" content=\"https:\/\/www.facebook.com\/profile.php?id=61564679939274\" \/>\n<meta property=\"article:modified_time\" content=\"2026-01-29T14:56:39+00:00\" \/>\n<meta property=\"og:image\" content=\"https:\/\/equusline-transylvania.ro\/wp-content\/uploads\/2024\/10\/special-care-digest.png\" \/>\n\t<meta property=\"og:image:width\" content=\"607\" \/>\n\t<meta property=\"og:image:height\" content=\"756\" \/>\n\t<meta property=\"og:image:type\" content=\"image\/png\" \/>\n<meta name=\"twitter:card\" content=\"summary_large_image\" \/>\n<meta name=\"twitter:label1\" content=\"Becs\u00fclt olvas\u00e1si id\u0151\" \/>\n\t<meta name=\"twitter:data1\" content=\"2 perc\" \/>\n<script type=\"application\/ld+json\" class=\"yoast-schema-graph\">{\"@context\":\"https:\/\/schema.org\",\"@graph\":[{\"@type\":\"WebPage\",\"@id\":\"https:\/\/equusline-transylvania.ro\/termek\/digest-pellet-az-emesztorendszer-mukodest-tamogato-teljes-erteku-takarmany-20-kg\/\",\"url\":\"https:\/\/equusline-transylvania.ro\/termek\/digest-pellet-az-emesztorendszer-mukodest-tamogato-teljes-erteku-takarmany-20-kg\/\",\"name\":\"'Digest' pellet az em\u00e9szt\u0151rendszer m\u0171k\u00f6d\u00e9st t\u00e1mogat\u00f3 teljes \u00e9rt\u00e9k\u0171 takarm\u00e1ny 20 kg - Equusline Transylvania\",\"isPartOf\":{\"@id\":\"https:\/\/equusline-transylvania.ro\/hu\/#website\"},\"primaryImageOfPage\":{\"@id\":\"https:\/\/equusline-transylvania.ro\/termek\/digest-pellet-az-emesztorendszer-mukodest-tamogato-teljes-erteku-takarmany-20-kg\/#primaryimage\"},\"image\":{\"@id\":\"https:\/\/equusline-transylvania.ro\/termek\/digest-pellet-az-emesztorendszer-mukodest-tamogato-teljes-erteku-takarmany-20-kg\/#primaryimage\"},\"thumbnailUrl\":\"https:\/\/equusline-transylvania.ro\/wp-content\/uploads\/2024\/10\/special-care-digest.png\",\"datePublished\":\"2016-11-11T08:45:06+00:00\",\"dateModified\":\"2026-01-29T14:56:39+00:00\",\"breadcrumb\":{\"@id\":\"https:\/\/equusline-transylvania.ro\/termek\/digest-pellet-az-emesztorendszer-mukodest-tamogato-teljes-erteku-takarmany-20-kg\/#breadcrumb\"},\"inLanguage\":\"hu\",\"potentialAction\":[{\"@type\":\"ReadAction\",\"target\":[\"https:\/\/equusline-transylvania.ro\/termek\/digest-pellet-az-emesztorendszer-mukodest-tamogato-teljes-erteku-takarmany-20-kg\/\"]}]},{\"@type\":\"ImageObject\",\"inLanguage\":\"hu\",\"@id\":\"https:\/\/equusline-transylvania.ro\/termek\/digest-pellet-az-emesztorendszer-mukodest-tamogato-teljes-erteku-takarmany-20-kg\/#primaryimage\",\"url\":\"https:\/\/equusline-transylvania.ro\/wp-content\/uploads\/2024\/10\/special-care-digest.png\",\"contentUrl\":\"https:\/\/equusline-transylvania.ro\/wp-content\/uploads\/2024\/10\/special-care-digest.png\",\"width\":607,\"height\":756},{\"@type\":\"BreadcrumbList\",\"@id\":\"https:\/\/equusline-transylvania.ro\/termek\/digest-pellet-az-emesztorendszer-mukodest-tamogato-teljes-erteku-takarmany-20-kg\/#breadcrumb\",\"itemListElement\":[{\"@type\":\"ListItem\",\"position\":1,\"name\":\"Kezd\u0151lap\",\"item\":\"https:\/\/equusline-transylvania.ro\/\"},{\"@type\":\"ListItem\",\"position\":2,\"name\":\"Term\u00e9keink\",\"item\":\"https:\/\/equusline-transylvania.ro\/\"},{\"@type\":\"ListItem\",\"position\":3,\"name\":\"&#8216;Digest&#8217; pellet az em\u00e9szt\u0151rendszer m\u0171k\u00f6d\u00e9st t\u00e1mogat\u00f3 teljes \u00e9rt\u00e9k\u0171 takarm\u00e1ny 20 kg\"}]},{\"@type\":\"WebSite\",\"@id\":\"https:\/\/equusline-transylvania.ro\/hu\/#website\",\"url\":\"https:\/\/equusline-transylvania.ro\/hu\/\",\"name\":\"Equusline Transylvania\",\"description\":\"\",\"publisher\":{\"@id\":\"https:\/\/equusline-transylvania.ro\/hu\/#organization\"},\"potentialAction\":[{\"@type\":\"SearchAction\",\"target\":{\"@type\":\"EntryPoint\",\"urlTemplate\":\"https:\/\/equusline-transylvania.ro\/hu\/?s={search_term_string}\"},\"query-input\":{\"@type\":\"PropertyValueSpecification\",\"valueRequired\":true,\"valueName\":\"search_term_string\"}}],\"inLanguage\":\"hu\"},{\"@type\":\"Organization\",\"@id\":\"https:\/\/equusline-transylvania.ro\/hu\/#organization\",\"name\":\"Equusline Transylvania\",\"url\":\"https:\/\/equusline-transylvania.ro\/hu\/\",\"logo\":{\"@type\":\"ImageObject\",\"inLanguage\":\"hu\",\"@id\":\"https:\/\/equusline-transylvania.ro\/hu\/#\/schema\/logo\/image\/\",\"url\":\"https:\/\/equusline-transylvania.ro\/wp-content\/uploads\/2024\/10\/equusline-ro.webp\",\"contentUrl\":\"https:\/\/equusline-transylvania.ro\/wp-content\/uploads\/2024\/10\/equusline-ro.webp\",\"width\":864,\"height\":397,\"caption\":\"Equusline Transylvania\"},\"image\":{\"@id\":\"https:\/\/equusline-transylvania.ro\/hu\/#\/schema\/logo\/image\/\"},\"sameAs\":[\"https:\/\/www.facebook.com\/profile.php?id=61564679939274\",\"https:\/\/www.instagram.com\/equusline_transylvania\"]}]}<\/script>\n<!-- \/ Yoast SEO plugin. -->","yoast_head_json":{"title":"'Digest' pellet az em\u00e9szt\u0151rendszer m\u0171k\u00f6d\u00e9st t\u00e1mogat\u00f3 teljes \u00e9rt\u00e9k\u0171 takarm\u00e1ny 20 kg - Equusline Transylvania","robots":{"index":"index","follow":"follow","max-snippet":"max-snippet:-1","max-image-preview":"max-image-preview:large","max-video-preview":"max-video-preview:-1"},"canonical":"https:\/\/equusline-transylvania.ro\/hu\/termek\/digest-pellet-az-emesztorendszer-mukodest-tamogato-teljes-erteku-takarmany-20-kg\/","og_locale":"hu_HU","og_type":"article","og_title":"'Digest' pellet az em\u00e9szt\u0151rendszer m\u0171k\u00f6d\u00e9st t\u00e1mogat\u00f3 teljes \u00e9rt\u00e9k\u0171 takarm\u00e1ny 20 kg - Equusline Transylvania","og_description":"Az em\u00e9szt\u0151rendszer m\u0171k\u00f6d\u00e9s\u00e9t t\u00e1mogat\u00f3 speci\u00e1lis teljes \u00e9rt\u00e9k\u0171 takarm\u00e1ny pellet form\u00e1ban. Gazdas\u00e1gos alaptakarm\u00e1ny, magas feh\u00e9rje \u00e9s rost tartalommal. Em\u00e9szt\u0151rendszeri probl\u00e9m\u00e1s, gyomorfek\u00e9ly t\u00fcneteit mutat\u00f3, k\u00f3lik\u00e1ra hajlamos lovak sz\u00e1m\u00e1ra aj\u00e1nlott. Sz\u00e1las takarm\u00e1nyt adjon mell\u00e9. Napi adagja: 1,00 kg -3,00 kg a l\u00f3 m\u00e9ret\u00e9t\u0151l \u00e9s a terhel\u00e9st\u0151l f\u00fcgg\u0151en.  &nbsp;","og_url":"https:\/\/equusline-transylvania.ro\/hu\/termek\/digest-pellet-az-emesztorendszer-mukodest-tamogato-teljes-erteku-takarmany-20-kg\/","og_site_name":"Equusline Transylvania","article_publisher":"https:\/\/www.facebook.com\/profile.php?id=61564679939274","article_modified_time":"2026-01-29T14:56:39+00:00","og_image":[{"width":607,"height":756,"url":"https:\/\/equusline-transylvania.ro\/wp-content\/uploads\/2024\/10\/special-care-digest.png","type":"image\/png"}],"twitter_card":"summary_large_image","twitter_misc":{"Becs\u00fclt olvas\u00e1si id\u0151":"2 perc"},"schema":{"@context":"https:\/\/schema.org","@graph":[{"@type":"WebPage","@id":"https:\/\/equusline-transylvania.ro\/termek\/digest-pellet-az-emesztorendszer-mukodest-tamogato-teljes-erteku-takarmany-20-kg\/","url":"https:\/\/equusline-transylvania.ro\/termek\/digest-pellet-az-emesztorendszer-mukodest-tamogato-teljes-erteku-takarmany-20-kg\/","name":"'Digest' pellet az em\u00e9szt\u0151rendszer m\u0171k\u00f6d\u00e9st t\u00e1mogat\u00f3 teljes \u00e9rt\u00e9k\u0171 takarm\u00e1ny 20 kg - Equusline Transylvania","isPartOf":{"@id":"https:\/\/equusline-transylvania.ro\/hu\/#website"},"primaryImageOfPage":{"@id":"https:\/\/equusline-transylvania.ro\/termek\/digest-pellet-az-emesztorendszer-mukodest-tamogato-teljes-erteku-takarmany-20-kg\/#primaryimage"},"image":{"@id":"https:\/\/equusline-transylvania.ro\/termek\/digest-pellet-az-emesztorendszer-mukodest-tamogato-teljes-erteku-takarmany-20-kg\/#primaryimage"},"thumbnailUrl":"https:\/\/equusline-transylvania.ro\/wp-content\/uploads\/2024\/10\/special-care-digest.png","datePublished":"2016-11-11T08:45:06+00:00","dateModified":"2026-01-29T14:56:39+00:00","breadcrumb":{"@id":"https:\/\/equusline-transylvania.ro\/termek\/digest-pellet-az-emesztorendszer-mukodest-tamogato-teljes-erteku-takarmany-20-kg\/#breadcrumb"},"inLanguage":"hu","potentialAction":[{"@type":"ReadAction","target":["https:\/\/equusline-transylvania.ro\/termek\/digest-pellet-az-emesztorendszer-mukodest-tamogato-teljes-erteku-takarmany-20-kg\/"]}]},{"@type":"ImageObject","inLanguage":"hu","@id":"https:\/\/equusline-transylvania.ro\/termek\/digest-pellet-az-emesztorendszer-mukodest-tamogato-teljes-erteku-takarmany-20-kg\/#primaryimage","url":"https:\/\/equusline-transylvania.ro\/wp-content\/uploads\/2024\/10\/special-care-digest.png","contentUrl":"https:\/\/equusline-transylvania.ro\/wp-content\/uploads\/2024\/10\/special-care-digest.png","width":607,"height":756},{"@type":"BreadcrumbList","@id":"https:\/\/equusline-transylvania.ro\/termek\/digest-pellet-az-emesztorendszer-mukodest-tamogato-teljes-erteku-takarmany-20-kg\/#breadcrumb","itemListElement":[{"@type":"ListItem","position":1,"name":"Kezd\u0151lap","item":"https:\/\/equusline-transylvania.ro\/"},{"@type":"ListItem","position":2,"name":"Term\u00e9keink","item":"https:\/\/equusline-transylvania.ro\/"},{"@type":"ListItem","position":3,"name":"&#8216;Digest&#8217; pellet az em\u00e9szt\u0151rendszer m\u0171k\u00f6d\u00e9st t\u00e1mogat\u00f3 teljes \u00e9rt\u00e9k\u0171 takarm\u00e1ny 20 kg"}]},{"@type":"WebSite","@id":"https:\/\/equusline-transylvania.ro\/hu\/#website","url":"https:\/\/equusline-transylvania.ro\/hu\/","name":"Equusline Transylvania","description":"","publisher":{"@id":"https:\/\/equusline-transylvania.ro\/hu\/#organization"},"potentialAction":[{"@type":"SearchAction","target":{"@type":"EntryPoint","urlTemplate":"https:\/\/equusline-transylvania.ro\/hu\/?s={search_term_string}"},"query-input":{"@type":"PropertyValueSpecification","valueRequired":true,"valueName":"search_term_string"}}],"inLanguage":"hu"},{"@type":"Organization","@id":"https:\/\/equusline-transylvania.ro\/hu\/#organization","name":"Equusline Transylvania","url":"https:\/\/equusline-transylvania.ro\/hu\/","logo":{"@type":"ImageObject","inLanguage":"hu","@id":"https:\/\/equusline-transylvania.ro\/hu\/#\/schema\/logo\/image\/","url":"https:\/\/equusline-transylvania.ro\/wp-content\/uploads\/2024\/10\/equusline-ro.webp","contentUrl":"https:\/\/equusline-transylvania.ro\/wp-content\/uploads\/2024\/10\/equusline-ro.webp","width":864,"height":397,"caption":"Equusline Transylvania"},"image":{"@id":"https:\/\/equusline-transylvania.ro\/hu\/#\/schema\/logo\/image\/"},"sameAs":["https:\/\/www.facebook.com\/profile.php?id=61564679939274","https:\/\/www.instagram.com\/equusline_transylvania"]}]}},"_links":{"self":[{"href":"https:\/\/equusline-transylvania.ro\/hu\/wp-json\/wp\/v2\/product\/35","targetHints":{"allow":["GET"]}}],"collection":[{"href":"https:\/\/equusline-transylvania.ro\/hu\/wp-json\/wp\/v2\/product"}],"about":[{"href":"https:\/\/equusline-transylvania.ro\/hu\/wp-json\/wp\/v2\/types\/product"}],"replies":[{"embeddable":true,"href":"https:\/\/equusline-transylvania.ro\/hu\/wp-json\/wp\/v2\/comments?post=35"}],"wp:featuredmedia":[{"embeddable":true,"href":"https:\/\/equusline-transylvania.ro\/hu\/wp-json\/wp\/v2\/media\/36"}],"wp:attachment":[{"href":"https:\/\/equusline-transylvania.ro\/hu\/wp-json\/wp\/v2\/media?parent=35"}],"wp:term":[{"taxonomy":"product_cat","embeddable":true,"href":"https:\/\/equusline-transylvania.ro\/hu\/wp-json\/wp\/v2\/product_cat?post=35"},{"taxonomy":"product_tag","embeddable":true,"href":"https:\/\/equusline-transylvania.ro\/hu\/wp-json\/wp\/v2\/product_tag?post=35"}],"curies":[{"name":"wp","href":"https:\/\/api.w.org\/{rel}","templated":true}]}}