{"id":307,"date":"2018-06-28T14:57:28","date_gmt":"2018-06-28T12:57:28","guid":{"rendered":"https:\/\/equusline-transylvania.ro\/termek\/rex-natural-range-puppy-chicken-rice\/"},"modified":"2026-02-07T10:42:52","modified_gmt":"2026-02-07T09:42:52","slug":"rex-natural-range-puppy-chicken-rice","status":"publish","type":"product","link":"https:\/\/equusline-transylvania.ro\/hu\/termek\/rex-natural-range-puppy-chicken-rice\/","title":{"rendered":"Rex Natural Range Puppy &#8211; Chicken &#038; Rice csirk\u00e9s-rizses k\u00f6ly\u00f6kt\u00e1p kutyaeledel"},"content":{"rendered":"<h2><span style=\"font-size: 14pt;\">A Rex Natural Range Puppy &#8211; Chicken &amp; Rice csirk\u00e9s-rizses k\u00f6ly\u00f6kt\u00e1pja teljes \u00e9rt\u00e9k\u0171 \u00e1llateledel k\u00f6ly\u00f6k \u00e9s n\u00f6vend\u00e9k kuty\u00e1k sz\u00e1m\u00e1ra<\/span><\/h2>\n<ul>\n<li><strong>\u00d6sszet\u00e9tel:<\/strong><\/li>\n<\/ul>\n<p>Friss csirkeh\u00fas (20%), baromfih\u00fas, rizs (15%), kukorica, b\u00faza, baromfi zsirad\u00e9k, \u00e1rpa, hidroliz\u00e1lt baromfim\u00e1j, cukorr\u00e9pa pellet, halh\u00fas, \u00e9leszt\u0151, lenmag, toj\u00e1s, vitaminok \u00e9s \u00e1sv\u00e1nyi anyagok, mann\u00e1n oligoszacharidok (MOS 0.10%), \u00a0frukto-oligoszacharidok (FOS 0.05%), Yucca schidigera.<\/p>\n<p>A t\u00e1p feh\u00e9rje tartalm\u00e1nak 81%-a \u00e1llati eredet\u0171 feh\u00e9rje.<\/p>\n<ul>\n<li><strong>Beltartalmi \u00e9rt\u00e9kek:<\/strong>\n<ul>\n<li>Nyersfeh\u00e9rje 30%<\/li>\n<li>Nyerszs\u00edrok \u00e9s olajok 18%<\/li>\n<li>Omega-3 zs\u00edrsav 0,40%<\/li>\n<li>Omega-6 zs\u00edrsav 3,50%<\/li>\n<li>Nyersrost 2,50%<\/li>\n<li>Nyershamu 8,00%<\/li>\n<li>Kalcium 1,75%<\/li>\n<li>Foszfor 1,20%<\/li>\n<\/ul>\n<\/li>\n<\/ul>\n<p>&nbsp;<\/p>\n<ul>\n<li><strong>Adal\u00e9kanyagok<\/strong>:\n<ul>\n<li><strong>T\u00e1p\u00e9rt\u00e9kkel rendelkez\u0151 adal\u00e9kanyagok<\/strong>: A-vitamin 17,000 NE\/kg, D3-vitamin 2,000 NE \/kg, E-vitamin 140 mg\/kg, C-vitamin 50 mg\/kg, Vas (vas szulf\u00e1t monohidr\u00e1t) 75 mg\/kg, J\u00f3d (K\u00e1lium jodid) 3.50 mg\/kg, R\u00e9z (r\u00e9z szulf\u00e1t pentahidr\u00e1t) 10 mg\/kg, Mang\u00e1n (mang\u00e1n szulf\u00e1t monohidr\u00e1t) 7.50 mg\/kg, Cink (cink oxid) 150 mg\/kg, Szel\u00e9n (n\u00e1trium szelenit) 0.10 mg\/kg, L-karnitin 30 mg\/kg, Taurin 100 mg\/kg.<\/li>\n<li><strong>Technol\u00f3giai adal\u00e9kanyagok<\/strong>: Antioxid\u00e1nsok: N\u00f6v\u00e9nyi olajok tokoferol kivonata.<\/li>\n<\/ul>\n<\/li>\n<\/ul>\n<p>&nbsp;<\/p>\n<ul>\n<li><strong>Adagol\u00e1si \u00fatmutat\u00f3:<\/strong><\/li>\n<\/ul>\n<p>A REX NATURAL RANGE PUPPY a k\u00fcl\u00f6nb\u00f6z\u0151 fajt\u00e1j\u00fa k\u00f6ly\u00f6kkuty\u00e1k sz\u00e1m\u00e1ra a legoptim\u00e1lisabb t\u00e1panyag-\u00f6sszet\u00e9telt biztos\u00edtja. Etet\u00e9s\u00e9vel biztos lehet benne, hogy kiskuty\u00e1j\u00e1nak minden nap teljes \u00e9s kiegyens\u00falyozott \u00e9trendet biztos\u00edt.<\/p>\n<p>4 h\u00f3napos korban m\u00e9g naponta 4-5 alkalommal etesse a kiskuty\u00e1t, a t\u00e1pot langyos v\u00edzbe \u00e1ztatva 1 r\u00e9sz v\u00edz \u00e9s 3 r\u00e9sz t\u00e1p ar\u00e1nyban. Ne hagyja ott az esetleges marad\u00e9k eledelt. K\u00e9s\u0151bb a napi adag etet\u00e9se 3 r\u00e9szre osztva javasolt. A kutya egy \u00e9ves kor\u00e1ban t\u00e9rjen \u00e1t a napi k\u00e9tszeri etet\u00e9sre. Lehet\u0151s\u00e9g szerint mindig ugyanabban az id\u0151ben etesse kuty\u00e1j\u00e1t. A javasolt mennyis\u00e9g \u00e1tlagos aktivit\u00e1s\u00fa, norm\u00e1l energiaig\u00e9ny\u0171 k\u00f6ly\u00f6kkuty\u00e1nak aj\u00e1nlott. Az etetett mennyis\u00e9g f\u00fcgg a kutya fajt\u00e1j\u00e1t\u00f3l, \u00e9letkor\u00e1t\u00f3l, aktivit\u00e1s\u00e1t\u00f3l \u00e9s k\u00f6rnyezeti t\u00e9nyez\u0151kt\u0151l is. Ha eledelt v\u00e1lt, azt fokozatosan, kb. 7-10 nap alatt tegye meg. Mindig legyen tiszta friss v\u00edz el\u00e9rhet\u0151 kuty\u00e1ja sz\u00e1m\u00e1ra az eledel mellett.<\/p>\n<p>&nbsp;<\/p>\n<table style=\"width: 465px;\" width=\"408\">\n<tbody>\n<tr>\n<td style=\"width: 465px;\" colspan=\"6\" width=\"408\"><strong>JAVASOLT NAPI ETET\u00c9SI MENNYIS\u00c9G (gramm \/ nap)<\/strong><\/td>\n<\/tr>\n<tr>\n<td style=\"width: 91px;\" width=\"83\">A k\u00f6ly\u00f6kkutya s\u00falya (kg))<\/td>\n<td style=\"width: 65px;\" width=\"63\">2\u00a0 h\u00f3napos korban<\/td>\n<td style=\"width: 68px;\" width=\"63\">3\u00a0 \u00a0h\u00f3napos korban<\/td>\n<td style=\"width: 68px;\" width=\"63\">4\u00a0 \u00a0h\u00f3napos korban<\/td>\n<td style=\"width: 68px;\" width=\"63\">6\u00a0 \u00a0h\u00f3napos korban<\/td>\n<td style=\"width: 105px;\" width=\"72\">12 \u00a0h\u00f3napos korban<\/td>\n<\/tr>\n<tr>\n<td style=\"width: 91px;\" width=\"83\">2<\/td>\n<td style=\"width: 65px;\" width=\"63\">134<\/td>\n<td style=\"width: 68px;\" width=\"63\">115<\/td>\n<td style=\"width: 68px;\" width=\"63\">99<\/td>\n<td style=\"width: 68px;\" width=\"63\">82<\/td>\n<td style=\"width: 105px;\" width=\"72\">53<\/td>\n<\/tr>\n<tr>\n<td style=\"width: 91px;\" width=\"83\">5<\/td>\n<td style=\"width: 65px;\" width=\"63\">266<\/td>\n<td style=\"width: 68px;\" width=\"63\">229<\/td>\n<td style=\"width: 68px;\" width=\"63\">196<\/td>\n<td style=\"width: 68px;\" width=\"63\">162<\/td>\n<td style=\"width: 105px;\" width=\"72\">105<\/td>\n<\/tr>\n<tr>\n<td style=\"width: 91px;\" width=\"83\">10<\/td>\n<td style=\"width: 65px;\" width=\"63\">447<\/td>\n<td style=\"width: 68px;\" width=\"63\">385<\/td>\n<td style=\"width: 68px;\" width=\"63\">330<\/td>\n<td style=\"width: 68px;\" width=\"63\">273<\/td>\n<td style=\"width: 105px;\" width=\"72\">177<\/td>\n<\/tr>\n<tr>\n<td style=\"width: 91px;\" width=\"83\">15<\/td>\n<td style=\"width: 65px;\" width=\"63\">&#8211;<\/td>\n<td style=\"width: 68px;\" width=\"63\">521<\/td>\n<td style=\"width: 68px;\" width=\"63\">447<\/td>\n<td style=\"width: 68px;\" width=\"63\">370<\/td>\n<td style=\"width: 105px;\" width=\"72\">239<\/td>\n<\/tr>\n<tr>\n<td style=\"width: 91px;\" width=\"83\">20<\/td>\n<td style=\"width: 65px;\" width=\"63\">&#8211;<\/td>\n<td style=\"width: 68px;\" width=\"63\">&#8211;<\/td>\n<td style=\"width: 68px;\" width=\"63\">555<\/td>\n<td style=\"width: 68px;\" width=\"63\">460<\/td>\n<td style=\"width: 105px;\" width=\"72\">\n<p style=\"text-align: left;\">297<\/p>\n<\/td>\n<\/tr>\n<tr>\n<td style=\"width: 91px;\" width=\"83\">30<\/td>\n<td style=\"width: 65px;\" width=\"63\">&#8211;<\/td>\n<td style=\"width: 68px;\" width=\"63\">&#8211;<\/td>\n<td style=\"width: 68px;\" width=\"63\">&#8211;<\/td>\n<td style=\"width: 68px;\" width=\"63\">623<\/td>\n<td style=\"width: 105px;\" width=\"72\">402<\/td>\n<\/tr>\n<tr>\n<td style=\"width: 91px;\" width=\"83\">40<\/td>\n<td style=\"width: 65px;\" width=\"63\">&#8211;<\/td>\n<td style=\"width: 68px;\" width=\"63\">&#8211;<\/td>\n<td style=\"width: 68px;\" width=\"63\">&#8211;<\/td>\n<td style=\"width: 68px;\" width=\"63\">&#8211;<\/td>\n<td style=\"width: 105px;\" width=\"72\">499<\/td>\n<\/tr>\n<tr>\n<td style=\"width: 91px;\" width=\"83\">50<\/td>\n<td style=\"width: 65px;\" width=\"63\">&#8211;<\/td>\n<td style=\"width: 68px;\" width=\"63\">&#8211;<\/td>\n<td style=\"width: 68px;\" width=\"63\">&#8211;<\/td>\n<td style=\"width: 68px;\" width=\"63\">&#8211;<\/td>\n<td style=\"width: 105px;\" width=\"72\">590<\/td>\n<\/tr>\n<\/tbody>\n<\/table>\n<p>&nbsp;<\/p>\n<h1><span style=\"font-size: 14pt;\">A Rex Natural Range Kutyaeledelek<\/span><\/h1>\n<p>Minden recept\u00far\u00e1nk 20% friss h\u00fast \u00e9s kiz\u00e1r\u00f3lag term\u00e9szetes \u00f6sszetev\u0151ket tartalmaz, biztos\u00edtva kedvence eg\u00e9szs\u00e9g\u00e9t.<\/p>\n<ul>\n<li><strong>Eg\u00e9szs\u00e9ges b\u0151r \u00e9s sz\u0151r (Omega 3 \u00e9s Omega 6)<\/strong><\/li>\n<\/ul>\n<p>Az Omega 3 \u00e9s Omega 6 zs\u00edrsavak megfelel\u0151 ar\u00e1nya l\u00e9tfontoss\u00e1g\u00fa a szervezet megfelel\u0151 m\u0171k\u00f6d\u00e9s\u00e9hez, hozz\u00e1j\u00e1rulnak az eg\u00e9szs\u00e9ges b\u0151r \u00e9s a f\u00e9nyes sz\u0151r fenntart\u00e1s\u00e1hoz \u00e9s cs\u00f6kkentik az olyan gyullad\u00e1sok hat\u00e1sait, mint p\u00e9ld\u00e1ul a dermatitisz.<\/p>\n<ul>\n<li><strong>Fog\u00e1pol\u00e1s<\/strong><\/li>\n<\/ul>\n<p>Az optim\u00e1lis kalcium-foszfor ar\u00e1ny hozz\u00e1adott foszf\u00e1tokkal hozz\u00e1j\u00e1rul a fogk\u0151felrak\u00f3d\u00e1sok cs\u00f6kkent\u00e9s\u00e9hez.<\/p>\n<p>A t\u00e1p szemcs\u00e9inek alakja \u00e9s text\u00far\u00e1ja seg\u00edt tiszt\u00e1n \u00e9s eg\u00e9szs\u00e9gesen tartani a fogakat.<\/p>\n<ul>\n<li><strong>Rendk\u00edv\u00fcl \u00edzletes<\/strong><\/li>\n<\/ul>\n<p>A friss \u00e9s term\u00e9szetes \u00f6sszetev\u0151k, valamint a t\u00e1p szemcs\u00e9inek k\u00fcl\u00f6nleges kialak\u00edt\u00e1sa m\u00e9g a legk\u00e9nyesebb \u00edzl\u00e9s\u0171 kedvencek ig\u00e9nyeit is kiel\u00e9g\u00edti.<\/p>\n<ul>\n<li><strong>S\u00falykontroll<\/strong><\/li>\n<\/ul>\n<p>L-karnitinnel, alacsony energiatartalommal \u00e9s term\u00e9szetes antioxid\u00e1nsokkal az \u00f6reged\u00e9s hat\u00e1sainak cs\u00f6kkent\u00e9s\u00e9re.<\/p>\n<ul>\n<li><strong>Em\u00e9szt\u0151rendszeri eg\u00e9szs\u00e9g (FOS + MOS)<\/strong><\/li>\n<\/ul>\n<p>Prebiotikus hat\u00e1sunkn\u00e1l fogva seg\u00edtik a hasznos mikroorganizmusok fejl\u0151d\u00e9s\u00e9t \u00e9s t\u00e1mogatj\u00e1k a b\u00e9lfl\u00f3ra eg\u00e9szs\u00e9ges egyens\u00faly\u00e1t. Hozz\u00e1j\u00e1rulnak a t\u00e1pl\u00e1l\u00e9k hat\u00e9konyabb em\u00e9szt\u00e9s\u00e9hez \u00e9s er\u0151s\u00edtik az immunrendszert.<\/p>\n<ul>\n<li><strong>Optim\u00e1lis n\u00f6veked\u00e9s<\/strong><\/li>\n<\/ul>\n<p>Kiv\u00e1l\u00f3an em\u00e9szthet\u0151, magas feh\u00e9rjetartalm\u00fa t\u00e1panyagok sz\u00fcks\u00e9gesek a n\u00f6veked\u00e9shez. A vitaminok \u00e9s \u00e1sv\u00e1nyi anyagok (D-vitamin, kalcium, foszfor) megfelel\u0151 egyens\u00falya seg\u00edti a k\u00f6ly\u00f6kkutya fejl\u0151d\u00e9s\u00e9t.<\/p>\n<ul>\n<li><strong>Er\u0151s sz\u00edv<\/strong><\/li>\n<\/ul>\n<p>Az Omega 6 zs\u00edrsavak seg\u00edtik a sz\u00edv- \u00e9s \u00e9rrendszer eg\u00e9szs\u00e9g\u00e9nek meg\u0151rz\u00e9s\u00e9t.<\/p>\n<ul>\n<li><strong>Hipoallerg\u00e9n<\/strong><\/li>\n<\/ul>\n<p>Lazac, mint az egyetlen \u00e1llati eredet\u0171 feh\u00e9rje \u00e9s burgonya, mint sz\u00e9nhidr\u00e1t-forr\u00e1s az em\u00e9szt\u00e9s seg\u00edt\u00e9se \u00e9rdek\u00e9ben.<\/p>\n<p>&nbsp;<\/p>\n<p>Gy\u00e1rt\u00e1si hely: Spanyolorsz\u00e1g.<\/p>\n<p>T\u00e1rol\u00e1sa sz\u00e1raz, h\u0171v\u00f6s helyen, napf\u00e9nyt\u0151l v\u00e9dve.<\/p>\n","protected":false},"excerpt":{"rendered":"<p>A REX NATURAL RANGE PUPPY a k\u00fcl\u00f6nb\u00f6z\u0151 fajt\u00e1j\u00fa k\u00f6ly\u00f6kkuty\u00e1k sz\u00e1m\u00e1ra a legoptim\u00e1lisabb t\u00e1panyag-\u00f6sszet\u00e9telt biztos\u00edtja. Etet\u00e9s\u00e9vel biztos lehet benne, hogy kiskuty\u00e1j\u00e1nak minden nap teljes \u00e9s kiegyens\u00falyozott \u00e9trendet biztos\u00edt.<\/p>\n","protected":false},"featured_media":308,"comment_status":"open","ping_status":"closed","template":"","meta":{"_et_pb_use_builder":"","_et_pb_old_content":"","_et_gb_content_width":""},"product_cat":[91],"product_tag":[],"class_list":{"0":"post-307","1":"product","2":"type-product","3":"status-publish","4":"has-post-thumbnail","6":"product_cat-rex-natural-range-kutyatapok","7":"pa_kiszereles-14kg","8":"pa_kiszereles-3-kg","10":"first","11":"instock","12":"taxable","13":"shipping-taxable","14":"purchasable","15":"product-type-variable"},"yoast_head":"<!-- This site is optimized with the Yoast SEO plugin v24.0 - https:\/\/yoast.com\/wordpress\/plugins\/seo\/ -->\n<title>Rex Natural Range Puppy - Chicken &amp; Rice csirk\u00e9s-rizses k\u00f6ly\u00f6kt\u00e1p kutyaeledel - Equusline Transylvania<\/title>\n<meta name=\"robots\" content=\"index, follow, max-snippet:-1, max-image-preview:large, max-video-preview:-1\" \/>\n<link rel=\"canonical\" href=\"https:\/\/equusline-transylvania.ro\/hu\/termek\/rex-natural-range-puppy-chicken-rice\/\" \/>\n<meta property=\"og:locale\" content=\"hu_HU\" \/>\n<meta property=\"og:type\" content=\"article\" \/>\n<meta property=\"og:title\" content=\"Rex Natural Range Puppy - Chicken &amp; Rice csirk\u00e9s-rizses k\u00f6ly\u00f6kt\u00e1p kutyaeledel - Equusline Transylvania\" \/>\n<meta property=\"og:description\" content=\"A REX NATURAL RANGE PUPPY a k\u00fcl\u00f6nb\u00f6z\u0151 fajt\u00e1j\u00fa k\u00f6ly\u00f6kkuty\u00e1k sz\u00e1m\u00e1ra a legoptim\u00e1lisabb t\u00e1panyag-\u00f6sszet\u00e9telt biztos\u00edtja. Etet\u00e9s\u00e9vel biztos lehet benne, hogy kiskuty\u00e1j\u00e1nak minden nap teljes \u00e9s kiegyens\u00falyozott \u00e9trendet biztos\u00edt.\" \/>\n<meta property=\"og:url\" content=\"https:\/\/equusline-transylvania.ro\/hu\/termek\/rex-natural-range-puppy-chicken-rice\/\" \/>\n<meta property=\"og:site_name\" content=\"Equusline Transylvania\" \/>\n<meta property=\"article:publisher\" content=\"https:\/\/www.facebook.com\/profile.php?id=61564679939274\" \/>\n<meta property=\"article:modified_time\" content=\"2026-02-07T09:42:52+00:00\" \/>\n<meta property=\"og:image\" content=\"https:\/\/equusline-transylvania.ro\/wp-content\/uploads\/2024\/11\/kutya_PUPPY_14KG.jpg\" \/>\n\t<meta property=\"og:image:width\" content=\"1500\" \/>\n\t<meta property=\"og:image:height\" content=\"1500\" \/>\n\t<meta property=\"og:image:type\" content=\"image\/jpeg\" \/>\n<meta name=\"twitter:card\" content=\"summary_large_image\" \/>\n<meta name=\"twitter:label1\" content=\"Becs\u00fclt olvas\u00e1si id\u0151\" \/>\n\t<meta name=\"twitter:data1\" content=\"4 perc\" \/>\n<script type=\"application\/ld+json\" class=\"yoast-schema-graph\">{\"@context\":\"https:\/\/schema.org\",\"@graph\":[{\"@type\":\"WebPage\",\"@id\":\"https:\/\/equusline-transylvania.ro\/termek\/rex-natural-range-puppy-chicken-rice\/\",\"url\":\"https:\/\/equusline-transylvania.ro\/termek\/rex-natural-range-puppy-chicken-rice\/\",\"name\":\"Rex Natural Range Puppy - Chicken & Rice csirk\u00e9s-rizses k\u00f6ly\u00f6kt\u00e1p kutyaeledel - Equusline Transylvania\",\"isPartOf\":{\"@id\":\"https:\/\/equusline-transylvania.ro\/hu\/#website\"},\"primaryImageOfPage\":{\"@id\":\"https:\/\/equusline-transylvania.ro\/termek\/rex-natural-range-puppy-chicken-rice\/#primaryimage\"},\"image\":{\"@id\":\"https:\/\/equusline-transylvania.ro\/termek\/rex-natural-range-puppy-chicken-rice\/#primaryimage\"},\"thumbnailUrl\":\"https:\/\/equusline-transylvania.ro\/wp-content\/uploads\/2024\/11\/kutya_PUPPY_14KG.jpg\",\"datePublished\":\"2018-06-28T12:57:28+00:00\",\"dateModified\":\"2026-02-07T09:42:52+00:00\",\"breadcrumb\":{\"@id\":\"https:\/\/equusline-transylvania.ro\/termek\/rex-natural-range-puppy-chicken-rice\/#breadcrumb\"},\"inLanguage\":\"hu\",\"potentialAction\":[{\"@type\":\"ReadAction\",\"target\":[\"https:\/\/equusline-transylvania.ro\/termek\/rex-natural-range-puppy-chicken-rice\/\"]}]},{\"@type\":\"ImageObject\",\"inLanguage\":\"hu\",\"@id\":\"https:\/\/equusline-transylvania.ro\/termek\/rex-natural-range-puppy-chicken-rice\/#primaryimage\",\"url\":\"https:\/\/equusline-transylvania.ro\/wp-content\/uploads\/2024\/11\/kutya_PUPPY_14KG.jpg\",\"contentUrl\":\"https:\/\/equusline-transylvania.ro\/wp-content\/uploads\/2024\/11\/kutya_PUPPY_14KG.jpg\",\"width\":1500,\"height\":1500},{\"@type\":\"BreadcrumbList\",\"@id\":\"https:\/\/equusline-transylvania.ro\/termek\/rex-natural-range-puppy-chicken-rice\/#breadcrumb\",\"itemListElement\":[{\"@type\":\"ListItem\",\"position\":1,\"name\":\"Kezd\u0151lap\",\"item\":\"https:\/\/equusline-transylvania.ro\/\"},{\"@type\":\"ListItem\",\"position\":2,\"name\":\"Term\u00e9keink\",\"item\":\"https:\/\/equusline-transylvania.ro\/\"},{\"@type\":\"ListItem\",\"position\":3,\"name\":\"Rex Natural Range Puppy &#8211; Chicken &#038; Rice csirk\u00e9s-rizses k\u00f6ly\u00f6kt\u00e1p kutyaeledel\"}]},{\"@type\":\"WebSite\",\"@id\":\"https:\/\/equusline-transylvania.ro\/hu\/#website\",\"url\":\"https:\/\/equusline-transylvania.ro\/hu\/\",\"name\":\"Equusline Transylvania\",\"description\":\"\",\"publisher\":{\"@id\":\"https:\/\/equusline-transylvania.ro\/hu\/#organization\"},\"potentialAction\":[{\"@type\":\"SearchAction\",\"target\":{\"@type\":\"EntryPoint\",\"urlTemplate\":\"https:\/\/equusline-transylvania.ro\/hu\/?s={search_term_string}\"},\"query-input\":{\"@type\":\"PropertyValueSpecification\",\"valueRequired\":true,\"valueName\":\"search_term_string\"}}],\"inLanguage\":\"hu\"},{\"@type\":\"Organization\",\"@id\":\"https:\/\/equusline-transylvania.ro\/hu\/#organization\",\"name\":\"Equusline Transylvania\",\"url\":\"https:\/\/equusline-transylvania.ro\/hu\/\",\"logo\":{\"@type\":\"ImageObject\",\"inLanguage\":\"hu\",\"@id\":\"https:\/\/equusline-transylvania.ro\/hu\/#\/schema\/logo\/image\/\",\"url\":\"https:\/\/equusline-transylvania.ro\/wp-content\/uploads\/2024\/10\/equusline-ro.webp\",\"contentUrl\":\"https:\/\/equusline-transylvania.ro\/wp-content\/uploads\/2024\/10\/equusline-ro.webp\",\"width\":864,\"height\":397,\"caption\":\"Equusline Transylvania\"},\"image\":{\"@id\":\"https:\/\/equusline-transylvania.ro\/hu\/#\/schema\/logo\/image\/\"},\"sameAs\":[\"https:\/\/www.facebook.com\/profile.php?id=61564679939274\",\"https:\/\/www.instagram.com\/equusline_transylvania\"]}]}<\/script>\n<!-- \/ Yoast SEO plugin. -->","yoast_head_json":{"title":"Rex Natural Range Puppy - Chicken & Rice csirk\u00e9s-rizses k\u00f6ly\u00f6kt\u00e1p kutyaeledel - Equusline Transylvania","robots":{"index":"index","follow":"follow","max-snippet":"max-snippet:-1","max-image-preview":"max-image-preview:large","max-video-preview":"max-video-preview:-1"},"canonical":"https:\/\/equusline-transylvania.ro\/hu\/termek\/rex-natural-range-puppy-chicken-rice\/","og_locale":"hu_HU","og_type":"article","og_title":"Rex Natural Range Puppy - Chicken & Rice csirk\u00e9s-rizses k\u00f6ly\u00f6kt\u00e1p kutyaeledel - Equusline Transylvania","og_description":"A REX NATURAL RANGE PUPPY a k\u00fcl\u00f6nb\u00f6z\u0151 fajt\u00e1j\u00fa k\u00f6ly\u00f6kkuty\u00e1k sz\u00e1m\u00e1ra a legoptim\u00e1lisabb t\u00e1panyag-\u00f6sszet\u00e9telt biztos\u00edtja. Etet\u00e9s\u00e9vel biztos lehet benne, hogy kiskuty\u00e1j\u00e1nak minden nap teljes \u00e9s kiegyens\u00falyozott \u00e9trendet biztos\u00edt.","og_url":"https:\/\/equusline-transylvania.ro\/hu\/termek\/rex-natural-range-puppy-chicken-rice\/","og_site_name":"Equusline Transylvania","article_publisher":"https:\/\/www.facebook.com\/profile.php?id=61564679939274","article_modified_time":"2026-02-07T09:42:52+00:00","og_image":[{"width":1500,"height":1500,"url":"https:\/\/equusline-transylvania.ro\/wp-content\/uploads\/2024\/11\/kutya_PUPPY_14KG.jpg","type":"image\/jpeg"}],"twitter_card":"summary_large_image","twitter_misc":{"Becs\u00fclt olvas\u00e1si id\u0151":"4 perc"},"schema":{"@context":"https:\/\/schema.org","@graph":[{"@type":"WebPage","@id":"https:\/\/equusline-transylvania.ro\/termek\/rex-natural-range-puppy-chicken-rice\/","url":"https:\/\/equusline-transylvania.ro\/termek\/rex-natural-range-puppy-chicken-rice\/","name":"Rex Natural Range Puppy - Chicken & Rice csirk\u00e9s-rizses k\u00f6ly\u00f6kt\u00e1p kutyaeledel - Equusline Transylvania","isPartOf":{"@id":"https:\/\/equusline-transylvania.ro\/hu\/#website"},"primaryImageOfPage":{"@id":"https:\/\/equusline-transylvania.ro\/termek\/rex-natural-range-puppy-chicken-rice\/#primaryimage"},"image":{"@id":"https:\/\/equusline-transylvania.ro\/termek\/rex-natural-range-puppy-chicken-rice\/#primaryimage"},"thumbnailUrl":"https:\/\/equusline-transylvania.ro\/wp-content\/uploads\/2024\/11\/kutya_PUPPY_14KG.jpg","datePublished":"2018-06-28T12:57:28+00:00","dateModified":"2026-02-07T09:42:52+00:00","breadcrumb":{"@id":"https:\/\/equusline-transylvania.ro\/termek\/rex-natural-range-puppy-chicken-rice\/#breadcrumb"},"inLanguage":"hu","potentialAction":[{"@type":"ReadAction","target":["https:\/\/equusline-transylvania.ro\/termek\/rex-natural-range-puppy-chicken-rice\/"]}]},{"@type":"ImageObject","inLanguage":"hu","@id":"https:\/\/equusline-transylvania.ro\/termek\/rex-natural-range-puppy-chicken-rice\/#primaryimage","url":"https:\/\/equusline-transylvania.ro\/wp-content\/uploads\/2024\/11\/kutya_PUPPY_14KG.jpg","contentUrl":"https:\/\/equusline-transylvania.ro\/wp-content\/uploads\/2024\/11\/kutya_PUPPY_14KG.jpg","width":1500,"height":1500},{"@type":"BreadcrumbList","@id":"https:\/\/equusline-transylvania.ro\/termek\/rex-natural-range-puppy-chicken-rice\/#breadcrumb","itemListElement":[{"@type":"ListItem","position":1,"name":"Kezd\u0151lap","item":"https:\/\/equusline-transylvania.ro\/"},{"@type":"ListItem","position":2,"name":"Term\u00e9keink","item":"https:\/\/equusline-transylvania.ro\/"},{"@type":"ListItem","position":3,"name":"Rex Natural Range Puppy &#8211; Chicken &#038; Rice csirk\u00e9s-rizses k\u00f6ly\u00f6kt\u00e1p kutyaeledel"}]},{"@type":"WebSite","@id":"https:\/\/equusline-transylvania.ro\/hu\/#website","url":"https:\/\/equusline-transylvania.ro\/hu\/","name":"Equusline Transylvania","description":"","publisher":{"@id":"https:\/\/equusline-transylvania.ro\/hu\/#organization"},"potentialAction":[{"@type":"SearchAction","target":{"@type":"EntryPoint","urlTemplate":"https:\/\/equusline-transylvania.ro\/hu\/?s={search_term_string}"},"query-input":{"@type":"PropertyValueSpecification","valueRequired":true,"valueName":"search_term_string"}}],"inLanguage":"hu"},{"@type":"Organization","@id":"https:\/\/equusline-transylvania.ro\/hu\/#organization","name":"Equusline Transylvania","url":"https:\/\/equusline-transylvania.ro\/hu\/","logo":{"@type":"ImageObject","inLanguage":"hu","@id":"https:\/\/equusline-transylvania.ro\/hu\/#\/schema\/logo\/image\/","url":"https:\/\/equusline-transylvania.ro\/wp-content\/uploads\/2024\/10\/equusline-ro.webp","contentUrl":"https:\/\/equusline-transylvania.ro\/wp-content\/uploads\/2024\/10\/equusline-ro.webp","width":864,"height":397,"caption":"Equusline Transylvania"},"image":{"@id":"https:\/\/equusline-transylvania.ro\/hu\/#\/schema\/logo\/image\/"},"sameAs":["https:\/\/www.facebook.com\/profile.php?id=61564679939274","https:\/\/www.instagram.com\/equusline_transylvania"]}]}},"_links":{"self":[{"href":"https:\/\/equusline-transylvania.ro\/hu\/wp-json\/wp\/v2\/product\/307","targetHints":{"allow":["GET"]}}],"collection":[{"href":"https:\/\/equusline-transylvania.ro\/hu\/wp-json\/wp\/v2\/product"}],"about":[{"href":"https:\/\/equusline-transylvania.ro\/hu\/wp-json\/wp\/v2\/types\/product"}],"replies":[{"embeddable":true,"href":"https:\/\/equusline-transylvania.ro\/hu\/wp-json\/wp\/v2\/comments?post=307"}],"wp:featuredmedia":[{"embeddable":true,"href":"https:\/\/equusline-transylvania.ro\/hu\/wp-json\/wp\/v2\/media\/308"}],"wp:attachment":[{"href":"https:\/\/equusline-transylvania.ro\/hu\/wp-json\/wp\/v2\/media?parent=307"}],"wp:term":[{"taxonomy":"product_cat","embeddable":true,"href":"https:\/\/equusline-transylvania.ro\/hu\/wp-json\/wp\/v2\/product_cat?post=307"},{"taxonomy":"product_tag","embeddable":true,"href":"https:\/\/equusline-transylvania.ro\/hu\/wp-json\/wp\/v2\/product_tag?post=307"}],"curies":[{"name":"wp","href":"https:\/\/api.w.org\/{rel}","templated":true}]}}