{"id":20,"date":"2020-01-08T12:42:44","date_gmt":"2020-01-08T11:42:44","guid":{"rendered":"https:\/\/equusline-transylvania.ro\/termek\/new-generation-zabmentes-muzli-alaptakarmany-20-kg\/"},"modified":"2026-01-29T16:08:51","modified_gmt":"2026-01-29T15:08:51","slug":"new-generation-zabmentes-muzli-alaptakarmany-20-kg","status":"publish","type":"product","link":"https:\/\/equusline-transylvania.ro\/hu\/termek\/new-generation-zabmentes-muzli-alaptakarmany-20-kg\/","title":{"rendered":"&#8216;New Generation&#8217; zabmentes m\u00fczli alaptakarm\u00e1ny 20 kg"},"content":{"rendered":"<div>A k\u00f6zkedvelt &#8216;Equusline Cool mix&#8217; tov\u00e1bbfejlesztett v\u00e1ltozata a modern kori l\u00f3takarm\u00e1nyoz\u00e1s szeml\u00e9lete szerint. Magas rost &#8211; \u00e9s egyed\u00fcl\u00e1ll\u00f3an magas olajtartalommal, vitaminokkal \u00e9s \u00e1sv\u00e1nyi anyagokkal. Gazdas\u00e1gos teljes \u00e9rt\u00e9k\u0171, zabmentes m\u00fczli alaptakarm\u00e1ny sportlovaknak, k\u00e9pz\u00e9s alatt \u00e1ll\u00f3 lovaknak \u00e9s hobbilovaknak. Sz\u00e1las takarm\u00e1nnyal eg\u00e9sz\u00edtse ki. Komplex vitamin kieg\u00e9sz\u00edt\u0151vel egy\u00fctt nagy terhel\u00e9s\u0171, kem\u00e9ny munk\u00e1ban l\u00e9v\u0151 sportlovak sz\u00e1m\u00e1ra is elegend\u0151 energiatartalm\u00fa.<\/div>\n<div>Napi adagja: 1,00 kg &#8211; 3,00 kg a l\u00f3 m\u00e9ret\u00e9t\u0151l, terhel\u00e9st\u0151l \u00e9s az egy\u00e9b takarm\u00e1ny mennyis\u00e9g\u00e9t\u0151l \u00e9s \u00f6sszet\u00e9tel\u00e9t\u0151l f\u00fcgg\u0151en.<\/div>\n<div><\/div>\n<div><strong>\u00d6SSZET\u00c9TEL:<\/strong><\/div>\n<div><\/div>\n<div>Em\u00e9szthet\u0151 energia:\u00a02896,4 Kcal\/kg<\/div>\n<div><\/div>\n<div>\u00c1rpa, lucerna pellet, b\u00fazakorpa, sz\u00e1r\u00edtott cukorr\u00e9pa szelet, kukoricapehely, pelyhes\u00edtett \u00e1rpa, pelyhes\u00edtett sz\u00f3ja, sz\u00e1r\u00edtott szentj\u00e1noskeny\u00e9r-h\u00fcvely, p\u00e1lmamagolaj, sz\u00e1r\u00edtott s\u00e1rgar\u00e9pa, bors\u00f3pehely, kalcium karbon\u00e1t (takarm\u00e1nym\u00e9sz), n\u00e1dcukor melasz, n\u00e1trium klorid (s\u00f3).<\/div>\n<div><\/div>\n<div>Nyersfeh\u00e9rje &#8211; 11,5 %<br \/>\nNyersolaj \u00e9s nyerszs\u00edr &#8211; 9,3%<br \/>\nNyers rost &#8211; 10,9 %<br \/>\nNyers hamu &#8211; 7,20 %<br \/>\nKalcium &#8211; 1,14 %<br \/>\nFoszfor &#8211; 0,48 %<br \/>\nN\u00e1trium &#8211; 0,38 %<br \/>\nMagn\u00e9zium\u00a0 &#8211; 0,26 %<br \/>\nKem\u00e9ny\u00edt\u0151: 23,5%<br \/>\nCukor: 5,1%<\/div>\n<div>\n<p><strong><u>Aminosavak<br \/>\n<\/u><\/strong>DL-Metionin 99 (3c301) &#8211; 0,036 %<br \/>\nTriptof\u00e1n &#8211; 0,26 %<\/p>\n<\/div>\n<div><\/div>\n<div>\n<table style=\"height: 1264px;\" width=\"968\">\n<tbody>\n<tr>\n<td colspan=\"3\" width=\"262\"><strong>\u00a0<\/strong><strong><u>Vitaminok, provitaminok<\/u><\/strong><\/td>\n<td colspan=\"3\" width=\"262\"><strong><u>Makro- \u00e9s mikroelemek<\/u><\/strong><\/td>\n<\/tr>\n<tr>\n<td width=\"187\">A Vitamin (3a672a)<\/td>\n<td width=\"38\">18.000<\/td>\n<td width=\"37\">NE \/kg<\/td>\n<td width=\"191\">Vas (vaskarbon\u00e1t) (3b101)<\/td>\n<td width=\"34\">108<\/td>\n<td width=\"37\">mg\/kg<\/td>\n<\/tr>\n<tr>\n<td width=\"187\">D3 Vitamin (3a671)<\/td>\n<td width=\"38\">1.800<\/td>\n<td width=\"37\">NE \/kg<\/td>\n<td width=\"191\">J\u00f3d (k\u00e1lium-jodid) \u00a0(3b201)<\/td>\n<td width=\"34\">0,9<\/td>\n<td width=\"37\">mg\/kg<\/td>\n<\/tr>\n<tr>\n<td width=\"187\">E Vitamin (3a700)<\/td>\n<td width=\"38\">120,0<\/td>\n<td width=\"37\">mg\/kg<\/td>\n<td rowspan=\"2\" width=\"191\">Kobalt (kobalt karbon\u00e1t (II) \u00a0monohidr\u00e1t (3b304)<\/td>\n<td rowspan=\"2\" width=\"34\">0,36<\/td>\n<td rowspan=\"2\" width=\"37\">mg\/kg<\/td>\n<\/tr>\n<tr>\n<td width=\"187\">B1 Vitamin (3a820)<\/td>\n<td width=\"38\">9<\/td>\n<td width=\"37\">mg\/kg<\/td>\n<\/tr>\n<tr>\n<td width=\"187\">B2 Vitamin<\/td>\n<td width=\"38\">5,40<\/td>\n<td width=\"37\">mg\/kg<\/td>\n<td width=\"191\">R\u00e9z (r\u00e9z szulf\u00e1t pentahidr\u00e1t) (E-4)<\/td>\n<td width=\"34\">18<\/td>\n<td width=\"37\">mg\/kg<\/td>\n<\/tr>\n<tr>\n<td width=\"187\">B12 Vitamin<\/td>\n<td width=\"38\">27,00<\/td>\n<td width=\"37\">\u00b5g\/kg<\/td>\n<td width=\"191\">Mang\u00e1n (mang\u00e1n oxid) (3b502)<\/td>\n<td width=\"34\">72<\/td>\n<td width=\"37\">mg\/kg<\/td>\n<\/tr>\n<tr>\n<td width=\"187\">K3 Vitamin (3a711)<\/td>\n<td width=\"38\">3,60<\/td>\n<td width=\"37\">mg\/kg<\/td>\n<td width=\"191\">Cink (cink oxid) (3b603)<\/td>\n<td width=\"34\">90<\/td>\n<td width=\"37\">mg\/kg<\/td>\n<\/tr>\n<tr>\n<td width=\"187\">Biotin (3a880)<\/td>\n<td width=\"38\">0,36<\/td>\n<td width=\"37\">mg\/kg<\/td>\n<td width=\"191\">Cink (cink kel\u00e1t) (3b610)<br \/>\nCink elem\u00e9hez tartoz\u00f3 aminosavak cinkkel\u00e1tj\u00e1nak hidr\u00e1tja (3b610)<\/td>\n<td width=\"34\">6,24<br \/>\n42<\/td>\n<td width=\"37\">mg\/kg<br \/>\nmg\/kg<\/td>\n<\/tr>\n<tr>\n<td width=\"187\">Folsav (3a316)<\/td>\n<td width=\"38\">1,8<\/td>\n<td width=\"37\">mg\/Kg<\/td>\n<td width=\"191\">Szel\u00e9n (szel\u00e9n szelenit (E-8)<\/td>\n<td width=\"34\">0,18<\/td>\n<td width=\"37\">mg\/kg<\/td>\n<\/tr>\n<tr>\n<td width=\"187\">Kolin klorid (3a890)<\/td>\n<td width=\"38\">360<\/td>\n<td width=\"37\">mg\/Kg<\/td>\n<td rowspan=\"2\" width=\"191\">Szelenometionin (szerves szel\u00e9n S. Cerevisiae NCYC R397) (inaktiv\u00e1lt szel\u00e9n \u00e9leszt\u0151) (3b811)<\/td>\n<td rowspan=\"2\" width=\"34\">0,18<\/td>\n<td rowspan=\"2\" width=\"37\">mg\/kg<\/td>\n<\/tr>\n<tr>\n<td width=\"187\">Nikot\u00e9nsav (3a314)<\/td>\n<td width=\"38\">14,4<\/td>\n<td width=\"37\">mg\/Kg<\/td>\n<\/tr>\n<tr>\n<td width=\"187\">Kalcium-pantoten\u00e1t (B5 Vitamin) (3a841)<\/td>\n<td width=\"38\">9<\/td>\n<td width=\"37\">mg\/Kg<\/td>\n<td colspan=\"3\" width=\"262\"><strong><u>Tart\u00f3s\u00edt\u00f3szerek<\/u><\/strong><\/td>\n<\/tr>\n<tr>\n<td colspan=\"3\" width=\"262\"><strong><u>Antioxid\u00e1nsok<\/u><\/strong><\/td>\n<td width=\"191\">Citromsav \u00a0(E-330)<\/td>\n<td width=\"34\">30,8<\/td>\n<td width=\"37\">mg\/kg<\/td>\n<\/tr>\n<tr>\n<td width=\"187\">BHT(E-321)<\/td>\n<td width=\"38\">25,2<\/td>\n<td width=\"37\">mg\/kg<\/td>\n<td width=\"191\">N\u00e1trium-citr\u00e1t (E-331)<\/td>\n<td width=\"34\">0,72<\/td>\n<td width=\"37\">mg\/kg<\/td>\n<\/tr>\n<tr>\n<td width=\"187\">BHA (E-320)<\/td>\n<td width=\"38\">11,88<\/td>\n<td width=\"37\">mg\/kg<\/td>\n<td colspan=\"3\" width=\"262\"><strong><u>K\u00f6t\u0151anyagok<\/u><\/strong><\/td>\n<\/tr>\n<tr>\n<td width=\"187\">Propil-gall\u00e1t (E-310)<\/td>\n<td width=\"38\">0,12<\/td>\n<td width=\"37\">mg\/kg<\/td>\n<td width=\"191\">Szepiolit (E-562)<br \/>\nSzepiolitos\u00a0 agyag<\/td>\n<td width=\"34\">0,108<br \/>\n962,4<\/td>\n<td width=\"37\">%<br \/>\nmg\/kg<\/td>\n<\/tr>\n<\/tbody>\n<\/table>\n<\/div>\n<p>Kiszerel\u00e9s: 20 kg zs\u00e1k<\/p>\n","protected":false},"excerpt":{"rendered":"<p>Gazdas\u00e1gos teljes \u00e9rt\u00e9k\u0171, zabmentes m\u00fczli alaptakarm\u00e1ny sportlovaknak, k\u00e9pz\u00e9s alatt \u00e1ll\u00f3 lovaknak \u00e9s hobbilovaknak magas rost &#8211; \u00e9s olajtartalommal, vitaminokkal \u00e9s \u00e1sv\u00e1nyi anyagokkal.<\/p>\n<p>&nbsp;<\/p>\n","protected":false},"featured_media":21,"comment_status":"open","ping_status":"closed","template":"","meta":{"_et_pb_use_builder":"","_et_pb_old_content":"","_et_gb_content_width":""},"product_cat":[98],"product_tag":[86],"class_list":{"0":"post-20","1":"product","2":"type-product","3":"status-publish","4":"has-post-thumbnail","6":"product_cat-equusline-lotapok","7":"product_tag-lovaknak","9":"first","10":"instock","11":"taxable","12":"shipping-taxable","13":"purchasable","14":"product-type-simple"},"yoast_head":"<!-- This site is optimized with the Yoast SEO plugin v24.0 - https:\/\/yoast.com\/wordpress\/plugins\/seo\/ -->\n<title>&#039;New Generation&#039; zabmentes m\u00fczli alaptakarm\u00e1ny 20 kg - Equusline Transylvania<\/title>\n<meta name=\"robots\" content=\"index, follow, max-snippet:-1, max-image-preview:large, max-video-preview:-1\" \/>\n<link rel=\"canonical\" href=\"https:\/\/equusline-transylvania.ro\/hu\/termek\/new-generation-zabmentes-muzli-alaptakarmany-20-kg\/\" \/>\n<meta property=\"og:locale\" content=\"hu_HU\" \/>\n<meta property=\"og:type\" content=\"article\" \/>\n<meta property=\"og:title\" content=\"&#039;New Generation&#039; zabmentes m\u00fczli alaptakarm\u00e1ny 20 kg - Equusline Transylvania\" \/>\n<meta property=\"og:description\" content=\"Gazdas\u00e1gos teljes \u00e9rt\u00e9k\u0171, zabmentes m\u00fczli alaptakarm\u00e1ny sportlovaknak, k\u00e9pz\u00e9s alatt \u00e1ll\u00f3 lovaknak \u00e9s hobbilovaknak magas rost - \u00e9s olajtartalommal, vitaminokkal \u00e9s \u00e1sv\u00e1nyi anyagokkal.  &nbsp;\" \/>\n<meta property=\"og:url\" content=\"https:\/\/equusline-transylvania.ro\/hu\/termek\/new-generation-zabmentes-muzli-alaptakarmany-20-kg\/\" \/>\n<meta property=\"og:site_name\" content=\"Equusline Transylvania\" \/>\n<meta property=\"article:publisher\" content=\"https:\/\/www.facebook.com\/profile.php?id=61564679939274\" \/>\n<meta property=\"article:modified_time\" content=\"2026-01-29T15:08:51+00:00\" \/>\n<meta property=\"og:image\" content=\"https:\/\/equusline-transylvania.ro\/wp-content\/uploads\/2024\/10\/elite-sport-high-energy-mix.png\" \/>\n\t<meta property=\"og:image:width\" content=\"607\" \/>\n\t<meta property=\"og:image:height\" content=\"756\" \/>\n\t<meta property=\"og:image:type\" content=\"image\/png\" \/>\n<meta name=\"twitter:card\" content=\"summary_large_image\" \/>\n<meta name=\"twitter:label1\" content=\"Becs\u00fclt olvas\u00e1si id\u0151\" \/>\n\t<meta name=\"twitter:data1\" content=\"2 perc\" \/>\n<script type=\"application\/ld+json\" class=\"yoast-schema-graph\">{\"@context\":\"https:\/\/schema.org\",\"@graph\":[{\"@type\":\"WebPage\",\"@id\":\"https:\/\/equusline-transylvania.ro\/termek\/new-generation-zabmentes-muzli-alaptakarmany-20-kg\/\",\"url\":\"https:\/\/equusline-transylvania.ro\/termek\/new-generation-zabmentes-muzli-alaptakarmany-20-kg\/\",\"name\":\"'New Generation' zabmentes m\u00fczli alaptakarm\u00e1ny 20 kg - Equusline Transylvania\",\"isPartOf\":{\"@id\":\"https:\/\/equusline-transylvania.ro\/hu\/#website\"},\"primaryImageOfPage\":{\"@id\":\"https:\/\/equusline-transylvania.ro\/termek\/new-generation-zabmentes-muzli-alaptakarmany-20-kg\/#primaryimage\"},\"image\":{\"@id\":\"https:\/\/equusline-transylvania.ro\/termek\/new-generation-zabmentes-muzli-alaptakarmany-20-kg\/#primaryimage\"},\"thumbnailUrl\":\"https:\/\/equusline-transylvania.ro\/wp-content\/uploads\/2024\/10\/elite-sport-high-energy-mix.png\",\"datePublished\":\"2020-01-08T11:42:44+00:00\",\"dateModified\":\"2026-01-29T15:08:51+00:00\",\"breadcrumb\":{\"@id\":\"https:\/\/equusline-transylvania.ro\/termek\/new-generation-zabmentes-muzli-alaptakarmany-20-kg\/#breadcrumb\"},\"inLanguage\":\"hu\",\"potentialAction\":[{\"@type\":\"ReadAction\",\"target\":[\"https:\/\/equusline-transylvania.ro\/termek\/new-generation-zabmentes-muzli-alaptakarmany-20-kg\/\"]}]},{\"@type\":\"ImageObject\",\"inLanguage\":\"hu\",\"@id\":\"https:\/\/equusline-transylvania.ro\/termek\/new-generation-zabmentes-muzli-alaptakarmany-20-kg\/#primaryimage\",\"url\":\"https:\/\/equusline-transylvania.ro\/wp-content\/uploads\/2024\/10\/elite-sport-high-energy-mix.png\",\"contentUrl\":\"https:\/\/equusline-transylvania.ro\/wp-content\/uploads\/2024\/10\/elite-sport-high-energy-mix.png\",\"width\":607,\"height\":756},{\"@type\":\"BreadcrumbList\",\"@id\":\"https:\/\/equusline-transylvania.ro\/termek\/new-generation-zabmentes-muzli-alaptakarmany-20-kg\/#breadcrumb\",\"itemListElement\":[{\"@type\":\"ListItem\",\"position\":1,\"name\":\"Kezd\u0151lap\",\"item\":\"https:\/\/equusline-transylvania.ro\/\"},{\"@type\":\"ListItem\",\"position\":2,\"name\":\"Term\u00e9keink\",\"item\":\"https:\/\/equusline-transylvania.ro\/\"},{\"@type\":\"ListItem\",\"position\":3,\"name\":\"&#8216;New Generation&#8217; zabmentes m\u00fczli alaptakarm\u00e1ny 20 kg\"}]},{\"@type\":\"WebSite\",\"@id\":\"https:\/\/equusline-transylvania.ro\/hu\/#website\",\"url\":\"https:\/\/equusline-transylvania.ro\/hu\/\",\"name\":\"Equusline Transylvania\",\"description\":\"\",\"publisher\":{\"@id\":\"https:\/\/equusline-transylvania.ro\/hu\/#organization\"},\"potentialAction\":[{\"@type\":\"SearchAction\",\"target\":{\"@type\":\"EntryPoint\",\"urlTemplate\":\"https:\/\/equusline-transylvania.ro\/hu\/?s={search_term_string}\"},\"query-input\":{\"@type\":\"PropertyValueSpecification\",\"valueRequired\":true,\"valueName\":\"search_term_string\"}}],\"inLanguage\":\"hu\"},{\"@type\":\"Organization\",\"@id\":\"https:\/\/equusline-transylvania.ro\/hu\/#organization\",\"name\":\"Equusline Transylvania\",\"url\":\"https:\/\/equusline-transylvania.ro\/hu\/\",\"logo\":{\"@type\":\"ImageObject\",\"inLanguage\":\"hu\",\"@id\":\"https:\/\/equusline-transylvania.ro\/hu\/#\/schema\/logo\/image\/\",\"url\":\"https:\/\/equusline-transylvania.ro\/wp-content\/uploads\/2024\/10\/equusline-ro.webp\",\"contentUrl\":\"https:\/\/equusline-transylvania.ro\/wp-content\/uploads\/2024\/10\/equusline-ro.webp\",\"width\":864,\"height\":397,\"caption\":\"Equusline Transylvania\"},\"image\":{\"@id\":\"https:\/\/equusline-transylvania.ro\/hu\/#\/schema\/logo\/image\/\"},\"sameAs\":[\"https:\/\/www.facebook.com\/profile.php?id=61564679939274\",\"https:\/\/www.instagram.com\/equusline_transylvania\"]}]}<\/script>\n<!-- \/ Yoast SEO plugin. -->","yoast_head_json":{"title":"'New Generation' zabmentes m\u00fczli alaptakarm\u00e1ny 20 kg - Equusline Transylvania","robots":{"index":"index","follow":"follow","max-snippet":"max-snippet:-1","max-image-preview":"max-image-preview:large","max-video-preview":"max-video-preview:-1"},"canonical":"https:\/\/equusline-transylvania.ro\/hu\/termek\/new-generation-zabmentes-muzli-alaptakarmany-20-kg\/","og_locale":"hu_HU","og_type":"article","og_title":"'New Generation' zabmentes m\u00fczli alaptakarm\u00e1ny 20 kg - Equusline Transylvania","og_description":"Gazdas\u00e1gos teljes \u00e9rt\u00e9k\u0171, zabmentes m\u00fczli alaptakarm\u00e1ny sportlovaknak, k\u00e9pz\u00e9s alatt \u00e1ll\u00f3 lovaknak \u00e9s hobbilovaknak magas rost - \u00e9s olajtartalommal, vitaminokkal \u00e9s \u00e1sv\u00e1nyi anyagokkal.  &nbsp;","og_url":"https:\/\/equusline-transylvania.ro\/hu\/termek\/new-generation-zabmentes-muzli-alaptakarmany-20-kg\/","og_site_name":"Equusline Transylvania","article_publisher":"https:\/\/www.facebook.com\/profile.php?id=61564679939274","article_modified_time":"2026-01-29T15:08:51+00:00","og_image":[{"width":607,"height":756,"url":"https:\/\/equusline-transylvania.ro\/wp-content\/uploads\/2024\/10\/elite-sport-high-energy-mix.png","type":"image\/png"}],"twitter_card":"summary_large_image","twitter_misc":{"Becs\u00fclt olvas\u00e1si id\u0151":"2 perc"},"schema":{"@context":"https:\/\/schema.org","@graph":[{"@type":"WebPage","@id":"https:\/\/equusline-transylvania.ro\/termek\/new-generation-zabmentes-muzli-alaptakarmany-20-kg\/","url":"https:\/\/equusline-transylvania.ro\/termek\/new-generation-zabmentes-muzli-alaptakarmany-20-kg\/","name":"'New Generation' zabmentes m\u00fczli alaptakarm\u00e1ny 20 kg - Equusline Transylvania","isPartOf":{"@id":"https:\/\/equusline-transylvania.ro\/hu\/#website"},"primaryImageOfPage":{"@id":"https:\/\/equusline-transylvania.ro\/termek\/new-generation-zabmentes-muzli-alaptakarmany-20-kg\/#primaryimage"},"image":{"@id":"https:\/\/equusline-transylvania.ro\/termek\/new-generation-zabmentes-muzli-alaptakarmany-20-kg\/#primaryimage"},"thumbnailUrl":"https:\/\/equusline-transylvania.ro\/wp-content\/uploads\/2024\/10\/elite-sport-high-energy-mix.png","datePublished":"2020-01-08T11:42:44+00:00","dateModified":"2026-01-29T15:08:51+00:00","breadcrumb":{"@id":"https:\/\/equusline-transylvania.ro\/termek\/new-generation-zabmentes-muzli-alaptakarmany-20-kg\/#breadcrumb"},"inLanguage":"hu","potentialAction":[{"@type":"ReadAction","target":["https:\/\/equusline-transylvania.ro\/termek\/new-generation-zabmentes-muzli-alaptakarmany-20-kg\/"]}]},{"@type":"ImageObject","inLanguage":"hu","@id":"https:\/\/equusline-transylvania.ro\/termek\/new-generation-zabmentes-muzli-alaptakarmany-20-kg\/#primaryimage","url":"https:\/\/equusline-transylvania.ro\/wp-content\/uploads\/2024\/10\/elite-sport-high-energy-mix.png","contentUrl":"https:\/\/equusline-transylvania.ro\/wp-content\/uploads\/2024\/10\/elite-sport-high-energy-mix.png","width":607,"height":756},{"@type":"BreadcrumbList","@id":"https:\/\/equusline-transylvania.ro\/termek\/new-generation-zabmentes-muzli-alaptakarmany-20-kg\/#breadcrumb","itemListElement":[{"@type":"ListItem","position":1,"name":"Kezd\u0151lap","item":"https:\/\/equusline-transylvania.ro\/"},{"@type":"ListItem","position":2,"name":"Term\u00e9keink","item":"https:\/\/equusline-transylvania.ro\/"},{"@type":"ListItem","position":3,"name":"&#8216;New Generation&#8217; zabmentes m\u00fczli alaptakarm\u00e1ny 20 kg"}]},{"@type":"WebSite","@id":"https:\/\/equusline-transylvania.ro\/hu\/#website","url":"https:\/\/equusline-transylvania.ro\/hu\/","name":"Equusline Transylvania","description":"","publisher":{"@id":"https:\/\/equusline-transylvania.ro\/hu\/#organization"},"potentialAction":[{"@type":"SearchAction","target":{"@type":"EntryPoint","urlTemplate":"https:\/\/equusline-transylvania.ro\/hu\/?s={search_term_string}"},"query-input":{"@type":"PropertyValueSpecification","valueRequired":true,"valueName":"search_term_string"}}],"inLanguage":"hu"},{"@type":"Organization","@id":"https:\/\/equusline-transylvania.ro\/hu\/#organization","name":"Equusline Transylvania","url":"https:\/\/equusline-transylvania.ro\/hu\/","logo":{"@type":"ImageObject","inLanguage":"hu","@id":"https:\/\/equusline-transylvania.ro\/hu\/#\/schema\/logo\/image\/","url":"https:\/\/equusline-transylvania.ro\/wp-content\/uploads\/2024\/10\/equusline-ro.webp","contentUrl":"https:\/\/equusline-transylvania.ro\/wp-content\/uploads\/2024\/10\/equusline-ro.webp","width":864,"height":397,"caption":"Equusline Transylvania"},"image":{"@id":"https:\/\/equusline-transylvania.ro\/hu\/#\/schema\/logo\/image\/"},"sameAs":["https:\/\/www.facebook.com\/profile.php?id=61564679939274","https:\/\/www.instagram.com\/equusline_transylvania"]}]}},"_links":{"self":[{"href":"https:\/\/equusline-transylvania.ro\/hu\/wp-json\/wp\/v2\/product\/20","targetHints":{"allow":["GET"]}}],"collection":[{"href":"https:\/\/equusline-transylvania.ro\/hu\/wp-json\/wp\/v2\/product"}],"about":[{"href":"https:\/\/equusline-transylvania.ro\/hu\/wp-json\/wp\/v2\/types\/product"}],"replies":[{"embeddable":true,"href":"https:\/\/equusline-transylvania.ro\/hu\/wp-json\/wp\/v2\/comments?post=20"}],"wp:featuredmedia":[{"embeddable":true,"href":"https:\/\/equusline-transylvania.ro\/hu\/wp-json\/wp\/v2\/media\/21"}],"wp:attachment":[{"href":"https:\/\/equusline-transylvania.ro\/hu\/wp-json\/wp\/v2\/media?parent=20"}],"wp:term":[{"taxonomy":"product_cat","embeddable":true,"href":"https:\/\/equusline-transylvania.ro\/hu\/wp-json\/wp\/v2\/product_cat?post=20"},{"taxonomy":"product_tag","embeddable":true,"href":"https:\/\/equusline-transylvania.ro\/hu\/wp-json\/wp\/v2\/product_tag?post=20"}],"curies":[{"name":"wp","href":"https:\/\/api.w.org\/{rel}","templated":true}]}}