{"id":13,"date":"2014-09-08T12:38:14","date_gmt":"2014-09-08T10:38:14","guid":{"rendered":"https:\/\/equusline-transylvania.ro\/termek\/sport-mix-zabmentes-muzli-kozepes-terheleshez\/"},"modified":"2026-01-30T09:16:54","modified_gmt":"2026-01-30T08:16:54","slug":"sport-mix-zabmentes-muzli-kozepes-terheleshez","status":"publish","type":"product","link":"https:\/\/equusline-transylvania.ro\/hu\/termek\/sport-mix-zabmentes-muzli-kozepes-terheleshez\/","title":{"rendered":"&#8216;Sport Mix&#8217; zabmentes m\u00fczli 20 kg"},"content":{"rendered":"<div>Zabmentes m\u00fczli k\u00f6zepes terhel\u00e9s alatt \u00e1ll\u00f3 sportlovaknak, k\u00e9pz\u00e9s alatt \u00e1ll\u00f3 lovaknak \u00e9s rendszeresen dolgoz\u00f3 hobbilovaknak. Gazdas\u00e1gos alaptakarm\u00e1ny, amelyet sz\u00e1las takarm\u00e1nnyal eg\u00e9sz\u00edtsen ki. Komplex vitamin kieg\u00e9sz\u00edt\u0151vel egy\u00fctt kem\u00e9ny munka eset\u00e9n is elegend\u0151.<\/div>\n<div>Napi adagja: 1,00 kg &#8211; 3,00 kg a l\u00f3 m\u00e9ret\u00e9t\u0151l, terhel\u00e9st\u0151l \u00e9s az egy\u00e9b t\u00e1pl\u00e1l\u00e9k mennyis\u00e9g\u00e9t\u0151l \u00e9s \u00f6sszet\u00e9tel\u00e9t\u0151l f\u00fcgg\u0151en.<\/div>\n<div><\/div>\n<div><strong>\u00d6SSZET\u00c9TEL:<\/strong><\/div>\n<div><\/div>\n<div>Em\u00e9szthet\u0151 energia: 2591,953 Kcal\/kg<\/div>\n<div><\/div>\n<div>B\u00fazakorpa, lucerna, pelyhes\u00edtett sz\u00f3ja, sz\u00e1r\u00edtott szentj\u00e1noskeny\u00e9rmag, kukoricapehely, pelyhes\u00edtett \u00e1rpa, takarm\u00e1nym\u00e9sz adal\u00e9k, p\u00e1lmaolaj, cukorn\u00e1d melasz, n\u00e1trium klorid (s\u00f3).<\/div>\n<div><\/div>\n<div>Nyersfeh\u00e9rje &#8211; 12,90 %<br \/>\nNyersolaj \u00e9s nyerszs\u00edr-\u00a0 3,40 %<br \/>\nNyers rost &#8211; 14,70 %<br \/>\nNyers hamu &#8211; 8,50 %<br \/>\nKalcium &#8211; 1,27 %<br \/>\nFoszfor\u00a0 &#8211; 0,58 %<br \/>\nN\u00e1trium &#8211; 0,34 %<\/div>\n<div>Kem\u00e9ny\u00edt\u0151: 16,71%<br \/>\nCukor: 6,73%<\/div>\n<p><strong>Vitaminok, provitaminok \u00e9s egy\u00e9b anyagok<\/strong><\/p>\n<p>A Vitamin &#8211; 8.129,00\u00a0 \u00a0 \u00a0 NE\/kg<br \/>\nD3 Vitamin\u00a0 &#8211; 813,00\u00a0 \u00a0 \u00a0 NE\/kg<br \/>\nE Vitamin (alpha-tocopherol) &#8211; 81,30\u00a0\u00a0\u00a0\u00a0 mg\/Kg<br \/>\nB1 Vitamin &#8211; 4,10\u00a0\u00a0\u00a0\u00a0 mg\/Kg<br \/>\nB2 Vitamin &#8211; 2,44\u00a0\u00a0\u00a0\u00a0 mg\/Kg<br \/>\nB12 Vitamin &#8211; 12,20\u00a0 mcgr\/Kg<br \/>\nK Vitamin &#8211; 1,60\u00a0\u00a0\u00a0\u00a0 mg\/Kg<br \/>\nBiotin &#8211; 0,30\u00a0\u00a0\u00a0\u00a0 mg\/Kg<br \/>\nFolsav &#8211; 0,80\u00a0\u00a0\u00a0\u00a0 mg\/Kg<br \/>\nKolin klorid &#8211; 181,00\u00a0\u00a0\u00a0\u00a0 mg\/Kg<br \/>\nNiacin &#8211; 6,50\u00a0\u00a0\u00a0\u00a0 mg\/Kg<br \/>\nPantot\u00e9nsav (B5 Vitamin) &#8211; 4,10\u00a0\u00a0\u00a0\u00a0 mg\/Kg<\/p>\n<p><strong>Makro- \u00e9s mikroelemek<\/strong><\/p>\n<p>Vas (vaskarbon\u00e1t) &#8211; 54,20 mg\/Kg<br \/>\nJ\u00f3d (k\u00e1lium-jodid) &#8211; 0,50 mg\/kg<br \/>\nKobalt (kobalt karbon\u00e1t\u00a0monohidr\u00e1t) &#8211; 0,45 mg\/kg<br \/>\nR\u00e9z (r\u00e9z szulf\u00e1t pentahidr\u00e1t) &#8211; 9,00 mg\/kg<br \/>\nMang\u00e1n (mang\u00e1n oxid) &#8211;\u00a0 36,10 mg\/kg<br \/>\nCink (cink szulf\u00e1t monohidr\u00e1t) &#8211; 54,20 mg\/kg<br \/>\nSzel\u00e9n (szel\u00e9n szelenit) &#8211; 0,09 mg\/kg<\/p>\n<p>Kiszerel\u00e9s: 20 kg zs\u00e1k<\/p>\n","protected":false},"excerpt":{"rendered":"<p>Zabmentes m\u00fczli k\u00f6zepes terhel\u00e9s alatt \u00e1ll\u00f3 sportlovaknak, k\u00e9pz\u00e9s alatt \u00e1ll\u00f3 lovaknak \u00e9s hobbilovaknak. Gazdas\u00e1gos alaptakarm\u00e1ny.<\/p>\n<p>&nbsp;<\/p>\n","protected":false},"featured_media":14,"comment_status":"open","ping_status":"closed","template":"","meta":{"_et_pb_use_builder":"","_et_pb_old_content":"","_et_gb_content_width":""},"product_cat":[98],"product_tag":[86],"class_list":{"0":"post-13","1":"product","2":"type-product","3":"status-publish","4":"has-post-thumbnail","6":"product_cat-equusline-lotapok","7":"product_tag-lovaknak","9":"first","10":"instock","11":"taxable","12":"shipping-taxable","13":"purchasable","14":"product-type-simple"},"yoast_head":"<!-- This site is optimized with the Yoast SEO plugin v24.0 - https:\/\/yoast.com\/wordpress\/plugins\/seo\/ -->\n<title>&#039;Sport Mix&#039; zabmentes m\u00fczli 20 kg - Equusline Transylvania<\/title>\n<meta name=\"robots\" content=\"index, follow, max-snippet:-1, max-image-preview:large, max-video-preview:-1\" \/>\n<link rel=\"canonical\" href=\"https:\/\/equusline-transylvania.ro\/hu\/termek\/sport-mix-zabmentes-muzli-kozepes-terheleshez\/\" \/>\n<meta property=\"og:locale\" content=\"hu_HU\" \/>\n<meta property=\"og:type\" content=\"article\" \/>\n<meta property=\"og:title\" content=\"&#039;Sport Mix&#039; zabmentes m\u00fczli 20 kg - Equusline Transylvania\" \/>\n<meta property=\"og:description\" content=\"Zabmentes m\u00fczli k\u00f6zepes terhel\u00e9s alatt \u00e1ll\u00f3 sportlovaknak, k\u00e9pz\u00e9s alatt \u00e1ll\u00f3 lovaknak \u00e9s hobbilovaknak. Gazdas\u00e1gos alaptakarm\u00e1ny.  &nbsp;\" \/>\n<meta property=\"og:url\" content=\"https:\/\/equusline-transylvania.ro\/hu\/termek\/sport-mix-zabmentes-muzli-kozepes-terheleshez\/\" \/>\n<meta property=\"og:site_name\" content=\"Equusline Transylvania\" \/>\n<meta property=\"article:publisher\" content=\"https:\/\/www.facebook.com\/profile.php?id=61564679939274\" \/>\n<meta property=\"article:modified_time\" content=\"2026-01-30T08:16:54+00:00\" \/>\n<meta property=\"og:image\" content=\"https:\/\/equusline-transylvania.ro\/wp-content\/uploads\/2024\/10\/performance-sport-mix.png\" \/>\n\t<meta property=\"og:image:width\" content=\"607\" \/>\n\t<meta property=\"og:image:height\" content=\"756\" \/>\n\t<meta property=\"og:image:type\" content=\"image\/png\" \/>\n<meta name=\"twitter:card\" content=\"summary_large_image\" \/>\n<meta name=\"twitter:label1\" content=\"Becs\u00fclt olvas\u00e1si id\u0151\" \/>\n\t<meta name=\"twitter:data1\" content=\"1 perc\" \/>\n<script type=\"application\/ld+json\" class=\"yoast-schema-graph\">{\"@context\":\"https:\/\/schema.org\",\"@graph\":[{\"@type\":\"WebPage\",\"@id\":\"https:\/\/equusline-transylvania.ro\/termek\/sport-mix-zabmentes-muzli-kozepes-terheleshez\/\",\"url\":\"https:\/\/equusline-transylvania.ro\/termek\/sport-mix-zabmentes-muzli-kozepes-terheleshez\/\",\"name\":\"'Sport Mix' zabmentes m\u00fczli 20 kg - Equusline Transylvania\",\"isPartOf\":{\"@id\":\"https:\/\/equusline-transylvania.ro\/hu\/#website\"},\"primaryImageOfPage\":{\"@id\":\"https:\/\/equusline-transylvania.ro\/termek\/sport-mix-zabmentes-muzli-kozepes-terheleshez\/#primaryimage\"},\"image\":{\"@id\":\"https:\/\/equusline-transylvania.ro\/termek\/sport-mix-zabmentes-muzli-kozepes-terheleshez\/#primaryimage\"},\"thumbnailUrl\":\"https:\/\/equusline-transylvania.ro\/wp-content\/uploads\/2024\/10\/performance-sport-mix.png\",\"datePublished\":\"2014-09-08T10:38:14+00:00\",\"dateModified\":\"2026-01-30T08:16:54+00:00\",\"breadcrumb\":{\"@id\":\"https:\/\/equusline-transylvania.ro\/termek\/sport-mix-zabmentes-muzli-kozepes-terheleshez\/#breadcrumb\"},\"inLanguage\":\"hu\",\"potentialAction\":[{\"@type\":\"ReadAction\",\"target\":[\"https:\/\/equusline-transylvania.ro\/termek\/sport-mix-zabmentes-muzli-kozepes-terheleshez\/\"]}]},{\"@type\":\"ImageObject\",\"inLanguage\":\"hu\",\"@id\":\"https:\/\/equusline-transylvania.ro\/termek\/sport-mix-zabmentes-muzli-kozepes-terheleshez\/#primaryimage\",\"url\":\"https:\/\/equusline-transylvania.ro\/wp-content\/uploads\/2024\/10\/performance-sport-mix.png\",\"contentUrl\":\"https:\/\/equusline-transylvania.ro\/wp-content\/uploads\/2024\/10\/performance-sport-mix.png\",\"width\":607,\"height\":756},{\"@type\":\"BreadcrumbList\",\"@id\":\"https:\/\/equusline-transylvania.ro\/termek\/sport-mix-zabmentes-muzli-kozepes-terheleshez\/#breadcrumb\",\"itemListElement\":[{\"@type\":\"ListItem\",\"position\":1,\"name\":\"Kezd\u0151lap\",\"item\":\"https:\/\/equusline-transylvania.ro\/\"},{\"@type\":\"ListItem\",\"position\":2,\"name\":\"Term\u00e9keink\",\"item\":\"https:\/\/equusline-transylvania.ro\/\"},{\"@type\":\"ListItem\",\"position\":3,\"name\":\"&#8216;Sport Mix&#8217; zabmentes m\u00fczli 20 kg\"}]},{\"@type\":\"WebSite\",\"@id\":\"https:\/\/equusline-transylvania.ro\/hu\/#website\",\"url\":\"https:\/\/equusline-transylvania.ro\/hu\/\",\"name\":\"Equusline Transylvania\",\"description\":\"\",\"publisher\":{\"@id\":\"https:\/\/equusline-transylvania.ro\/hu\/#organization\"},\"potentialAction\":[{\"@type\":\"SearchAction\",\"target\":{\"@type\":\"EntryPoint\",\"urlTemplate\":\"https:\/\/equusline-transylvania.ro\/hu\/?s={search_term_string}\"},\"query-input\":{\"@type\":\"PropertyValueSpecification\",\"valueRequired\":true,\"valueName\":\"search_term_string\"}}],\"inLanguage\":\"hu\"},{\"@type\":\"Organization\",\"@id\":\"https:\/\/equusline-transylvania.ro\/hu\/#organization\",\"name\":\"Equusline Transylvania\",\"url\":\"https:\/\/equusline-transylvania.ro\/hu\/\",\"logo\":{\"@type\":\"ImageObject\",\"inLanguage\":\"hu\",\"@id\":\"https:\/\/equusline-transylvania.ro\/hu\/#\/schema\/logo\/image\/\",\"url\":\"https:\/\/equusline-transylvania.ro\/wp-content\/uploads\/2024\/10\/equusline-ro.webp\",\"contentUrl\":\"https:\/\/equusline-transylvania.ro\/wp-content\/uploads\/2024\/10\/equusline-ro.webp\",\"width\":864,\"height\":397,\"caption\":\"Equusline Transylvania\"},\"image\":{\"@id\":\"https:\/\/equusline-transylvania.ro\/hu\/#\/schema\/logo\/image\/\"},\"sameAs\":[\"https:\/\/www.facebook.com\/profile.php?id=61564679939274\",\"https:\/\/www.instagram.com\/equusline_transylvania\"]}]}<\/script>\n<!-- \/ Yoast SEO plugin. -->","yoast_head_json":{"title":"'Sport Mix' zabmentes m\u00fczli 20 kg - Equusline Transylvania","robots":{"index":"index","follow":"follow","max-snippet":"max-snippet:-1","max-image-preview":"max-image-preview:large","max-video-preview":"max-video-preview:-1"},"canonical":"https:\/\/equusline-transylvania.ro\/hu\/termek\/sport-mix-zabmentes-muzli-kozepes-terheleshez\/","og_locale":"hu_HU","og_type":"article","og_title":"'Sport Mix' zabmentes m\u00fczli 20 kg - Equusline Transylvania","og_description":"Zabmentes m\u00fczli k\u00f6zepes terhel\u00e9s alatt \u00e1ll\u00f3 sportlovaknak, k\u00e9pz\u00e9s alatt \u00e1ll\u00f3 lovaknak \u00e9s hobbilovaknak. Gazdas\u00e1gos alaptakarm\u00e1ny.  &nbsp;","og_url":"https:\/\/equusline-transylvania.ro\/hu\/termek\/sport-mix-zabmentes-muzli-kozepes-terheleshez\/","og_site_name":"Equusline Transylvania","article_publisher":"https:\/\/www.facebook.com\/profile.php?id=61564679939274","article_modified_time":"2026-01-30T08:16:54+00:00","og_image":[{"width":607,"height":756,"url":"https:\/\/equusline-transylvania.ro\/wp-content\/uploads\/2024\/10\/performance-sport-mix.png","type":"image\/png"}],"twitter_card":"summary_large_image","twitter_misc":{"Becs\u00fclt olvas\u00e1si id\u0151":"1 perc"},"schema":{"@context":"https:\/\/schema.org","@graph":[{"@type":"WebPage","@id":"https:\/\/equusline-transylvania.ro\/termek\/sport-mix-zabmentes-muzli-kozepes-terheleshez\/","url":"https:\/\/equusline-transylvania.ro\/termek\/sport-mix-zabmentes-muzli-kozepes-terheleshez\/","name":"'Sport Mix' zabmentes m\u00fczli 20 kg - Equusline Transylvania","isPartOf":{"@id":"https:\/\/equusline-transylvania.ro\/hu\/#website"},"primaryImageOfPage":{"@id":"https:\/\/equusline-transylvania.ro\/termek\/sport-mix-zabmentes-muzli-kozepes-terheleshez\/#primaryimage"},"image":{"@id":"https:\/\/equusline-transylvania.ro\/termek\/sport-mix-zabmentes-muzli-kozepes-terheleshez\/#primaryimage"},"thumbnailUrl":"https:\/\/equusline-transylvania.ro\/wp-content\/uploads\/2024\/10\/performance-sport-mix.png","datePublished":"2014-09-08T10:38:14+00:00","dateModified":"2026-01-30T08:16:54+00:00","breadcrumb":{"@id":"https:\/\/equusline-transylvania.ro\/termek\/sport-mix-zabmentes-muzli-kozepes-terheleshez\/#breadcrumb"},"inLanguage":"hu","potentialAction":[{"@type":"ReadAction","target":["https:\/\/equusline-transylvania.ro\/termek\/sport-mix-zabmentes-muzli-kozepes-terheleshez\/"]}]},{"@type":"ImageObject","inLanguage":"hu","@id":"https:\/\/equusline-transylvania.ro\/termek\/sport-mix-zabmentes-muzli-kozepes-terheleshez\/#primaryimage","url":"https:\/\/equusline-transylvania.ro\/wp-content\/uploads\/2024\/10\/performance-sport-mix.png","contentUrl":"https:\/\/equusline-transylvania.ro\/wp-content\/uploads\/2024\/10\/performance-sport-mix.png","width":607,"height":756},{"@type":"BreadcrumbList","@id":"https:\/\/equusline-transylvania.ro\/termek\/sport-mix-zabmentes-muzli-kozepes-terheleshez\/#breadcrumb","itemListElement":[{"@type":"ListItem","position":1,"name":"Kezd\u0151lap","item":"https:\/\/equusline-transylvania.ro\/"},{"@type":"ListItem","position":2,"name":"Term\u00e9keink","item":"https:\/\/equusline-transylvania.ro\/"},{"@type":"ListItem","position":3,"name":"&#8216;Sport Mix&#8217; zabmentes m\u00fczli 20 kg"}]},{"@type":"WebSite","@id":"https:\/\/equusline-transylvania.ro\/hu\/#website","url":"https:\/\/equusline-transylvania.ro\/hu\/","name":"Equusline Transylvania","description":"","publisher":{"@id":"https:\/\/equusline-transylvania.ro\/hu\/#organization"},"potentialAction":[{"@type":"SearchAction","target":{"@type":"EntryPoint","urlTemplate":"https:\/\/equusline-transylvania.ro\/hu\/?s={search_term_string}"},"query-input":{"@type":"PropertyValueSpecification","valueRequired":true,"valueName":"search_term_string"}}],"inLanguage":"hu"},{"@type":"Organization","@id":"https:\/\/equusline-transylvania.ro\/hu\/#organization","name":"Equusline Transylvania","url":"https:\/\/equusline-transylvania.ro\/hu\/","logo":{"@type":"ImageObject","inLanguage":"hu","@id":"https:\/\/equusline-transylvania.ro\/hu\/#\/schema\/logo\/image\/","url":"https:\/\/equusline-transylvania.ro\/wp-content\/uploads\/2024\/10\/equusline-ro.webp","contentUrl":"https:\/\/equusline-transylvania.ro\/wp-content\/uploads\/2024\/10\/equusline-ro.webp","width":864,"height":397,"caption":"Equusline Transylvania"},"image":{"@id":"https:\/\/equusline-transylvania.ro\/hu\/#\/schema\/logo\/image\/"},"sameAs":["https:\/\/www.facebook.com\/profile.php?id=61564679939274","https:\/\/www.instagram.com\/equusline_transylvania"]}]}},"_links":{"self":[{"href":"https:\/\/equusline-transylvania.ro\/hu\/wp-json\/wp\/v2\/product\/13","targetHints":{"allow":["GET"]}}],"collection":[{"href":"https:\/\/equusline-transylvania.ro\/hu\/wp-json\/wp\/v2\/product"}],"about":[{"href":"https:\/\/equusline-transylvania.ro\/hu\/wp-json\/wp\/v2\/types\/product"}],"replies":[{"embeddable":true,"href":"https:\/\/equusline-transylvania.ro\/hu\/wp-json\/wp\/v2\/comments?post=13"}],"wp:featuredmedia":[{"embeddable":true,"href":"https:\/\/equusline-transylvania.ro\/hu\/wp-json\/wp\/v2\/media\/14"}],"wp:attachment":[{"href":"https:\/\/equusline-transylvania.ro\/hu\/wp-json\/wp\/v2\/media?parent=13"}],"wp:term":[{"taxonomy":"product_cat","embeddable":true,"href":"https:\/\/equusline-transylvania.ro\/hu\/wp-json\/wp\/v2\/product_cat?post=13"},{"taxonomy":"product_tag","embeddable":true,"href":"https:\/\/equusline-transylvania.ro\/hu\/wp-json\/wp\/v2\/product_tag?post=13"}],"curies":[{"name":"wp","href":"https:\/\/api.w.org\/{rel}","templated":true}]}}