{"id":193,"date":"2024-10-31T06:55:18","date_gmt":"2024-10-31T05:55:18","guid":{"rendered":"https:\/\/equusline-transylvania.ro\/?page_id=193"},"modified":"2024-11-12T18:32:28","modified_gmt":"2024-11-12T17:32:28","slug":"termekeink","status":"publish","type":"page","link":"https:\/\/equusline-transylvania.ro\/hu\/","title":{"rendered":"Term\u00e9keink"},"content":{"rendered":"<p>[et_pb_section fb_built=&#8221;1&#8243; admin_label=&#8221;Header&#8221; _builder_version=&#8221;4.16&#8243; _module_preset=&#8221;default&#8221; background_color=&#8221;#fcf5ed&#8221; locked=&#8221;off&#8221; global_colors_info=&#8221;{}&#8221;][et_pb_row _builder_version=&#8221;4.16&#8243; _module_preset=&#8221;default&#8221; custom_margin=&#8221;|auto|-1px|auto||&#8221; global_colors_info=&#8221;{}&#8221;][et_pb_column type=&#8221;4_4&#8243; _builder_version=&#8221;4.16&#8243; _module_preset=&#8221;default&#8221; global_colors_info=&#8221;{}&#8221;][et_pb_text _builder_version=&#8221;4.27.2&#8243; _module_preset=&#8221;b0bf5418-994a-43d1-aef8-7d7c6764119d&#8221; header_text_color=&#8221;#2c2b4c&#8221; header_font_size=&#8221;80px&#8221; header_line_height=&#8221;1.2em&#8221; header_font_size_tablet=&#8221;40px&#8221; header_font_size_phone=&#8221;24px&#8221; header_font_size_last_edited=&#8221;on|desktop&#8221; header_line_height_tablet=&#8221;&#8221; header_line_height_phone=&#8221;1.4em&#8221; header_line_height_last_edited=&#8221;on|phone&#8221; global_colors_info=&#8221;{}&#8221;]<\/p>\n<h1>Kiv\u00e1l\u00f3 sz\u00ednvonal\u00fa takarm\u00e1nyok<\/h1>\n<p>[\/et_pb_text][\/et_pb_column][\/et_pb_row][\/et_pb_section][et_pb_section fb_built=&#8221;1&#8243; _builder_version=&#8221;4.27.2&#8243; _module_preset=&#8221;default&#8221; background_color=&#8221;#fcf5ed&#8221; global_colors_info=&#8221;{}&#8221;][et_pb_row column_structure=&#8221;1_3,1_3,1_3&#8243; use_custom_gutter=&#8221;on&#8221; gutter_width=&#8221;4&#8243; _builder_version=&#8221;4.27.2&#8243; _module_preset=&#8221;default&#8221; width=&#8221;70%&#8221; max_width=&#8221;none&#8221; global_colors_info=&#8221;{}&#8221;][et_pb_column type=&#8221;1_3&#8243; _builder_version=&#8221;4.27.2&#8243; _module_preset=&#8221;default&#8221; background_color=&#8221;#FFFFFF&#8221; border_radii=&#8221;on|30px|30px|30px|30px&#8221; global_colors_info=&#8221;{}&#8221;][et_pb_blurb title=&#8221;Lovaknak&#8221; image=&#8221;https:\/\/equusline-transylvania.ro\/wp-content\/uploads\/2024\/11\/horse.webp&#8221; _builder_version=&#8221;4.27.3&#8243; _module_preset=&#8221;default&#8221; header_line_height=&#8221;1.2em&#8221; text_orientation=&#8221;center&#8221; link_option_url=&#8221;\/termekkategoria\/equusline-lotapok\/&#8221; hover_enabled=&#8221;0&#8243; global_colors_info=&#8221;{}&#8221; title_text=&#8221;horse&#8221; sticky_enabled=&#8221;0&#8243;][\/et_pb_blurb][\/et_pb_column][et_pb_column type=&#8221;1_3&#8243; _builder_version=&#8221;4.27.2&#8243; _module_preset=&#8221;default&#8221; background_color=&#8221;#FFFFFF&#8221; border_radii=&#8221;on|30px|30px|30px|30px&#8221; global_colors_info=&#8221;{}&#8221;][et_pb_blurb title=&#8221;Kuty\u00e1knak&#8221; image=&#8221;https:\/\/equusline-transylvania.ro\/wp-content\/uploads\/2024\/11\/dog.webp&#8221; _builder_version=&#8221;4.27.3&#8243; _module_preset=&#8221;default&#8221; header_line_height=&#8221;1.2em&#8221; text_orientation=&#8221;center&#8221; link_option_url=&#8221;\/termekkategoria\/rex-natural-range-kutyatapok\/&#8221; hover_enabled=&#8221;0&#8243; global_colors_info=&#8221;{}&#8221; title_text=&#8221;dog&#8221; sticky_enabled=&#8221;0&#8243;][\/et_pb_blurb][\/et_pb_column][et_pb_column type=&#8221;1_3&#8243; _builder_version=&#8221;4.27.2&#8243; _module_preset=&#8221;default&#8221; background_color=&#8221;#FFFFFF&#8221; border_radii=&#8221;on|30px|30px|30px|30px&#8221; global_colors_info=&#8221;{}&#8221;][et_pb_blurb title=&#8221;Macsk\u00e1knak&#8221; image=&#8221;https:\/\/equusline-transylvania.ro\/wp-content\/uploads\/2024\/11\/cat.webp&#8221; _builder_version=&#8221;4.27.3&#8243; _module_preset=&#8221;default&#8221; header_line_height=&#8221;1.2em&#8221; text_orientation=&#8221;center&#8221; link_option_url=&#8221;\/termekkategoria\/rex-natural-range-macskatapok\/&#8221; hover_enabled=&#8221;0&#8243; global_colors_info=&#8221;{}&#8221; title_text=&#8221;cat&#8221; sticky_enabled=&#8221;0&#8243;][\/et_pb_blurb][\/et_pb_column][\/et_pb_row][\/et_pb_section][et_pb_section fb_built=&#8221;1&#8243; admin_label=&#8221;Shop&#8221; _builder_version=&#8221;4.16&#8243; _module_preset=&#8221;default&#8221; background_color=&#8221;#fcf5ed&#8221; global_colors_info=&#8221;{}&#8221;][et_pb_row _builder_version=&#8221;4.16&#8243; _module_preset=&#8221;default&#8221; locked=&#8221;off&#8221; global_colors_info=&#8221;{}&#8221;][et_pb_column type=&#8221;4_4&#8243; _builder_version=&#8221;4.16&#8243; _module_preset=&#8221;default&#8221; global_colors_info=&#8221;{}&#8221;][et_pb_text _builder_version=&#8221;4.27.2&#8243; _module_preset=&#8221;c3c1179e-80e4-4396-b700-51b845e1c46f&#8221; header_2_font=&#8221;||||||||&#8221; header_2_text_color=&#8221;#2c2b4c&#8221; header_2_font_size=&#8221;40px&#8221; header_2_line_height=&#8221;1.2em&#8221; text_orientation=&#8221;center&#8221; custom_margin=&#8221;||||false|false&#8221; header_2_font_size_tablet=&#8221;32px&#8221; header_2_font_size_phone=&#8221;20px&#8221; header_2_font_size_last_edited=&#8221;on|desktop&#8221; header_2_line_height_tablet=&#8221;&#8221; header_2_line_height_phone=&#8221;1.4em&#8221; header_2_line_height_last_edited=&#8221;on|phone&#8221; locked=&#8221;off&#8221; global_colors_info=&#8221;{}&#8221;]<\/p>\n<h2>\u00d6sszes term\u00e9k\u00fcnk<\/h2>\n<p>[\/et_pb_text][\/et_pb_column][\/et_pb_row][et_pb_row _builder_version=&#8221;4.16&#8243; _module_preset=&#8221;default&#8221; locked=&#8221;off&#8221; global_colors_info=&#8221;{}&#8221;][et_pb_column type=&#8221;4_4&#8243; _builder_version=&#8221;4.16&#8243; _module_preset=&#8221;default&#8221; global_colors_info=&#8221;{}&#8221;][et_pb_shop show_pagination=&#8221;on&#8221; columns_number=&#8221;4&#8243; icon_hover_color=&#8221;#2c2b4c&#8221; _builder_version=&#8221;4.27.2&#8243; _module_preset=&#8221;default&#8221; title_font=&#8221;||||||||&#8221; title_text_color=&#8221;#2c2b4c&#8221; title_line_height=&#8221;1.2em&#8221; price_text_color=&#8221;#6d6a7e&#8221; rating_text_color=&#8221;#ffb100&#8243; border_radii_image=&#8221;on|20px|20px|20px|20px&#8221; global_colors_info=&#8221;{%22gcid-431bd12a-5227-4536-9132-2528c0596703%22:%91%93,%22gcid-70e8f1e6-78eb-4f52-a811-0c9b614afdc2%22:%91%93,%22gcid-87cad038-7afd-4dda-acb0-0a24d4ccd112%22:%91%93}&#8221;][\/et_pb_shop][\/et_pb_column][\/et_pb_row][\/et_pb_section][et_pb_section fb_built=&#8221;1&#8243; admin_label=&#8221;Testimonials&#8221; _builder_version=&#8221;4.16&#8243; _module_preset=&#8221;default&#8221; background_color=&#8221;#fcf5ed&#8221; locked=&#8221;off&#8221; global_colors_info=&#8221;{}&#8221;][et_pb_row _builder_version=&#8221;4.16&#8243; _module_preset=&#8221;default&#8221; global_colors_info=&#8221;{}&#8221;][et_pb_column type=&#8221;4_4&#8243; _builder_version=&#8221;4.16&#8243; _module_preset=&#8221;default&#8221; global_colors_info=&#8221;{}&#8221;][et_pb_slider arrows_custom_color=&#8221;#2c2b4c&#8221; dot_nav_custom_color=&#8221;#2c2b4c&#8221; _builder_version=&#8221;4.27.2&#8243; _module_preset=&#8221;default&#8221; header_font=&#8221;||||||||&#8221; header_text_color=&#8221;#2c2b4c&#8221; header_font_size=&#8221;26px&#8221; header_line_height=&#8221;1.6em&#8221; body_text_color=&#8221;#2c2b4c&#8221; background_color=&#8221;#ffb100&#8243; custom_padding=&#8221;80px|20px|80px|20px|false|true&#8221; header_font_size_tablet=&#8221;16px&#8221; header_font_size_phone=&#8221;12px&#8221; header_font_size_last_edited=&#8221;on|phone&#8221; header_text_shadow_style=&#8221;preset1&#8243; header_text_shadow_color=&#8221;RGBA(0,0,0,0)&#8221; body_text_shadow_style=&#8221;preset1&#8243; body_text_shadow_color=&#8221;RGBA(0,0,0,0)&#8221; border_radii=&#8221;on|30px|30px|30px|30px&#8221; global_colors_info=&#8221;{%22gcid-431bd12a-5227-4536-9132-2528c0596703%22:%91%93,%22gcid-70e8f1e6-78eb-4f52-a811-0c9b614afdc2%22:%91%93,%22gcid-87cad038-7afd-4dda-acb0-0a24d4ccd112%22:%91%93}&#8221;][et_pb_slide heading=&#8221;Eg\u00e9szs\u00e9ges \u00e9s f\u00e9nyl\u0151 sz\u0151rzet, er\u0151s immunrendszer \u00e9s kiv\u00e1l\u00f3 kond\u00edci\u00f3 \u2013 ezt k\u00edn\u00e1lj\u00e1k pr\u00e9mium l\u00f3t\u00e1pjaink. Term\u00e9keink nemcsak energi\u00e1val t\u00f6ltik fel lovait, hanem t\u00e1mogatj\u00e1k azok \u00e1ltal\u00e1nos eg\u00e9szs\u00e9g\u00e9t is, hogy minden nap a legjobb form\u00e1jukat hozhass\u00e1k!&#8221; _builder_version=&#8221;4.27.0&#8243; _module_preset=&#8221;default&#8221; global_colors_info=&#8221;{}&#8221; sticky_transition=&#8221;on&#8221;][\/et_pb_slide][et_pb_slide heading=&#8221;\u201eAdja meg lovainak a legjobbat! Pr\u00e9mium l\u00f3t\u00e1pjaink t\u00e1mogatj\u00e1k a sz\u0151rzet ragyog\u00e1s\u00e1t, az immunrendszer er\u0151s\u00edt\u00e9s\u00e9t \u00e9s az \u00edz\u00fcletek eg\u00e9szs\u00e9g\u00e9t. V\u00e1logatott \u00f6sszetev\u0151k a vitalit\u00e1s\u00e9rt \u00e9s a hosszan tart\u00f3 er\u0151nl\u00e9t\u00e9rt \u2013 hogy lovai k\u00edv\u00fcl-bel\u00fcl j\u00f3l \u00e9rezz\u00e9k magukat!\u201d&#8221; _builder_version=&#8221;4.27.0&#8243; _module_preset=&#8221;default&#8221; global_colors_info=&#8221;{}&#8221; sticky_transition=&#8221;on&#8221;][\/et_pb_slide][\/et_pb_slider][\/et_pb_column][\/et_pb_row][\/et_pb_section][et_pb_section fb_built=&#8221;1&#8243; admin_label=&#8221;Features&#8221; _builder_version=&#8221;4.16&#8243; _module_preset=&#8221;default&#8221; background_color=&#8221;#fcf5ed&#8221; locked=&#8221;off&#8221; global_colors_info=&#8221;{}&#8221;][et_pb_row column_structure=&#8221;1_3,1_3,1_3&#8243; _builder_version=&#8221;4.16&#8243; _module_preset=&#8221;default&#8221; global_colors_info=&#8221;{}&#8221;][et_pb_column type=&#8221;1_3&#8243; _builder_version=&#8221;4.16&#8243; _module_preset=&#8221;default&#8221; background_color=&#8221;#FFFFFF&#8221; custom_padding=&#8221;20px|20px|20px|20px|false|true&#8221; border_radii=&#8221;on|30px|30px|30px|30px&#8221; box_shadow_style=&#8221;preset3&#8243; box_shadow_vertical=&#8221;20px&#8221; box_shadow_blur=&#8221;40px&#8221; box_shadow_spread=&#8221;0px&#8221; box_shadow_color=&#8221;rgba(214,202,188,0.15)&#8221; global_colors_info=&#8221;{}&#8221;][et_pb_image src=&#8221;https:\/\/equusline-transylvania.ro\/wp-content\/uploads\/2024\/10\/dog-breeder-icon-07.png&#8221; title_text=&#8221;dog-breeder-icon-07&#8243; align=&#8221;center&#8221; _builder_version=&#8221;4.27.0&#8243; _module_preset=&#8221;default&#8221; global_colors_info=&#8221;{}&#8221;][\/et_pb_image][et_pb_text _builder_version=&#8221;4.27.2&#8243; _module_preset=&#8221;9471635f-4d55-44f4-9c8c-d8b240ab9aca&#8221; header_font=&#8221;||||||||&#8221; header_3_font=&#8221;||||||||&#8221; header_3_text_color=&#8221;#2c2b4c&#8221; header_3_font_size=&#8221;20px&#8221; header_3_line_height=&#8221;1.2em&#8221; text_orientation=&#8221;center&#8221; custom_margin=&#8221;||0px||false|false&#8221; header_3_font_size_tablet=&#8221;18px&#8221; header_3_font_size_phone=&#8221;16px&#8221; header_3_font_size_last_edited=&#8221;on|desktop&#8221; header_3_line_height_tablet=&#8221;&#8221; header_3_line_height_phone=&#8221;1.4em&#8221; header_3_line_height_last_edited=&#8221;on|phone&#8221; global_colors_info=&#8221;{}&#8221;]<\/p>\n<h3>Jobb eg\u00e9szs\u00e9g<\/h3>\n<p>[\/et_pb_text][et_pb_text _builder_version=&#8221;4.27.2&#8243; _module_preset=&#8221;2e1ca0a8-a515-4ca3-8814-65eea4b82393&#8243; text_font=&#8221;||||||||&#8221; text_text_color=&#8221;#6D6A7E&#8221; text_line_height=&#8221;2em&#8221; link_text_color=&#8221;#6D6A7E&#8221; text_orientation=&#8221;center&#8221; max_width_tablet=&#8221;350px&#8221; max_width_phone=&#8221;200px&#8221; max_width_last_edited=&#8221;off|desktop&#8221; text_font_size_tablet=&#8221;20px&#8221; text_font_size_phone=&#8221;18px&#8221; text_font_size_last_edited=&#8221;off|desktop&#8221; locked=&#8221;off&#8221; global_colors_info=&#8221;{%22gcid-70e8f1e6-78eb-4f52-a811-0c9b614afdc2%22:%91%93}&#8221;]<\/p>\n<p>T\u00e1pjaink hozz\u00e1j\u00e1rulnak a lovak er\u0151nl\u00e9t\u00e9hez, sz\u0151rzete f\u00e9nyesebb lesz, immunrendszere er\u0151s\u00f6dik, \u00e9s gyorsabb regener\u00e1ci\u00f3t tesz lehet\u0151v\u00e9.<\/p>\n<p>[\/et_pb_text][\/et_pb_column][et_pb_column type=&#8221;1_3&#8243; _builder_version=&#8221;4.16&#8243; _module_preset=&#8221;default&#8221; background_color=&#8221;#FFFFFF&#8221; custom_padding=&#8221;20px|20px|20px|20px|false|true&#8221; border_radii=&#8221;on|30px|30px|30px|30px&#8221; box_shadow_style=&#8221;preset3&#8243; box_shadow_vertical=&#8221;20px&#8221; box_shadow_blur=&#8221;40px&#8221; box_shadow_spread=&#8221;0px&#8221; box_shadow_color=&#8221;rgba(214,202,188,0.15)&#8221; global_colors_info=&#8221;{}&#8221;][et_pb_image src=&#8221;https:\/\/equusline-transylvania.ro\/wp-content\/uploads\/2024\/10\/dog-breeder-icon-08.png&#8221; title_text=&#8221;dog-breeder-icon-08&#8243; align=&#8221;center&#8221; _builder_version=&#8221;4.16&#8243; _module_preset=&#8221;default&#8221; locked=&#8221;off&#8221; global_colors_info=&#8221;{}&#8221;][\/et_pb_image][et_pb_text _builder_version=&#8221;4.27.2&#8243; _module_preset=&#8221;9471635f-4d55-44f4-9c8c-d8b240ab9aca&#8221; header_font=&#8221;||||||||&#8221; header_3_font=&#8221;||||||||&#8221; header_3_text_color=&#8221;#2c2b4c&#8221; header_3_font_size=&#8221;20px&#8221; header_3_line_height=&#8221;1.2em&#8221; text_orientation=&#8221;center&#8221; custom_margin=&#8221;||0px||false|false&#8221; header_3_font_size_tablet=&#8221;18px&#8221; header_3_font_size_phone=&#8221;16px&#8221; header_3_font_size_last_edited=&#8221;on|desktop&#8221; header_3_line_height_tablet=&#8221;&#8221; header_3_line_height_phone=&#8221;1.4em&#8221; header_3_line_height_last_edited=&#8221;on|phone&#8221; locked=&#8221;off&#8221; global_colors_info=&#8221;{}&#8221;]<\/p>\n<h3>Ig\u00e9nyekhez igazodva<\/h3>\n<p>[\/et_pb_text][et_pb_text _builder_version=&#8221;4.27.0&#8243; _module_preset=&#8221;2e1ca0a8-a515-4ca3-8814-65eea4b82393&#8243; text_font=&#8221;||||||||&#8221; text_text_color=&#8221;#6D6A7E&#8221; text_line_height=&#8221;2em&#8221; link_text_color=&#8221;#6D6A7E&#8221; text_orientation=&#8221;center&#8221; max_width_tablet=&#8221;350px&#8221; max_width_phone=&#8221;200px&#8221; max_width_last_edited=&#8221;off|desktop&#8221; text_font_size_tablet=&#8221;20px&#8221; text_font_size_phone=&#8221;18px&#8221; text_font_size_last_edited=&#8221;off|desktop&#8221; locked=&#8221;off&#8221; global_colors_info=&#8221;{%22gcid-70e8f1e6-78eb-4f52-a811-0c9b614afdc2%22:%91%93}&#8221;]<\/p>\n<p>A fiatal csik\u00f3kt\u00f3l a versenylovakig minden \u00e9letkorra \u00e9s ig\u00e9nyre k\u00edn\u00e1lunk megold\u00e1st.<\/p>\n<p>[\/et_pb_text][\/et_pb_column][et_pb_column type=&#8221;1_3&#8243; _builder_version=&#8221;4.16&#8243; _module_preset=&#8221;default&#8221; background_color=&#8221;#FFFFFF&#8221; custom_padding=&#8221;20px|20px|20px|20px|false|true&#8221; border_radii=&#8221;on|30px|30px|30px|30px&#8221; box_shadow_style=&#8221;preset3&#8243; box_shadow_vertical=&#8221;20px&#8221; box_shadow_blur=&#8221;40px&#8221; box_shadow_spread=&#8221;0px&#8221; box_shadow_color=&#8221;rgba(214,202,188,0.15)&#8221; global_colors_info=&#8221;{}&#8221;][et_pb_image src=&#8221;https:\/\/equusline-transylvania.ro\/wp-content\/uploads\/2024\/10\/dog-breeder-icon-05.png&#8221; title_text=&#8221;dog-breeder-icon-05&#8243; align=&#8221;center&#8221; _builder_version=&#8221;4.27.0&#8243; _module_preset=&#8221;default&#8221; locked=&#8221;off&#8221; global_colors_info=&#8221;{}&#8221;][\/et_pb_image][et_pb_text _builder_version=&#8221;4.27.2&#8243; _module_preset=&#8221;9471635f-4d55-44f4-9c8c-d8b240ab9aca&#8221; header_font=&#8221;||||||||&#8221; header_3_font=&#8221;||||||||&#8221; header_3_text_color=&#8221;#2c2b4c&#8221; header_3_font_size=&#8221;20px&#8221; header_3_line_height=&#8221;1.2em&#8221; text_orientation=&#8221;center&#8221; custom_margin=&#8221;||0px||false|false&#8221; header_3_font_size_tablet=&#8221;18px&#8221; header_3_font_size_phone=&#8221;16px&#8221; header_3_font_size_last_edited=&#8221;on|desktop&#8221; header_3_line_height_tablet=&#8221;&#8221; header_3_line_height_phone=&#8221;1.4em&#8221; header_3_line_height_last_edited=&#8221;on|phone&#8221; locked=&#8221;off&#8221; global_colors_info=&#8221;{}&#8221;]<\/p>\n<h3>Pr\u00e9mium t\u00e1mogat\u00e1s<\/h3>\n<p>[\/et_pb_text][et_pb_text _builder_version=&#8221;4.27.0&#8243; _module_preset=&#8221;2e1ca0a8-a515-4ca3-8814-65eea4b82393&#8243; text_font=&#8221;||||||||&#8221; text_text_color=&#8221;#6D6A7E&#8221; text_line_height=&#8221;2em&#8221; link_text_color=&#8221;#6D6A7E&#8221; text_orientation=&#8221;center&#8221; max_width_tablet=&#8221;350px&#8221; max_width_phone=&#8221;200px&#8221; max_width_last_edited=&#8221;off|desktop&#8221; text_font_size_tablet=&#8221;20px&#8221; text_font_size_phone=&#8221;18px&#8221; text_font_size_last_edited=&#8221;off|desktop&#8221; locked=&#8221;off&#8221; global_colors_info=&#8221;{%22gcid-70e8f1e6-78eb-4f52-a811-0c9b614afdc2%22:%91%93}&#8221;]<\/p>\n<p>Tapasztalt csapatunk minden k\u00e9rd\u00e9sben k\u00e9szs\u00e9ggel seg\u00edt, hogy biztosan a megfelel\u0151 t\u00e1pl\u00e1l\u00e9kot v\u00e1lassza.<\/p>\n<p>[\/et_pb_text][\/et_pb_column][\/et_pb_row][\/et_pb_section]<\/p>\n","protected":false},"excerpt":{"rendered":"<p>Kiv\u00e1l\u00f3 sz\u00ednvonal\u00fa takarm\u00e1nyok\u00d6sszes term\u00e9k\u00fcnkJobb eg\u00e9szs\u00e9gT\u00e1pjaink hozz\u00e1j\u00e1rulnak a lovak er\u0151nl\u00e9t\u00e9hez, sz\u0151rzete f\u00e9nyesebb lesz, immunrendszere er\u0151s\u00f6dik, \u00e9s gyorsabb regener\u00e1ci\u00f3t tesz lehet\u0151v\u00e9.Ig\u00e9nyekhez igazodvaA fiatal csik\u00f3kt\u00f3l a versenylovakig minden \u00e9letkorra \u00e9s ig\u00e9nyre k\u00edn\u00e1lunk megold\u00e1st.Pr\u00e9mium t\u00e1mogat\u00e1sTapasztalt csapatunk minden k\u00e9rd\u00e9sben k\u00e9szs\u00e9ggel seg\u00edt, hogy biztosan a megfelel\u0151 t\u00e1pl\u00e1l\u00e9kot v\u00e1lassza.<\/p>\n","protected":false},"author":1,"featured_media":0,"parent":0,"menu_order":0,"comment_status":"closed","ping_status":"closed","template":"","meta":{"_et_pb_use_builder":"on","_et_pb_old_content":"","_et_gb_content_width":"","footnotes":""},"class_list":["post-193","page","type-page","status-publish","hentry"],"yoast_head":"<!-- This site is optimized with the Yoast SEO plugin v24.0 - https:\/\/yoast.com\/wordpress\/plugins\/seo\/ -->\n<title>Term\u00e9keink - Equusline Transylvania<\/title>\n<meta name=\"robots\" content=\"index, follow, max-snippet:-1, max-image-preview:large, max-video-preview:-1\" \/>\n<link rel=\"canonical\" href=\"https:\/\/equusline-transylvania.ro\/hu\/\" \/>\n<meta property=\"og:locale\" content=\"hu_HU\" \/>\n<meta property=\"og:type\" content=\"article\" \/>\n<meta property=\"og:title\" content=\"Term\u00e9keink - Equusline Transylvania\" \/>\n<meta property=\"og:description\" content=\"Kiv\u00e1l\u00f3 sz\u00ednvonal\u00fa takarm\u00e1nyok\u00d6sszes term\u00e9k\u00fcnkJobb eg\u00e9szs\u00e9gT\u00e1pjaink hozz\u00e1j\u00e1rulnak a lovak er\u0151nl\u00e9t\u00e9hez, sz\u0151rzete f\u00e9nyesebb lesz, immunrendszere er\u0151s\u00f6dik, \u00e9s gyorsabb regener\u00e1ci\u00f3t tesz lehet\u0151v\u00e9.Ig\u00e9nyekhez igazodvaA fiatal csik\u00f3kt\u00f3l a versenylovakig minden \u00e9letkorra \u00e9s ig\u00e9nyre k\u00edn\u00e1lunk megold\u00e1st.Pr\u00e9mium t\u00e1mogat\u00e1sTapasztalt csapatunk minden k\u00e9rd\u00e9sben k\u00e9szs\u00e9ggel seg\u00edt, hogy biztosan a megfelel\u0151 t\u00e1pl\u00e1l\u00e9kot v\u00e1lassza.\" \/>\n<meta property=\"og:url\" content=\"https:\/\/equusline-transylvania.ro\/hu\/\" \/>\n<meta property=\"og:site_name\" content=\"Equusline Transylvania\" \/>\n<meta property=\"article:publisher\" content=\"https:\/\/www.facebook.com\/profile.php?id=61564679939274\" \/>\n<meta property=\"article:modified_time\" content=\"2024-11-12T17:32:28+00:00\" \/>\n<meta name=\"twitter:card\" content=\"summary_large_image\" \/>\n<meta name=\"twitter:label1\" content=\"Becs\u00fclt olvas\u00e1si id\u0151\" \/>\n\t<meta name=\"twitter:data1\" content=\"9 perc\" \/>\n<script type=\"application\/ld+json\" class=\"yoast-schema-graph\">{\"@context\":\"https:\/\/schema.org\",\"@graph\":[{\"@type\":\"WebPage\",\"@id\":\"https:\/\/equusline-transylvania.ro\/\",\"url\":\"https:\/\/equusline-transylvania.ro\/\",\"name\":\"Term\u00e9keink - Equusline Transylvania\",\"isPartOf\":{\"@id\":\"https:\/\/equusline-transylvania.ro\/hu\/#website\"},\"datePublished\":\"2024-10-31T05:55:18+00:00\",\"dateModified\":\"2024-11-12T17:32:28+00:00\",\"breadcrumb\":{\"@id\":\"https:\/\/equusline-transylvania.ro\/#breadcrumb\"},\"inLanguage\":\"hu\",\"potentialAction\":[{\"@type\":\"ReadAction\",\"target\":[\"https:\/\/equusline-transylvania.ro\/\"]}]},{\"@type\":\"BreadcrumbList\",\"@id\":\"https:\/\/equusline-transylvania.ro\/#breadcrumb\",\"itemListElement\":[{\"@type\":\"ListItem\",\"position\":1,\"name\":\"Kezd\u0151lap\",\"item\":\"https:\/\/equusline-transylvania.ro\/\"},{\"@type\":\"ListItem\",\"position\":2,\"name\":\"Term\u00e9keink\"}]},{\"@type\":\"WebSite\",\"@id\":\"https:\/\/equusline-transylvania.ro\/hu\/#website\",\"url\":\"https:\/\/equusline-transylvania.ro\/hu\/\",\"name\":\"Equusline Transylvania\",\"description\":\"\",\"publisher\":{\"@id\":\"https:\/\/equusline-transylvania.ro\/hu\/#organization\"},\"potentialAction\":[{\"@type\":\"SearchAction\",\"target\":{\"@type\":\"EntryPoint\",\"urlTemplate\":\"https:\/\/equusline-transylvania.ro\/hu\/?s={search_term_string}\"},\"query-input\":{\"@type\":\"PropertyValueSpecification\",\"valueRequired\":true,\"valueName\":\"search_term_string\"}}],\"inLanguage\":\"hu\"},{\"@type\":\"Organization\",\"@id\":\"https:\/\/equusline-transylvania.ro\/hu\/#organization\",\"name\":\"Equusline Transylvania\",\"url\":\"https:\/\/equusline-transylvania.ro\/hu\/\",\"logo\":{\"@type\":\"ImageObject\",\"inLanguage\":\"hu\",\"@id\":\"https:\/\/equusline-transylvania.ro\/hu\/#\/schema\/logo\/image\/\",\"url\":\"https:\/\/equusline-transylvania.ro\/wp-content\/uploads\/2024\/10\/equusline-ro.webp\",\"contentUrl\":\"https:\/\/equusline-transylvania.ro\/wp-content\/uploads\/2024\/10\/equusline-ro.webp\",\"width\":864,\"height\":397,\"caption\":\"Equusline Transylvania\"},\"image\":{\"@id\":\"https:\/\/equusline-transylvania.ro\/hu\/#\/schema\/logo\/image\/\"},\"sameAs\":[\"https:\/\/www.facebook.com\/profile.php?id=61564679939274\",\"https:\/\/www.instagram.com\/equusline_transylvania\"]}]}<\/script>\n<!-- \/ Yoast SEO plugin. -->","yoast_head_json":{"title":"Term\u00e9keink - Equusline Transylvania","robots":{"index":"index","follow":"follow","max-snippet":"max-snippet:-1","max-image-preview":"max-image-preview:large","max-video-preview":"max-video-preview:-1"},"canonical":"https:\/\/equusline-transylvania.ro\/hu\/","og_locale":"hu_HU","og_type":"article","og_title":"Term\u00e9keink - Equusline Transylvania","og_description":"Kiv\u00e1l\u00f3 sz\u00ednvonal\u00fa takarm\u00e1nyok\u00d6sszes term\u00e9k\u00fcnkJobb eg\u00e9szs\u00e9gT\u00e1pjaink hozz\u00e1j\u00e1rulnak a lovak er\u0151nl\u00e9t\u00e9hez, sz\u0151rzete f\u00e9nyesebb lesz, immunrendszere er\u0151s\u00f6dik, \u00e9s gyorsabb regener\u00e1ci\u00f3t tesz lehet\u0151v\u00e9.Ig\u00e9nyekhez igazodvaA fiatal csik\u00f3kt\u00f3l a versenylovakig minden \u00e9letkorra \u00e9s ig\u00e9nyre k\u00edn\u00e1lunk megold\u00e1st.Pr\u00e9mium t\u00e1mogat\u00e1sTapasztalt csapatunk minden k\u00e9rd\u00e9sben k\u00e9szs\u00e9ggel seg\u00edt, hogy biztosan a megfelel\u0151 t\u00e1pl\u00e1l\u00e9kot v\u00e1lassza.","og_url":"https:\/\/equusline-transylvania.ro\/hu\/","og_site_name":"Equusline Transylvania","article_publisher":"https:\/\/www.facebook.com\/profile.php?id=61564679939274","article_modified_time":"2024-11-12T17:32:28+00:00","twitter_card":"summary_large_image","twitter_misc":{"Becs\u00fclt olvas\u00e1si id\u0151":"9 perc"},"schema":{"@context":"https:\/\/schema.org","@graph":[{"@type":"WebPage","@id":"https:\/\/equusline-transylvania.ro\/","url":"https:\/\/equusline-transylvania.ro\/","name":"Term\u00e9keink - Equusline Transylvania","isPartOf":{"@id":"https:\/\/equusline-transylvania.ro\/hu\/#website"},"datePublished":"2024-10-31T05:55:18+00:00","dateModified":"2024-11-12T17:32:28+00:00","breadcrumb":{"@id":"https:\/\/equusline-transylvania.ro\/#breadcrumb"},"inLanguage":"hu","potentialAction":[{"@type":"ReadAction","target":["https:\/\/equusline-transylvania.ro\/"]}]},{"@type":"BreadcrumbList","@id":"https:\/\/equusline-transylvania.ro\/#breadcrumb","itemListElement":[{"@type":"ListItem","position":1,"name":"Kezd\u0151lap","item":"https:\/\/equusline-transylvania.ro\/"},{"@type":"ListItem","position":2,"name":"Term\u00e9keink"}]},{"@type":"WebSite","@id":"https:\/\/equusline-transylvania.ro\/hu\/#website","url":"https:\/\/equusline-transylvania.ro\/hu\/","name":"Equusline Transylvania","description":"","publisher":{"@id":"https:\/\/equusline-transylvania.ro\/hu\/#organization"},"potentialAction":[{"@type":"SearchAction","target":{"@type":"EntryPoint","urlTemplate":"https:\/\/equusline-transylvania.ro\/hu\/?s={search_term_string}"},"query-input":{"@type":"PropertyValueSpecification","valueRequired":true,"valueName":"search_term_string"}}],"inLanguage":"hu"},{"@type":"Organization","@id":"https:\/\/equusline-transylvania.ro\/hu\/#organization","name":"Equusline Transylvania","url":"https:\/\/equusline-transylvania.ro\/hu\/","logo":{"@type":"ImageObject","inLanguage":"hu","@id":"https:\/\/equusline-transylvania.ro\/hu\/#\/schema\/logo\/image\/","url":"https:\/\/equusline-transylvania.ro\/wp-content\/uploads\/2024\/10\/equusline-ro.webp","contentUrl":"https:\/\/equusline-transylvania.ro\/wp-content\/uploads\/2024\/10\/equusline-ro.webp","width":864,"height":397,"caption":"Equusline Transylvania"},"image":{"@id":"https:\/\/equusline-transylvania.ro\/hu\/#\/schema\/logo\/image\/"},"sameAs":["https:\/\/www.facebook.com\/profile.php?id=61564679939274","https:\/\/www.instagram.com\/equusline_transylvania"]}]}},"_links":{"self":[{"href":"https:\/\/equusline-transylvania.ro\/hu\/wp-json\/wp\/v2\/pages\/193","targetHints":{"allow":["GET"]}}],"collection":[{"href":"https:\/\/equusline-transylvania.ro\/hu\/wp-json\/wp\/v2\/pages"}],"about":[{"href":"https:\/\/equusline-transylvania.ro\/hu\/wp-json\/wp\/v2\/types\/page"}],"author":[{"embeddable":true,"href":"https:\/\/equusline-transylvania.ro\/hu\/wp-json\/wp\/v2\/users\/1"}],"replies":[{"embeddable":true,"href":"https:\/\/equusline-transylvania.ro\/hu\/wp-json\/wp\/v2\/comments?post=193"}],"version-history":[{"count":15,"href":"https:\/\/equusline-transylvania.ro\/hu\/wp-json\/wp\/v2\/pages\/193\/revisions"}],"predecessor-version":[{"id":406,"href":"https:\/\/equusline-transylvania.ro\/hu\/wp-json\/wp\/v2\/pages\/193\/revisions\/406"}],"wp:attachment":[{"href":"https:\/\/equusline-transylvania.ro\/hu\/wp-json\/wp\/v2\/media?parent=193"}],"curies":[{"name":"wp","href":"https:\/\/api.w.org\/{rel}","templated":true}]}}